{"id":3858,"date":"2025-11-26T03:43:36","date_gmt":"2025-11-26T03:43:36","guid":{"rendered":"https:\/\/www.stanleypackage.com\/?post_type=product&#038;p=3858"},"modified":"2025-11-26T03:43:43","modified_gmt":"2025-11-26T03:43:43","slug":"custom-puree-food-pouches","status":"publish","type":"product","link":"https:\/\/www.stanleypackage.com\/fr\/product\/custom-puree-food-pouches\/","title":{"rendered":"Sachets de pur\u00e9e alimentaire de forme personnalis\u00e9e, grossiste en sachets compressibles"},"content":{"rendered":"<div class=\"wp-block-columns is-layout-flex wp-container-core-columns-is-layout-9d6595d7 wp-block-columns-is-layout-flex\">\n<div class=\"wp-block-column is-layout-flow wp-block-column-is-layout-flow\">\n<h2 class=\"wp-block-heading\">Caract\u00e9ristiques des sachets de pur\u00e9e de forme personnalis\u00e9e<\/h2>\n\n\n\n<ul class=\"wp-block-list\">\n<li><strong>Barri\u00e8re sup\u00e9rieure : <\/strong>Ces sachets de pur\u00e9e sur mesure sont fabriqu\u00e9s \u00e0 partir d'un mat\u00e9riau composite \u00e0 quatre couches contenant une feuille d'aluminium (AL7), qui offre une excellente protection contre l'oxydation, l'humidit\u00e9 et la lumi\u00e8re.<\/li>\n\n\n\n<li><strong>Conception anti-avalement : <\/strong>Nos sachets compressibles en gros sont dot\u00e9s d'un bouchon \u00e0 vis int\u00e9gr\u00e9. Le bouchon sp\u00e9cialement con\u00e7u emp\u00eache efficacement les enfants de les avaler.<\/li>\n\n\n\n<li><strong>Des formes sur mesure pour un look personnalis\u00e9 :<\/strong> Nos sachets de pur\u00e9e peuvent \u00eatre personnalis\u00e9s dans diff\u00e9rentes formes, avec des designs originaux et mignons qui se distinguent dans les rayons et attirent fortement l'attention des consommateurs.<\/li>\n\n\n\n<li><strong>Conditionnement en Upright Squeeze :<\/strong> Nos sachets \u00e0 presser en gros sont stables et faciles \u00e0 ranger. La conception \"presser pour nourrir\" rend l'alimentation facile et pr\u00e9cise, particuli\u00e8rement adapt\u00e9e \u00e0 l'alimentation des nourrissons et au transport en plein air.<\/li>\n\n\n\n<li><strong>Mat\u00e9riaux durables : <\/strong>Les couches ext\u00e9rieures en PET et en nylon BOPA de ces sachets de pur\u00e9e alimentaire personnalis\u00e9s offrent une excellente r\u00e9sistance m\u00e9canique et une excellente r\u00e9sistance \u00e0 la perforation. Associ\u00e9es \u00e0 un processus de scellage robuste, elles garantissent que m\u00eame les sauces contenant des particules ne se briseront pas facilement et ne fuiront pas, ce qui les rend s\u00fbres et fiables.<\/li>\n<\/ul>\n\n\n\n<div class=\"wp-block-columns is-layout-flex wp-container-core-columns-is-layout-9d6595d7 wp-block-columns-is-layout-flex\">\n<div class=\"wp-block-column is-layout-flow wp-block-column-is-layout-flow\">\n<figure class=\"wp-block-image size-full\"><img decoding=\"async\" width=\"750\" height=\"750\" src=\"https:\/\/www.stanleypackage.com\/wp-content\/uploads\/2025\/11\/Custom-Children-Food-Pouch-With-Spout-Irregular-Shape-Stand-Up-Pouch-2.webp\" alt=\"\" class=\"wp-image-3859\" srcset=\"https:\/\/www.stanleypackage.com\/wp-content\/uploads\/2025\/11\/Custom-Children-Food-Pouch-With-Spout-Irregular-Shape-Stand-Up-Pouch-2.webp 750w, https:\/\/www.stanleypackage.com\/wp-content\/uploads\/2025\/11\/Custom-Children-Food-Pouch-With-Spout-Irregular-Shape-Stand-Up-Pouch-2-300x300.webp 300w, https:\/\/www.stanleypackage.com\/wp-content\/uploads\/2025\/11\/Custom-Children-Food-Pouch-With-Spout-Irregular-Shape-Stand-Up-Pouch-2-150x150.webp 150w, https:\/\/www.stanleypackage.com\/wp-content\/uploads\/2025\/11\/Custom-Children-Food-Pouch-With-Spout-Irregular-Shape-Stand-Up-Pouch-2-12x12.webp 12w, https:\/\/www.stanleypackage.com\/wp-content\/uploads\/2025\/11\/Custom-Children-Food-Pouch-With-Spout-Irregular-Shape-Stand-Up-Pouch-2-600x600.webp 600w, https:\/\/www.stanleypackage.com\/wp-content\/uploads\/2025\/11\/Custom-Children-Food-Pouch-With-Spout-Irregular-Shape-Stand-Up-Pouch-2-100x100.webp 100w\" sizes=\"(max-width: 750px) 100vw, 750px\" \/><\/figure>\n<\/div>\n\n\n\n<div class=\"wp-block-column is-layout-flow wp-block-column-is-layout-flow\">\n<figure class=\"wp-block-image size-full\"><img decoding=\"async\" width=\"750\" height=\"750\" src=\"https:\/\/www.stanleypackage.com\/wp-content\/uploads\/2025\/11\/Custom-Children-Food-Pouch-With-Spout-Irregular-Shape-Stand-Up-Pouch-5.webp\" alt=\"\" class=\"wp-image-3860\" srcset=\"https:\/\/www.stanleypackage.com\/wp-content\/uploads\/2025\/11\/Custom-Children-Food-Pouch-With-Spout-Irregular-Shape-Stand-Up-Pouch-5.webp 750w, https:\/\/www.stanleypackage.com\/wp-content\/uploads\/2025\/11\/Custom-Children-Food-Pouch-With-Spout-Irregular-Shape-Stand-Up-Pouch-5-300x300.webp 300w, https:\/\/www.stanleypackage.com\/wp-content\/uploads\/2025\/11\/Custom-Children-Food-Pouch-With-Spout-Irregular-Shape-Stand-Up-Pouch-5-150x150.webp 150w, https:\/\/www.stanleypackage.com\/wp-content\/uploads\/2025\/11\/Custom-Children-Food-Pouch-With-Spout-Irregular-Shape-Stand-Up-Pouch-5-12x12.webp 12w, https:\/\/www.stanleypackage.com\/wp-content\/uploads\/2025\/11\/Custom-Children-Food-Pouch-With-Spout-Irregular-Shape-Stand-Up-Pouch-5-600x600.webp 600w, https:\/\/www.stanleypackage.com\/wp-content\/uploads\/2025\/11\/Custom-Children-Food-Pouch-With-Spout-Irregular-Shape-Stand-Up-Pouch-5-100x100.webp 100w\" sizes=\"(max-width: 750px) 100vw, 750px\" \/><\/figure>\n<\/div>\n<\/div>\n<\/div>\n<\/div>","protected":false},"excerpt":{"rendered":"<p>Nous vous invitons \u00e0 commander des sachets de pur\u00e9e personnalis\u00e9s. Ces sachets de forme irr\u00e9guli\u00e8re sont con\u00e7us pour les aliments liquides et semi-liquides tels que les pur\u00e9es et les sauces pour b\u00e9b\u00e9s. Ils sont dot\u00e9s d'une structure composite \u00e0 quatre couches \u00e0 haute barri\u00e8re et d'un bouchon anti-avalement.<\/p>\n<table style=\"border-collapse: collapse; width: 365.02pt;\" border=\"0\" width=\"365\" cellspacing=\"0\" cellpadding=\"0\">\n<tbody>\n<tr style=\"height: 16.00pt;\">\n<td class=\"et2\" style=\"height: 16.00pt; width: 97.50pt;\" width=\"97\" height=\"16\">Fabricant<\/td>\n<td class=\"et2\" style=\"width: 267.50pt;\" width=\"267\">Stanley<\/td>\n<\/tr>\n<tr style=\"height: 16.00pt;\">\n<td class=\"et2\" style=\"height: 16.00pt; width: 97.50pt;\" width=\"97\" height=\"16\">Types de pochettes<\/td>\n<td class=\"et2\" style=\"width: 267.50pt;\" width=\"267\">Pochette \u00e0 bec, pochette debout, pochette irr\u00e9guli\u00e8re<\/td>\n<\/tr>\n<tr style=\"height: 16.00pt;\">\n<td class=\"et2\" style=\"height: 16.00pt; width: 97.50pt;\" width=\"97\" height=\"16\">Mat\u00e9riau<\/td>\n<td class=\"et2\" style=\"width: 267.50pt;\" width=\"267\">PET12\/AL7\/BOPA15\/PE85<\/td>\n<\/tr>\n<tr style=\"height: 16.00pt;\">\n<td class=\"et2\" style=\"height: 16.00pt; width: 97.50pt;\" width=\"97\" height=\"16\">Dossier sp\u00e9cial<\/td>\n<td class=\"et2\" style=\"width: 267.50pt;\" width=\"267\">Spout, Stand Up Pouch, Irregular Pouch<\/td>\n<\/tr>\n<tr style=\"height: 16.00pt;\">\n<td class=\"et2\" style=\"height: 16.00pt; width: 97.50pt;\" width=\"97\" height=\"16\">Manipulation de surface<\/td>\n<td class=\"et2\" style=\"width: 267.50pt;\" width=\"267\">Impression en h\u00e9liogravure<\/td>\n<\/tr>\n<tr style=\"height: 16.00pt;\">\n<td class=\"et2\" style=\"height: 16.00pt; width: 97.50pt;\" width=\"97\" height=\"16\">Couleur<\/td>\n<td class=\"et2\" style=\"width: 267.50pt;\" width=\"267\">Impression recto-verso, jusqu'\u00e0 10 couleurs<\/td>\n<\/tr>\n<tr style=\"height: 16.00pt;\">\n<td class=\"et2\" style=\"height: 16.00pt; width: 97.50pt;\" width=\"97\" height=\"16\">Utilisation<\/td>\n<td class=\"et2\" style=\"width: 267.50pt;\" width=\"267\">Ketchup, moutarde, sauce barbecue, gel\u00e9e<\/td>\n<\/tr>\n<tr style=\"height: 16.00pt;\">\n<td class=\"et2\" style=\"height: 16.00pt; width: 97.50pt;\" width=\"97\" height=\"16\">MOQ<\/td>\n<td class=\"et2\" style=\"width: 267.50pt;\" width=\"267\">50 000 pi\u00e8ces<\/td>\n<\/tr>\n<tr style=\"height: 16.00pt;\">\n<td class=\"et2\" style=\"height: 16.00pt; width: 97.50pt;\" width=\"97\" height=\"16\">Commande personnalis\u00e9e<\/td>\n<td class=\"et2\" style=\"width: 267.50pt;\" width=\"267\">Acceptation de l'OEM, prise en charge de l'\u00e9chantillonnage gratuit<\/td>\n<\/tr>\n<\/tbody>\n<\/table>","protected":false},"featured_media":3861,"comment_status":"closed","ping_status":"closed","template":"","meta":{"_acf_changed":false},"product_brand":[],"product_cat":[32,61,30,22],"product_tag":[],"class_list":{"0":"post-3858","1":"product","2":"type-product","3":"status-publish","4":"has-post-thumbnail","6":"product_cat-spout-pouch-manufacturer","7":"product_cat-squeeze-pouch-manufacturer","8":"product_cat-stand-up-pouch-manufacturer","9":"product_cat-shaped-pouches-factory","10":"pa_food-packaging-baby-food-packaging","11":"pa_food-packaging-drink-beverage-pouch","13":"first","14":"instock","15":"shipping-taxable","16":"product-type-simple"},"acf":[],"_links":{"self":[{"href":"https:\/\/www.stanleypackage.com\/fr\/wp-json\/wp\/v2\/product\/3858","targetHints":{"allow":["GET"]}}],"collection":[{"href":"https:\/\/www.stanleypackage.com\/fr\/wp-json\/wp\/v2\/product"}],"about":[{"href":"https:\/\/www.stanleypackage.com\/fr\/wp-json\/wp\/v2\/types\/product"}],"replies":[{"embeddable":true,"href":"https:\/\/www.stanleypackage.com\/fr\/wp-json\/wp\/v2\/comments?post=3858"}],"wp:featuredmedia":[{"embeddable":true,"href":"https:\/\/www.stanleypackage.com\/fr\/wp-json\/wp\/v2\/media\/3861"}],"wp:attachment":[{"href":"https:\/\/www.stanleypackage.com\/fr\/wp-json\/wp\/v2\/media?parent=3858"}],"wp:term":[{"taxonomy":"product_brand","embeddable":true,"href":"https:\/\/www.stanleypackage.com\/fr\/wp-json\/wp\/v2\/product_brand?post=3858"},{"taxonomy":"product_cat","embeddable":true,"href":"https:\/\/www.stanleypackage.com\/fr\/wp-json\/wp\/v2\/product_cat?post=3858"},{"taxonomy":"product_tag","embeddable":true,"href":"https:\/\/www.stanleypackage.com\/fr\/wp-json\/wp\/v2\/product_tag?post=3858"}],"curies":[{"name":"wp","href":"https:\/\/api.w.org\/{rel}","templated":true}]}}