{"id":3866,"date":"2025-11-26T03:27:03","date_gmt":"2025-11-26T03:27:03","guid":{"rendered":"https:\/\/www.stanleypackage.com\/?post_type=product&#038;p=3866"},"modified":"2025-11-26T03:27:09","modified_gmt":"2025-11-26T03:27:09","slug":"custom-candy-packaging","status":"publish","type":"product","link":"https:\/\/www.stanleypackage.com\/fr\/product\/custom-candy-packaging\/","title":{"rendered":"Pochette d'emballage de bonbons personnalis\u00e9e, impression en 10 couleurs"},"content":{"rendered":"<div class=\"wp-block-columns is-layout-flex wp-container-core-columns-is-layout-9d6595d7 wp-block-columns-is-layout-flex\">\n<div class=\"wp-block-column is-layout-flow wp-block-column-is-layout-flow\">\n<h2 class=\"wp-block-heading\">Caract\u00e9ristiques de la pochette d'emballage de bonbons personnalis\u00e9e<\/h2>\n\n\n\n<ul class=\"wp-block-list\">\n<li><strong>Fen\u00eatre transparente pour une vision claire :<\/strong> Cette pochette d'emballage de bonbons personnalis\u00e9e comporte une fen\u00eatre transparente permettant aux clients de voir ce qu'il y a \u00e0 l'int\u00e9rieur, ainsi qu'un moyen attrayant d'acheter des produits.<\/li>\n\n\n\n<li><strong>Impression en h\u00e9liogravure 10 couleurs pour des couleurs \u00e9clatantes : <\/strong>Notre pochette \u00e0 bonbons personnalis\u00e9e peut \u00eatre imprim\u00e9e en h\u00e9liogravure jusqu'\u00e0 10 couleurs de haute qualit\u00e9, ce qui permet d'obtenir des couleurs riches, des motifs exquis et des d\u00e9tails r\u00e9alistes, reproduisant parfaitement le design de la marque et cr\u00e9ant une exp\u00e9rience visuelle haut de gamme et \u00e9blouissante.<\/li>\n\n\n\n<li><strong>Mat\u00e9riau composite de haute qualit\u00e9 pour la fra\u00eecheur et la protection contre l'humidit\u00e9 :<\/strong> Ce sachet d'emballage de bonbons personnalis\u00e9 utilise le composite BOPP\/PET\/PE, qui rend les sachets durables, r\u00e9sistants \u00e0 la d\u00e9formation et dot\u00e9s d'excellentes propri\u00e9t\u00e9s de barri\u00e8re \u00e0 l'humidit\u00e9 et \u00e0 l'oxyg\u00e8ne.<\/li>\n\n\n\n<li><strong>Conception verticale pour un affichage stable : <\/strong>Ce sachet de bonbons personnalis\u00e9 se tient fermement sur les \u00e9tag\u00e8res, garantissant une pr\u00e9sentation soign\u00e9e et attrayante, maximisant la surface d'exposition et am\u00e9liorant l'image de marque et les ventes au d\u00e9tail.<\/li>\n\n\n\n<li><strong>Personnalisation flexible : <\/strong>Nous offrons des services complets de personnalisation OEM pour les sachets d'emballage de bonbons personnalis\u00e9s. De la taille et de la forme aux motifs imprim\u00e9s, tout peut \u00eatre con\u00e7u pour r\u00e9pondre aux besoins sp\u00e9cifiques de diff\u00e9renciation de votre marque et renforcer la reconnaissance de celle-ci.<\/li>\n<\/ul>\n\n\n\n<div class=\"wp-block-columns is-layout-flex wp-container-core-columns-is-layout-9d6595d7 wp-block-columns-is-layout-flex\">\n<div class=\"wp-block-column is-layout-flow wp-block-column-is-layout-flow\">\n<figure class=\"wp-block-image size-full\"><img decoding=\"async\" width=\"750\" height=\"750\" src=\"https:\/\/www.stanleypackage.com\/wp-content\/uploads\/2025\/11\/Custom-Candy-Packaging-BagsWholesale-Snack-Stand-Up-Pouch-3.webp\" alt=\"\" class=\"wp-image-3867\" srcset=\"https:\/\/www.stanleypackage.com\/wp-content\/uploads\/2025\/11\/Custom-Candy-Packaging-BagsWholesale-Snack-Stand-Up-Pouch-3.webp 750w, https:\/\/www.stanleypackage.com\/wp-content\/uploads\/2025\/11\/Custom-Candy-Packaging-BagsWholesale-Snack-Stand-Up-Pouch-3-300x300.webp 300w, https:\/\/www.stanleypackage.com\/wp-content\/uploads\/2025\/11\/Custom-Candy-Packaging-BagsWholesale-Snack-Stand-Up-Pouch-3-150x150.webp 150w, https:\/\/www.stanleypackage.com\/wp-content\/uploads\/2025\/11\/Custom-Candy-Packaging-BagsWholesale-Snack-Stand-Up-Pouch-3-12x12.webp 12w, https:\/\/www.stanleypackage.com\/wp-content\/uploads\/2025\/11\/Custom-Candy-Packaging-BagsWholesale-Snack-Stand-Up-Pouch-3-600x600.webp 600w, https:\/\/www.stanleypackage.com\/wp-content\/uploads\/2025\/11\/Custom-Candy-Packaging-BagsWholesale-Snack-Stand-Up-Pouch-3-100x100.webp 100w\" sizes=\"(max-width: 750px) 100vw, 750px\" \/><\/figure>\n<\/div>\n\n\n\n<div class=\"wp-block-column is-layout-flow wp-block-column-is-layout-flow\">\n<figure class=\"wp-block-image size-full\"><img decoding=\"async\" width=\"750\" height=\"750\" src=\"https:\/\/www.stanleypackage.com\/wp-content\/uploads\/2025\/11\/Custom-Candy-Packaging-BagsWholesale-Snack-Stand-Up-Pouch-5.webp\" alt=\"\" class=\"wp-image-3868\" srcset=\"https:\/\/www.stanleypackage.com\/wp-content\/uploads\/2025\/11\/Custom-Candy-Packaging-BagsWholesale-Snack-Stand-Up-Pouch-5.webp 750w, https:\/\/www.stanleypackage.com\/wp-content\/uploads\/2025\/11\/Custom-Candy-Packaging-BagsWholesale-Snack-Stand-Up-Pouch-5-300x300.webp 300w, https:\/\/www.stanleypackage.com\/wp-content\/uploads\/2025\/11\/Custom-Candy-Packaging-BagsWholesale-Snack-Stand-Up-Pouch-5-150x150.webp 150w, https:\/\/www.stanleypackage.com\/wp-content\/uploads\/2025\/11\/Custom-Candy-Packaging-BagsWholesale-Snack-Stand-Up-Pouch-5-12x12.webp 12w, https:\/\/www.stanleypackage.com\/wp-content\/uploads\/2025\/11\/Custom-Candy-Packaging-BagsWholesale-Snack-Stand-Up-Pouch-5-600x600.webp 600w, https:\/\/www.stanleypackage.com\/wp-content\/uploads\/2025\/11\/Custom-Candy-Packaging-BagsWholesale-Snack-Stand-Up-Pouch-5-100x100.webp 100w\" sizes=\"(max-width: 750px) 100vw, 750px\" \/><\/figure>\n<\/div>\n<\/div>\n<\/div>\n<\/div>","protected":false},"excerpt":{"rendered":"<p>Nous vous invitons \u00e0 commander une pochette d'emballage de bonbons personnalis\u00e9e. Ce sachet de bonbons personnalis\u00e9 est fabriqu\u00e9 \u00e0 partir d'un mat\u00e9riau composite hautement transparent, combinant une excellente robustesse et la pr\u00e9servation de la fra\u00eecheur. Le sachet est dot\u00e9 d'une fen\u00eatre transparente bien visible et peut \u00eatre imprim\u00e9 en h\u00e9liogravure jusqu'\u00e0 10 couleurs.<\/p>\n<table style=\"border-collapse: collapse; width: 327.77pt;\" border=\"0\" width=\"437\" cellspacing=\"0\" cellpadding=\"0\">\n<tbody>\n<tr style=\"height: 12.75pt;\">\n<td class=\"et2\" style=\"height: 12.75pt; width: 91.40pt;\" width=\"121\" height=\"17\">Fabricant<\/td>\n<td class=\"et2\" style=\"width: 237.00pt;\" width=\"316\">Stanley<\/td>\n<\/tr>\n<tr style=\"height: 12.75pt;\">\n<td class=\"et2\" style=\"height: 12.75pt; width: 91.40pt;\" width=\"121\" height=\"17\">Types de pochettes<\/td>\n<td class=\"et3\">Pochette de rangement<\/td>\n<\/tr>\n<tr style=\"height: 12.75pt;\">\n<td class=\"et2\" style=\"height: 12.75pt; width: 91.40pt;\" width=\"121\" height=\"17\">Mat\u00e9riau<\/td>\n<td class=\"et2\" style=\"width: 237.00pt;\" width=\"316\">BOPP38\/PET12\/PE60<\/td>\n<\/tr>\n<tr style=\"height: 12.75pt;\">\n<td class=\"et2\" style=\"height: 12.75pt; width: 91.40pt;\" width=\"121\" height=\"17\">Dossier sp\u00e9cial<\/td>\n<td class=\"et2\" style=\"width: 237.00pt;\" width=\"316\">Fond debout, Encoche facile \u00e0 d\u00e9chirer, Fen\u00eatre transparente<\/td>\n<\/tr>\n<tr style=\"height: 12.75pt;\">\n<td class=\"et2\" style=\"height: 12.75pt; width: 91.40pt;\" width=\"121\" height=\"17\">Manipulation de surface<\/td>\n<td class=\"et2\" style=\"width: 237.00pt;\" width=\"316\">Impression en h\u00e9liogravure<\/td>\n<\/tr>\n<tr style=\"height: 12.75pt;\">\n<td class=\"et2\" style=\"height: 12.75pt; width: 91.40pt;\" width=\"121\" height=\"17\">Couleur<\/td>\n<td class=\"et2\" style=\"width: 237.00pt;\" width=\"316\">Jusqu'\u00e0 10 couleurs<\/td>\n<\/tr>\n<tr style=\"height: 12.75pt;\">\n<td class=\"et2\" style=\"height: 12.75pt; width: 91.40pt;\" width=\"121\" height=\"17\">Utilisation<\/td>\n<td class=\"et3\">Bonbons, noix, snacks<\/td>\n<\/tr>\n<tr style=\"height: 12.75pt;\">\n<td class=\"et2\" style=\"height: 12.75pt; width: 91.40pt;\" width=\"121\" height=\"17\">MOQ<\/td>\n<td class=\"et2\" style=\"width: 237.00pt;\" width=\"316\">50 000 pi\u00e8ces<\/td>\n<\/tr>\n<tr style=\"height: 12.75pt;\">\n<td class=\"et2\" style=\"height: 12.75pt; width: 91.40pt;\" width=\"121\" height=\"17\">Commande personnalis\u00e9e<\/td>\n<td class=\"et2\" style=\"width: 237.00pt;\" width=\"316\">Acceptation de l'OEM, prise en charge de l'\u00e9chantillonnage gratuit<\/td>\n<\/tr>\n<\/tbody>\n<\/table>","protected":false},"featured_media":3869,"comment_status":"closed","ping_status":"closed","template":"","meta":{"_acf_changed":false},"product_brand":[],"product_cat":[30],"product_tag":[],"class_list":{"0":"post-3866","1":"product","2":"type-product","3":"status-publish","4":"has-post-thumbnail","6":"product_cat-stand-up-pouch-manufacturer","7":"pa_food-packaging-snack-food-pouch","9":"first","10":"instock","11":"shipping-taxable","12":"product-type-simple"},"acf":[],"_links":{"self":[{"href":"https:\/\/www.stanleypackage.com\/fr\/wp-json\/wp\/v2\/product\/3866","targetHints":{"allow":["GET"]}}],"collection":[{"href":"https:\/\/www.stanleypackage.com\/fr\/wp-json\/wp\/v2\/product"}],"about":[{"href":"https:\/\/www.stanleypackage.com\/fr\/wp-json\/wp\/v2\/types\/product"}],"replies":[{"embeddable":true,"href":"https:\/\/www.stanleypackage.com\/fr\/wp-json\/wp\/v2\/comments?post=3866"}],"wp:featuredmedia":[{"embeddable":true,"href":"https:\/\/www.stanleypackage.com\/fr\/wp-json\/wp\/v2\/media\/3869"}],"wp:attachment":[{"href":"https:\/\/www.stanleypackage.com\/fr\/wp-json\/wp\/v2\/media?parent=3866"}],"wp:term":[{"taxonomy":"product_brand","embeddable":true,"href":"https:\/\/www.stanleypackage.com\/fr\/wp-json\/wp\/v2\/product_brand?post=3866"},{"taxonomy":"product_cat","embeddable":true,"href":"https:\/\/www.stanleypackage.com\/fr\/wp-json\/wp\/v2\/product_cat?post=3866"},{"taxonomy":"product_tag","embeddable":true,"href":"https:\/\/www.stanleypackage.com\/fr\/wp-json\/wp\/v2\/product_tag?post=3866"}],"curies":[{"name":"wp","href":"https:\/\/api.w.org\/{rel}","templated":true}]}}