{"id":3894,"date":"2025-11-26T06:51:26","date_gmt":"2025-11-26T06:51:26","guid":{"rendered":"https:\/\/www.stanleypackage.com\/?post_type=product&#038;p=3894"},"modified":"2025-11-26T06:51:32","modified_gmt":"2025-11-26T06:51:32","slug":"custom-gummy-packaging","status":"publish","type":"product","link":"https:\/\/www.stanleypackage.com\/fr\/product\/custom-gummy-packaging\/","title":{"rendered":"Emballage de chewing-gum sur mesure, OEM Stand Up Sachet Pouches"},"content":{"rendered":"<div class=\"wp-block-columns is-layout-flex wp-container-core-columns-is-layout-9d6595d7 wp-block-columns-is-layout-flex\">\n<div class=\"wp-block-column is-layout-flow wp-block-column-is-layout-flow\">\n<h2 class=\"wp-block-heading\">Caract\u00e9ristiques de l'emballage personnalis\u00e9 des bonbons g\u00e9lifi\u00e9s<\/h2>\n\n\n\n<ul class=\"wp-block-list\">\n<li><strong>Un affichage qui attire l'attention : <\/strong>Cette pochette d'emballage de chewing-gum personnalis\u00e9e a un fond plat unique qui permet au sac de rester stable sur les \u00e9tag\u00e8res tout en utilisant une hauteur de pr\u00e9sentation maximale ; cr\u00e9ant ainsi un aspect de produit complet attrayant qui am\u00e9liore efficacement l'image de votre produit et l'attraction sur le point de vente.<\/li>\n\n\n\n<li><strong>Mat\u00e9riau \u00e0 haute barri\u00e8re : <\/strong>La couche interm\u00e9diaire en VMPET de ce sachet OEM bloque efficacement la lumi\u00e8re et l'oxyg\u00e8ne. Combin\u00e9e \u00e0 la couche int\u00e9rieure herm\u00e9tique en PE, elle emp\u00eache la gomme de s'humidifier et de durcir, pr\u00e9servant ainsi son go\u00fbt frais.<\/li>\n\n\n\n<li><strong>D\u00e9coupe pr\u00e9cise pour une ouverture et une fermeture faciles :<\/strong> La d\u00e9coupe soigneusement con\u00e7ue pour faciliter le d\u00e9chirement de ce sachet d'emballage de chewing-gums personnalis\u00e9 permet aux consommateurs de l'ouvrir facilement sans effort, \u00e9vitant ainsi que les chewing-gums ne s'\u00e9parpillent sous l'effet d'une force excessive.<\/li>\n\n\n\n<li><strong>Excellente r\u00e9sistance du composite :<\/strong> Ces sachets OEM sont fabriqu\u00e9s dans un mat\u00e9riau robuste offrant une excellente r\u00e9sistance \u00e0 la perforation et \u00e0 l'abrasion, ce qui garantit que l'emballage n'est pas facilement endommag\u00e9 ou ne fuit pas tout au long du processus, de la production au transport et \u00e0 la pr\u00e9sentation en rayon.<\/li>\n\n\n\n<li><strong>Impression personnalis\u00e9e flexible :<\/strong> Nos sachets de gomme \u00e0 m\u00e2cher personnalis\u00e9s permettent l'impression de divers motifs et logos, avec une forte expression des couleurs, ce qui vous permet de cr\u00e9er une image de marque unique et d'aider votre produit \u00e0 se d\u00e9marquer de la concurrence.<\/li>\n<\/ul>\n\n\n\n<div class=\"wp-block-columns is-layout-flex wp-container-core-columns-is-layout-9d6595d7 wp-block-columns-is-layout-flex\">\n<div class=\"wp-block-column is-layout-flow wp-block-column-is-layout-flow\">\n<figure class=\"wp-block-image size-full\"><img decoding=\"async\" width=\"4032\" height=\"3024\" src=\"https:\/\/www.stanleypackage.com\/wp-content\/uploads\/2025\/11\/Custom-Standing-Pouch-Wholesale-Candy-Packaging-Pouch-2.webp\" alt=\"\" class=\"wp-image-3900\" srcset=\"https:\/\/www.stanleypackage.com\/wp-content\/uploads\/2025\/11\/Custom-Standing-Pouch-Wholesale-Candy-Packaging-Pouch-2.webp 4032w, https:\/\/www.stanleypackage.com\/wp-content\/uploads\/2025\/11\/Custom-Standing-Pouch-Wholesale-Candy-Packaging-Pouch-2-300x225.webp 300w, https:\/\/www.stanleypackage.com\/wp-content\/uploads\/2025\/11\/Custom-Standing-Pouch-Wholesale-Candy-Packaging-Pouch-2-768x576.webp 768w, https:\/\/www.stanleypackage.com\/wp-content\/uploads\/2025\/11\/Custom-Standing-Pouch-Wholesale-Candy-Packaging-Pouch-2-16x12.webp 16w, https:\/\/www.stanleypackage.com\/wp-content\/uploads\/2025\/11\/Custom-Standing-Pouch-Wholesale-Candy-Packaging-Pouch-2-1200x900.webp 1200w, https:\/\/www.stanleypackage.com\/wp-content\/uploads\/2025\/11\/Custom-Standing-Pouch-Wholesale-Candy-Packaging-Pouch-2-600x450.webp 600w\" sizes=\"(max-width: 4032px) 100vw, 4032px\" \/><\/figure>\n<\/div>\n\n\n\n<div class=\"wp-block-column is-layout-flow wp-block-column-is-layout-flow\">\n<figure class=\"wp-block-image size-full\"><img decoding=\"async\" width=\"4032\" height=\"3024\" src=\"https:\/\/www.stanleypackage.com\/wp-content\/uploads\/2025\/11\/Custom-Standing-Pouch-Wholesale-Candy-Packaging-Pouch-3.jpg\" alt=\"\" class=\"wp-image-3898\" srcset=\"https:\/\/www.stanleypackage.com\/wp-content\/uploads\/2025\/11\/Custom-Standing-Pouch-Wholesale-Candy-Packaging-Pouch-3.jpg 4032w, https:\/\/www.stanleypackage.com\/wp-content\/uploads\/2025\/11\/Custom-Standing-Pouch-Wholesale-Candy-Packaging-Pouch-3-300x225.jpg 300w, https:\/\/www.stanleypackage.com\/wp-content\/uploads\/2025\/11\/Custom-Standing-Pouch-Wholesale-Candy-Packaging-Pouch-3-768x576.jpg 768w, https:\/\/www.stanleypackage.com\/wp-content\/uploads\/2025\/11\/Custom-Standing-Pouch-Wholesale-Candy-Packaging-Pouch-3-16x12.jpg 16w, https:\/\/www.stanleypackage.com\/wp-content\/uploads\/2025\/11\/Custom-Standing-Pouch-Wholesale-Candy-Packaging-Pouch-3-1200x900.jpg 1200w, https:\/\/www.stanleypackage.com\/wp-content\/uploads\/2025\/11\/Custom-Standing-Pouch-Wholesale-Candy-Packaging-Pouch-3-600x450.jpg 600w\" sizes=\"(max-width: 4032px) 100vw, 4032px\" \/><\/figure>\n<\/div>\n<\/div>\n<\/div>\n<\/div>","protected":false},"excerpt":{"rendered":"<p>Nous vous invitons \u00e0 commander des sachets d'emballage de chewing-gums personnalis\u00e9s. Nos sachets OEM bloquent efficacement la lumi\u00e8re et l'oxyg\u00e8ne, r\u00e9pondant ainsi parfaitement aux normes \u00e9lev\u00e9es de fra\u00eecheur, d'esth\u00e9tique et de commodit\u00e9 requises pour les produits \u00e0 base de gomme. La conception unique \u00e0 fond plat garantit que le sachet se tient fermement debout pour une pr\u00e9sentation optimale.<\/p>\n<table style=\"border-collapse: collapse; width: 327.77pt;\" border=\"0\" width=\"437\" cellspacing=\"0\" cellpadding=\"0\">\n<tbody>\n<tr style=\"height: 12.75pt;\">\n<td class=\"et2\" style=\"height: 12.75pt; width: 91.40pt;\" width=\"121\" height=\"17\">Fabricant<\/td>\n<td class=\"et2\" style=\"width: 237.00pt;\" width=\"316\">Stanley<\/td>\n<\/tr>\n<tr style=\"height: 12.75pt;\">\n<td class=\"et2\" style=\"height: 12.75pt; width: 91.40pt;\" width=\"121\" height=\"17\">Types de pochettes<\/td>\n<td class=\"et3\">Pochette de rangement<\/td>\n<\/tr>\n<tr style=\"height: 12.75pt;\">\n<td class=\"et2\" style=\"height: 12.75pt; width: 91.40pt;\" width=\"121\" height=\"17\">Mat\u00e9riau<\/td>\n<td class=\"et2\" style=\"width: 237.00pt;\" width=\"316\">PET12\/VMPET12\/PE80<\/td>\n<\/tr>\n<tr style=\"height: 12.75pt;\">\n<td class=\"et2\" style=\"height: 12.75pt; width: 91.40pt;\" width=\"121\" height=\"17\">Dossier sp\u00e9cial<\/td>\n<td class=\"et2\" style=\"width: 237.00pt;\" width=\"316\">Fond debout, encoche facile \u00e0 d\u00e9chirer<\/td>\n<\/tr>\n<tr style=\"height: 12.75pt;\">\n<td class=\"et2\" style=\"height: 12.75pt; width: 91.40pt;\" width=\"121\" height=\"17\">Manipulation de surface<\/td>\n<td class=\"et2\" style=\"width: 237.00pt;\" width=\"316\">Impression en h\u00e9liogravure<\/td>\n<\/tr>\n<tr style=\"height: 12.75pt;\">\n<td class=\"et2\" style=\"height: 12.75pt; width: 91.40pt;\" width=\"121\" height=\"17\">Couleur<\/td>\n<td class=\"et2\" style=\"width: 237.00pt;\" width=\"316\">Jusqu'\u00e0 10 couleurs<\/td>\n<\/tr>\n<tr style=\"height: 12.75pt;\">\n<td class=\"et2\" style=\"height: 12.75pt; width: 91.40pt;\" width=\"121\" height=\"17\">Utilisation<\/td>\n<td class=\"et3\">G\u00e9latine, Bonbons, Fruits \u00e0 coque, Snacks, Produits sal\u00e9s<\/td>\n<\/tr>\n<tr style=\"height: 12.75pt;\">\n<td class=\"et2\" style=\"height: 12.75pt; width: 91.40pt;\" width=\"121\" height=\"17\">MOQ<\/td>\n<td class=\"et2\" style=\"width: 237.00pt;\" width=\"316\">50 000 pi\u00e8ces<\/td>\n<\/tr>\n<tr style=\"height: 12.75pt;\">\n<td class=\"et2\" style=\"height: 12.75pt; width: 91.40pt;\" width=\"121\" height=\"17\">Commande personnalis\u00e9e<\/td>\n<td class=\"et2\" style=\"width: 237.00pt;\" width=\"316\">Acceptation de l'OEM, prise en charge de l'\u00e9chantillonnage gratuit<\/td>\n<\/tr>\n<\/tbody>\n<\/table>","protected":false},"featured_media":3899,"comment_status":"closed","ping_status":"closed","template":"","meta":{"_acf_changed":false},"product_brand":[],"product_cat":[30],"product_tag":[],"class_list":{"0":"post-3894","1":"product","2":"type-product","3":"status-publish","4":"has-post-thumbnail","6":"product_cat-stand-up-pouch-manufacturer","7":"pa_food-packaging-snack-food-pouch","9":"first","10":"instock","11":"shipping-taxable","12":"product-type-simple"},"acf":[],"_links":{"self":[{"href":"https:\/\/www.stanleypackage.com\/fr\/wp-json\/wp\/v2\/product\/3894","targetHints":{"allow":["GET"]}}],"collection":[{"href":"https:\/\/www.stanleypackage.com\/fr\/wp-json\/wp\/v2\/product"}],"about":[{"href":"https:\/\/www.stanleypackage.com\/fr\/wp-json\/wp\/v2\/types\/product"}],"replies":[{"embeddable":true,"href":"https:\/\/www.stanleypackage.com\/fr\/wp-json\/wp\/v2\/comments?post=3894"}],"wp:featuredmedia":[{"embeddable":true,"href":"https:\/\/www.stanleypackage.com\/fr\/wp-json\/wp\/v2\/media\/3899"}],"wp:attachment":[{"href":"https:\/\/www.stanleypackage.com\/fr\/wp-json\/wp\/v2\/media?parent=3894"}],"wp:term":[{"taxonomy":"product_brand","embeddable":true,"href":"https:\/\/www.stanleypackage.com\/fr\/wp-json\/wp\/v2\/product_brand?post=3894"},{"taxonomy":"product_cat","embeddable":true,"href":"https:\/\/www.stanleypackage.com\/fr\/wp-json\/wp\/v2\/product_cat?post=3894"},{"taxonomy":"product_tag","embeddable":true,"href":"https:\/\/www.stanleypackage.com\/fr\/wp-json\/wp\/v2\/product_tag?post=3894"}],"curies":[{"name":"wp","href":"https:\/\/api.w.org\/{rel}","templated":true}]}}