{"id":3915,"date":"2025-11-28T08:16:25","date_gmt":"2025-11-28T08:16:25","guid":{"rendered":"https:\/\/www.stanleypackage.com\/?post_type=product&#038;p=3915"},"modified":"2025-11-28T08:16:31","modified_gmt":"2025-11-28T08:16:31","slug":"custom-pillow-pouch-packaging","status":"publish","type":"product","link":"https:\/\/www.stanleypackage.com\/fr\/product\/custom-pillow-pouch-packaging\/","title":{"rendered":"Emballage de pochette d'oreiller sur mesure, pochette scell\u00e9e \u00e0 l'arri\u00e8re pour les snacks"},"content":{"rendered":"<div class=\"wp-block-columns is-layout-flex wp-container-core-columns-is-layout-9d6595d7 wp-block-columns-is-layout-flex\">\n<div class=\"wp-block-column is-layout-flow wp-block-column-is-layout-flow\">\n<h2 class=\"wp-block-heading\">Caract\u00e9ristiques de l'emballage de la pochette d'oreiller sur mesure<\/h2>\n\n\n\n<ul class=\"wp-block-list\">\n<li><strong>Conception du joint arri\u00e8re :<\/strong> Cet emballage personnalis\u00e9 en forme de pochette d'oreiller pr\u00e9sente une meilleure \u00e9tanch\u00e9it\u00e9, emp\u00eachant efficacement l'humidit\u00e9 et les fuites, et conservant le go\u00fbt frais des snacks pendant longtemps.<\/li>\n\n\n\n<li><strong>Conception facile \u00e0 d\u00e9chirer : <\/strong>Nos pochettes d'oreiller \u00e0 fermeture arri\u00e8re personnalis\u00e9e sont faciles \u00e0 ouvrir, ce qui am\u00e9liore l'exp\u00e9rience du consommateur et \u00e9vite les dommages caus\u00e9s par une d\u00e9chirure violente.<\/li>\n\n\n\n<li><strong>Processus de remplissage par le bas : <\/strong>Ce type d'emballage peut s'adapter \u00e0 des snacks de formes et de tailles diff\u00e9rentes, les remplissant uniform\u00e9ment et garantissant la stabilit\u00e9 du produit pendant le transport et le stockage.<\/li>\n\n\n\n<li><strong>Flexibilit\u00e9 de la personnalisation : <\/strong>Ces pochettes d'oreiller \u00e0 fermeture arri\u00e8re personnalis\u00e9e permettent de personnaliser la taille, les motifs et le texte afin de r\u00e9pondre aux besoins diff\u00e9renci\u00e9s des marques.<\/li>\n\n\n\n<li><strong>Mat\u00e9riaux s\u00fbrs de qualit\u00e9 alimentaire : <\/strong>Nos emballages de coussins personnalis\u00e9s r\u00e9pondent aux normes de s\u00e9curit\u00e9 alimentaire en vigueur et sont fabriqu\u00e9s avec des mat\u00e9riaux durables et sans danger pour l'environnement.<\/li>\n<\/ul>\n\n\n\n<div class=\"wp-block-columns is-layout-flex wp-container-core-columns-is-layout-9d6595d7 wp-block-columns-is-layout-flex\">\n<div class=\"wp-block-column is-layout-flow wp-block-column-is-layout-flow\">\n<figure class=\"wp-block-image size-full\"><img decoding=\"async\" width=\"750\" height=\"750\" src=\"https:\/\/www.stanleypackage.com\/wp-content\/uploads\/2025\/11\/Custom-Food-Pouch-Packaging-Wholesale-Back-Sealed-Pouches-5.webp\" alt=\"\" class=\"wp-image-3916\" srcset=\"https:\/\/www.stanleypackage.com\/wp-content\/uploads\/2025\/11\/Custom-Food-Pouch-Packaging-Wholesale-Back-Sealed-Pouches-5.webp 750w, https:\/\/www.stanleypackage.com\/wp-content\/uploads\/2025\/11\/Custom-Food-Pouch-Packaging-Wholesale-Back-Sealed-Pouches-5-300x300.webp 300w, https:\/\/www.stanleypackage.com\/wp-content\/uploads\/2025\/11\/Custom-Food-Pouch-Packaging-Wholesale-Back-Sealed-Pouches-5-150x150.webp 150w, https:\/\/www.stanleypackage.com\/wp-content\/uploads\/2025\/11\/Custom-Food-Pouch-Packaging-Wholesale-Back-Sealed-Pouches-5-12x12.webp 12w, https:\/\/www.stanleypackage.com\/wp-content\/uploads\/2025\/11\/Custom-Food-Pouch-Packaging-Wholesale-Back-Sealed-Pouches-5-600x600.webp 600w, https:\/\/www.stanleypackage.com\/wp-content\/uploads\/2025\/11\/Custom-Food-Pouch-Packaging-Wholesale-Back-Sealed-Pouches-5-100x100.webp 100w\" sizes=\"(max-width: 750px) 100vw, 750px\" \/><\/figure>\n<\/div>\n\n\n\n<div class=\"wp-block-column is-layout-flow wp-block-column-is-layout-flow\">\n<figure class=\"wp-block-image size-full\"><img decoding=\"async\" width=\"750\" height=\"750\" src=\"https:\/\/www.stanleypackage.com\/wp-content\/uploads\/2025\/11\/Custom-Food-Pouch-Packaging-Wholesale-Back-Sealed-Pouches-6.webp\" alt=\"\" class=\"wp-image-3917\" srcset=\"https:\/\/www.stanleypackage.com\/wp-content\/uploads\/2025\/11\/Custom-Food-Pouch-Packaging-Wholesale-Back-Sealed-Pouches-6.webp 750w, https:\/\/www.stanleypackage.com\/wp-content\/uploads\/2025\/11\/Custom-Food-Pouch-Packaging-Wholesale-Back-Sealed-Pouches-6-300x300.webp 300w, https:\/\/www.stanleypackage.com\/wp-content\/uploads\/2025\/11\/Custom-Food-Pouch-Packaging-Wholesale-Back-Sealed-Pouches-6-150x150.webp 150w, https:\/\/www.stanleypackage.com\/wp-content\/uploads\/2025\/11\/Custom-Food-Pouch-Packaging-Wholesale-Back-Sealed-Pouches-6-12x12.webp 12w, https:\/\/www.stanleypackage.com\/wp-content\/uploads\/2025\/11\/Custom-Food-Pouch-Packaging-Wholesale-Back-Sealed-Pouches-6-600x600.webp 600w, https:\/\/www.stanleypackage.com\/wp-content\/uploads\/2025\/11\/Custom-Food-Pouch-Packaging-Wholesale-Back-Sealed-Pouches-6-100x100.webp 100w\" sizes=\"(max-width: 750px) 100vw, 750px\" \/><\/figure>\n<\/div>\n<\/div>\n<\/div>\n<\/div>","protected":false},"excerpt":{"rendered":"<p>Nous vous invitons \u00e0 commander des emballages de pochettes de coussins personnalis\u00e9s. Nos sachets coussins personnalis\u00e9s sont con\u00e7us sp\u00e9cialement pour les snacks, avec un design blanc minimaliste, et conviennent aux besoins de personnalisation de divers produits snacks.<\/p>\n<table style=\"border-collapse: collapse; width: 365.02pt;\" border=\"0\" width=\"365\" cellspacing=\"0\" cellpadding=\"0\">\n<tbody>\n<tr style=\"height: 16.00pt;\">\n<td class=\"et2\" style=\"height: 16.00pt; width: 97.50pt;\" width=\"97\" height=\"16\">Fabricant<\/td>\n<td class=\"et2\" style=\"width: 267.50pt;\" width=\"267\">Stanley<\/td>\n<\/tr>\n<tr style=\"height: 16.00pt;\">\n<td class=\"et2\" style=\"height: 16.00pt; width: 97.50pt;\" width=\"97\" height=\"16\">Types de pochettes<\/td>\n<td class=\"et3\">Pochette de scellement arri\u00e8re<span class=\"font1\">, <\/span><span class=\"font0\">Pochette \u00e0 plat<\/span><\/td>\n<\/tr>\n<tr style=\"height: 16.00pt;\">\n<td class=\"et2\" style=\"height: 16.00pt; width: 97.50pt;\" width=\"97\" height=\"16\">Mat\u00e9riau<\/td>\n<td class=\"et2\" style=\"width: 267.50pt;\" width=\"267\">PET12\/VMPET12\/PE70<\/td>\n<\/tr>\n<tr style=\"height: 16.00pt;\">\n<td class=\"et2\" style=\"height: 16.00pt; width: 97.50pt;\" width=\"97\" height=\"16\">Dossier sp\u00e9cial<\/td>\n<td class=\"et2\" style=\"width: 267.50pt;\" width=\"267\">Encoche de d\u00e9chirure, remplissage du fond<\/td>\n<\/tr>\n<tr style=\"height: 16.00pt;\">\n<td class=\"et2\" style=\"height: 16.00pt; width: 97.50pt;\" width=\"97\" height=\"16\">Manipulation de surface<\/td>\n<td class=\"et2\" style=\"width: 267.50pt;\" width=\"267\">Impression en h\u00e9liogravure<\/td>\n<\/tr>\n<tr style=\"height: 16.00pt;\">\n<td class=\"et2\" style=\"height: 16.00pt; width: 97.50pt;\" width=\"97\" height=\"16\">Couleur<\/td>\n<td class=\"et2\" style=\"width: 267.50pt;\" width=\"267\">Impression double face, jusqu'\u00e0 10 couleurs<\/td>\n<\/tr>\n<tr style=\"height: 16.00pt;\">\n<td class=\"et2\" style=\"height: 16.00pt; width: 97.50pt;\" width=\"97\" height=\"16\">Utilisation<\/td>\n<td class=\"et2\" style=\"width: 267.50pt;\" width=\"267\">Bonbons, snacks, fruits secs, gel\u00e9e<\/td>\n<\/tr>\n<tr style=\"height: 16.00pt;\">\n<td class=\"et2\" style=\"height: 16.00pt; width: 97.50pt;\" width=\"97\" height=\"16\">MOQ<\/td>\n<td class=\"et2\" style=\"width: 267.50pt;\" width=\"267\">50 000 pi\u00e8ces<\/td>\n<\/tr>\n<tr style=\"height: 16.00pt;\">\n<td class=\"et2\" style=\"height: 16.00pt; width: 97.50pt;\" width=\"97\" height=\"16\">Commande personnalis\u00e9e<\/td>\n<td class=\"et2\" style=\"width: 267.50pt;\" width=\"267\">Acceptation de l'OEM et de l'ODM, prise en charge de l'\u00e9chantillonnage gratuit<\/td>\n<\/tr>\n<\/tbody>\n<\/table>\n<p>&nbsp;<\/p>","protected":false},"featured_media":3919,"comment_status":"closed","ping_status":"closed","template":"","meta":{"_acf_changed":false},"product_brand":[],"product_cat":[59,31],"product_tag":[],"class_list":{"0":"post-3915","1":"product","2":"type-product","3":"status-publish","4":"has-post-thumbnail","6":"product_cat-pillow-pouch-manufacturer","7":"product_cat-lay-flat-pouch-manufacturer","8":"pa_food-packaging-tea-pouch-packaging","9":"pa_food-packaging-snack-food-pouch","11":"first","12":"instock","13":"shipping-taxable","14":"product-type-simple"},"acf":[],"_links":{"self":[{"href":"https:\/\/www.stanleypackage.com\/fr\/wp-json\/wp\/v2\/product\/3915","targetHints":{"allow":["GET"]}}],"collection":[{"href":"https:\/\/www.stanleypackage.com\/fr\/wp-json\/wp\/v2\/product"}],"about":[{"href":"https:\/\/www.stanleypackage.com\/fr\/wp-json\/wp\/v2\/types\/product"}],"replies":[{"embeddable":true,"href":"https:\/\/www.stanleypackage.com\/fr\/wp-json\/wp\/v2\/comments?post=3915"}],"wp:featuredmedia":[{"embeddable":true,"href":"https:\/\/www.stanleypackage.com\/fr\/wp-json\/wp\/v2\/media\/3919"}],"wp:attachment":[{"href":"https:\/\/www.stanleypackage.com\/fr\/wp-json\/wp\/v2\/media?parent=3915"}],"wp:term":[{"taxonomy":"product_brand","embeddable":true,"href":"https:\/\/www.stanleypackage.com\/fr\/wp-json\/wp\/v2\/product_brand?post=3915"},{"taxonomy":"product_cat","embeddable":true,"href":"https:\/\/www.stanleypackage.com\/fr\/wp-json\/wp\/v2\/product_cat?post=3915"},{"taxonomy":"product_tag","embeddable":true,"href":"https:\/\/www.stanleypackage.com\/fr\/wp-json\/wp\/v2\/product_tag?post=3915"}],"curies":[{"name":"wp","href":"https:\/\/api.w.org\/{rel}","templated":true}]}}