{"id":3922,"date":"2025-11-28T08:28:33","date_gmt":"2025-11-28T08:28:33","guid":{"rendered":"https:\/\/www.stanleypackage.com\/?post_type=product&#038;p=3922"},"modified":"2025-11-28T08:28:39","modified_gmt":"2025-11-28T08:28:39","slug":"kraft-pouches-wholesale","status":"publish","type":"product","link":"https:\/\/www.stanleypackage.com\/fr\/product\/kraft-pouches-wholesale\/","title":{"rendered":"Pochettes kraft scell\u00e9es au dos Wholesale, Support Impression personnalis\u00e9e"},"content":{"rendered":"<div class=\"wp-block-columns is-layout-flex wp-container-core-columns-is-layout-9d6595d7 wp-block-columns-is-layout-flex\">\n<div class=\"wp-block-column is-layout-flow wp-block-column-is-layout-flow\">\n<h2 class=\"wp-block-heading\">Caract\u00e9ristiques des pochettes Kraft en gros<\/h2>\n\n\n\n<ul class=\"wp-block-list\">\n<li><strong>Mat\u00e9riaux respectueux de l'environnement et biod\u00e9gradables :<\/strong> Nos sachets kraft \u00e0 soudure arri\u00e8re utilisent du papier de placage simple face de 60 g avec une couche adh\u00e9sive biod\u00e9gradable, ce qui permet de r\u00e9pondre \u00e0 la tendance des emballages \u00e9cologiques et d'\u00e9quilibrer les exigences en mati\u00e8re de r\u00e9sistance et de respect de l'environnement.<\/li>\n\n\n\n<li><strong>Structure du joint arri\u00e8re \u00e9tanche \u00e0 l'humidit\u00e9 et pr\u00e9servant l'ar\u00f4me : <\/strong>La conception scell\u00e9e de ces sachets en papier kraft personnalis\u00e9s isole efficacement l'air et l'humidit\u00e9, prolongeant ainsi la dur\u00e9e de conservation et la r\u00e9tention de la saveur des aliments, du th\u00e9 et d'autres produits.<\/li>\n\n\n\n<li><strong>Soutien \u00e0 la personnalisation de l'ensemble du processus : <\/strong>Nous offrons une personnalisation flexible de la taille, des graphiques imprim\u00e9s et de la structure de l'emballage pour les pochettes kraft en gros afin de r\u00e9pondre aux divers besoins des marques OEM\/ODM.<\/li>\n\n\n\n<li><strong>\u00c9chantillons gratuits pour une premi\u00e8re exp\u00e9rience : <\/strong>Nos pochettes en papier kraft personnalis\u00e9es offrent des services d'\u00e9chantillonnage gratuits, ce qui permet aux clients de v\u00e9rifier sur place la qualit\u00e9 et l'ad\u00e9quation de l'emballage, r\u00e9duisant ainsi les risques li\u00e9s \u00e0 la prise de d\u00e9cision.<\/li>\n\n\n\n<li><strong>Hautement adaptable \u00e0 divers sc\u00e9narios :<\/strong> Ces sachets kraft \u00e0 fermeture arri\u00e8re sont largement applicables \u00e0 divers produits l\u00e9gers tels que les snacks, les produits secs et le th\u00e9, alliant praticit\u00e9 et effets d'affichage de la marque.<\/li>\n<\/ul>\n\n\n\n<div class=\"wp-block-columns is-layout-flex wp-container-core-columns-is-layout-9d6595d7 wp-block-columns-is-layout-flex\">\n<div class=\"wp-block-column is-layout-flow wp-block-column-is-layout-flow\">\n<figure class=\"wp-block-image size-full\"><img decoding=\"async\" width=\"750\" height=\"750\" src=\"https:\/\/www.stanleypackage.com\/wp-content\/uploads\/2025\/11\/Custom-Kraft-Paper-Pouch-Packaging-Wholesale-Back-Sealed-Pouches-5.webp\" alt=\"\" class=\"wp-image-3923\" srcset=\"https:\/\/www.stanleypackage.com\/wp-content\/uploads\/2025\/11\/Custom-Kraft-Paper-Pouch-Packaging-Wholesale-Back-Sealed-Pouches-5.webp 750w, https:\/\/www.stanleypackage.com\/wp-content\/uploads\/2025\/11\/Custom-Kraft-Paper-Pouch-Packaging-Wholesale-Back-Sealed-Pouches-5-300x300.webp 300w, https:\/\/www.stanleypackage.com\/wp-content\/uploads\/2025\/11\/Custom-Kraft-Paper-Pouch-Packaging-Wholesale-Back-Sealed-Pouches-5-150x150.webp 150w, https:\/\/www.stanleypackage.com\/wp-content\/uploads\/2025\/11\/Custom-Kraft-Paper-Pouch-Packaging-Wholesale-Back-Sealed-Pouches-5-12x12.webp 12w, https:\/\/www.stanleypackage.com\/wp-content\/uploads\/2025\/11\/Custom-Kraft-Paper-Pouch-Packaging-Wholesale-Back-Sealed-Pouches-5-600x600.webp 600w, https:\/\/www.stanleypackage.com\/wp-content\/uploads\/2025\/11\/Custom-Kraft-Paper-Pouch-Packaging-Wholesale-Back-Sealed-Pouches-5-100x100.webp 100w\" sizes=\"(max-width: 750px) 100vw, 750px\" \/><\/figure>\n<\/div>\n\n\n\n<div class=\"wp-block-column is-layout-flow wp-block-column-is-layout-flow\">\n<figure class=\"wp-block-image size-full\"><img decoding=\"async\" width=\"750\" height=\"750\" src=\"https:\/\/www.stanleypackage.com\/wp-content\/uploads\/2025\/11\/Custom-Kraft-Paper-Pouch-Packaging-Wholesale-Back-Sealed-Pouches-4.webp\" alt=\"\" class=\"wp-image-3924\" srcset=\"https:\/\/www.stanleypackage.com\/wp-content\/uploads\/2025\/11\/Custom-Kraft-Paper-Pouch-Packaging-Wholesale-Back-Sealed-Pouches-4.webp 750w, https:\/\/www.stanleypackage.com\/wp-content\/uploads\/2025\/11\/Custom-Kraft-Paper-Pouch-Packaging-Wholesale-Back-Sealed-Pouches-4-300x300.webp 300w, https:\/\/www.stanleypackage.com\/wp-content\/uploads\/2025\/11\/Custom-Kraft-Paper-Pouch-Packaging-Wholesale-Back-Sealed-Pouches-4-150x150.webp 150w, https:\/\/www.stanleypackage.com\/wp-content\/uploads\/2025\/11\/Custom-Kraft-Paper-Pouch-Packaging-Wholesale-Back-Sealed-Pouches-4-12x12.webp 12w, https:\/\/www.stanleypackage.com\/wp-content\/uploads\/2025\/11\/Custom-Kraft-Paper-Pouch-Packaging-Wholesale-Back-Sealed-Pouches-4-600x600.webp 600w, https:\/\/www.stanleypackage.com\/wp-content\/uploads\/2025\/11\/Custom-Kraft-Paper-Pouch-Packaging-Wholesale-Back-Sealed-Pouches-4-100x100.webp 100w\" sizes=\"(max-width: 750px) 100vw, 750px\" \/><\/figure>\n<\/div>\n<\/div>\n<\/div>\n<\/div>","protected":false},"excerpt":{"rendered":"<p>Nous vous invitons \u00e0 commander des pochettes en papier kraft personnalis\u00e9es. Nos pochettes kraft \u00e0 scellage arri\u00e8re sont fabriqu\u00e9es \u00e0 partir de mat\u00e9riaux de qualit\u00e9 alimentaire et respectueux de l'environnement. Elles peuvent \u00eatre imprim\u00e9es sur mesure, OEM\/ODM et peuvent \u00eatre \u00e9chantillonn\u00e9es gratuitement.<\/p>\n<table style=\"border-collapse: collapse; width: 365.02pt;\" border=\"0\" width=\"365\" cellspacing=\"0\" cellpadding=\"0\">\n<tbody>\n<tr style=\"height: 16.00pt;\">\n<td class=\"et2\" style=\"height: 16.00pt; width: 97.50pt;\" width=\"97\" height=\"16\">Fabricant<\/td>\n<td class=\"et2\" style=\"width: 267.50pt;\" width=\"267\">Stanley<\/td>\n<\/tr>\n<tr style=\"height: 16.00pt;\">\n<td class=\"et2\" style=\"height: 16.00pt; width: 97.50pt;\" width=\"97\" height=\"16\">Types de pochettes<\/td>\n<td class=\"et3\">Pochette de scellement arri\u00e8re<span class=\"font1\">, <\/span><span class=\"font0\">Pochette \u00e0 plat<\/span><\/td>\n<\/tr>\n<tr style=\"height: 16.00pt;\">\n<td class=\"et2\" style=\"height: 16.00pt; width: 97.50pt;\" width=\"97\" height=\"16\">Mat\u00e9riau<\/td>\n<td class=\"et2\" style=\"width: 267.50pt;\" width=\"267\">Papier Kraft 60g avec rev\u00eatement biod\u00e9gradable<\/td>\n<\/tr>\n<tr style=\"height: 16.00pt;\">\n<td class=\"et2\" style=\"height: 16.00pt; width: 97.50pt;\" width=\"97\" height=\"16\">Dossier sp\u00e9cial<\/td>\n<td class=\"et2\" style=\"width: 267.50pt;\" width=\"267\">Encoche de d\u00e9chirure, remplissage du fond<\/td>\n<\/tr>\n<tr style=\"height: 16.00pt;\">\n<td class=\"et2\" style=\"height: 16.00pt; width: 97.50pt;\" width=\"97\" height=\"16\">Manipulation de surface<\/td>\n<td class=\"et2\" style=\"width: 267.50pt;\" width=\"267\">Impression en h\u00e9liogravure<\/td>\n<\/tr>\n<tr style=\"height: 16.00pt;\">\n<td class=\"et2\" style=\"height: 16.00pt; width: 97.50pt;\" width=\"97\" height=\"16\">Couleur<\/td>\n<td class=\"et2\" style=\"width: 267.50pt;\" width=\"267\">Impression double face, jusqu'\u00e0 10 couleurs<\/td>\n<\/tr>\n<tr style=\"height: 16.00pt;\">\n<td class=\"et2\" style=\"height: 16.00pt; width: 97.50pt;\" width=\"97\" height=\"16\">Utilisation<\/td>\n<td class=\"et2\" style=\"width: 267.50pt;\" width=\"267\">Bonbons, snacks, fruits secs, gel\u00e9e<\/td>\n<\/tr>\n<tr style=\"height: 16.00pt;\">\n<td class=\"et2\" style=\"height: 16.00pt; width: 97.50pt;\" width=\"97\" height=\"16\">MOQ<\/td>\n<td class=\"et2\" style=\"width: 267.50pt;\" width=\"267\">50 000 pi\u00e8ces<\/td>\n<\/tr>\n<tr style=\"height: 16.00pt;\">\n<td class=\"et2\" style=\"height: 16.00pt; width: 97.50pt;\" width=\"97\" height=\"16\">Commande personnalis\u00e9e<\/td>\n<td class=\"et2\" style=\"width: 267.50pt;\" width=\"267\">Acceptation de l'OEM et de l'ODM, prise en charge de l'\u00e9chantillonnage gratuit<\/td>\n<\/tr>\n<\/tbody>\n<\/table>\n<p>&nbsp;<\/p>","protected":false},"featured_media":3925,"comment_status":"closed","ping_status":"closed","template":"","meta":{"_acf_changed":false},"product_brand":[],"product_cat":[59,31,28],"product_tag":[],"class_list":{"0":"post-3922","1":"product","2":"type-product","3":"status-publish","4":"has-post-thumbnail","6":"product_cat-pillow-pouch-manufacturer","7":"product_cat-lay-flat-pouch-manufacturer","8":"product_cat-three-side-seal-pouch-manufacturer","9":"pa_food-packaging-tea-pouch-packaging","10":"pa_food-packaging-snack-food-pouch","11":"pa_material-kraft-paper","13":"first","14":"instock","15":"shipping-taxable","16":"product-type-simple"},"acf":[],"_links":{"self":[{"href":"https:\/\/www.stanleypackage.com\/fr\/wp-json\/wp\/v2\/product\/3922","targetHints":{"allow":["GET"]}}],"collection":[{"href":"https:\/\/www.stanleypackage.com\/fr\/wp-json\/wp\/v2\/product"}],"about":[{"href":"https:\/\/www.stanleypackage.com\/fr\/wp-json\/wp\/v2\/types\/product"}],"replies":[{"embeddable":true,"href":"https:\/\/www.stanleypackage.com\/fr\/wp-json\/wp\/v2\/comments?post=3922"}],"wp:featuredmedia":[{"embeddable":true,"href":"https:\/\/www.stanleypackage.com\/fr\/wp-json\/wp\/v2\/media\/3925"}],"wp:attachment":[{"href":"https:\/\/www.stanleypackage.com\/fr\/wp-json\/wp\/v2\/media?parent=3922"}],"wp:term":[{"taxonomy":"product_brand","embeddable":true,"href":"https:\/\/www.stanleypackage.com\/fr\/wp-json\/wp\/v2\/product_brand?post=3922"},{"taxonomy":"product_cat","embeddable":true,"href":"https:\/\/www.stanleypackage.com\/fr\/wp-json\/wp\/v2\/product_cat?post=3922"},{"taxonomy":"product_tag","embeddable":true,"href":"https:\/\/www.stanleypackage.com\/fr\/wp-json\/wp\/v2\/product_tag?post=3922"}],"curies":[{"name":"wp","href":"https:\/\/api.w.org\/{rel}","templated":true}]}}