{"id":3929,"date":"2025-11-28T08:51:23","date_gmt":"2025-11-28T08:51:23","guid":{"rendered":"https:\/\/www.stanleypackage.com\/?post_type=product&#038;p=3929"},"modified":"2025-11-28T08:51:28","modified_gmt":"2025-11-28T08:51:28","slug":"custom-doypack","status":"publish","type":"product","link":"https:\/\/www.stanleypackage.com\/fr\/product\/custom-doypack\/","title":{"rendered":"Doypack personnalis\u00e9 avec fen\u00eatre pour l'emballage de bonbons"},"content":{"rendered":"<div class=\"wp-block-columns is-layout-flex wp-container-core-columns-is-layout-9d6595d7 wp-block-columns-is-layout-flex\">\n<div class=\"wp-block-column is-layout-flow wp-block-column-is-layout-flow\">\n<h2 class=\"wp-block-heading\">Caract\u00e9ristiques du Doypack personnalis\u00e9 pour l'emballage des bonbons<\/h2>\n\n\n\n<ul class=\"wp-block-list\">\n<li><strong>Fen\u00eatre transparente haute d\u00e9finition : <\/strong>Ce doypack personnalis\u00e9 est dot\u00e9 d'une fen\u00eatre transparente qui permet aux clients de voir la forme et la couleur des bonbons \u00e0 l'int\u00e9rieur. Cela donne confiance aux consommateurs lors de l'achat du produit et augmente l'attrait du produit.<\/li>\n\n\n\n<li><strong>Mat\u00e9riau composite de haute qualit\u00e9 : <\/strong>Nos sachets de bonbons personnalis\u00e9s utilisent une structure composite \u00e0 trois couches BOPP\/PET\/PE, offrant une excellente r\u00e9sistance \u00e0 l'humidit\u00e9, des propri\u00e9t\u00e9s de barri\u00e8re et une r\u00e9sistance \u00e0 l'abrasion, garantissant la fra\u00eecheur et la s\u00e9curit\u00e9 du stockage des bonbons.<\/li>\n\n\n\n<li><strong>Conception d'une pochette portative \u00e0 hauteur d'homme : <\/strong>La conception robuste de la partie inf\u00e9rieure de ce doypack personnalis\u00e9 facilite la mise en rayon ; la partie sup\u00e9rieure comporte des trous de suspension, ce qui permet de l'utiliser aussi bien en position verticale que suspendue, offrant ainsi une grande praticit\u00e9.<\/li>\n\n\n\n<li><strong>Service de personnalisation complet : <\/strong>Nos sachets de bonbons peuvent \u00eatre personnalis\u00e9s pour r\u00e9pondre \u00e0 vos besoins sp\u00e9cifiques en sp\u00e9cifiant la taille et le mat\u00e9riau, ainsi qu'en fournissant des graphiques. Des caract\u00e9ristiques suppl\u00e9mentaires flexibles, telles que des trous de suspension et des ouvertures faciles \u00e0 d\u00e9chirer, peuvent \u00e9galement \u00eatre ajout\u00e9es pour les marques qui en ont besoin.<\/li>\n\n\n\n<li><strong>Excellents r\u00e9sultats d'impression :<\/strong> La surface du mat\u00e9riau de ce doypack personnalis\u00e9 s'adapte parfaitement \u00e0 l'impression, ce qui permet d'obtenir des motifs et des textes de haute pr\u00e9cision et richement color\u00e9s, am\u00e9liorant ainsi l'image de marque et la reconnaissance du produit.<\/li>\n<\/ul>\n\n\n\n<div class=\"wp-block-columns is-layout-flex wp-container-core-columns-is-layout-9d6595d7 wp-block-columns-is-layout-flex\">\n<div class=\"wp-block-column is-layout-flow wp-block-column-is-layout-flow\">\n<figure class=\"wp-block-image size-full\"><img decoding=\"async\" width=\"750\" height=\"750\" src=\"https:\/\/www.stanleypackage.com\/wp-content\/uploads\/2025\/11\/Custom-Printed-Candy-Bags-Bulk-Stand-Up-Pouch-With-Window-2.jpg\" alt=\"\" class=\"wp-image-3930\" srcset=\"https:\/\/www.stanleypackage.com\/wp-content\/uploads\/2025\/11\/Custom-Printed-Candy-Bags-Bulk-Stand-Up-Pouch-With-Window-2.jpg 750w, https:\/\/www.stanleypackage.com\/wp-content\/uploads\/2025\/11\/Custom-Printed-Candy-Bags-Bulk-Stand-Up-Pouch-With-Window-2-300x300.jpg 300w, https:\/\/www.stanleypackage.com\/wp-content\/uploads\/2025\/11\/Custom-Printed-Candy-Bags-Bulk-Stand-Up-Pouch-With-Window-2-150x150.jpg 150w, https:\/\/www.stanleypackage.com\/wp-content\/uploads\/2025\/11\/Custom-Printed-Candy-Bags-Bulk-Stand-Up-Pouch-With-Window-2-12x12.jpg 12w, https:\/\/www.stanleypackage.com\/wp-content\/uploads\/2025\/11\/Custom-Printed-Candy-Bags-Bulk-Stand-Up-Pouch-With-Window-2-600x600.jpg 600w, https:\/\/www.stanleypackage.com\/wp-content\/uploads\/2025\/11\/Custom-Printed-Candy-Bags-Bulk-Stand-Up-Pouch-With-Window-2-100x100.jpg 100w\" sizes=\"(max-width: 750px) 100vw, 750px\" \/><\/figure>\n<\/div>\n\n\n\n<div class=\"wp-block-column is-layout-flow wp-block-column-is-layout-flow\">\n<figure class=\"wp-block-image size-full\"><img decoding=\"async\" width=\"750\" height=\"750\" src=\"https:\/\/www.stanleypackage.com\/wp-content\/uploads\/2025\/11\/Custom-Printed-Candy-Bags-Bulk-Stand-Up-Pouch-With-Window-5.jpg\" alt=\"\" class=\"wp-image-3931\" srcset=\"https:\/\/www.stanleypackage.com\/wp-content\/uploads\/2025\/11\/Custom-Printed-Candy-Bags-Bulk-Stand-Up-Pouch-With-Window-5.jpg 750w, https:\/\/www.stanleypackage.com\/wp-content\/uploads\/2025\/11\/Custom-Printed-Candy-Bags-Bulk-Stand-Up-Pouch-With-Window-5-300x300.jpg 300w, https:\/\/www.stanleypackage.com\/wp-content\/uploads\/2025\/11\/Custom-Printed-Candy-Bags-Bulk-Stand-Up-Pouch-With-Window-5-150x150.jpg 150w, https:\/\/www.stanleypackage.com\/wp-content\/uploads\/2025\/11\/Custom-Printed-Candy-Bags-Bulk-Stand-Up-Pouch-With-Window-5-12x12.jpg 12w, https:\/\/www.stanleypackage.com\/wp-content\/uploads\/2025\/11\/Custom-Printed-Candy-Bags-Bulk-Stand-Up-Pouch-With-Window-5-600x600.jpg 600w, https:\/\/www.stanleypackage.com\/wp-content\/uploads\/2025\/11\/Custom-Printed-Candy-Bags-Bulk-Stand-Up-Pouch-With-Window-5-100x100.jpg 100w\" sizes=\"(max-width: 750px) 100vw, 750px\" \/><\/figure>\n<\/div>\n<\/div>\n<\/div>\n<\/div>","protected":false},"excerpt":{"rendered":"<p>Bienvenue pour commander des sachets doypack personnalis\u00e9s. Nos sachets de bonbons personnalis\u00e9s sont fabriqu\u00e9s \u00e0 partir de mat\u00e9riaux composites de haute qualit\u00e9, avec des couleurs vives et une excellente \u00e9tanch\u00e9it\u00e9. Combinant des dessins humoristiques accrocheurs et une fen\u00eatre pratique, ils mettent parfaitement en valeur vos produits de confiserie.<\/p>\n<table style=\"border-collapse: collapse; width: 327.77pt;\" border=\"0\" width=\"437\" cellspacing=\"0\" cellpadding=\"0\">\n<tbody>\n<tr style=\"height: 12.75pt;\">\n<td class=\"et2\" style=\"height: 12.75pt; width: 91.40pt;\" width=\"121\" height=\"17\">Fabricant<\/td>\n<td class=\"et2\" style=\"width: 237.00pt;\" width=\"316\">Stanley<\/td>\n<\/tr>\n<tr style=\"height: 12.75pt;\">\n<td class=\"et2\" style=\"height: 12.75pt; width: 91.40pt;\" width=\"121\" height=\"17\">Types de pochettes<\/td>\n<td class=\"et3\">Pochette de rangement<\/td>\n<\/tr>\n<tr style=\"height: 12.75pt;\">\n<td class=\"et2\" style=\"height: 12.75pt; width: 91.40pt;\" width=\"121\" height=\"17\">Mat\u00e9riau<\/td>\n<td class=\"et2\" style=\"width: 237.00pt;\" width=\"316\">BOPP38\/PET12\/PE60<\/td>\n<\/tr>\n<tr style=\"height: 12.75pt;\">\n<td class=\"et2\" style=\"height: 12.75pt; width: 91.40pt;\" width=\"121\" height=\"17\">Dossier sp\u00e9cial<\/td>\n<td class=\"et2\" style=\"width: 237.00pt;\" width=\"316\">Fond debout, Encoche facile \u00e0 d\u00e9chirer, Fen\u00eatre transparente<\/td>\n<\/tr>\n<tr style=\"height: 12.75pt;\">\n<td class=\"et2\" style=\"height: 12.75pt; width: 91.40pt;\" width=\"121\" height=\"17\">Manipulation de surface<\/td>\n<td class=\"et2\" style=\"width: 237.00pt;\" width=\"316\">Impression en h\u00e9liogravure<\/td>\n<\/tr>\n<tr style=\"height: 12.75pt;\">\n<td class=\"et2\" style=\"height: 12.75pt; width: 91.40pt;\" width=\"121\" height=\"17\">Couleur<\/td>\n<td class=\"et2\" style=\"width: 237.00pt;\" width=\"316\">Jusqu'\u00e0 10 couleurs<\/td>\n<\/tr>\n<tr style=\"height: 12.75pt;\">\n<td class=\"et2\" style=\"height: 12.75pt; width: 91.40pt;\" width=\"121\" height=\"17\">Utilisation<\/td>\n<td class=\"et3\">Bonbons, noix, snacks<\/td>\n<\/tr>\n<tr style=\"height: 12.75pt;\">\n<td class=\"et2\" style=\"height: 12.75pt; width: 91.40pt;\" width=\"121\" height=\"17\">MOQ<\/td>\n<td class=\"et2\" style=\"width: 237.00pt;\" width=\"316\">50 000 pi\u00e8ces<\/td>\n<\/tr>\n<tr style=\"height: 12.75pt;\">\n<td class=\"et2\" style=\"height: 12.75pt; width: 91.40pt;\" width=\"121\" height=\"17\">Commande personnalis\u00e9e<\/td>\n<td class=\"et2\" style=\"width: 237.00pt;\" width=\"316\">Acceptation de l'OEM, prise en charge de l'\u00e9chantillonnage gratuit<\/td>\n<\/tr>\n<\/tbody>\n<\/table>","protected":false},"featured_media":3932,"comment_status":"closed","ping_status":"closed","template":"","meta":{"_acf_changed":false},"product_brand":[],"product_cat":[30],"product_tag":[],"class_list":{"0":"post-3929","1":"product","2":"type-product","3":"status-publish","4":"has-post-thumbnail","6":"product_cat-stand-up-pouch-manufacturer","7":"pa_food-packaging-snack-food-pouch","9":"first","10":"instock","11":"shipping-taxable","12":"product-type-simple"},"acf":[],"_links":{"self":[{"href":"https:\/\/www.stanleypackage.com\/fr\/wp-json\/wp\/v2\/product\/3929","targetHints":{"allow":["GET"]}}],"collection":[{"href":"https:\/\/www.stanleypackage.com\/fr\/wp-json\/wp\/v2\/product"}],"about":[{"href":"https:\/\/www.stanleypackage.com\/fr\/wp-json\/wp\/v2\/types\/product"}],"replies":[{"embeddable":true,"href":"https:\/\/www.stanleypackage.com\/fr\/wp-json\/wp\/v2\/comments?post=3929"}],"wp:featuredmedia":[{"embeddable":true,"href":"https:\/\/www.stanleypackage.com\/fr\/wp-json\/wp\/v2\/media\/3932"}],"wp:attachment":[{"href":"https:\/\/www.stanleypackage.com\/fr\/wp-json\/wp\/v2\/media?parent=3929"}],"wp:term":[{"taxonomy":"product_brand","embeddable":true,"href":"https:\/\/www.stanleypackage.com\/fr\/wp-json\/wp\/v2\/product_brand?post=3929"},{"taxonomy":"product_cat","embeddable":true,"href":"https:\/\/www.stanleypackage.com\/fr\/wp-json\/wp\/v2\/product_cat?post=3929"},{"taxonomy":"product_tag","embeddable":true,"href":"https:\/\/www.stanleypackage.com\/fr\/wp-json\/wp\/v2\/product_tag?post=3929"}],"curies":[{"name":"wp","href":"https:\/\/api.w.org\/{rel}","templated":true}]}}