{"id":3937,"date":"2025-11-28T09:27:03","date_gmt":"2025-11-28T09:27:03","guid":{"rendered":"https:\/\/www.stanleypackage.com\/?post_type=product&#038;p=3937"},"modified":"2025-11-28T09:27:09","modified_gmt":"2025-11-28T09:27:09","slug":"custom-printed-shrink-wrap-film","status":"publish","type":"product","link":"https:\/\/www.stanleypackage.com\/fr\/product\/custom-printed-shrink-wrap-film\/","title":{"rendered":"Film r\u00e9tractable imprim\u00e9 personnalis\u00e9, film r\u00e9tractable PET pour bouteilles"},"content":{"rendered":"<div class=\"wp-block-columns is-layout-flex wp-container-core-columns-is-layout-9d6595d7 wp-block-columns-is-layout-flex\">\n<div class=\"wp-block-column is-layout-flow wp-block-column-is-layout-flow\">\n<h2 class=\"wp-block-heading\">Caract\u00e9ristiques du film r\u00e9tractable imprim\u00e9 sur mesure<\/h2>\n\n\n\n<ul class=\"wp-block-list\">\n<li><strong>Enroulement serr\u00e9 sur 360\u00b0 : <\/strong>Apr\u00e8s la r\u00e9traction \u00e0 chaud, notre film r\u00e9tractable imprim\u00e9 personnalis\u00e9 est con\u00e7u pour s'adapter \u00e0 la forme unique de votre bouteille ; il couvrira donc 100% des courbes de la bouteille et la prot\u00e9gera de la poussi\u00e8re et de l'humidit\u00e9, gardant ainsi le produit propre et neuf \u00e0 tout moment.<\/li>\n\n\n\n<li><strong>Performances \u00e9lev\u00e9es en mati\u00e8re de r\u00e9tr\u00e9cissement et fiabilit\u00e9 stable :<\/strong> Le mat\u00e9riau PET de ces films r\u00e9tractables pour bouteilles PET personnalis\u00e9es se r\u00e9tracte uniform\u00e9ment lorsqu'il est chauff\u00e9, pr\u00e9sentant une forte r\u00e9sistance \u00e0 la traction et emp\u00eachant la rupture, ce qui garantit l'int\u00e9grit\u00e9 de l'emballage pendant le transport et le stockage.<\/li>\n\n\n\n<li><strong>Impression haute d\u00e9finition pour un meilleur impact visuel :<\/strong> Notre film r\u00e9tractable imprim\u00e9 personnalis\u00e9 pr\u00e9sente une surface lisse adapt\u00e9e \u00e0 l'impression multicolore, produisant des motifs d\u00e9licats et vibrants qui mettent efficacement en valeur l'identit\u00e9 de la marque et attirent l'attention des consommateurs.<\/li>\n\n\n\n<li><strong>S\u00fbr et durable :<\/strong> Notre film r\u00e9tractable pour bouteille PET personnalis\u00e9 utilise des mati\u00e8res premi\u00e8res PET respectueuses de l'environnement, offrant une grande transparence et une bonne r\u00e9sistance, ce qui permet d'\u00e9quilibrer la s\u00e9curit\u00e9 et la pr\u00e9sentation du produit.<\/li>\n\n\n\n<li><strong>Personnalisation flexible pour r\u00e9pondre \u00e0 des besoins divers :<\/strong> Nos films r\u00e9tractables imprim\u00e9s sur mesure peuvent \u00eatre adapt\u00e9s \u00e0 la taille, \u00e0 l'\u00e9paisseur et aux exigences d'impression d'une grande vari\u00e9t\u00e9 d'industries et de types de bouteilles, offrant ainsi \u00e0 votre marque une image professionnelle.<\/li>\n<\/ul>\n\n\n\n<div class=\"wp-block-columns is-layout-flex wp-container-core-columns-is-layout-9d6595d7 wp-block-columns-is-layout-flex\">\n<div class=\"wp-block-column is-layout-flow wp-block-column-is-layout-flow\">\n<figure class=\"wp-block-image size-full\"><img decoding=\"async\" width=\"750\" height=\"750\" src=\"https:\/\/www.stanleypackage.com\/wp-content\/uploads\/2025\/11\/Custom-Shrink-Sleeves-For-Personal-Care-Product-PET-Shrink-Film-Wholesale-2.jpg\" alt=\"\" class=\"wp-image-3938\" srcset=\"https:\/\/www.stanleypackage.com\/wp-content\/uploads\/2025\/11\/Custom-Shrink-Sleeves-For-Personal-Care-Product-PET-Shrink-Film-Wholesale-2.jpg 750w, https:\/\/www.stanleypackage.com\/wp-content\/uploads\/2025\/11\/Custom-Shrink-Sleeves-For-Personal-Care-Product-PET-Shrink-Film-Wholesale-2-300x300.jpg 300w, https:\/\/www.stanleypackage.com\/wp-content\/uploads\/2025\/11\/Custom-Shrink-Sleeves-For-Personal-Care-Product-PET-Shrink-Film-Wholesale-2-150x150.jpg 150w, https:\/\/www.stanleypackage.com\/wp-content\/uploads\/2025\/11\/Custom-Shrink-Sleeves-For-Personal-Care-Product-PET-Shrink-Film-Wholesale-2-12x12.jpg 12w, https:\/\/www.stanleypackage.com\/wp-content\/uploads\/2025\/11\/Custom-Shrink-Sleeves-For-Personal-Care-Product-PET-Shrink-Film-Wholesale-2-600x600.jpg 600w, https:\/\/www.stanleypackage.com\/wp-content\/uploads\/2025\/11\/Custom-Shrink-Sleeves-For-Personal-Care-Product-PET-Shrink-Film-Wholesale-2-100x100.jpg 100w\" sizes=\"(max-width: 750px) 100vw, 750px\" \/><\/figure>\n<\/div>\n\n\n\n<div class=\"wp-block-column is-layout-flow wp-block-column-is-layout-flow\">\n<figure class=\"wp-block-image size-full\"><img decoding=\"async\" width=\"750\" height=\"750\" src=\"https:\/\/www.stanleypackage.com\/wp-content\/uploads\/2025\/11\/Custom-Shrink-Sleeves-For-Personal-Care-Product-PET-Shrink-Film-Wholesale-3.jpg\" alt=\"\" class=\"wp-image-3939\" srcset=\"https:\/\/www.stanleypackage.com\/wp-content\/uploads\/2025\/11\/Custom-Shrink-Sleeves-For-Personal-Care-Product-PET-Shrink-Film-Wholesale-3.jpg 750w, https:\/\/www.stanleypackage.com\/wp-content\/uploads\/2025\/11\/Custom-Shrink-Sleeves-For-Personal-Care-Product-PET-Shrink-Film-Wholesale-3-300x300.jpg 300w, https:\/\/www.stanleypackage.com\/wp-content\/uploads\/2025\/11\/Custom-Shrink-Sleeves-For-Personal-Care-Product-PET-Shrink-Film-Wholesale-3-150x150.jpg 150w, https:\/\/www.stanleypackage.com\/wp-content\/uploads\/2025\/11\/Custom-Shrink-Sleeves-For-Personal-Care-Product-PET-Shrink-Film-Wholesale-3-12x12.jpg 12w, https:\/\/www.stanleypackage.com\/wp-content\/uploads\/2025\/11\/Custom-Shrink-Sleeves-For-Personal-Care-Product-PET-Shrink-Film-Wholesale-3-600x600.jpg 600w, https:\/\/www.stanleypackage.com\/wp-content\/uploads\/2025\/11\/Custom-Shrink-Sleeves-For-Personal-Care-Product-PET-Shrink-Film-Wholesale-3-100x100.jpg 100w\" sizes=\"(max-width: 750px) 100vw, 750px\" \/><\/figure>\n<\/div>\n<\/div>\n<\/div>\n<\/div>","protected":false},"excerpt":{"rendered":"<p>Nous vous invitons \u00e0 commander du film r\u00e9tractable imprim\u00e9 personnalis\u00e9. Notre film r\u00e9tractable pour bouteilles PET personnalis\u00e9 offre une capacit\u00e9 d'emballage \u00e0 360\u00b0 et une forte performance de r\u00e9traction, garantissant un ajustement serr\u00e9 \u00e0 la bouteille et emp\u00eachant tout rel\u00e2chement.<\/p>\n<table style=\"border-collapse: collapse; width: 365.02pt;\" border=\"0\" width=\"365\" cellspacing=\"0\" cellpadding=\"0\">\n<tbody>\n<tr style=\"height: 16.00pt;\">\n<td class=\"et2\" style=\"height: 16.00pt; width: 97.50pt;\" width=\"97\" height=\"16\">Fabricant<\/td>\n<td class=\"et2\" style=\"width: 267.50pt;\" width=\"267\">Stanley<\/td>\n<\/tr>\n<tr style=\"height: 16.00pt;\">\n<td class=\"et2\" style=\"height: 16.00pt; width: 97.50pt;\" width=\"97\" height=\"16\">Types de pochettes<\/td>\n<td class=\"et3\">Manchons thermor\u00e9tractables Film<\/td>\n<\/tr>\n<tr style=\"height: 16.00pt;\">\n<td class=\"et2\" style=\"height: 16.00pt; width: 97.50pt;\" width=\"97\" height=\"16\">Mat\u00e9riau<\/td>\n<td class=\"et2\" style=\"width: 267.50pt;\" width=\"267\">Film r\u00e9tractable PET<\/td>\n<\/tr>\n<tr style=\"height: 31.00pt;\">\n<td class=\"et2\" style=\"height: 31.00pt; width: 97.50pt;\" width=\"97\" height=\"31\">Dossier sp\u00e9cial<\/td>\n<td class=\"et2\" style=\"width: 267.50pt;\" width=\"267\">Couverture \u00e0 360\u00b0, forte performance de r\u00e9traction\u00a0<\/td>\n<\/tr>\n<tr style=\"height: 16.00pt;\">\n<td class=\"et2\" style=\"height: 16.00pt; width: 97.50pt;\" width=\"97\" height=\"16\">Manipulation de surface<\/td>\n<td class=\"et2\" style=\"width: 267.50pt;\" width=\"267\">Impression en h\u00e9liogravure<\/td>\n<\/tr>\n<tr style=\"height: 16.00pt;\">\n<td class=\"et2\" style=\"height: 16.00pt; width: 97.50pt;\" width=\"97\" height=\"16\">Couleur<\/td>\n<td class=\"et2\" style=\"width: 267.50pt;\" width=\"267\">Jusqu'\u00e0 10 couleurs<\/td>\n<\/tr>\n<tr style=\"height: 16.00pt;\">\n<td class=\"et2\" style=\"height: 16.00pt; width: 97.50pt;\" width=\"97\" height=\"16\">Utilisation<\/td>\n<td class=\"et2\" style=\"width: 267.50pt;\" width=\"267\">Lotion pour le corps, Nettoyant pour le visage, Cr\u00e8me de gommage<\/td>\n<\/tr>\n<tr style=\"height: 16.00pt;\">\n<td class=\"et2\" style=\"height: 16.00pt; width: 97.50pt;\" width=\"97\" height=\"16\">MOQ<\/td>\n<td class=\"et2\" style=\"width: 267.50pt;\" width=\"267\">50 000 pi\u00e8ces<\/td>\n<\/tr>\n<tr style=\"height: 16.00pt;\">\n<td class=\"et2\" style=\"height: 16.00pt; width: 97.50pt;\" width=\"97\" height=\"16\">Commande personnalis\u00e9e<\/td>\n<td class=\"et2\" style=\"width: 267.50pt;\" width=\"267\">Acceptation de l'OEM et de l'ODM, prise en charge de l'\u00e9chantillonnage gratuit<\/td>\n<\/tr>\n<\/tbody>\n<\/table>","protected":false},"featured_media":3939,"comment_status":"closed","ping_status":"closed","template":"","meta":{"_acf_changed":false},"product_brand":[],"product_cat":[72],"product_tag":[],"class_list":{"0":"post-3937","1":"product","2":"type-product","3":"status-publish","4":"has-post-thumbnail","6":"product_cat-shrink-film-manufacturer","7":"pa_non-food-packaging-soap-detergent-pouches","9":"first","10":"instock","11":"shipping-taxable","12":"product-type-simple"},"acf":[],"_links":{"self":[{"href":"https:\/\/www.stanleypackage.com\/fr\/wp-json\/wp\/v2\/product\/3937","targetHints":{"allow":["GET"]}}],"collection":[{"href":"https:\/\/www.stanleypackage.com\/fr\/wp-json\/wp\/v2\/product"}],"about":[{"href":"https:\/\/www.stanleypackage.com\/fr\/wp-json\/wp\/v2\/types\/product"}],"replies":[{"embeddable":true,"href":"https:\/\/www.stanleypackage.com\/fr\/wp-json\/wp\/v2\/comments?post=3937"}],"wp:featuredmedia":[{"embeddable":true,"href":"https:\/\/www.stanleypackage.com\/fr\/wp-json\/wp\/v2\/media\/3939"}],"wp:attachment":[{"href":"https:\/\/www.stanleypackage.com\/fr\/wp-json\/wp\/v2\/media?parent=3937"}],"wp:term":[{"taxonomy":"product_brand","embeddable":true,"href":"https:\/\/www.stanleypackage.com\/fr\/wp-json\/wp\/v2\/product_brand?post=3937"},{"taxonomy":"product_cat","embeddable":true,"href":"https:\/\/www.stanleypackage.com\/fr\/wp-json\/wp\/v2\/product_cat?post=3937"},{"taxonomy":"product_tag","embeddable":true,"href":"https:\/\/www.stanleypackage.com\/fr\/wp-json\/wp\/v2\/product_tag?post=3937"}],"curies":[{"name":"wp","href":"https:\/\/api.w.org\/{rel}","templated":true}]}}