{"id":3946,"date":"2025-11-28T09:43:05","date_gmt":"2025-11-28T09:43:05","guid":{"rendered":"https:\/\/www.stanleypackage.com\/?post_type=product&#038;p=3946"},"modified":"2025-11-28T09:43:27","modified_gmt":"2025-11-28T09:43:27","slug":"custom-printed-heat-shrink-sleeves","status":"publish","type":"product","link":"https:\/\/www.stanleypackage.com\/fr\/product\/custom-printed-heat-shrink-sleeves\/","title":{"rendered":"Gaines thermor\u00e9tractables imprim\u00e9es sur mesure, films thermor\u00e9tractables pour bouteilles en PET"},"content":{"rendered":"<div class=\"wp-block-columns is-layout-flex wp-container-core-columns-is-layout-9d6595d7 wp-block-columns-is-layout-flex\">\n<div class=\"wp-block-column is-layout-flow wp-block-column-is-layout-flow\">\n<h2 class=\"wp-block-heading\">Caract\u00e9ristiques des gaines thermor\u00e9tractables imprim\u00e9es sur mesure<\/h2>\n\n\n\n<ul class=\"wp-block-list\">\n<li><strong>R\u00e9tr\u00e9cissement important pour un ajustement serr\u00e9 :<\/strong> Le mat\u00e9riau PET de ces manchons thermor\u00e9tractables imprim\u00e9s sur mesure pr\u00e9sente une forte r\u00e9traction, ce qui permet d'ajuster \u00e9troitement les bouteilles de diff\u00e9rentes courbures sans plis ni rel\u00e2chement, am\u00e9liorant ainsi l'int\u00e9grit\u00e9 globale et la r\u00e9sistance \u00e0 l'abrasion de l'emballage.<\/li>\n\n\n\n<li><strong>Impression haute d\u00e9finition pour des couleurs vives : <\/strong>Nos films r\u00e9tractables pour bouteilles PET personnalis\u00e9es utilisent une technologie d'impression avanc\u00e9e, ce qui permet d'obtenir des motifs d\u00e9licats et une saturation \u00e9lev\u00e9e des couleurs, mettant efficacement en \u00e9vidence les logos de la marque et les d\u00e9tails de la conception, am\u00e9liorant ainsi l'attrait du produit.<\/li>\n\n\n\n<li><strong>Pr\u00e9sentoir d'emballage \u00e0 360\u00b0 : <\/strong>Ces manchons thermor\u00e9tractables personnalis\u00e9s couvrent enti\u00e8rement la bouteille, offrant une plus grande surface pour votre design et un \u00e9quilibre entre le marquage et les fonctions utiles.<\/li>\n\n\n\n<li><strong>Respectueux de l'environnement et s\u00fbr : <\/strong>Nos films r\u00e9tractables pour bouteilles en PET sont non toxiques et inodores. Ils conviennent \u00e0 l'emballage de produits sensibles en contact direct avec des aliments, des cosm\u00e9tiques, etc.<\/li>\n\n\n\n<li><strong>Personnalisation flexible :<\/strong> Nos manchons thermor\u00e9tractables imprim\u00e9s sur mesure permettent une personnalisation en vrac OEM\/ODM de la taille, de l'\u00e9paisseur et des motifs, s'adaptant ainsi \u00e0 divers types de bouteilles industrielles et aidant les marques \u00e0 obtenir des solutions d'emballage diff\u00e9renci\u00e9es.<\/li>\n<\/ul>\n\n\n\n<div class=\"wp-block-columns is-layout-flex wp-container-core-columns-is-layout-9d6595d7 wp-block-columns-is-layout-flex\">\n<div class=\"wp-block-column is-layout-flow wp-block-column-is-layout-flow\">\n<figure class=\"wp-block-image size-full\"><img decoding=\"async\" width=\"750\" height=\"750\" src=\"https:\/\/www.stanleypackage.com\/wp-content\/uploads\/2025\/11\/Custom-Shrink-Sleeves-PET-Shrink-Sleeves-Wholesale-2.webp\" alt=\"\" class=\"wp-image-3947\" srcset=\"https:\/\/www.stanleypackage.com\/wp-content\/uploads\/2025\/11\/Custom-Shrink-Sleeves-PET-Shrink-Sleeves-Wholesale-2.webp 750w, https:\/\/www.stanleypackage.com\/wp-content\/uploads\/2025\/11\/Custom-Shrink-Sleeves-PET-Shrink-Sleeves-Wholesale-2-300x300.webp 300w, https:\/\/www.stanleypackage.com\/wp-content\/uploads\/2025\/11\/Custom-Shrink-Sleeves-PET-Shrink-Sleeves-Wholesale-2-150x150.webp 150w, https:\/\/www.stanleypackage.com\/wp-content\/uploads\/2025\/11\/Custom-Shrink-Sleeves-PET-Shrink-Sleeves-Wholesale-2-12x12.webp 12w, https:\/\/www.stanleypackage.com\/wp-content\/uploads\/2025\/11\/Custom-Shrink-Sleeves-PET-Shrink-Sleeves-Wholesale-2-600x600.webp 600w, https:\/\/www.stanleypackage.com\/wp-content\/uploads\/2025\/11\/Custom-Shrink-Sleeves-PET-Shrink-Sleeves-Wholesale-2-100x100.webp 100w\" sizes=\"(max-width: 750px) 100vw, 750px\" \/><\/figure>\n<\/div>\n\n\n\n<div class=\"wp-block-column is-layout-flow wp-block-column-is-layout-flow\">\n<figure class=\"wp-block-image size-full\"><img decoding=\"async\" width=\"750\" height=\"750\" src=\"https:\/\/www.stanleypackage.com\/wp-content\/uploads\/2025\/11\/Custom-Shrink-Sleeves-PET-Shrink-Sleeves-Wholesale-6.webp\" alt=\"\" class=\"wp-image-3948\" srcset=\"https:\/\/www.stanleypackage.com\/wp-content\/uploads\/2025\/11\/Custom-Shrink-Sleeves-PET-Shrink-Sleeves-Wholesale-6.webp 750w, https:\/\/www.stanleypackage.com\/wp-content\/uploads\/2025\/11\/Custom-Shrink-Sleeves-PET-Shrink-Sleeves-Wholesale-6-300x300.webp 300w, https:\/\/www.stanleypackage.com\/wp-content\/uploads\/2025\/11\/Custom-Shrink-Sleeves-PET-Shrink-Sleeves-Wholesale-6-150x150.webp 150w, https:\/\/www.stanleypackage.com\/wp-content\/uploads\/2025\/11\/Custom-Shrink-Sleeves-PET-Shrink-Sleeves-Wholesale-6-12x12.webp 12w, https:\/\/www.stanleypackage.com\/wp-content\/uploads\/2025\/11\/Custom-Shrink-Sleeves-PET-Shrink-Sleeves-Wholesale-6-600x600.webp 600w, https:\/\/www.stanleypackage.com\/wp-content\/uploads\/2025\/11\/Custom-Shrink-Sleeves-PET-Shrink-Sleeves-Wholesale-6-100x100.webp 100w\" sizes=\"(max-width: 750px) 100vw, 750px\" \/><\/figure>\n<\/div>\n<\/div>\n<\/div>\n<\/div>","protected":false},"excerpt":{"rendered":"<p>Nous vous invitons \u00e0 commander des gaines thermor\u00e9tractables imprim\u00e9es personnalis\u00e9es. Nos films thermor\u00e9tractables personnalis\u00e9s pour bouteilles en PET permettent d'envelopper \u00e0 360\u00b0 et sans couture diverses formes de bouteilles. Nous prenons en charge la personnalisation compl\u00e8te des motifs et des \u00e9l\u00e9ments de la marque, offrant des couleurs vibrantes et un ajustement s\u00fbr.<\/p>\n<table style=\"border-collapse: collapse; width: 365.02pt;\" border=\"0\" width=\"365\" cellspacing=\"0\" cellpadding=\"0\">\n<tbody>\n<tr style=\"height: 16.00pt;\">\n<td class=\"et2\" style=\"height: 16.00pt; width: 97.50pt;\" width=\"97\" height=\"16\">Fabricant<\/td>\n<td class=\"et2\" style=\"width: 267.50pt;\" width=\"267\">Stanley<\/td>\n<\/tr>\n<tr style=\"height: 16.00pt;\">\n<td class=\"et2\" style=\"height: 16.00pt; width: 97.50pt;\" width=\"97\" height=\"16\">Types de pochettes<\/td>\n<td class=\"et3\">Manchons thermor\u00e9tractables Film<\/td>\n<\/tr>\n<tr style=\"height: 16.00pt;\">\n<td class=\"et2\" style=\"height: 16.00pt; width: 97.50pt;\" width=\"97\" height=\"16\">Mat\u00e9riau<\/td>\n<td class=\"et2\" style=\"width: 267.50pt;\" width=\"267\">PET<\/td>\n<\/tr>\n<tr style=\"height: 31.00pt;\">\n<td class=\"et2\" style=\"height: 31.00pt; width: 97.50pt;\" width=\"97\" height=\"31\">Dossier sp\u00e9cial<\/td>\n<td class=\"et2\" style=\"width: 267.50pt;\" width=\"267\">Taux de r\u00e9traction \u00e9lev\u00e9, impression haute d\u00e9finition<\/td>\n<\/tr>\n<tr style=\"height: 16.00pt;\">\n<td class=\"et2\" style=\"height: 16.00pt; width: 97.50pt;\" width=\"97\" height=\"16\">Manipulation de surface<\/td>\n<td class=\"et2\" style=\"width: 267.50pt;\" width=\"267\">Impression en h\u00e9liogravure<\/td>\n<\/tr>\n<tr style=\"height: 16.00pt;\">\n<td class=\"et2\" style=\"height: 16.00pt; width: 97.50pt;\" width=\"97\" height=\"16\">Couleur<\/td>\n<td class=\"et2\" style=\"width: 267.50pt;\" width=\"267\">Jusqu'\u00e0 10 couleurs<\/td>\n<\/tr>\n<tr style=\"height: 16.00pt;\">\n<td class=\"et2\" style=\"height: 16.00pt; width: 97.50pt;\" width=\"97\" height=\"16\">Utilisation<\/td>\n<td class=\"et2\" style=\"width: 267.50pt;\" width=\"267\">Lotion pour le corps, Nettoyant pour le visage, Cr\u00e8me de gommage<\/td>\n<\/tr>\n<tr style=\"height: 16.00pt;\">\n<td class=\"et2\" style=\"height: 16.00pt; width: 97.50pt;\" width=\"97\" height=\"16\">MOQ<\/td>\n<td class=\"et2\" style=\"width: 267.50pt;\" width=\"267\">50 000 pi\u00e8ces<\/td>\n<\/tr>\n<tr style=\"height: 16.00pt;\">\n<td class=\"et2\" style=\"height: 16.00pt; width: 97.50pt;\" width=\"97\" height=\"16\">Commande personnalis\u00e9e<\/td>\n<td class=\"et2\" style=\"width: 267.50pt;\" width=\"267\">Acceptation de l'OEM et de l'ODM, prise en charge de l'\u00e9chantillonnage gratuit<\/td>\n<\/tr>\n<\/tbody>\n<\/table>","protected":false},"featured_media":3949,"comment_status":"closed","ping_status":"closed","template":"","meta":{"_acf_changed":false},"product_brand":[],"product_cat":[72],"product_tag":[],"class_list":{"0":"post-3946","1":"product","2":"type-product","3":"status-publish","4":"has-post-thumbnail","6":"product_cat-shrink-film-manufacturer","7":"pa_non-food-packaging-soap-detergent-pouches","9":"first","10":"instock","11":"shipping-taxable","12":"product-type-simple"},"acf":[],"_links":{"self":[{"href":"https:\/\/www.stanleypackage.com\/fr\/wp-json\/wp\/v2\/product\/3946","targetHints":{"allow":["GET"]}}],"collection":[{"href":"https:\/\/www.stanleypackage.com\/fr\/wp-json\/wp\/v2\/product"}],"about":[{"href":"https:\/\/www.stanleypackage.com\/fr\/wp-json\/wp\/v2\/types\/product"}],"replies":[{"embeddable":true,"href":"https:\/\/www.stanleypackage.com\/fr\/wp-json\/wp\/v2\/comments?post=3946"}],"wp:featuredmedia":[{"embeddable":true,"href":"https:\/\/www.stanleypackage.com\/fr\/wp-json\/wp\/v2\/media\/3949"}],"wp:attachment":[{"href":"https:\/\/www.stanleypackage.com\/fr\/wp-json\/wp\/v2\/media?parent=3946"}],"wp:term":[{"taxonomy":"product_brand","embeddable":true,"href":"https:\/\/www.stanleypackage.com\/fr\/wp-json\/wp\/v2\/product_brand?post=3946"},{"taxonomy":"product_cat","embeddable":true,"href":"https:\/\/www.stanleypackage.com\/fr\/wp-json\/wp\/v2\/product_cat?post=3946"},{"taxonomy":"product_tag","embeddable":true,"href":"https:\/\/www.stanleypackage.com\/fr\/wp-json\/wp\/v2\/product_tag?post=3946"}],"curies":[{"name":"wp","href":"https:\/\/api.w.org\/{rel}","templated":true}]}}