{"id":3953,"date":"2025-11-28T09:52:39","date_gmt":"2025-11-28T09:52:39","guid":{"rendered":"https:\/\/www.stanleypackage.com\/?post_type=product&#038;p=3953"},"modified":"2025-11-28T09:52:49","modified_gmt":"2025-11-28T09:52:49","slug":"custom-liquid-packaging","status":"publish","type":"product","link":"https:\/\/www.stanleypackage.com\/fr\/product\/custom-liquid-packaging\/","title":{"rendered":"Emballage de liquide sur mesure, emballage de d\u00e9tergent sur pied"},"content":{"rendered":"<div class=\"wp-block-columns is-layout-flex wp-container-core-columns-is-layout-9d6595d7 wp-block-columns-is-layout-flex\">\n<div class=\"wp-block-column is-layout-flow wp-block-column-is-layout-flow\">\n<h2 class=\"wp-block-heading\">Caract\u00e9ristiques de la pochette d'emballage de liquide sur mesure<\/h2>\n\n\n\n<ul class=\"wp-block-list\">\n<li><strong>Fond autoportant, affichage stable : <\/strong>La conception verticale de ces sachets d'emballage de liquides personnalis\u00e9s ne se renverse pas facilement, ce qui est pratique pour le stockage \u00e0 domicile.<\/li>\n\n\n\n<li><strong>Impression recto-verso, visuellement remarquable :<\/strong> Nos emballages de d\u00e9tergents sur pied personnalis\u00e9s peuvent \u00eatre imprim\u00e9s en h\u00e9liogravure jusqu'\u00e0 10 couleurs, ce qui permet de montrer l'image haut de gamme de la marque et d'attirer l'attention des consommateurs.<\/li>\n\n\n\n<li><strong>Structure multicouche, barri\u00e8re solide :<\/strong> Nos emballages personnalis\u00e9s pour d\u00e9tergents liquides utilisent des mat\u00e9riaux composites PET12\/VMPET12\/BOPA15\/PE165, qui pr\u00e9sentent de bonnes propri\u00e9t\u00e9s de r\u00e9sistance \u00e0 l'humidit\u00e9, \u00e0 l'oxyg\u00e8ne et \u00e0 la perforation.<\/li>\n\n\n\n<li><strong>Largement utilis\u00e9, il convient \u00e0 une vari\u00e9t\u00e9 de produits de nettoyage :<\/strong> Ces emballages personnalis\u00e9s pour d\u00e9tergents conviennent \u00e0 une vari\u00e9t\u00e9 de produits chimiques quotidiens tels que le d\u00e9tergent \u00e0 lessive, la lessive en poudre, le savon liquide, l'assouplissant, etc.<\/li>\n\n\n\n<li><strong>S'adapter au remplissage automatique : <\/strong>Ces sachets d'emballage de liquides personnalis\u00e9s conviennent aux lignes de production automatis\u00e9es pour am\u00e9liorer l'efficacit\u00e9 de l'emballage et l'homog\u00e9n\u00e9it\u00e9 du produit.<\/li>\n\n\n\n<li><strong>\u00c9quip\u00e9 d'un syst\u00e8me de d\u00e9chirure facile <\/strong>Nos sachets d'emballage de d\u00e9tergent sont dot\u00e9s d'un syst\u00e8me de d\u00e9chirure facile, ce qui facilite leur ouverture. .<\/li>\n<\/ul>\n\n\n\n<div class=\"wp-block-columns is-layout-flex wp-container-core-columns-is-layout-9d6595d7 wp-block-columns-is-layout-flex\">\n<div class=\"wp-block-column is-layout-flow wp-block-column-is-layout-flow\">\n<figure class=\"wp-block-image size-full\"><img decoding=\"async\" width=\"750\" height=\"750\" src=\"https:\/\/www.stanleypackage.com\/wp-content\/uploads\/2025\/11\/Custom-Liquid-Detergent-Packaging-Wholesale-Stand-Up-Pouch-4.webp\" alt=\"\" class=\"wp-image-3954\" srcset=\"https:\/\/www.stanleypackage.com\/wp-content\/uploads\/2025\/11\/Custom-Liquid-Detergent-Packaging-Wholesale-Stand-Up-Pouch-4.webp 750w, https:\/\/www.stanleypackage.com\/wp-content\/uploads\/2025\/11\/Custom-Liquid-Detergent-Packaging-Wholesale-Stand-Up-Pouch-4-300x300.webp 300w, https:\/\/www.stanleypackage.com\/wp-content\/uploads\/2025\/11\/Custom-Liquid-Detergent-Packaging-Wholesale-Stand-Up-Pouch-4-150x150.webp 150w, https:\/\/www.stanleypackage.com\/wp-content\/uploads\/2025\/11\/Custom-Liquid-Detergent-Packaging-Wholesale-Stand-Up-Pouch-4-12x12.webp 12w, https:\/\/www.stanleypackage.com\/wp-content\/uploads\/2025\/11\/Custom-Liquid-Detergent-Packaging-Wholesale-Stand-Up-Pouch-4-600x600.webp 600w, https:\/\/www.stanleypackage.com\/wp-content\/uploads\/2025\/11\/Custom-Liquid-Detergent-Packaging-Wholesale-Stand-Up-Pouch-4-100x100.webp 100w\" sizes=\"(max-width: 750px) 100vw, 750px\" \/><\/figure>\n<\/div>\n\n\n\n<div class=\"wp-block-column is-layout-flow wp-block-column-is-layout-flow\">\n<figure class=\"wp-block-image size-full\"><img decoding=\"async\" width=\"750\" height=\"750\" src=\"https:\/\/www.stanleypackage.com\/wp-content\/uploads\/2025\/11\/Custom-Liquid-Detergent-Packaging-Wholesale-Stand-Up-Pouch-3.webp\" alt=\"\" class=\"wp-image-3955\" srcset=\"https:\/\/www.stanleypackage.com\/wp-content\/uploads\/2025\/11\/Custom-Liquid-Detergent-Packaging-Wholesale-Stand-Up-Pouch-3.webp 750w, https:\/\/www.stanleypackage.com\/wp-content\/uploads\/2025\/11\/Custom-Liquid-Detergent-Packaging-Wholesale-Stand-Up-Pouch-3-300x300.webp 300w, https:\/\/www.stanleypackage.com\/wp-content\/uploads\/2025\/11\/Custom-Liquid-Detergent-Packaging-Wholesale-Stand-Up-Pouch-3-150x150.webp 150w, https:\/\/www.stanleypackage.com\/wp-content\/uploads\/2025\/11\/Custom-Liquid-Detergent-Packaging-Wholesale-Stand-Up-Pouch-3-12x12.webp 12w, https:\/\/www.stanleypackage.com\/wp-content\/uploads\/2025\/11\/Custom-Liquid-Detergent-Packaging-Wholesale-Stand-Up-Pouch-3-600x600.webp 600w, https:\/\/www.stanleypackage.com\/wp-content\/uploads\/2025\/11\/Custom-Liquid-Detergent-Packaging-Wholesale-Stand-Up-Pouch-3-100x100.webp 100w\" sizes=\"(max-width: 750px) 100vw, 750px\" \/><\/figure>\n<\/div>\n<\/div>\n<\/div>\n<\/div>","protected":false},"excerpt":{"rendered":"<p>Nous vous invitons \u00e0 commander des sachets d'emballage de liquides personnalis\u00e9s. Ces emballages pour d\u00e9tergents ont une excellente \u00e9tanch\u00e9it\u00e9 et durabilit\u00e9, sont \u00e9quip\u00e9s d'un fond stable et facile \u00e0 d\u00e9chirer, et sont largement utilis\u00e9s pour les produits de nettoyage.<\/p>\n<table style=\"border-collapse: collapse; width: 365.02pt;\" border=\"0\" width=\"365\" cellspacing=\"0\" cellpadding=\"0\">\n<tbody>\n<tr style=\"height: 16.00pt;\">\n<td class=\"et2\" style=\"height: 16.00pt; width: 97.50pt;\" width=\"97\" height=\"16\">Fabricant<\/td>\n<td class=\"et2\" style=\"width: 267.50pt;\" width=\"267\">Stanley<\/td>\n<\/tr>\n<tr style=\"height: 16.00pt;\">\n<td class=\"et2\" style=\"height: 16.00pt; width: 97.50pt;\" width=\"97\" height=\"16\">Types de pochettes<\/td>\n<td class=\"et2\" style=\"width: 267.50pt;\" width=\"267\">Pochette Stand Up<\/td>\n<\/tr>\n<tr style=\"height: 16.00pt;\">\n<td class=\"et2\" style=\"height: 16.00pt; width: 97.50pt;\" width=\"97\" height=\"16\">Mat\u00e9riau<\/td>\n<td class=\"et2\" style=\"width: 267.50pt;\" width=\"267\">PET12\/VMPET12\/BOPA15\/PE165<\/td>\n<\/tr>\n<tr style=\"height: 16.00pt;\">\n<td class=\"et2\" style=\"height: 16.00pt; width: 97.50pt;\" width=\"97\" height=\"16\">Dossier sp\u00e9cial<\/td>\n<td class=\"et2\" style=\"width: 267.50pt;\" width=\"267\">Bec verseur, fond autoportant, facile \u00e0 d\u00e9chirer<\/td>\n<\/tr>\n<tr style=\"height: 16.00pt;\">\n<td class=\"et2\" style=\"height: 16.00pt; width: 97.50pt;\" width=\"97\" height=\"16\">Manipulation de surface<\/td>\n<td class=\"et2\" style=\"width: 267.50pt;\" width=\"267\">Impression en h\u00e9liogravure<\/td>\n<\/tr>\n<tr style=\"height: 16.00pt;\">\n<td class=\"et2\" style=\"height: 16.00pt; width: 97.50pt;\" width=\"97\" height=\"16\">Couleur<\/td>\n<td class=\"et2\" style=\"width: 267.50pt;\" width=\"267\">Impression double face, jusqu'\u00e0 10 couleurs<\/td>\n<\/tr>\n<tr style=\"height: 16.00pt;\">\n<td class=\"et2\" style=\"height: 16.00pt; width: 97.50pt;\" width=\"97\" height=\"16\">Utilisation<\/td>\n<td class=\"et2\" style=\"width: 267.50pt;\" width=\"267\">D\u00e9tergent pour le linge, lessive, savon liquide<\/td>\n<\/tr>\n<tr style=\"height: 16.00pt;\">\n<td class=\"et2\" style=\"height: 16.00pt; width: 97.50pt;\" width=\"97\" height=\"16\">MOQ<\/td>\n<td class=\"et2\" style=\"width: 267.50pt;\" width=\"267\">50 000 pi\u00e8ces<\/td>\n<\/tr>\n<tr style=\"height: 16.00pt;\">\n<td class=\"et2\" style=\"height: 16.00pt; width: 97.50pt;\" width=\"97\" height=\"16\">Commande personnalis\u00e9e<\/td>\n<td class=\"et2\" style=\"width: 267.50pt;\" width=\"267\">Acceptation de l'OEM , \u00c9chantillon gratuit<\/td>\n<\/tr>\n<\/tbody>\n<\/table>","protected":false},"featured_media":3956,"comment_status":"closed","ping_status":"closed","template":"","meta":{"_acf_changed":false},"product_brand":[],"product_cat":[30],"product_tag":[],"class_list":{"0":"post-3953","1":"product","2":"type-product","3":"status-publish","4":"has-post-thumbnail","6":"product_cat-stand-up-pouch-manufacturer","7":"pa_non-food-packaging-soap-detergent-pouches","9":"first","10":"instock","11":"shipping-taxable","12":"product-type-simple"},"acf":[],"_links":{"self":[{"href":"https:\/\/www.stanleypackage.com\/fr\/wp-json\/wp\/v2\/product\/3953","targetHints":{"allow":["GET"]}}],"collection":[{"href":"https:\/\/www.stanleypackage.com\/fr\/wp-json\/wp\/v2\/product"}],"about":[{"href":"https:\/\/www.stanleypackage.com\/fr\/wp-json\/wp\/v2\/types\/product"}],"replies":[{"embeddable":true,"href":"https:\/\/www.stanleypackage.com\/fr\/wp-json\/wp\/v2\/comments?post=3953"}],"wp:featuredmedia":[{"embeddable":true,"href":"https:\/\/www.stanleypackage.com\/fr\/wp-json\/wp\/v2\/media\/3956"}],"wp:attachment":[{"href":"https:\/\/www.stanleypackage.com\/fr\/wp-json\/wp\/v2\/media?parent=3953"}],"wp:term":[{"taxonomy":"product_brand","embeddable":true,"href":"https:\/\/www.stanleypackage.com\/fr\/wp-json\/wp\/v2\/product_brand?post=3953"},{"taxonomy":"product_cat","embeddable":true,"href":"https:\/\/www.stanleypackage.com\/fr\/wp-json\/wp\/v2\/product_cat?post=3953"},{"taxonomy":"product_tag","embeddable":true,"href":"https:\/\/www.stanleypackage.com\/fr\/wp-json\/wp\/v2\/product_tag?post=3953"}],"curies":[{"name":"wp","href":"https:\/\/api.w.org\/{rel}","templated":true}]}}