{"id":3997,"date":"2025-12-03T03:45:54","date_gmt":"2025-12-03T03:45:54","guid":{"rendered":"https:\/\/www.stanleypackage.com\/?post_type=product&#038;p=3997"},"modified":"2025-12-03T03:46:00","modified_gmt":"2025-12-03T03:46:00","slug":"custom-print-pouch","status":"publish","type":"product","link":"https:\/\/www.stanleypackage.com\/fr\/product\/custom-print-pouch\/","title":{"rendered":"Pochette imprim\u00e9e pour masque facial, 3 pochettes plates \u00e0 scellage lat\u00e9ral"},"content":{"rendered":"<div class=\"wp-block-columns is-layout-flex wp-container-core-columns-is-layout-9d6595d7 wp-block-columns-is-layout-flex\">\n<div class=\"wp-block-column is-layout-flow wp-block-column-is-layout-flow\">\n<h2 class=\"wp-block-heading\">Caract\u00e9ristiques de la pochette imprim\u00e9e pour masque facial<\/h2>\n\n\n\n<ul class=\"wp-block-list\">\n<li><strong>Structure d'\u00e9tanch\u00e9it\u00e9 \u00e0 trois c\u00f4t\u00e9s :<\/strong> Cette pochette imprim\u00e9e personnalis\u00e9e est dot\u00e9e d'une structure de fermeture herm\u00e9tique sur trois c\u00f4t\u00e9s qui permet au masque de rester propre et frais en emp\u00eachant toute fuite de s\u00e9rum.<\/li>\n\n\n\n<li><strong>Mat\u00e9riau composite haute performance : <\/strong>Cette pochette imprim\u00e9e personnalis\u00e9e est fabriqu\u00e9e \u00e0 partir d'un mat\u00e9riau composite de haute qualit\u00e9, qui pr\u00e9sente l'avantage de bloquer la lumi\u00e8re, de r\u00e9sister \u00e0 l'humidit\u00e9 et d'offrir une protection antioxydante au contenu de la pochette afin de maximiser la dur\u00e9e de conservation des ingr\u00e9dients actifs du masque.<\/li>\n\n\n\n<li><strong>Durable et facile \u00e0 ranger : <\/strong>Nos pochettes imprim\u00e9es personnalis\u00e9es sont fabriqu\u00e9es dans un mat\u00e9riau solide et r\u00e9sistant \u00e0 la pression, avec un fond plat pour une bonne stabilit\u00e9 verticale, facilitant le stockage et la pr\u00e9sentation, et optimisant l'exp\u00e9rience de l'utilisateur.<\/li>\n\n\n\n<li><strong>Service d'impression personnalis\u00e9 : <\/strong>Nos sachets \u00e0 sceller sur trois c\u00f4t\u00e9s peuvent \u00eatre personnalis\u00e9s par l'OEM, ce qui vous permet de personnaliser les dessins et les textes en fonction des besoins de votre marque, am\u00e9liorant ainsi la reconnaissance du produit et l'attrait du march\u00e9.<\/li>\n\n\n\n<li><strong>Collaboration et prototypage flexibles : <\/strong>Nous fournissons des \u00e9chantillons gratuits pour les sachets \u00e0 trois soudures personnalis\u00e9s, ce qui permet aux clients de tester la compatibilit\u00e9 de l'emballage sur le terrain. Nous offrons \u00e9galement un soutien flexible pour la personnalisation de petits lots.<\/li>\n<\/ul>\n\n\n\n<div class=\"wp-block-columns is-layout-flex wp-container-core-columns-is-layout-9d6595d7 wp-block-columns-is-layout-flex\">\n<div class=\"wp-block-column is-layout-flow wp-block-column-is-layout-flow\">\n<figure class=\"wp-block-image size-full\"><img decoding=\"async\" width=\"750\" height=\"750\" src=\"https:\/\/www.stanleypackage.com\/wp-content\/uploads\/2025\/12\/Custom-Print-Pouch-for-Facial-Mask-3-Side-Seal-Flat-Pouches.webp\" alt=\"Pochette imprim\u00e9e pour masque facial, 3 pochettes plates \u00e0 scellage lat\u00e9ral\" class=\"wp-image-4036\" srcset=\"https:\/\/www.stanleypackage.com\/wp-content\/uploads\/2025\/12\/Custom-Print-Pouch-for-Facial-Mask-3-Side-Seal-Flat-Pouches.webp 750w, https:\/\/www.stanleypackage.com\/wp-content\/uploads\/2025\/12\/Custom-Print-Pouch-for-Facial-Mask-3-Side-Seal-Flat-Pouches-300x300.webp 300w, https:\/\/www.stanleypackage.com\/wp-content\/uploads\/2025\/12\/Custom-Print-Pouch-for-Facial-Mask-3-Side-Seal-Flat-Pouches-150x150.webp 150w, https:\/\/www.stanleypackage.com\/wp-content\/uploads\/2025\/12\/Custom-Print-Pouch-for-Facial-Mask-3-Side-Seal-Flat-Pouches-12x12.webp 12w, https:\/\/www.stanleypackage.com\/wp-content\/uploads\/2025\/12\/Custom-Print-Pouch-for-Facial-Mask-3-Side-Seal-Flat-Pouches-600x600.webp 600w, https:\/\/www.stanleypackage.com\/wp-content\/uploads\/2025\/12\/Custom-Print-Pouch-for-Facial-Mask-3-Side-Seal-Flat-Pouches-100x100.webp 100w\" sizes=\"(max-width: 750px) 100vw, 750px\" \/><\/figure>\n<\/div>\n\n\n\n<div class=\"wp-block-column is-layout-flow wp-block-column-is-layout-flow\">\n<figure class=\"wp-block-image size-full\"><img decoding=\"async\" width=\"750\" height=\"750\" src=\"https:\/\/www.stanleypackage.com\/wp-content\/uploads\/2025\/12\/Custom-3-Side-Seal-Pouches-Wholesale-For-Facial-Mask-Cosmetic-3.webp\" alt=\"\" class=\"wp-image-3999\" srcset=\"https:\/\/www.stanleypackage.com\/wp-content\/uploads\/2025\/12\/Custom-3-Side-Seal-Pouches-Wholesale-For-Facial-Mask-Cosmetic-3.webp 750w, https:\/\/www.stanleypackage.com\/wp-content\/uploads\/2025\/12\/Custom-3-Side-Seal-Pouches-Wholesale-For-Facial-Mask-Cosmetic-3-300x300.webp 300w, https:\/\/www.stanleypackage.com\/wp-content\/uploads\/2025\/12\/Custom-3-Side-Seal-Pouches-Wholesale-For-Facial-Mask-Cosmetic-3-150x150.webp 150w, https:\/\/www.stanleypackage.com\/wp-content\/uploads\/2025\/12\/Custom-3-Side-Seal-Pouches-Wholesale-For-Facial-Mask-Cosmetic-3-12x12.webp 12w, https:\/\/www.stanleypackage.com\/wp-content\/uploads\/2025\/12\/Custom-3-Side-Seal-Pouches-Wholesale-For-Facial-Mask-Cosmetic-3-600x600.webp 600w, https:\/\/www.stanleypackage.com\/wp-content\/uploads\/2025\/12\/Custom-3-Side-Seal-Pouches-Wholesale-For-Facial-Mask-Cosmetic-3-100x100.webp 100w\" sizes=\"(max-width: 750px) 100vw, 750px\" \/><\/figure>\n<\/div>\n<\/div>\n<\/div>\n<\/div>","protected":false},"excerpt":{"rendered":"<p>Nous vous invitons \u00e0 commander des pochettes imprim\u00e9es personnalis\u00e9es pour les masques faciaux. Ces sachets OEM \u00e0 trois soudures offrent une protection \u00e9lev\u00e9e \u00e0 vos masques, contribuant ainsi \u00e0 en pr\u00e9server la qualit\u00e9. L'impression personnalis\u00e9e OEM est possible, ce qui permet d'afficher de mani\u00e8re flexible le logo et le design de votre marque.<\/p>\n<table style=\"border-collapse: collapse; width: 365.02pt;\" border=\"0\" width=\"365\" cellspacing=\"0\" cellpadding=\"0\">\n<tbody>\n<tr style=\"height: 16.00pt;\">\n<td class=\"et2\" style=\"height: 16.00pt; width: 97.50pt;\" width=\"97\" height=\"16\">Fabricant<\/td>\n<td class=\"et2\" style=\"width: 267.50pt;\" width=\"267\">Stanley<\/td>\n<\/tr>\n<tr style=\"height: 16.00pt;\">\n<td class=\"et2\" style=\"height: 16.00pt; width: 97.50pt;\" width=\"97\" height=\"16\">Types de pochettes<\/td>\n<td class=\"et3\">Pochette \u00e0 3 soudures lat\u00e9rales<\/td>\n<\/tr>\n<tr style=\"height: 16.00pt;\">\n<td class=\"et2\" style=\"height: 16.00pt; width: 97.50pt;\" width=\"97\" height=\"16\">Mat\u00e9riau<\/td>\n<td class=\"et2\" style=\"width: 267.50pt;\" width=\"267\">PET12\/AL7\/PET12\/PE115<\/td>\n<\/tr>\n<tr style=\"height: 31.00pt;\">\n<td class=\"et2\" style=\"height: 31.00pt; width: 97.50pt;\" width=\"97\" height=\"31\">Dossier sp\u00e9cial<\/td>\n<td class=\"et2\" style=\"width: 267.50pt;\" width=\"267\">Encoche de d\u00e9chirure facile<\/td>\n<\/tr>\n<tr style=\"height: 16.00pt;\">\n<td class=\"et2\" style=\"height: 16.00pt; width: 97.50pt;\" width=\"97\" height=\"16\">Manipulation de surface<\/td>\n<td class=\"et2\" style=\"width: 267.50pt;\" width=\"267\">Impression en h\u00e9liogravure<\/td>\n<\/tr>\n<tr style=\"height: 16.00pt;\">\n<td class=\"et2\" style=\"height: 16.00pt; width: 97.50pt;\" width=\"97\" height=\"16\">Couleur<\/td>\n<td class=\"et2\" style=\"width: 267.50pt;\" width=\"267\">Jusqu'\u00e0 10 couleurs<\/td>\n<\/tr>\n<tr style=\"height: 16.00pt;\">\n<td class=\"et2\" style=\"height: 16.00pt; width: 97.50pt;\" width=\"97\" height=\"16\">Utilisation<\/td>\n<td class=\"et2\" style=\"width: 267.50pt;\" width=\"267\">masque facial, cr\u00e8me pour les yeux, shampooing, produits de soins de la peau<\/td>\n<\/tr>\n<tr style=\"height: 16.00pt;\">\n<td class=\"et2\" style=\"height: 16.00pt; width: 97.50pt;\" width=\"97\" height=\"16\">MOQ<\/td>\n<td class=\"et2\" style=\"width: 267.50pt;\" width=\"267\">50 000 pi\u00e8ces<\/td>\n<\/tr>\n<tr style=\"height: 16.00pt;\">\n<td class=\"et2\" style=\"height: 16.00pt; width: 97.50pt;\" width=\"97\" height=\"16\">Commande personnalis\u00e9e<\/td>\n<td class=\"et2\" style=\"width: 267.50pt;\" width=\"267\">Acceptation de l'OEM, prise en charge de l'\u00e9chantillonnage gratuit<\/td>\n<\/tr>\n<\/tbody>\n<\/table>","protected":false},"featured_media":4000,"comment_status":"closed","ping_status":"closed","template":"","meta":{"_acf_changed":false},"product_brand":[],"product_cat":[31,28],"product_tag":[],"class_list":{"0":"post-3997","1":"product","2":"type-product","3":"status-publish","4":"has-post-thumbnail","6":"product_cat-lay-flat-pouch-manufacturer","7":"product_cat-three-side-seal-pouch-manufacturer","8":"pa_non-food-packaging-cosmetic-packaging-pouches","10":"first","11":"instock","12":"shipping-taxable","13":"product-type-simple"},"acf":[],"_links":{"self":[{"href":"https:\/\/www.stanleypackage.com\/fr\/wp-json\/wp\/v2\/product\/3997","targetHints":{"allow":["GET"]}}],"collection":[{"href":"https:\/\/www.stanleypackage.com\/fr\/wp-json\/wp\/v2\/product"}],"about":[{"href":"https:\/\/www.stanleypackage.com\/fr\/wp-json\/wp\/v2\/types\/product"}],"replies":[{"embeddable":true,"href":"https:\/\/www.stanleypackage.com\/fr\/wp-json\/wp\/v2\/comments?post=3997"}],"wp:featuredmedia":[{"embeddable":true,"href":"https:\/\/www.stanleypackage.com\/fr\/wp-json\/wp\/v2\/media\/4000"}],"wp:attachment":[{"href":"https:\/\/www.stanleypackage.com\/fr\/wp-json\/wp\/v2\/media?parent=3997"}],"wp:term":[{"taxonomy":"product_brand","embeddable":true,"href":"https:\/\/www.stanleypackage.com\/fr\/wp-json\/wp\/v2\/product_brand?post=3997"},{"taxonomy":"product_cat","embeddable":true,"href":"https:\/\/www.stanleypackage.com\/fr\/wp-json\/wp\/v2\/product_cat?post=3997"},{"taxonomy":"product_tag","embeddable":true,"href":"https:\/\/www.stanleypackage.com\/fr\/wp-json\/wp\/v2\/product_tag?post=3997"}],"curies":[{"name":"wp","href":"https:\/\/api.w.org\/{rel}","templated":true}]}}