{"id":4001,"date":"2025-12-03T04:05:48","date_gmt":"2025-12-03T04:05:48","guid":{"rendered":"https:\/\/www.stanleypackage.com\/?post_type=product&#038;p=4001"},"modified":"2025-12-03T04:05:54","modified_gmt":"2025-12-03T04:05:54","slug":"printed-spout-pouches","status":"publish","type":"product","link":"https:\/\/www.stanleypackage.com\/fr\/product\/printed-spout-pouches\/","title":{"rendered":"Pochettes \u00e0 bec imprim\u00e9es pour s\u00e9rums de visage, pochettes de sachets cosm\u00e9tiques"},"content":{"rendered":"<div class=\"wp-block-columns is-layout-flex wp-container-core-columns-is-layout-9d6595d7 wp-block-columns-is-layout-flex\">\n<div class=\"wp-block-column is-layout-flow wp-block-column-is-layout-flow\">\n<h2 class=\"wp-block-heading\">Caract\u00e9ristiques des pochettes \u00e0 bec imprim\u00e9es sur mesure<\/h2>\n\n\n\n<ul class=\"wp-block-list\">\n<li><strong>Conception du bec, utilisation pr\u00e9cise : <\/strong>Cet emballage de sachet cosm\u00e9tique personnalis\u00e9 est dot\u00e9 d'un bec verseur qui permet aux clients de contr\u00f4ler pr\u00e9cis\u00e9ment la quantit\u00e9 d'application, de minimiser les d\u00e9chets et d'am\u00e9liorer l'exp\u00e9rience des clients.<\/li>\n\n\n\n<li><strong>Sac plat, facile \u00e0 transporter et \u00e0 ranger : <\/strong>Le design plat permet \u00e0 ces pochettes \u00e0 bec imprim\u00e9es personnalis\u00e9es de gagner de la place. Elles conviennent aux paquets de voyage, aux petits \u00e9chantillons et \u00e0 d'autres sc\u00e9narios portables.<\/li>\n\n\n\n<li><strong>Forte \u00e9tanch\u00e9it\u00e9, fiabilit\u00e9 de l'\u00e9tanch\u00e9it\u00e9 : <\/strong>La structure multicouche de nos sachets \u00e0 bec imprim\u00e9s personnalis\u00e9s est combin\u00e9e \u00e0 une technologie de scellage professionnelle pour emp\u00eacher efficacement les fuites et prot\u00e9ger la stabilit\u00e9 du contenu.<\/li>\n\n\n\n<li><strong>Bec verseur avec couvercle, hygi\u00e9nique et anti-pollution : <\/strong>Les buses de ces emballages de sachets cosm\u00e9tiques personnalis\u00e9s sont \u00e9quip\u00e9es de bouchons, qui peuvent \u00eatre referm\u00e9s apr\u00e8s utilisation pour garantir que les produits sont propres et ne risquent pas d'\u00eatre contamin\u00e9s.<\/li>\n\n\n\n<li><strong>Impression recto-verso, v\u00e9hiculant pleinement l'image de marque : <\/strong>Une impression recto-verso de haute qualit\u00e9 rendra le produit plus accrocheur, et nos pochettes \u00e0 bec imprim\u00e9es sur mesure peuvent vous aider \u00e0 am\u00e9liorer la reconnaissance de votre marque.<\/li>\n\n\n\n<li><strong>Applicable aux produits de soins de la peau \u00e0 usages multiples : <\/strong>Nos pochettes \u00e0 bec imprim\u00e9es personnalis\u00e9es pour sachets cosm\u00e9tiques conviennent \u00e0 toutes sortes d'emballages de produits liquides de soins de la peau, tels que les cr\u00e8mes solaires, les lotions pour le corps, les cr\u00e8mes pour les mains, les cr\u00e8mes pour le visage, etc.<\/li>\n<\/ul>\n\n\n\n<div class=\"wp-block-columns is-layout-flex wp-container-core-columns-is-layout-9d6595d7 wp-block-columns-is-layout-flex\">\n<div class=\"wp-block-column is-layout-flow wp-block-column-is-layout-flow\">\n<figure class=\"wp-block-image size-full\"><img decoding=\"async\" width=\"750\" height=\"750\" src=\"https:\/\/www.stanleypackage.com\/wp-content\/uploads\/2025\/12\/Liquid-Spout-Bags-Wholesale-Custom-Comestic-Sachet-2.webp\" alt=\"\" class=\"wp-image-4002\" srcset=\"https:\/\/www.stanleypackage.com\/wp-content\/uploads\/2025\/12\/Liquid-Spout-Bags-Wholesale-Custom-Comestic-Sachet-2.webp 750w, https:\/\/www.stanleypackage.com\/wp-content\/uploads\/2025\/12\/Liquid-Spout-Bags-Wholesale-Custom-Comestic-Sachet-2-300x300.webp 300w, https:\/\/www.stanleypackage.com\/wp-content\/uploads\/2025\/12\/Liquid-Spout-Bags-Wholesale-Custom-Comestic-Sachet-2-150x150.webp 150w, https:\/\/www.stanleypackage.com\/wp-content\/uploads\/2025\/12\/Liquid-Spout-Bags-Wholesale-Custom-Comestic-Sachet-2-12x12.webp 12w, https:\/\/www.stanleypackage.com\/wp-content\/uploads\/2025\/12\/Liquid-Spout-Bags-Wholesale-Custom-Comestic-Sachet-2-600x600.webp 600w, https:\/\/www.stanleypackage.com\/wp-content\/uploads\/2025\/12\/Liquid-Spout-Bags-Wholesale-Custom-Comestic-Sachet-2-100x100.webp 100w\" sizes=\"(max-width: 750px) 100vw, 750px\" \/><\/figure>\n<\/div>\n\n\n\n<div class=\"wp-block-column is-layout-flow wp-block-column-is-layout-flow\">\n<figure class=\"wp-block-image size-full\"><img decoding=\"async\" width=\"750\" height=\"750\" src=\"https:\/\/www.stanleypackage.com\/wp-content\/uploads\/2025\/12\/Liquid-Spout-Bags-Wholesale-Custom-Comestic-Sachet-3.webp\" alt=\"\" class=\"wp-image-4003\" srcset=\"https:\/\/www.stanleypackage.com\/wp-content\/uploads\/2025\/12\/Liquid-Spout-Bags-Wholesale-Custom-Comestic-Sachet-3.webp 750w, https:\/\/www.stanleypackage.com\/wp-content\/uploads\/2025\/12\/Liquid-Spout-Bags-Wholesale-Custom-Comestic-Sachet-3-300x300.webp 300w, https:\/\/www.stanleypackage.com\/wp-content\/uploads\/2025\/12\/Liquid-Spout-Bags-Wholesale-Custom-Comestic-Sachet-3-150x150.webp 150w, https:\/\/www.stanleypackage.com\/wp-content\/uploads\/2025\/12\/Liquid-Spout-Bags-Wholesale-Custom-Comestic-Sachet-3-12x12.webp 12w, https:\/\/www.stanleypackage.com\/wp-content\/uploads\/2025\/12\/Liquid-Spout-Bags-Wholesale-Custom-Comestic-Sachet-3-600x600.webp 600w, https:\/\/www.stanleypackage.com\/wp-content\/uploads\/2025\/12\/Liquid-Spout-Bags-Wholesale-Custom-Comestic-Sachet-3-100x100.webp 100w\" sizes=\"(max-width: 750px) 100vw, 750px\" \/><\/figure>\n<\/div>\n<\/div>\n<\/div>\n<\/div>","protected":false},"excerpt":{"rendered":"<p>Bienvenue pour commander des sachets \u00e0 bec imprim\u00e9s personnalis\u00e9s. Nos sachets cosm\u00e9tiques personnalis\u00e9s sont con\u00e7us pour \u00eatre pos\u00e9s \u00e0 plat et parfaitement \u00e9tanches. Il convient \u00e0 tous les types de produits liquides de soin de la peau, tels que la cr\u00e8me solaire, la lotion, la cr\u00e8me pour les mains, la cr\u00e8me pour le visage, etc. C'est un excellent emballage portable pour les produits de soin de la peau.<\/p>\n<table style=\"border-collapse: collapse; width: 365.02pt;\" border=\"0\" width=\"365\" cellspacing=\"0\" cellpadding=\"0\">\n<tbody>\n<tr style=\"height: 16.00pt;\">\n<td class=\"et2\" style=\"height: 16.00pt; width: 97.50pt;\" width=\"97\" height=\"16\">Fabricant<\/td>\n<td class=\"et2\" style=\"width: 267.50pt;\" width=\"267\">Stanley<\/td>\n<\/tr>\n<tr style=\"height: 16.00pt;\">\n<td class=\"et2\" style=\"height: 16.00pt; width: 97.50pt;\" width=\"97\" height=\"16\">Types de pochettes<\/td>\n<td class=\"et2\" style=\"width: 267.50pt;\" width=\"267\">Pochette \u00e0 bec<\/td>\n<\/tr>\n<tr style=\"height: 16.00pt;\">\n<td class=\"et2\" style=\"height: 16.00pt; width: 97.50pt;\" width=\"97\" height=\"16\">Mat\u00e9riau<\/td>\n<td class=\"et2\" style=\"width: 267.50pt;\" width=\"267\">PET12\/AL7\/PE80<\/td>\n<\/tr>\n<tr style=\"height: 16.00pt;\">\n<td class=\"et2\" style=\"height: 16.00pt; width: 97.50pt;\" width=\"97\" height=\"16\">Dossier sp\u00e9cial<\/td>\n<td class=\"et2\" style=\"width: 267.50pt;\" width=\"267\">Bec, joint d'\u00e9tanch\u00e9it\u00e9<\/td>\n<\/tr>\n<tr style=\"height: 16.00pt;\">\n<td class=\"et2\" style=\"height: 16.00pt; width: 97.50pt;\" width=\"97\" height=\"16\">Manipulation de surface<\/td>\n<td class=\"et2\" style=\"width: 267.50pt;\" width=\"267\">Impression en h\u00e9liogravure<\/td>\n<\/tr>\n<tr style=\"height: 16.00pt;\">\n<td class=\"et2\" style=\"height: 16.00pt; width: 97.50pt;\" width=\"97\" height=\"16\">Couleur<\/td>\n<td class=\"et2\" style=\"width: 267.50pt;\" width=\"267\">Impression double face, jusqu'\u00e0 10 couleurs<\/td>\n<\/tr>\n<tr style=\"height: 16.00pt;\">\n<td class=\"et2\" style=\"height: 16.00pt; width: 97.50pt;\" width=\"97\" height=\"16\">Utilisation<\/td>\n<td class=\"et2\" style=\"width: 267.50pt;\" width=\"267\">Cr\u00e8me solaire, Lotion, Cr\u00e8me pour les mains, Cr\u00e8me pour le visage<\/td>\n<\/tr>\n<tr style=\"height: 16.00pt;\">\n<td class=\"et2\" style=\"height: 16.00pt; width: 97.50pt;\" width=\"97\" height=\"16\">MOQ<\/td>\n<td class=\"et2\" style=\"width: 267.50pt;\" width=\"267\">50 000 pi\u00e8ces<\/td>\n<\/tr>\n<tr style=\"height: 16.00pt;\">\n<td class=\"et2\" style=\"height: 16.00pt; width: 97.50pt;\" width=\"97\" height=\"16\">Commande personnalis\u00e9e<\/td>\n<td class=\"et2\" style=\"width: 267.50pt;\" width=\"267\">Acceptation de l'OEM , \u00c9chantillon gratuit<\/td>\n<\/tr>\n<\/tbody>\n<\/table>","protected":false},"featured_media":4004,"comment_status":"closed","ping_status":"closed","template":"","meta":{"_acf_changed":false},"product_brand":[],"product_cat":[32],"product_tag":[],"class_list":{"0":"post-4001","1":"product","2":"type-product","3":"status-publish","4":"has-post-thumbnail","6":"product_cat-spout-pouch-manufacturer","7":"pa_non-food-packaging-cosmetic-packaging-pouches","9":"first","10":"instock","11":"shipping-taxable","12":"product-type-simple"},"acf":[],"_links":{"self":[{"href":"https:\/\/www.stanleypackage.com\/fr\/wp-json\/wp\/v2\/product\/4001","targetHints":{"allow":["GET"]}}],"collection":[{"href":"https:\/\/www.stanleypackage.com\/fr\/wp-json\/wp\/v2\/product"}],"about":[{"href":"https:\/\/www.stanleypackage.com\/fr\/wp-json\/wp\/v2\/types\/product"}],"replies":[{"embeddable":true,"href":"https:\/\/www.stanleypackage.com\/fr\/wp-json\/wp\/v2\/comments?post=4001"}],"wp:featuredmedia":[{"embeddable":true,"href":"https:\/\/www.stanleypackage.com\/fr\/wp-json\/wp\/v2\/media\/4004"}],"wp:attachment":[{"href":"https:\/\/www.stanleypackage.com\/fr\/wp-json\/wp\/v2\/media?parent=4001"}],"wp:term":[{"taxonomy":"product_brand","embeddable":true,"href":"https:\/\/www.stanleypackage.com\/fr\/wp-json\/wp\/v2\/product_brand?post=4001"},{"taxonomy":"product_cat","embeddable":true,"href":"https:\/\/www.stanleypackage.com\/fr\/wp-json\/wp\/v2\/product_cat?post=4001"},{"taxonomy":"product_tag","embeddable":true,"href":"https:\/\/www.stanleypackage.com\/fr\/wp-json\/wp\/v2\/product_tag?post=4001"}],"curies":[{"name":"wp","href":"https:\/\/api.w.org\/{rel}","templated":true}]}}