{"id":4006,"date":"2025-12-03T06:47:37","date_gmt":"2025-12-03T06:47:37","guid":{"rendered":"https:\/\/www.stanleypackage.com\/?post_type=product&#038;p=4006"},"modified":"2025-12-03T06:47:43","modified_gmt":"2025-12-03T06:47:43","slug":"cosmetic-spout-pouch","status":"publish","type":"product","link":"https:\/\/www.stanleypackage.com\/fr\/product\/cosmetic-spout-pouch\/","title":{"rendered":"Pochettes \u00e0 bec pour cosm\u00e9tiques avec brosses \u00e0 l\u00e8vres Wholesale"},"content":{"rendered":"<div class=\"wp-block-columns is-layout-flex wp-container-core-columns-is-layout-9d6595d7 wp-block-columns-is-layout-flex\">\n<div class=\"wp-block-column is-layout-flow wp-block-column-is-layout-flow\">\n<h2 class=\"wp-block-heading\">Caract\u00e9ristiques des pochettes \u00e0 bec cosm\u00e9tique sur mesure<\/h2>\n\n\n\n<ul class=\"wp-block-list\">\n<li><strong>Buse d'essorage + brosse professionnelle :<\/strong> Notre pochette \u00e0 bec cosm\u00e9tique personnalis\u00e9e est dot\u00e9e d'une buse d'aspiration int\u00e9gr\u00e9e pour une distribution pr\u00e9cise et d'une brosse \u00e0 l\u00e8vres pour une application hygi\u00e9nique, garantissant que votre produit est livr\u00e9 de mani\u00e8re professionnelle et qu'il am\u00e9liore l'exp\u00e9rience de l'utilisateur.<\/li>\n\n\n\n<li><strong>Personnalisation compl\u00e8te de la marque :<\/strong> Notre pochette \u00e0 bec personnalis\u00e9e avec brosse \u00e0 l\u00e8vres permet une personnalisation OEM approfondie des conceptions d'emballage, des couleurs\/formes des t\u00eates de brosse, pr\u00e9sentant de mani\u00e8re vivante l'image de bande dessin\u00e9e de votre marque (comme le montre l'image de la jeune fille enjou\u00e9e), renfor\u00e7ant ainsi la reconnaissance de la marque.<\/li>\n\n\n\n<li><strong>Mat\u00e9riau composite \u00e0 haute r\u00e9sistance :<\/strong> Le sachet \u00e0 bec cosm\u00e9tique personnalis\u00e9 est fabriqu\u00e9 \u00e0 partir d'une structure composite \u00e0 trois couches PET\/VMPET\/PE. Les trois couches agissent ensemble pour bloquer la lumi\u00e8re, l'oxyg\u00e8ne et l'humidit\u00e9, emp\u00eachant ainsi la d\u00e9t\u00e9rioration du produit et\/ou l'\u00e9vaporation des ingr\u00e9dients actifs tout en maintenant la stabilit\u00e9 du produit.<\/li>\n\n\n\n<li><strong>Emballage portable et durable :<\/strong> Cette pochette \u00e0 bec personnalis\u00e9e avec brosse \u00e0 l\u00e8vres permet de gagner de la place et ne s'ab\u00eeme pas facilement. L'embout d'aspiration \u00e0 vis offre une fermeture s\u00fbre, ce qui permet de transporter le produit en toute s\u00e9curit\u00e9 et de l'utiliser plusieurs fois, optimisant ainsi l'usage que les consommateurs feront de cet emballage.<\/li>\n\n\n\n<li><strong>Emballage confortable et durable :<\/strong> Cette pochette \u00e0 bec cosm\u00e9tique personnalis\u00e9e avec embout d'aspiration \u00e0 vis offre \u00e9galement une fermeture s\u00e9curis\u00e9e, ce qui permet de l'utiliser plusieurs fois en toute s\u00e9curit\u00e9 tout en maximisant les possibilit\u00e9s de gain de place pour les consommateurs.<\/li>\n<\/ul>\n\n\n\n<div class=\"wp-block-columns is-layout-flex wp-container-core-columns-is-layout-9d6595d7 wp-block-columns-is-layout-flex\">\n<div class=\"wp-block-column is-layout-flow wp-block-column-is-layout-flow\">\n<figure class=\"wp-block-image size-full\"><img decoding=\"async\" width=\"640\" height=\"640\" src=\"https:\/\/www.stanleypackage.com\/wp-content\/uploads\/2025\/12\/Custom-Shaped-Pouches-Wholesale-With-Lipstick-Brushes-2.webp\" alt=\"\" class=\"wp-image-4007\" srcset=\"https:\/\/www.stanleypackage.com\/wp-content\/uploads\/2025\/12\/Custom-Shaped-Pouches-Wholesale-With-Lipstick-Brushes-2.webp 640w, https:\/\/www.stanleypackage.com\/wp-content\/uploads\/2025\/12\/Custom-Shaped-Pouches-Wholesale-With-Lipstick-Brushes-2-300x300.webp 300w, https:\/\/www.stanleypackage.com\/wp-content\/uploads\/2025\/12\/Custom-Shaped-Pouches-Wholesale-With-Lipstick-Brushes-2-150x150.webp 150w, https:\/\/www.stanleypackage.com\/wp-content\/uploads\/2025\/12\/Custom-Shaped-Pouches-Wholesale-With-Lipstick-Brushes-2-12x12.webp 12w, https:\/\/www.stanleypackage.com\/wp-content\/uploads\/2025\/12\/Custom-Shaped-Pouches-Wholesale-With-Lipstick-Brushes-2-600x600.webp 600w, https:\/\/www.stanleypackage.com\/wp-content\/uploads\/2025\/12\/Custom-Shaped-Pouches-Wholesale-With-Lipstick-Brushes-2-100x100.webp 100w\" sizes=\"(max-width: 640px) 100vw, 640px\" \/><\/figure>\n<\/div>\n\n\n\n<div class=\"wp-block-column is-layout-flow wp-block-column-is-layout-flow\">\n<figure class=\"wp-block-image size-full\"><img decoding=\"async\" width=\"640\" height=\"640\" src=\"https:\/\/www.stanleypackage.com\/wp-content\/uploads\/2025\/12\/Custom-Shaped-Pouches-Wholesale-With-Lipstick-Brushes-4.webp\" alt=\"\" class=\"wp-image-4008\" srcset=\"https:\/\/www.stanleypackage.com\/wp-content\/uploads\/2025\/12\/Custom-Shaped-Pouches-Wholesale-With-Lipstick-Brushes-4.webp 640w, https:\/\/www.stanleypackage.com\/wp-content\/uploads\/2025\/12\/Custom-Shaped-Pouches-Wholesale-With-Lipstick-Brushes-4-300x300.webp 300w, https:\/\/www.stanleypackage.com\/wp-content\/uploads\/2025\/12\/Custom-Shaped-Pouches-Wholesale-With-Lipstick-Brushes-4-150x150.webp 150w, https:\/\/www.stanleypackage.com\/wp-content\/uploads\/2025\/12\/Custom-Shaped-Pouches-Wholesale-With-Lipstick-Brushes-4-12x12.webp 12w, https:\/\/www.stanleypackage.com\/wp-content\/uploads\/2025\/12\/Custom-Shaped-Pouches-Wholesale-With-Lipstick-Brushes-4-600x600.webp 600w, https:\/\/www.stanleypackage.com\/wp-content\/uploads\/2025\/12\/Custom-Shaped-Pouches-Wholesale-With-Lipstick-Brushes-4-100x100.webp 100w\" sizes=\"(max-width: 640px) 100vw, 640px\" \/><\/figure>\n<\/div>\n<\/div>\n<\/div>\n<\/div>","protected":false},"excerpt":{"rendered":"<p>Bienvenue pour commander une pochette \u00e0 bec personnalis\u00e9e pour gloss \u00e0 l\u00e8vres. Notre pochette \u00e0 bec cosm\u00e9tique personnalis\u00e9e est sp\u00e9cialement con\u00e7ue pour les cr\u00e8mes de type liquide. La pochette \u00e0 bec personnalis\u00e9e est \u00e9quip\u00e9e d'une brosse \u00e0 l\u00e8vres et est fabriqu\u00e9e \u00e0 partir de mat\u00e9riaux composites \u00e0 haute barri\u00e8re pour maintenir la fra\u00eecheur de vos produits.<\/p>\n<table style=\"border-collapse: collapse; width: 365.02pt;\" border=\"0\" width=\"365\" cellspacing=\"0\" cellpadding=\"0\">\n<tbody>\n<tr style=\"height: 16.00pt;\">\n<td class=\"et2\" style=\"height: 16.00pt; width: 97.50pt;\" width=\"97\" height=\"16\">Fabricant<\/td>\n<td class=\"et2\" style=\"width: 267.50pt;\" width=\"267\">Stanley<\/td>\n<\/tr>\n<tr style=\"height: 16.00pt;\">\n<td class=\"et2\" style=\"height: 16.00pt; width: 97.50pt;\" width=\"97\" height=\"16\">Types de pochettes<\/td>\n<td class=\"et3\">Pochette \u00e0 bec avec brosse<\/td>\n<\/tr>\n<tr style=\"height: 16.00pt;\">\n<td class=\"et2\" style=\"height: 16.00pt; width: 97.50pt;\" width=\"97\" height=\"16\">Mat\u00e9riau<\/td>\n<td class=\"et2\" style=\"width: 267.50pt;\" width=\"267\">PET12\/VMPET12\/PE115<\/td>\n<\/tr>\n<tr style=\"height: 16.00pt;\">\n<td class=\"et2\" style=\"height: 16.00pt; width: 97.50pt;\" width=\"97\" height=\"16\">Dossier sp\u00e9cial<\/td>\n<td class=\"et2\" style=\"width: 267.50pt;\" width=\"267\">Buse, brosse<\/td>\n<\/tr>\n<tr style=\"height: 16.00pt;\">\n<td class=\"et2\" style=\"height: 16.00pt; width: 97.50pt;\" width=\"97\" height=\"16\">Manipulation de surface<\/td>\n<td class=\"et2\" style=\"width: 267.50pt;\" width=\"267\">Impression en h\u00e9liogravure<\/td>\n<\/tr>\n<tr style=\"height: 16.00pt;\">\n<td class=\"et2\" style=\"height: 16.00pt; width: 97.50pt;\" width=\"97\" height=\"16\">Couleur<\/td>\n<td class=\"et2\" style=\"width: 267.50pt;\" width=\"267\">Impression recto-verso, jusqu'\u00e0 10 couleurs<\/td>\n<\/tr>\n<tr style=\"height: 16.00pt;\">\n<td class=\"et2\" style=\"height: 16.00pt; width: 97.50pt;\" width=\"97\" height=\"16\">Utilisation<\/td>\n<td class=\"et2\" style=\"width: 267.50pt;\" width=\"267\">Rouge \u00e0 l\u00e8vres, baume \u00e0 l\u00e8vres, fard \u00e0 joues liquide<\/td>\n<\/tr>\n<tr style=\"height: 16.00pt;\">\n<td class=\"et2\" style=\"height: 16.00pt; width: 97.50pt;\" width=\"97\" height=\"16\">MOQ<\/td>\n<td class=\"et2\" style=\"width: 267.50pt;\" width=\"267\">50 000 pi\u00e8ces<\/td>\n<\/tr>\n<tr style=\"height: 16.00pt;\">\n<td class=\"et2\" style=\"height: 16.00pt; width: 97.50pt;\" width=\"97\" height=\"16\">Commande personnalis\u00e9e<\/td>\n<td class=\"et2\" style=\"width: 267.50pt;\" width=\"267\">Acceptation de l'OEM, prise en charge de l'\u00e9chantillonnage gratuit<\/td>\n<\/tr>\n<\/tbody>\n<\/table>\n<p>&nbsp;<\/p>","protected":false},"featured_media":4009,"comment_status":"closed","ping_status":"closed","template":"","meta":{"_acf_changed":false},"product_brand":[],"product_cat":[32],"product_tag":[],"class_list":{"0":"post-4006","1":"product","2":"type-product","3":"status-publish","4":"has-post-thumbnail","6":"product_cat-spout-pouch-manufacturer","7":"pa_non-food-packaging-cosmetic-packaging-pouches","9":"first","10":"instock","11":"shipping-taxable","12":"product-type-simple"},"acf":[],"_links":{"self":[{"href":"https:\/\/www.stanleypackage.com\/fr\/wp-json\/wp\/v2\/product\/4006","targetHints":{"allow":["GET"]}}],"collection":[{"href":"https:\/\/www.stanleypackage.com\/fr\/wp-json\/wp\/v2\/product"}],"about":[{"href":"https:\/\/www.stanleypackage.com\/fr\/wp-json\/wp\/v2\/types\/product"}],"replies":[{"embeddable":true,"href":"https:\/\/www.stanleypackage.com\/fr\/wp-json\/wp\/v2\/comments?post=4006"}],"wp:featuredmedia":[{"embeddable":true,"href":"https:\/\/www.stanleypackage.com\/fr\/wp-json\/wp\/v2\/media\/4009"}],"wp:attachment":[{"href":"https:\/\/www.stanleypackage.com\/fr\/wp-json\/wp\/v2\/media?parent=4006"}],"wp:term":[{"taxonomy":"product_brand","embeddable":true,"href":"https:\/\/www.stanleypackage.com\/fr\/wp-json\/wp\/v2\/product_brand?post=4006"},{"taxonomy":"product_cat","embeddable":true,"href":"https:\/\/www.stanleypackage.com\/fr\/wp-json\/wp\/v2\/product_cat?post=4006"},{"taxonomy":"product_tag","embeddable":true,"href":"https:\/\/www.stanleypackage.com\/fr\/wp-json\/wp\/v2\/product_tag?post=4006"}],"curies":[{"name":"wp","href":"https:\/\/api.w.org\/{rel}","templated":true}]}}