{"id":4012,"date":"2025-12-03T07:12:59","date_gmt":"2025-12-03T07:12:59","guid":{"rendered":"https:\/\/www.stanleypackage.com\/?post_type=product&#038;p=4012"},"modified":"2025-12-03T07:13:05","modified_gmt":"2025-12-03T07:13:05","slug":"wholesale-peelable-lidding-film","status":"publish","type":"product","link":"https:\/\/www.stanleypackage.com\/fr\/product\/wholesale-peelable-lidding-film\/","title":{"rendered":"Film d'operculage pelable d'usine avec impression personnalis\u00e9e"},"content":{"rendered":"<div class=\"wp-block-columns is-layout-flex wp-container-core-columns-is-layout-9d6595d7 wp-block-columns-is-layout-flex\">\n<div class=\"wp-block-column is-layout-flow wp-block-column-is-layout-flow\">\n<h2 class=\"wp-block-heading\">Caract\u00e9ristiques du film d'operculage pelable en gros<\/h2>\n\n\n\n<ul class=\"wp-block-list\">\n<li><strong>Facile \u00e0 d\u00e9coller, exp\u00e9rience am\u00e9lior\u00e9e : <\/strong>Ce film d'operculage pelable en gros est sp\u00e9cialement con\u00e7u avec une couche unique de PE facile \u00e0 peler qui le rend facile \u00e0 ouvrir sans outils et \u00e0 retirer instantan\u00e9ment en un seul mouvement ! Pas besoin de mat\u00e9riel suppl\u00e9mentaire ; il suffit de tirer sur le film et vous \u00eates pr\u00eat \u00e0 profiter de votre achat.<\/li>\n\n\n\n<li><strong>Personnalisation haute d\u00e9finition, mise en valeur de la marque :<\/strong> Notre film d'operculage imprim\u00e9 sur mesure permet une impression haute d\u00e9finition en couleur (comme le montre le logo et le texte orange) afin de cr\u00e9er une repr\u00e9sentation vivante de votre marque et d'am\u00e9liorer l'impact visuel de vos produits dans l'espace de vente.<\/li>\n\n\n\n<li><strong>Fra\u00eecheur scell\u00e9e, s\u00fbre et hygi\u00e9nique : <\/strong>Le mat\u00e9riau composite utilis\u00e9 dans notre film d'operculage pelable en gros est thermoscell\u00e9 et constitue \u00e9galement une barri\u00e8re sup\u00e9rieure pour vos produits alimentaires. Il conserve la fra\u00eecheur des aliments en scellant l'humidit\u00e9 et la saveur, en emp\u00eachant les fuites et en emp\u00eachant les contaminants de p\u00e9n\u00e9trer dans les aliments.<\/li>\n\n\n\n<li><strong>Approvisionnement direct de l'usine, rentabilit\u00e9 \u00e9lev\u00e9e :<\/strong> Notre film d'operculage imprim\u00e9 personnalis\u00e9 est vendu directement par l'usine, ce qui garantit une qualit\u00e9 \u00e9lev\u00e9e tout en offrant des prix tr\u00e8s comp\u00e9titifs, adapt\u00e9s aux achats en gros.<\/li>\n\n\n\n<li><strong>Mat\u00e9riau r\u00e9sistant et durable :<\/strong> La surface en PET de ce film d'operculage pelable en gros lui conf\u00e8re une bonne r\u00e9sistance m\u00e9canique, ce qui le rend r\u00e9sistant aux rayures et aux perforations, prot\u00e9geant ainsi efficacement l'int\u00e9grit\u00e9 de l'opercule pendant le transport et la manutention.<\/li>\n<\/ul>\n\n\n\n<div class=\"wp-block-columns is-layout-flex wp-container-core-columns-is-layout-9d6595d7 wp-block-columns-is-layout-flex\">\n<div class=\"wp-block-column is-layout-flow wp-block-column-is-layout-flow\">\n<figure class=\"wp-block-image size-full\"><img decoding=\"async\" width=\"750\" height=\"750\" src=\"https:\/\/www.stanleypackage.com\/wp-content\/uploads\/2025\/12\/Custom-Cup-Sealing-Film-Wholesale-Cup-Lidding-Films-For-Food-5.jpg\" alt=\"\" class=\"wp-image-4013\" srcset=\"https:\/\/www.stanleypackage.com\/wp-content\/uploads\/2025\/12\/Custom-Cup-Sealing-Film-Wholesale-Cup-Lidding-Films-For-Food-5.jpg 750w, https:\/\/www.stanleypackage.com\/wp-content\/uploads\/2025\/12\/Custom-Cup-Sealing-Film-Wholesale-Cup-Lidding-Films-For-Food-5-300x300.jpg 300w, https:\/\/www.stanleypackage.com\/wp-content\/uploads\/2025\/12\/Custom-Cup-Sealing-Film-Wholesale-Cup-Lidding-Films-For-Food-5-150x150.jpg 150w, https:\/\/www.stanleypackage.com\/wp-content\/uploads\/2025\/12\/Custom-Cup-Sealing-Film-Wholesale-Cup-Lidding-Films-For-Food-5-12x12.jpg 12w, https:\/\/www.stanleypackage.com\/wp-content\/uploads\/2025\/12\/Custom-Cup-Sealing-Film-Wholesale-Cup-Lidding-Films-For-Food-5-600x600.jpg 600w, https:\/\/www.stanleypackage.com\/wp-content\/uploads\/2025\/12\/Custom-Cup-Sealing-Film-Wholesale-Cup-Lidding-Films-For-Food-5-100x100.jpg 100w\" sizes=\"(max-width: 750px) 100vw, 750px\" \/><\/figure>\n<\/div>\n\n\n\n<div class=\"wp-block-column is-layout-flow wp-block-column-is-layout-flow\">\n<figure class=\"wp-block-image size-full\"><img decoding=\"async\" width=\"750\" height=\"750\" src=\"https:\/\/www.stanleypackage.com\/wp-content\/uploads\/2025\/12\/Custom-Cup-Sealing-Film-Wholesale-Cup-Lidding-Films-For-Food-4.webp\" alt=\"Film d&#039;operculage pelable d&#039;usine avec impression personnalis\u00e9e\" class=\"wp-image-4015\" srcset=\"https:\/\/www.stanleypackage.com\/wp-content\/uploads\/2025\/12\/Custom-Cup-Sealing-Film-Wholesale-Cup-Lidding-Films-For-Food-4.webp 750w, https:\/\/www.stanleypackage.com\/wp-content\/uploads\/2025\/12\/Custom-Cup-Sealing-Film-Wholesale-Cup-Lidding-Films-For-Food-4-300x300.webp 300w, https:\/\/www.stanleypackage.com\/wp-content\/uploads\/2025\/12\/Custom-Cup-Sealing-Film-Wholesale-Cup-Lidding-Films-For-Food-4-150x150.webp 150w, https:\/\/www.stanleypackage.com\/wp-content\/uploads\/2025\/12\/Custom-Cup-Sealing-Film-Wholesale-Cup-Lidding-Films-For-Food-4-12x12.webp 12w, https:\/\/www.stanleypackage.com\/wp-content\/uploads\/2025\/12\/Custom-Cup-Sealing-Film-Wholesale-Cup-Lidding-Films-For-Food-4-600x600.webp 600w, https:\/\/www.stanleypackage.com\/wp-content\/uploads\/2025\/12\/Custom-Cup-Sealing-Film-Wholesale-Cup-Lidding-Films-For-Food-4-100x100.webp 100w\" sizes=\"(max-width: 750px) 100vw, 750px\" \/><\/figure>\n<\/div>\n<\/div>\n<\/div>\n<\/div>","protected":false},"excerpt":{"rendered":"<p>Notre film d'operculage pelable est sp\u00e9cialement con\u00e7u pour les r\u00e9cipients alimentaires. Fabriqu\u00e9 \u00e0 partir d'un mat\u00e9riau composite sp\u00e9cial PET15\/PE65 facile \u00e0 peler, il assure une forte thermoscellure tout en permettant une ouverture facile en un seul geste. L'impression personnalis\u00e9e est \u00e9galement possible.<\/p>\n<table style=\"border-collapse: collapse; width: 327.77pt;\" border=\"0\" width=\"437\" cellspacing=\"0\" cellpadding=\"0\">\n<tbody>\n<tr style=\"height: 12.75pt;\">\n<td class=\"et2\" style=\"height: 12.75pt; width: 91.40pt;\" width=\"121\" height=\"17\">Fabricant<\/td>\n<td class=\"et2\" style=\"width: 237.00pt;\" width=\"316\">Stanley<\/td>\n<\/tr>\n<tr style=\"height: 12.75pt;\">\n<td class=\"et2\" style=\"height: 12.75pt; width: 91.40pt;\" width=\"121\" height=\"17\">Types de pochettes<\/td>\n<td class=\"et3\">film d'emballage pour sachets<\/td>\n<\/tr>\n<tr style=\"height: 12.75pt;\">\n<td class=\"et2\" style=\"height: 12.75pt; width: 91.40pt;\" width=\"121\" height=\"17\">Mat\u00e9riau<\/td>\n<td class=\"et2\" style=\"width: 237.00pt;\" width=\"316\">PET15\/easy-peel PE65<\/td>\n<\/tr>\n<tr style=\"height: 12.75pt;\">\n<td class=\"et2\" style=\"height: 12.75pt; width: 91.40pt;\" width=\"121\" height=\"17\">Dossier sp\u00e9cial<\/td>\n<td class=\"et2\" style=\"width: 237.00pt;\" width=\"316\">Emballage automatique<\/td>\n<\/tr>\n<tr style=\"height: 12.75pt;\">\n<td class=\"et2\" style=\"height: 12.75pt; width: 91.40pt;\" width=\"121\" height=\"17\">Manipulation de surface<\/td>\n<td class=\"et2\" style=\"width: 237.00pt;\" width=\"316\">Impression en h\u00e9liogravure<\/td>\n<\/tr>\n<tr style=\"height: 12.75pt;\">\n<td class=\"et2\" style=\"height: 12.75pt; width: 91.40pt;\" width=\"121\" height=\"17\">Couleur<\/td>\n<td class=\"et2\" style=\"width: 237.00pt;\" width=\"316\">Jusqu'\u00e0 10 couleurs<\/td>\n<\/tr>\n<tr style=\"height: 12.75pt;\">\n<td class=\"et2\" style=\"height: 12.75pt; width: 91.40pt;\" width=\"121\" height=\"17\">Utilisation<\/td>\n<td class=\"et3\">Fruits, porc, poulet<\/td>\n<\/tr>\n<tr style=\"height: 12.75pt;\">\n<td class=\"et2\" style=\"height: 12.75pt; width: 91.40pt;\" width=\"121\" height=\"17\">MOQ<\/td>\n<td class=\"et2\" style=\"width: 237.00pt;\" width=\"316\">50 000 pi\u00e8ces<\/td>\n<\/tr>\n<tr style=\"height: 12.75pt;\">\n<td class=\"et2\" style=\"height: 12.75pt; width: 91.40pt;\" width=\"121\" height=\"17\">Commande personnalis\u00e9e<\/td>\n<td class=\"et2\" style=\"width: 237.00pt;\" width=\"316\">Acceptation de l'OEM , \u00c9chantillon gratuit<\/td>\n<\/tr>\n<\/tbody>\n<\/table>","protected":false},"featured_media":4014,"comment_status":"closed","ping_status":"closed","template":"","meta":{"_acf_changed":false},"product_brand":[],"product_cat":[26,25],"product_tag":[],"class_list":{"0":"post-4012","1":"product","2":"type-product","3":"status-publish","4":"has-post-thumbnail","6":"product_cat-packaging-film-manufacturer","7":"product_cat-lidding-film-manufacturer","8":"pa_food-packaging-ready-meal-pouch","10":"first","11":"instock","12":"shipping-taxable","13":"product-type-simple"},"acf":[],"_links":{"self":[{"href":"https:\/\/www.stanleypackage.com\/fr\/wp-json\/wp\/v2\/product\/4012","targetHints":{"allow":["GET"]}}],"collection":[{"href":"https:\/\/www.stanleypackage.com\/fr\/wp-json\/wp\/v2\/product"}],"about":[{"href":"https:\/\/www.stanleypackage.com\/fr\/wp-json\/wp\/v2\/types\/product"}],"replies":[{"embeddable":true,"href":"https:\/\/www.stanleypackage.com\/fr\/wp-json\/wp\/v2\/comments?post=4012"}],"wp:featuredmedia":[{"embeddable":true,"href":"https:\/\/www.stanleypackage.com\/fr\/wp-json\/wp\/v2\/media\/4014"}],"wp:attachment":[{"href":"https:\/\/www.stanleypackage.com\/fr\/wp-json\/wp\/v2\/media?parent=4012"}],"wp:term":[{"taxonomy":"product_brand","embeddable":true,"href":"https:\/\/www.stanleypackage.com\/fr\/wp-json\/wp\/v2\/product_brand?post=4012"},{"taxonomy":"product_cat","embeddable":true,"href":"https:\/\/www.stanleypackage.com\/fr\/wp-json\/wp\/v2\/product_cat?post=4012"},{"taxonomy":"product_tag","embeddable":true,"href":"https:\/\/www.stanleypackage.com\/fr\/wp-json\/wp\/v2\/product_tag?post=4012"}],"curies":[{"name":"wp","href":"https:\/\/api.w.org\/{rel}","templated":true}]}}