{"id":4018,"date":"2025-12-03T07:34:59","date_gmt":"2025-12-03T07:34:59","guid":{"rendered":"https:\/\/www.stanleypackage.com\/?post_type=product&#038;p=4018"},"modified":"2025-12-03T07:35:12","modified_gmt":"2025-12-03T07:35:12","slug":"custom-gusseted-pouch","status":"publish","type":"product","link":"https:\/\/www.stanleypackage.com\/fr\/product\/custom-gusseted-pouch\/","title":{"rendered":"Pochette \u00e0 soufflet personnalis\u00e9e avec trou de poign\u00e9e pour le caf\u00e9 instantan\u00e9"},"content":{"rendered":"<div class=\"wp-block-columns is-layout-flex wp-container-core-columns-is-layout-9d6595d7 wp-block-columns-is-layout-flex\">\n<div class=\"wp-block-column is-layout-flow wp-block-column-is-layout-flow\">\n<h2 class=\"wp-block-heading\">Caract\u00e9ristiques de la pochette \u00e0 soufflet personnalis\u00e9e avec trou pour la poign\u00e9e<\/h2>\n\n\n\n<ul class=\"wp-block-list\">\n<li><strong>Poign\u00e9e portable et support stable : <\/strong>Le trou de la poign\u00e9e de cette pochette \u00e0 soufflet personnalis\u00e9e permet au consommateur de la manipuler facilement, tandis que les plis en accord\u00e9on du bas permettent de la placer \u00e0 la verticale, qu'elle soit vide ou remplie, afin de maximiser l'espace d'exposition sur les \u00e9tag\u00e8res des magasins.<\/li>\n\n\n\n<li><strong>Protection sup\u00e9rieure de la barri\u00e8re et pr\u00e9servation de la fra\u00eecheur : <\/strong>Nos sachets \u00e0 poign\u00e9e sont fabriqu\u00e9s \u00e0 partir d'une combinaison de films lamin\u00e9s PET\/POPP\/PE (multicouches) qui offrent une protection sup\u00e9rieure contre l'humidit\u00e9, l'oxyg\u00e8ne et la lumi\u00e8re.<\/li>\n\n\n\n<li><strong>L'h\u00e9liogravure haute d\u00e9finition met en valeur votre marque :<\/strong> Nos pochettes \u00e0 soufflets personnalis\u00e9es utilisent la technologie de l'h\u00e9liogravure pour reproduire avec pr\u00e9cision les logos des marques et les motifs complexes, avec une saturation \u00e9lev\u00e9e des couleurs et une grande pr\u00e9cision des d\u00e9tails.<\/li>\n\n\n\n<li><strong>Emballage facile \u00e0 utiliser et portions pr\u00e9emball\u00e9es :<\/strong> Ces sachets \u00e0 poign\u00e9e peuvent \u00eatre scell\u00e9s plusieurs fois \u00e0 l'aide d'une fermeture \u00e0 glissi\u00e8re pour garantir la fra\u00eecheur. Ils contiennent des sachets individuels pour un service pr\u00e9emball\u00e9 pratique.<\/li>\n\n\n\n<li><strong>Mat\u00e9riau durable et robuste : <\/strong>Cette pochette personnalis\u00e9e est fabriqu\u00e9e dans un mat\u00e9riau robuste, r\u00e9sistant \u00e0 l'abrasion et \u00e0 la perforation. Elle prot\u00e8ge efficacement le contenu contre les dommages pendant la logistique et le transport, garantissant ainsi que le produit arrive intact dans les mains du consommateur.<\/li>\n<\/ul>\n\n\n\n<div class=\"wp-block-columns is-layout-flex wp-container-core-columns-is-layout-9d6595d7 wp-block-columns-is-layout-flex\">\n<div class=\"wp-block-column is-layout-flow wp-block-column-is-layout-flow\">\n<figure class=\"wp-block-image size-full\"><img decoding=\"async\" width=\"750\" height=\"750\" src=\"https:\/\/www.stanleypackage.com\/wp-content\/uploads\/2025\/12\/Custom-Print-Coffee-Bags-Wholesale-Instant-Coffee-Flat-Bottom-Pouches-7.webp\" alt=\"\" class=\"wp-image-4019\" srcset=\"https:\/\/www.stanleypackage.com\/wp-content\/uploads\/2025\/12\/Custom-Print-Coffee-Bags-Wholesale-Instant-Coffee-Flat-Bottom-Pouches-7.webp 750w, https:\/\/www.stanleypackage.com\/wp-content\/uploads\/2025\/12\/Custom-Print-Coffee-Bags-Wholesale-Instant-Coffee-Flat-Bottom-Pouches-7-300x300.webp 300w, https:\/\/www.stanleypackage.com\/wp-content\/uploads\/2025\/12\/Custom-Print-Coffee-Bags-Wholesale-Instant-Coffee-Flat-Bottom-Pouches-7-150x150.webp 150w, https:\/\/www.stanleypackage.com\/wp-content\/uploads\/2025\/12\/Custom-Print-Coffee-Bags-Wholesale-Instant-Coffee-Flat-Bottom-Pouches-7-12x12.webp 12w, https:\/\/www.stanleypackage.com\/wp-content\/uploads\/2025\/12\/Custom-Print-Coffee-Bags-Wholesale-Instant-Coffee-Flat-Bottom-Pouches-7-600x600.webp 600w, https:\/\/www.stanleypackage.com\/wp-content\/uploads\/2025\/12\/Custom-Print-Coffee-Bags-Wholesale-Instant-Coffee-Flat-Bottom-Pouches-7-100x100.webp 100w\" sizes=\"(max-width: 750px) 100vw, 750px\" \/><\/figure>\n<\/div>\n\n\n\n<div class=\"wp-block-column is-layout-flow wp-block-column-is-layout-flow\">\n<figure class=\"wp-block-image size-full\"><img decoding=\"async\" width=\"750\" height=\"750\" src=\"https:\/\/www.stanleypackage.com\/wp-content\/uploads\/2025\/12\/Custom-Print-Coffee-Bags-Wholesale-Instant-Coffee-Flat-Bottom-Pouches-2.webp\" alt=\"\" class=\"wp-image-4020\" srcset=\"https:\/\/www.stanleypackage.com\/wp-content\/uploads\/2025\/12\/Custom-Print-Coffee-Bags-Wholesale-Instant-Coffee-Flat-Bottom-Pouches-2.webp 750w, https:\/\/www.stanleypackage.com\/wp-content\/uploads\/2025\/12\/Custom-Print-Coffee-Bags-Wholesale-Instant-Coffee-Flat-Bottom-Pouches-2-300x300.webp 300w, https:\/\/www.stanleypackage.com\/wp-content\/uploads\/2025\/12\/Custom-Print-Coffee-Bags-Wholesale-Instant-Coffee-Flat-Bottom-Pouches-2-150x150.webp 150w, https:\/\/www.stanleypackage.com\/wp-content\/uploads\/2025\/12\/Custom-Print-Coffee-Bags-Wholesale-Instant-Coffee-Flat-Bottom-Pouches-2-12x12.webp 12w, https:\/\/www.stanleypackage.com\/wp-content\/uploads\/2025\/12\/Custom-Print-Coffee-Bags-Wholesale-Instant-Coffee-Flat-Bottom-Pouches-2-600x600.webp 600w, https:\/\/www.stanleypackage.com\/wp-content\/uploads\/2025\/12\/Custom-Print-Coffee-Bags-Wholesale-Instant-Coffee-Flat-Bottom-Pouches-2-100x100.webp 100w\" sizes=\"(max-width: 750px) 100vw, 750px\" \/><\/figure>\n<\/div>\n<\/div>\n<\/div>\n<\/div>","protected":false},"excerpt":{"rendered":"<p>Bienvenue sur le site de commande en gros de sachets \u00e0 soufflets personnalis\u00e9s. Nos sachets \u00e0 soufflets avec poign\u00e9es sont sp\u00e9cialement con\u00e7us pour l'emballage ext\u00e9rieur du caf\u00e9 instantan\u00e9. Les motifs imprim\u00e9s en h\u00e9liogravure sont brillants, color\u00e9s et \u00e9clatants. Les sachets \u00e0 fond plat combinent la promotion de la marque, la commodit\u00e9 et la fra\u00eecheur durable en un seul emballage.<\/p>\n<table style=\"border-collapse: collapse; width: 365.02pt;\" border=\"0\" width=\"365\" cellspacing=\"0\" cellpadding=\"0\">\n<tbody>\n<tr style=\"height: 16.00pt;\">\n<td class=\"et2\" style=\"height: 16.00pt; width: 97.50pt;\" width=\"97\" height=\"16\">Fabricant<\/td>\n<td class=\"et2\" style=\"width: 267.50pt;\" width=\"267\">Stanley<\/td>\n<\/tr>\n<tr style=\"height: 16.00pt;\">\n<td class=\"et2\" style=\"height: 16.00pt; width: 97.50pt;\" width=\"97\" height=\"16\">Types de pochettes<\/td>\n<td class=\"et2\" style=\"width: 267.50pt;\" width=\"267\">Pochette \u00e0 soufflet<\/td>\n<\/tr>\n<tr style=\"height: 31.00pt;\">\n<td class=\"et2\" style=\"height: 31.00pt; width: 97.50pt;\" width=\"97\" height=\"31\">Matterial<\/td>\n<td class=\"et2\" style=\"width: 267.50pt;\" width=\"267\">Face avant : PET12\/POPP25\/PE80<br \/>C\u00f4t\u00e9 : PET12\/POPP25\/PE60<\/td>\n<\/tr>\n<tr style=\"height: 16.00pt;\">\n<td class=\"et2\" style=\"height: 16.00pt; width: 97.50pt;\" width=\"97\" height=\"16\">Dossier sp\u00e9cial<\/td>\n<td class=\"et2\" style=\"width: 267.50pt;\" width=\"267\">Encoche de d\u00e9chirure, trou de la poign\u00e9e<\/td>\n<\/tr>\n<tr style=\"height: 16.00pt;\">\n<td class=\"et2\" style=\"height: 16.00pt; width: 97.50pt;\" width=\"97\" height=\"16\">Manipulation de surface<\/td>\n<td class=\"et2\" style=\"width: 267.50pt;\" width=\"267\">Impression en h\u00e9liogravure<\/td>\n<\/tr>\n<tr style=\"height: 16.00pt;\">\n<td class=\"et2\" style=\"height: 16.00pt; width: 97.50pt;\" width=\"97\" height=\"16\">Couleur<\/td>\n<td class=\"et2\" style=\"width: 267.50pt;\" width=\"267\">Jusqu'\u00e0 10 couleurs<\/td>\n<\/tr>\n<tr style=\"height: 16.00pt;\">\n<td class=\"et2\" style=\"height: 16.00pt; width: 97.50pt;\" width=\"97\" height=\"16\">Utilisation<\/td>\n<td class=\"et2\" style=\"width: 267.50pt;\" width=\"267\">Caf\u00e9 instantan\u00e9, Snack, Pain<\/td>\n<\/tr>\n<tr style=\"height: 16.00pt;\">\n<td class=\"et2\" style=\"height: 16.00pt; width: 97.50pt;\" width=\"97\" height=\"16\">MOQ<\/td>\n<td class=\"et2\" style=\"width: 267.50pt;\" width=\"267\">50 000 pi\u00e8ces<\/td>\n<\/tr>\n<tr style=\"height: 16.00pt;\">\n<td class=\"et2\" style=\"height: 16.00pt; width: 97.50pt;\" width=\"97\" height=\"16\">Commande personnalis\u00e9e<\/td>\n<td class=\"et2\" style=\"width: 267.50pt;\" width=\"267\">Acceptation de l'OEM, prise en charge de l'\u00e9chantillonnage gratuit<\/td>\n<\/tr>\n<\/tbody>\n<\/table>","protected":false},"featured_media":4023,"comment_status":"closed","ping_status":"closed","template":"","meta":{"_acf_changed":false},"product_brand":[],"product_cat":[17],"product_tag":[],"class_list":{"0":"post-4018","1":"product","2":"type-product","3":"status-publish","4":"has-post-thumbnail","6":"product_cat-gusset-bag-manufacturer","7":"pa_food-packaging-coffee-packaging-pouch","9":"first","10":"instock","11":"shipping-taxable","12":"product-type-simple"},"acf":[],"_links":{"self":[{"href":"https:\/\/www.stanleypackage.com\/fr\/wp-json\/wp\/v2\/product\/4018","targetHints":{"allow":["GET"]}}],"collection":[{"href":"https:\/\/www.stanleypackage.com\/fr\/wp-json\/wp\/v2\/product"}],"about":[{"href":"https:\/\/www.stanleypackage.com\/fr\/wp-json\/wp\/v2\/types\/product"}],"replies":[{"embeddable":true,"href":"https:\/\/www.stanleypackage.com\/fr\/wp-json\/wp\/v2\/comments?post=4018"}],"wp:featuredmedia":[{"embeddable":true,"href":"https:\/\/www.stanleypackage.com\/fr\/wp-json\/wp\/v2\/media\/4023"}],"wp:attachment":[{"href":"https:\/\/www.stanleypackage.com\/fr\/wp-json\/wp\/v2\/media?parent=4018"}],"wp:term":[{"taxonomy":"product_brand","embeddable":true,"href":"https:\/\/www.stanleypackage.com\/fr\/wp-json\/wp\/v2\/product_brand?post=4018"},{"taxonomy":"product_cat","embeddable":true,"href":"https:\/\/www.stanleypackage.com\/fr\/wp-json\/wp\/v2\/product_cat?post=4018"},{"taxonomy":"product_tag","embeddable":true,"href":"https:\/\/www.stanleypackage.com\/fr\/wp-json\/wp\/v2\/product_tag?post=4018"}],"curies":[{"name":"wp","href":"https:\/\/api.w.org\/{rel}","templated":true}]}}