{"id":4026,"date":"2025-12-03T08:07:21","date_gmt":"2025-12-03T08:07:21","guid":{"rendered":"https:\/\/www.stanleypackage.com\/?post_type=product&#038;p=4026"},"modified":"2025-12-03T08:07:28","modified_gmt":"2025-12-03T08:07:28","slug":"roll-stock-film-packaging","status":"publish","type":"product","link":"https:\/\/www.stanleypackage.com\/fr\/product\/roll-stock-film-packaging\/","title":{"rendered":"Film d'emballage en rouleau sur mesure, films plastiques lamin\u00e9s pour masques"},"content":{"rendered":"<div class=\"wp-block-columns is-layout-flex wp-container-core-columns-is-layout-9d6595d7 wp-block-columns-is-layout-flex\">\n<div class=\"wp-block-column is-layout-flow wp-block-column-is-layout-flow\">\n<h2 class=\"wp-block-heading\">Features of Roll Stock Film Packaging<\/h2>\n\n\n\n<ul class=\"wp-block-list\">\n<li><strong>Emballage efficace de films en rouleaux, adapt\u00e9 aux lignes de production automatis\u00e9es : <\/strong>This custom roll stock film packaging is suitable for high-speed automatic packaging equipment, improving production efficiency, saving labor and time costs.<\/li>\n\n\n\n<li><strong>Structure thermoscell\u00e9e sur une seule face, forte \u00e9tanch\u00e9it\u00e9 : <\/strong>The heat-sealable design of one side of our custom roll stock film for masks ensures that the packaging fits tightly, prevents the product from getting damp and deteriorating, and ensures storage and transportation safety.<\/li>\n\n\n\n<li><strong>Il prend en charge une vari\u00e9t\u00e9 de processus de surface afin d'am\u00e9liorer les effets visuels :<\/strong> Our custom roll stock film packaging can choose special printing processes such as matte, gloss, UV local light, etc., to enhance the packaging layering and brand recognition.<\/li>\n\n\n\n<li><strong>Convient \u00e0 une vari\u00e9t\u00e9 de tailles et de formes de produits, grande flexibilit\u00e9 : <\/strong>Our custom packaging film can be customized with printing patterns and specifications according to customer needs, suitable for any products of different sizes and shapes.<\/li>\n<\/ul>\n\n\n\n<div class=\"wp-block-columns is-layout-flex wp-container-core-columns-is-layout-9d6595d7 wp-block-columns-is-layout-flex\">\n<div class=\"wp-block-column is-layout-flow wp-block-column-is-layout-flow\">\n<figure class=\"wp-block-image size-full\"><img decoding=\"async\" width=\"2079\" height=\"2035\" src=\"https:\/\/www.stanleypackage.com\/wp-content\/uploads\/2025\/12\/Custom-Packaging-Film-Wholesale-Packaging-Roll-Stock-Film-For-Mask-2.webp\" alt=\"\" class=\"wp-image-4027\" srcset=\"https:\/\/www.stanleypackage.com\/wp-content\/uploads\/2025\/12\/Custom-Packaging-Film-Wholesale-Packaging-Roll-Stock-Film-For-Mask-2.webp 2079w, https:\/\/www.stanleypackage.com\/wp-content\/uploads\/2025\/12\/Custom-Packaging-Film-Wholesale-Packaging-Roll-Stock-Film-For-Mask-2-300x294.webp 300w, https:\/\/www.stanleypackage.com\/wp-content\/uploads\/2025\/12\/Custom-Packaging-Film-Wholesale-Packaging-Roll-Stock-Film-For-Mask-2-768x752.webp 768w, https:\/\/www.stanleypackage.com\/wp-content\/uploads\/2025\/12\/Custom-Packaging-Film-Wholesale-Packaging-Roll-Stock-Film-For-Mask-2-12x12.webp 12w, https:\/\/www.stanleypackage.com\/wp-content\/uploads\/2025\/12\/Custom-Packaging-Film-Wholesale-Packaging-Roll-Stock-Film-For-Mask-2-1200x1175.webp 1200w, https:\/\/www.stanleypackage.com\/wp-content\/uploads\/2025\/12\/Custom-Packaging-Film-Wholesale-Packaging-Roll-Stock-Film-For-Mask-2-600x587.webp 600w\" sizes=\"(max-width: 2079px) 100vw, 2079px\" \/><\/figure>\n<\/div>\n\n\n\n<div class=\"wp-block-column is-layout-flow wp-block-column-is-layout-flow\">\n<figure class=\"wp-block-image size-full\"><img decoding=\"async\" width=\"2079\" height=\"2035\" src=\"https:\/\/www.stanleypackage.com\/wp-content\/uploads\/2025\/12\/Custom-Packaging-Film-Wholesale-Packaging-Roll-Stock-Film-For-Mask-3.webp\" alt=\"\" class=\"wp-image-4028\" srcset=\"https:\/\/www.stanleypackage.com\/wp-content\/uploads\/2025\/12\/Custom-Packaging-Film-Wholesale-Packaging-Roll-Stock-Film-For-Mask-3.webp 2079w, https:\/\/www.stanleypackage.com\/wp-content\/uploads\/2025\/12\/Custom-Packaging-Film-Wholesale-Packaging-Roll-Stock-Film-For-Mask-3-300x294.webp 300w, https:\/\/www.stanleypackage.com\/wp-content\/uploads\/2025\/12\/Custom-Packaging-Film-Wholesale-Packaging-Roll-Stock-Film-For-Mask-3-768x752.webp 768w, https:\/\/www.stanleypackage.com\/wp-content\/uploads\/2025\/12\/Custom-Packaging-Film-Wholesale-Packaging-Roll-Stock-Film-For-Mask-3-12x12.webp 12w, https:\/\/www.stanleypackage.com\/wp-content\/uploads\/2025\/12\/Custom-Packaging-Film-Wholesale-Packaging-Roll-Stock-Film-For-Mask-3-1200x1175.webp 1200w, https:\/\/www.stanleypackage.com\/wp-content\/uploads\/2025\/12\/Custom-Packaging-Film-Wholesale-Packaging-Roll-Stock-Film-For-Mask-3-600x587.webp 600w\" sizes=\"(max-width: 2079px) 100vw, 2079px\" \/><\/figure>\n<\/div>\n<\/div>\n<\/div>\n<\/div>","protected":false},"excerpt":{"rendered":"<p>Welcome to purchase roll stock film packaging. This custom roll stock film for masks supports brand customization to meet diverse packaging needs. Supports a variety of special process effects such as matte, gloss, UV, etc.<\/p>\n<table style=\"border-collapse: collapse; width: 327.77pt;\" border=\"0\" width=\"437\" cellspacing=\"0\" cellpadding=\"0\">\n<tbody>\n<tr style=\"height: 12.75pt;\">\n<td class=\"et2\" style=\"height: 12.75pt; width: 91.40pt;\" width=\"121\" height=\"17\">Fabricant<\/td>\n<td class=\"et2\" style=\"width: 237.00pt;\" width=\"316\">Stanley<\/td>\n<\/tr>\n<tr style=\"height: 12.75pt;\">\n<td class=\"et2\" style=\"height: 12.75pt; width: 91.40pt;\" width=\"121\" height=\"17\">Types de pochettes<\/td>\n<td class=\"et3\">Roll Stock Film Packaging<\/td>\n<\/tr>\n<tr style=\"height: 12.75pt;\">\n<td class=\"et2\" style=\"height: 12.75pt; width: 91.40pt;\" width=\"121\" height=\"17\">Mat\u00e9riau<\/td>\n<td class=\"et2\" style=\"width: 237.00pt;\" width=\"316\">BOPP20\/CPP20<\/td>\n<\/tr>\n<tr style=\"height: 12.75pt;\">\n<td class=\"et2\" style=\"height: 12.75pt; width: 91.40pt;\" width=\"121\" height=\"17\">Dossier sp\u00e9cial<\/td>\n<td class=\"et2\" style=\"width: 237.00pt;\" width=\"316\">Emballage automatique<\/td>\n<\/tr>\n<tr style=\"height: 12.75pt;\">\n<td class=\"et2\" style=\"height: 12.75pt; width: 91.40pt;\" width=\"121\" height=\"17\">Manipulation de surface<\/td>\n<td class=\"et2\" style=\"width: 237.00pt;\" width=\"316\">Impression en h\u00e9liogravure<\/td>\n<\/tr>\n<tr style=\"height: 12.75pt;\">\n<td class=\"et2\" style=\"height: 12.75pt; width: 91.40pt;\" width=\"121\" height=\"17\">Couleur<\/td>\n<td class=\"et2\" style=\"width: 237.00pt;\" width=\"316\">Jusqu'\u00e0 10 couleurs<\/td>\n<\/tr>\n<tr style=\"height: 12.75pt;\">\n<td class=\"et2\" style=\"height: 12.75pt; width: 91.40pt;\" width=\"121\" height=\"17\">Utilisation<\/td>\n<td class=\"et3\">Mask, Hotel supplies packaging<\/td>\n<\/tr>\n<tr style=\"height: 12.75pt;\">\n<td class=\"et2\" style=\"height: 12.75pt; width: 91.40pt;\" width=\"121\" height=\"17\">MOQ<\/td>\n<td class=\"et2\" style=\"width: 237.00pt;\" width=\"316\">50 000 pi\u00e8ces<\/td>\n<\/tr>\n<tr style=\"height: 12.75pt;\">\n<td class=\"et2\" style=\"height: 12.75pt; width: 91.40pt;\" width=\"121\" height=\"17\">Commande personnalis\u00e9e<\/td>\n<td class=\"et2\" style=\"width: 237.00pt;\" width=\"316\">Acceptation de l'OEM, prise en charge de l'\u00e9chantillonnage gratuit<\/td>\n<\/tr>\n<\/tbody>\n<\/table>","protected":false},"featured_media":4030,"comment_status":"closed","ping_status":"closed","template":"","meta":{"_acf_changed":false},"product_brand":[],"product_cat":[26],"product_tag":[],"class_list":{"0":"post-4026","1":"product","2":"type-product","3":"status-publish","4":"has-post-thumbnail","6":"product_cat-packaging-film-manufacturer","7":"pa_non-food-packaging-wet-wipe-packaging","8":"pa_non-food-packaging-hotel-supplies-packaging","10":"first","11":"instock","12":"shipping-taxable","13":"product-type-simple"},"acf":[],"_links":{"self":[{"href":"https:\/\/www.stanleypackage.com\/fr\/wp-json\/wp\/v2\/product\/4026","targetHints":{"allow":["GET"]}}],"collection":[{"href":"https:\/\/www.stanleypackage.com\/fr\/wp-json\/wp\/v2\/product"}],"about":[{"href":"https:\/\/www.stanleypackage.com\/fr\/wp-json\/wp\/v2\/types\/product"}],"replies":[{"embeddable":true,"href":"https:\/\/www.stanleypackage.com\/fr\/wp-json\/wp\/v2\/comments?post=4026"}],"wp:featuredmedia":[{"embeddable":true,"href":"https:\/\/www.stanleypackage.com\/fr\/wp-json\/wp\/v2\/media\/4030"}],"wp:attachment":[{"href":"https:\/\/www.stanleypackage.com\/fr\/wp-json\/wp\/v2\/media?parent=4026"}],"wp:term":[{"taxonomy":"product_brand","embeddable":true,"href":"https:\/\/www.stanleypackage.com\/fr\/wp-json\/wp\/v2\/product_brand?post=4026"},{"taxonomy":"product_cat","embeddable":true,"href":"https:\/\/www.stanleypackage.com\/fr\/wp-json\/wp\/v2\/product_cat?post=4026"},{"taxonomy":"product_tag","embeddable":true,"href":"https:\/\/www.stanleypackage.com\/fr\/wp-json\/wp\/v2\/product_tag?post=4026"}],"curies":[{"name":"wp","href":"https:\/\/api.w.org\/{rel}","templated":true}]}}