{"id":4043,"date":"2025-12-05T02:32:15","date_gmt":"2025-12-05T02:32:15","guid":{"rendered":"https:\/\/www.stanleypackage.com\/?post_type=product&#038;p=4043"},"modified":"2025-12-05T02:32:21","modified_gmt":"2025-12-05T02:32:21","slug":"factory-oem-liquid-pouches","status":"publish","type":"product","link":"https:\/\/www.stanleypackage.com\/fr\/product\/factory-oem-liquid-pouches\/","title":{"rendered":"Pochettes de liquide avec bec verseur pour nettoyants et d\u00e9tergents Factory OEM"},"content":{"rendered":"<div class=\"wp-block-columns is-layout-flex wp-container-core-columns-is-layout-9d6595d7 wp-block-columns-is-layout-flex\">\n<div class=\"wp-block-column is-layout-flow wp-block-column-is-layout-flow\">\n<h2 class=\"wp-block-heading\">Caract\u00e9ristiques des poches de liquide OEM<\/h2>\n\n\n\n<ul class=\"wp-block-list\">\n<li><strong>Mat\u00e9riau composite professionnel : <\/strong>Les poches de liquides OEM de notre usine sont fabriqu\u00e9es en mat\u00e9riau composite multicouche PET12\/BOPA15\/MBPE100, qui poss\u00e8de une bonne propri\u00e9t\u00e9 de barri\u00e8re, une bonne r\u00e9sistance \u00e0 la perforation et peut am\u00e9liorer la dur\u00e9e de conservation.<\/li>\n\n\n\n<li><strong>Bec verseur pratique :<\/strong> Cette pochette \u00e0 bec debout personnalis\u00e9e est dot\u00e9e d'un bec verseur sur le dessus, ce qui permet de l'utiliser facilement d'une seule main, de contr\u00f4ler l'\u00e9coulement du liquide et de l'utiliser de mani\u00e8re hygi\u00e9nique, sans goutte.<\/li>\n\n\n\n<li><strong>Base autoportante stable :<\/strong> Le fond de nos poches de liquide OEM est autoportant, ce qui garantit la stabilit\u00e9, \u00e9conomise de l'espace et \u00e9limine le besoin d'un support de contenant suppl\u00e9mentaire, ce qui le rend extr\u00eamement pratique pour la distribution et le stockage.<\/li>\n\n\n\n<li><strong>Impression recto-verso haute d\u00e9finition :<\/strong> Impression de haute qualit\u00e9 jusqu'\u00e0 10 couleurs possible sur les deux faces, impression recto-verso disponible. Nos pochettes \u00e0 becs verseurs personnalis\u00e9es vous permettent de pr\u00e9senter efficacement la marque, les informations sur le produit et le mode d'emploi avec beaucoup d'espace pour un impact visuel fort.<\/li>\n\n\n\n<li><strong>Adopter des concepts s\u00fbrs et naturels : <\/strong>Ces sachets liquides OEM sont con\u00e7us sp\u00e9cifiquement pour les produits de soins hypoallerg\u00e9niques et naturels, sans additifs nocifs, qui v\u00e9hiculent la puret\u00e9 et le soin de l'int\u00e9rieur vers l'ext\u00e9rieur.<\/li>\n<\/ul>\n\n\n\n<div class=\"wp-block-columns is-layout-flex wp-container-core-columns-is-layout-9d6595d7 wp-block-columns-is-layout-flex\">\n<div class=\"wp-block-column is-layout-flow wp-block-column-is-layout-flow\">\n<figure class=\"wp-block-image size-full\"><img decoding=\"async\" width=\"750\" height=\"750\" src=\"https:\/\/www.stanleypackage.com\/wp-content\/uploads\/2025\/12\/Custom-Print-Liquid-Pouch-Bag-\uff0cWholesale-Spout-Pouch-For-Detergent-2.webp\" alt=\"\" class=\"wp-image-4045\" srcset=\"https:\/\/www.stanleypackage.com\/wp-content\/uploads\/2025\/12\/Custom-Print-Liquid-Pouch-Bag-\uff0cWholesale-Spout-Pouch-For-Detergent-2.webp 750w, https:\/\/www.stanleypackage.com\/wp-content\/uploads\/2025\/12\/Custom-Print-Liquid-Pouch-Bag-\uff0cWholesale-Spout-Pouch-For-Detergent-2-300x300.webp 300w, https:\/\/www.stanleypackage.com\/wp-content\/uploads\/2025\/12\/Custom-Print-Liquid-Pouch-Bag-\uff0cWholesale-Spout-Pouch-For-Detergent-2-150x150.webp 150w, https:\/\/www.stanleypackage.com\/wp-content\/uploads\/2025\/12\/Custom-Print-Liquid-Pouch-Bag-\uff0cWholesale-Spout-Pouch-For-Detergent-2-12x12.webp 12w, https:\/\/www.stanleypackage.com\/wp-content\/uploads\/2025\/12\/Custom-Print-Liquid-Pouch-Bag-\uff0cWholesale-Spout-Pouch-For-Detergent-2-600x600.webp 600w, https:\/\/www.stanleypackage.com\/wp-content\/uploads\/2025\/12\/Custom-Print-Liquid-Pouch-Bag-\uff0cWholesale-Spout-Pouch-For-Detergent-2-100x100.webp 100w\" sizes=\"(max-width: 750px) 100vw, 750px\" \/><\/figure>\n<\/div>\n\n\n\n<div class=\"wp-block-column is-layout-flow wp-block-column-is-layout-flow\">\n<figure class=\"wp-block-image size-full\"><img decoding=\"async\" width=\"750\" height=\"750\" src=\"https:\/\/www.stanleypackage.com\/wp-content\/uploads\/2025\/12\/Custom-Print-Liquid-Pouch-Bag-\uff0cWholesale-Spout-Pouch-For-Detergent-6.webp\" alt=\"\" class=\"wp-image-4046\" srcset=\"https:\/\/www.stanleypackage.com\/wp-content\/uploads\/2025\/12\/Custom-Print-Liquid-Pouch-Bag-\uff0cWholesale-Spout-Pouch-For-Detergent-6.webp 750w, https:\/\/www.stanleypackage.com\/wp-content\/uploads\/2025\/12\/Custom-Print-Liquid-Pouch-Bag-\uff0cWholesale-Spout-Pouch-For-Detergent-6-300x300.webp 300w, https:\/\/www.stanleypackage.com\/wp-content\/uploads\/2025\/12\/Custom-Print-Liquid-Pouch-Bag-\uff0cWholesale-Spout-Pouch-For-Detergent-6-150x150.webp 150w, https:\/\/www.stanleypackage.com\/wp-content\/uploads\/2025\/12\/Custom-Print-Liquid-Pouch-Bag-\uff0cWholesale-Spout-Pouch-For-Detergent-6-12x12.webp 12w, https:\/\/www.stanleypackage.com\/wp-content\/uploads\/2025\/12\/Custom-Print-Liquid-Pouch-Bag-\uff0cWholesale-Spout-Pouch-For-Detergent-6-600x600.webp 600w, https:\/\/www.stanleypackage.com\/wp-content\/uploads\/2025\/12\/Custom-Print-Liquid-Pouch-Bag-\uff0cWholesale-Spout-Pouch-For-Detergent-6-100x100.webp 100w\" sizes=\"(max-width: 750px) 100vw, 750px\" \/><\/figure>\n<\/div>\n<\/div>\n<\/div>\n<\/div>","protected":false},"excerpt":{"rendered":"<p>Bienvenue aux sachets \u00e0 bec verseur personnalis\u00e9s. Nos sachets de liquide OEM sont dot\u00e9s d'un bec verseur pratique et d'une base autoportante, supportant une impression exquise jusqu'\u00e0 10 couleurs sur les deux faces. Ils sont con\u00e7us sp\u00e9cifiquement pour des produits de nettoyage s\u00fbrs et naturels.<\/p>\n<table style=\"border-collapse: collapse; width: 365.02pt;\" border=\"0\" width=\"365\" cellspacing=\"0\" cellpadding=\"0\">\n<tbody>\n<tr style=\"height: 16.00pt;\">\n<td class=\"et2\" style=\"height: 16.00pt; width: 97.50pt;\" width=\"97\" height=\"16\">Fabricant<\/td>\n<td class=\"et2\" style=\"width: 267.50pt;\" width=\"267\">Stanley<\/td>\n<\/tr>\n<tr style=\"height: 16.00pt;\">\n<td class=\"et2\" style=\"height: 16.00pt; width: 97.50pt;\" width=\"97\" height=\"16\">Types de pochettes<\/td>\n<td class=\"et2\" style=\"width: 267.50pt;\" width=\"267\">Pochette \u00e0 bec, pochette \u00e0 hauteur d'homme<\/td>\n<\/tr>\n<tr style=\"height: 16.00pt;\">\n<td class=\"et2\" style=\"height: 16.00pt; width: 97.50pt;\" width=\"97\" height=\"16\">Mat\u00e9riau<\/td>\n<td class=\"et2\" style=\"width: 267.50pt;\" width=\"267\">PET12\/BOPA15\/MBPE100<\/td>\n<\/tr>\n<tr style=\"height: 16.00pt;\">\n<td class=\"et2\" style=\"height: 16.00pt; width: 97.50pt;\" width=\"97\" height=\"16\">Dossier sp\u00e9cial<\/td>\n<td class=\"et2\" style=\"width: 267.50pt;\" width=\"267\">Bec verseur, fond autoportant<\/td>\n<\/tr>\n<tr style=\"height: 16.00pt;\">\n<td class=\"et2\" style=\"height: 16.00pt; width: 97.50pt;\" width=\"97\" height=\"16\">Manipulation de surface<\/td>\n<td class=\"et2\" style=\"width: 267.50pt;\" width=\"267\">Impression en h\u00e9liogravure<\/td>\n<\/tr>\n<tr style=\"height: 16.00pt;\">\n<td class=\"et2\" style=\"height: 16.00pt; width: 97.50pt;\" width=\"97\" height=\"16\">Couleur<\/td>\n<td class=\"et2\" style=\"width: 267.50pt;\" width=\"267\">Impression recto-verso, jusqu'\u00e0 10 couleurs<\/td>\n<\/tr>\n<tr style=\"height: 16.00pt;\">\n<td class=\"et2\" style=\"height: 16.00pt; width: 97.50pt;\" width=\"97\" height=\"16\">Mat\u00e9riau<\/td>\n<td class=\"et2\" style=\"width: 267.50pt;\" width=\"267\">D\u00e9tergent, Lessive, Adoucissant<\/td>\n<\/tr>\n<tr style=\"height: 16.00pt;\">\n<td class=\"et2\" style=\"height: 16.00pt; width: 97.50pt;\" width=\"97\" height=\"16\">MOQ<\/td>\n<td class=\"et2\" style=\"width: 267.50pt;\" width=\"267\">50 000 pi\u00e8ces<\/td>\n<\/tr>\n<tr style=\"height: 16.00pt;\">\n<td class=\"et2\" style=\"height: 16.00pt; width: 97.50pt;\" width=\"97\" height=\"16\">Commande personnalis\u00e9e<\/td>\n<td class=\"et2\" style=\"width: 267.50pt;\" width=\"267\">Acceptation de l'OEM , \u00c9chantillon gratuit<\/td>\n<\/tr>\n<\/tbody>\n<\/table>","protected":false},"featured_media":4047,"comment_status":"closed","ping_status":"closed","template":"","meta":{"_acf_changed":false},"product_brand":[],"product_cat":[32],"product_tag":[],"class_list":{"0":"post-4043","1":"product","2":"type-product","3":"status-publish","4":"has-post-thumbnail","6":"product_cat-spout-pouch-manufacturer","7":"pa_non-food-packaging-soap-detergent-pouches","9":"first","10":"instock","11":"shipping-taxable","12":"product-type-simple"},"acf":[],"_links":{"self":[{"href":"https:\/\/www.stanleypackage.com\/fr\/wp-json\/wp\/v2\/product\/4043","targetHints":{"allow":["GET"]}}],"collection":[{"href":"https:\/\/www.stanleypackage.com\/fr\/wp-json\/wp\/v2\/product"}],"about":[{"href":"https:\/\/www.stanleypackage.com\/fr\/wp-json\/wp\/v2\/types\/product"}],"replies":[{"embeddable":true,"href":"https:\/\/www.stanleypackage.com\/fr\/wp-json\/wp\/v2\/comments?post=4043"}],"wp:featuredmedia":[{"embeddable":true,"href":"https:\/\/www.stanleypackage.com\/fr\/wp-json\/wp\/v2\/media\/4047"}],"wp:attachment":[{"href":"https:\/\/www.stanleypackage.com\/fr\/wp-json\/wp\/v2\/media?parent=4043"}],"wp:term":[{"taxonomy":"product_brand","embeddable":true,"href":"https:\/\/www.stanleypackage.com\/fr\/wp-json\/wp\/v2\/product_brand?post=4043"},{"taxonomy":"product_cat","embeddable":true,"href":"https:\/\/www.stanleypackage.com\/fr\/wp-json\/wp\/v2\/product_cat?post=4043"},{"taxonomy":"product_tag","embeddable":true,"href":"https:\/\/www.stanleypackage.com\/fr\/wp-json\/wp\/v2\/product_tag?post=4043"}],"curies":[{"name":"wp","href":"https:\/\/api.w.org\/{rel}","templated":true}]}}