{"id":4051,"date":"2025-12-05T03:53:01","date_gmt":"2025-12-05T03:53:01","guid":{"rendered":"https:\/\/www.stanleypackage.com\/?post_type=product&#038;p=4051"},"modified":"2025-12-05T03:53:08","modified_gmt":"2025-12-05T03:53:08","slug":"kraft-stand-up-pouches-wholesale","status":"publish","type":"product","link":"https:\/\/www.stanleypackage.com\/fr\/product\/kraft-stand-up-pouches-wholesale\/","title":{"rendered":"Pochettes kraft de qualit\u00e9 alimentaire avec fen\u00eatre en gros"},"content":{"rendered":"<div class=\"wp-block-columns is-layout-flex wp-container-core-columns-is-layout-9d6595d7 wp-block-columns-is-layout-flex\">\n<div class=\"wp-block-column is-layout-flow wp-block-column-is-layout-flow\">\n<h2 class=\"wp-block-heading\">Caract\u00e9ristiques des Stand Up Pouches Kraft Wholesale<\/h2>\n\n\n\n<ul class=\"wp-block-list\">\n<li><strong>Naturel et \u00e9cologique avec une texture de haute qualit\u00e9 : <\/strong>Nos sachets kraft en gros utilisent du papier kraft r\u00e9sistant pour la couche ext\u00e9rieure, tandis que la couche BOPP mate conf\u00e8re au sac une texture \u00e9l\u00e9gante et une r\u00e9sistance \u00e0 l'usure, ce qui renforce efficacement l'image de la marque.<\/li>\n\n\n\n<li><strong>Fen\u00eatre haute d\u00e9finition pour un affichage clair : <\/strong>La grande fen\u00eatre transparente sur le devant de nos sachets kraft personnalis\u00e9s permet de voir clairement le contenu, ce qui permet aux consommateurs d'\u00e9valuer intuitivement la qualit\u00e9 sans ouvrir le sachet, stimulant ainsi efficacement le d\u00e9sir d'achat et la confiance.<\/li>\n\n\n\n<li><strong>Scellage s\u00fbr et utilisation pratique : <\/strong>Le film int\u00e9rieur CPP de nos sachets kraft stand up wholesale offre d'excellentes performances de thermoscellage, garantissant un emballage s\u00fbr. La fermeture \u00e0 glissi\u00e8re refermable sur le dessus permet de multiples utilisations, emp\u00eachant efficacement l'humidit\u00e9, pr\u00e9servant l'ar\u00f4me et maintenant la fra\u00eecheur des aliments.<\/li>\n\n\n\n<li><strong>Excellente aptitude \u00e0 la mise en rayon : <\/strong>Nos pochettes kraft tiennent debout de mani\u00e8re stable, ce qui permet d'\u00e9conomiser de l'espace d'affichage et de s'adapter parfaitement aux rayons des supermarch\u00e9s.<\/li>\n\n\n\n<li><strong>Large gamme d'applications alimentaires et personnalisation efficace : <\/strong>Ces sachets kraft personnalis\u00e9s sont con\u00e7us sp\u00e9cifiquement pour les aliments secs et conviennent parfaitement \u00e0 diverses cat\u00e9gories telles que les c\u00e9r\u00e9ales, les bonbons, les snacks, le th\u00e9 et les \u00e9pices, comme le montrent les photos. Comme il s'agit d'un produit OEM\/de gros, une personnalisation flexible est possible.<\/li>\n<\/ul>\n\n\n\n<div class=\"wp-block-columns is-layout-flex wp-container-core-columns-is-layout-9d6595d7 wp-block-columns-is-layout-flex\">\n<div class=\"wp-block-column is-layout-flow wp-block-column-is-layout-flow\">\n<figure class=\"wp-block-image size-full\"><img decoding=\"async\" width=\"694\" height=\"669\" src=\"https:\/\/www.stanleypackage.com\/wp-content\/uploads\/2025\/12\/Wholesale-Kraft-Pouches-With-Zipper-Custom-Stand-Up-Pouch-4.webp\" alt=\"Pochettes kraft de qualit\u00e9 alimentaire avec fen\u00eatre en gros\" class=\"wp-image-4056\" srcset=\"https:\/\/www.stanleypackage.com\/wp-content\/uploads\/2025\/12\/Wholesale-Kraft-Pouches-With-Zipper-Custom-Stand-Up-Pouch-4.webp 694w, https:\/\/www.stanleypackage.com\/wp-content\/uploads\/2025\/12\/Wholesale-Kraft-Pouches-With-Zipper-Custom-Stand-Up-Pouch-4-300x289.webp 300w, https:\/\/www.stanleypackage.com\/wp-content\/uploads\/2025\/12\/Wholesale-Kraft-Pouches-With-Zipper-Custom-Stand-Up-Pouch-4-12x12.webp 12w, https:\/\/www.stanleypackage.com\/wp-content\/uploads\/2025\/12\/Wholesale-Kraft-Pouches-With-Zipper-Custom-Stand-Up-Pouch-4-600x578.webp 600w\" sizes=\"(max-width: 694px) 100vw, 694px\" \/><\/figure>\n<\/div>\n\n\n\n<div class=\"wp-block-column is-layout-flow wp-block-column-is-layout-flow\">\n<figure class=\"wp-block-image size-full\"><img decoding=\"async\" width=\"694\" height=\"669\" src=\"https:\/\/www.stanleypackage.com\/wp-content\/uploads\/2025\/12\/Wholesale-Kraft-Pouches-With-Zipper-Custom-Stand-Up-Pouch-5.webp\" alt=\"\" class=\"wp-image-4053\" srcset=\"https:\/\/www.stanleypackage.com\/wp-content\/uploads\/2025\/12\/Wholesale-Kraft-Pouches-With-Zipper-Custom-Stand-Up-Pouch-5.webp 694w, https:\/\/www.stanleypackage.com\/wp-content\/uploads\/2025\/12\/Wholesale-Kraft-Pouches-With-Zipper-Custom-Stand-Up-Pouch-5-300x289.webp 300w, https:\/\/www.stanleypackage.com\/wp-content\/uploads\/2025\/12\/Wholesale-Kraft-Pouches-With-Zipper-Custom-Stand-Up-Pouch-5-12x12.webp 12w, https:\/\/www.stanleypackage.com\/wp-content\/uploads\/2025\/12\/Wholesale-Kraft-Pouches-With-Zipper-Custom-Stand-Up-Pouch-5-600x578.webp 600w\" sizes=\"(max-width: 694px) 100vw, 694px\" \/><\/figure>\n<\/div>\n<\/div>\n<\/div>\n<\/div>","protected":false},"excerpt":{"rendered":"<p>Nous vous invitons \u00e0 commander des sachets kraft personnalis\u00e9s. Nos sachets kraft avec fen\u00eatre transparente peuvent \u00eatre utilis\u00e9s pour emballer toutes sortes d'aliments secs tels que les c\u00e9r\u00e9ales, les noix, les snacks, le th\u00e9, les bonbons et les assaisonnements. Ils combinent notre texture naturelle avec la protection.<\/p>\n<table style=\"border-collapse: collapse; width: 365.02pt;\" border=\"0\" width=\"365\" cellspacing=\"0\" cellpadding=\"0\">\n<tbody>\n<tr style=\"height: 16.00pt;\">\n<td class=\"et2\" style=\"height: 16.00pt; width: 97.50pt;\" width=\"97\" height=\"16\">Fabricant<\/td>\n<td class=\"et2\" style=\"width: 267.50pt;\" width=\"267\">Stanley<\/td>\n<\/tr>\n<tr style=\"height: 16.00pt;\">\n<td class=\"et2\" style=\"height: 16.00pt; width: 97.50pt;\" width=\"97\" height=\"16\">Types de pochettes<\/td>\n<td class=\"et3\">Pochette \u00e0 rabat, Pochette \u00e0 fermeture \u00e9clair<\/td>\n<\/tr>\n<tr style=\"height: 16.00pt;\">\n<td class=\"et2\" style=\"height: 16.00pt; width: 97.50pt;\" width=\"97\" height=\"16\">Mat\u00e9riau<\/td>\n<td class=\"et2\" style=\"width: 267.50pt;\" width=\"267\">Papier kraft, Bopp, CPP<\/td>\n<\/tr>\n<tr style=\"height: 16.00pt;\">\n<td class=\"et2\" style=\"height: 16.00pt; width: 97.50pt;\" width=\"97\" height=\"16\">Dossier sp\u00e9cial<\/td>\n<td class=\"et2\" style=\"width: 267.50pt;\" width=\"267\">Debout, Fermeture \u00e9clair, Fen\u00eatres ouvrantes<\/td>\n<\/tr>\n<tr style=\"height: 16.00pt;\">\n<td class=\"et2\" style=\"height: 16.00pt; width: 97.50pt;\" width=\"97\" height=\"16\">Manipulation de surface<\/td>\n<td class=\"et2\" style=\"width: 267.50pt;\" width=\"267\">Impression en h\u00e9liogravure<\/td>\n<\/tr>\n<tr style=\"height: 16.00pt;\">\n<td class=\"et2\" style=\"height: 16.00pt; width: 97.50pt;\" width=\"97\" height=\"16\">Couleur<\/td>\n<td class=\"et2\" style=\"width: 267.50pt;\" width=\"267\">Impression double face, jusqu'\u00e0 10 couleurs<\/td>\n<\/tr>\n<tr style=\"height: 16.00pt;\">\n<td class=\"et2\" style=\"height: 16.00pt; width: 97.50pt;\" width=\"97\" height=\"16\">Utilisation<\/td>\n<td class=\"et2\" style=\"width: 267.50pt;\" width=\"267\">Bonbons, snacks, fruits secs, gel\u00e9e<\/td>\n<\/tr>\n<tr style=\"height: 16.00pt;\">\n<td class=\"et2\" style=\"height: 16.00pt; width: 97.50pt;\" width=\"97\" height=\"16\">MOQ<\/td>\n<td class=\"et2\" style=\"width: 267.50pt;\" width=\"267\">50 000 pi\u00e8ces<\/td>\n<\/tr>\n<tr style=\"height: 16.00pt;\">\n<td class=\"et2\" style=\"height: 16.00pt; width: 97.50pt;\" width=\"97\" height=\"16\">Commande personnalis\u00e9e<\/td>\n<td class=\"et2\" style=\"width: 267.50pt;\" width=\"267\">Acceptation de l'OEM, prise en charge de l'\u00e9chantillonnage gratuit<\/td>\n<\/tr>\n<\/tbody>\n<\/table>\n<p>&nbsp;<\/p>","protected":false},"featured_media":4054,"comment_status":"closed","ping_status":"closed","template":"","meta":{"_acf_changed":false},"product_brand":[],"product_cat":[30,18],"product_tag":[],"class_list":{"0":"post-4051","1":"product","2":"type-product","3":"status-publish","4":"has-post-thumbnail","6":"product_cat-stand-up-pouch-manufacturer","7":"product_cat-zipper-pouch-manufacturer","8":"pa_food-packaging-tea-pouch-packaging","9":"pa_food-packaging-snack-food-pouch","10":"pa_material-kraft-paper","12":"first","13":"instock","14":"shipping-taxable","15":"product-type-simple"},"acf":[],"_links":{"self":[{"href":"https:\/\/www.stanleypackage.com\/fr\/wp-json\/wp\/v2\/product\/4051","targetHints":{"allow":["GET"]}}],"collection":[{"href":"https:\/\/www.stanleypackage.com\/fr\/wp-json\/wp\/v2\/product"}],"about":[{"href":"https:\/\/www.stanleypackage.com\/fr\/wp-json\/wp\/v2\/types\/product"}],"replies":[{"embeddable":true,"href":"https:\/\/www.stanleypackage.com\/fr\/wp-json\/wp\/v2\/comments?post=4051"}],"wp:featuredmedia":[{"embeddable":true,"href":"https:\/\/www.stanleypackage.com\/fr\/wp-json\/wp\/v2\/media\/4054"}],"wp:attachment":[{"href":"https:\/\/www.stanleypackage.com\/fr\/wp-json\/wp\/v2\/media?parent=4051"}],"wp:term":[{"taxonomy":"product_brand","embeddable":true,"href":"https:\/\/www.stanleypackage.com\/fr\/wp-json\/wp\/v2\/product_brand?post=4051"},{"taxonomy":"product_cat","embeddable":true,"href":"https:\/\/www.stanleypackage.com\/fr\/wp-json\/wp\/v2\/product_cat?post=4051"},{"taxonomy":"product_tag","embeddable":true,"href":"https:\/\/www.stanleypackage.com\/fr\/wp-json\/wp\/v2\/product_tag?post=4051"}],"curies":[{"name":"wp","href":"https:\/\/api.w.org\/{rel}","templated":true}]}}