{"id":4060,"date":"2025-12-05T03:40:57","date_gmt":"2025-12-05T03:40:57","guid":{"rendered":"https:\/\/www.stanleypackage.com\/?post_type=product&#038;p=4060"},"modified":"2025-12-05T03:41:04","modified_gmt":"2025-12-05T03:41:04","slug":"custom-cup-sealer-film","status":"publish","type":"product","link":"https:\/\/www.stanleypackage.com\/fr\/product\/custom-cup-sealer-film\/","title":{"rendered":"Film de scellage de gobelets sur mesure, film de scellage de gobelets en plastique en rouleau"},"content":{"rendered":"<div class=\"wp-block-columns is-layout-flex wp-container-core-columns-is-layout-9d6595d7 wp-block-columns-is-layout-flex\">\n<div class=\"wp-block-column is-layout-flow wp-block-column-is-layout-flow\">\n<h2 class=\"wp-block-heading\">Caract\u00e9ristiques du film de scellage de gobelets sur mesure<\/h2>\n\n\n\n<ul class=\"wp-block-list\">\n<li><strong>Excellentes propri\u00e9t\u00e9s de pr\u00e9servation de la fra\u00eecheur et de barri\u00e8re : <\/strong>Ce film de scellage de gobelets personnalis\u00e9 est fabriqu\u00e9 \u00e0 partir d'un mat\u00e9riau lamin\u00e9 BOPA15\/MBPE105 \u00e0 haute r\u00e9sistance \u00e0 la traction et \u00e0 haute barri\u00e8re \u00e0 l'oxyg\u00e8ne. Il peut bloquer la p\u00e9n\u00e9tration de l'oxyg\u00e8ne et de la vapeur d'eau, et emp\u00eacher l'ar\u00f4me des produits de se disperser, de sorte que la fra\u00eecheur et la qualit\u00e9 de la gel\u00e9e, de la cr\u00e8me et des aliments en granul\u00e9s peuvent \u00eatre maintenues pendant une longue p\u00e9riode.<\/li>\n\n\n\n<li><strong>Haute d\u00e9finition et personnalisation des motifs color\u00e9s :<\/strong> Notre film thermoscellable OEM permet une impression haute d\u00e9finition avec des couleurs vives et satur\u00e9es, ce qui permet d'afficher parfaitement des dessins complexes, y compris le logo, le motif du produit et le texte fonctionnel, ce qui a un impact direct sur l'attrait visuel et la reconnaissance de la marque des produits emball\u00e9s dans les rayons.<\/li>\n\n\n\n<li><strong>Scellage s\u00fbr et ouverture pratique : <\/strong>Notre film de scellage de gobelets personnalis\u00e9 pr\u00e9sente d'excellentes performances de scellage \u00e0 chaud, formant un joint solide et lisse avec les mat\u00e9riaux de gobelets courants tels que le PP\/PE, ce qui permet d'\u00e9viter efficacement les fuites. En m\u00eame temps, la conception facile \u00e0 d\u00e9chirer permet aux consommateurs d'ouvrir facilement et proprement l'emballage, offrant ainsi une exp\u00e9rience pratique et hygi\u00e9nique \u00e0 l'utilisateur.<\/li>\n\n\n\n<li><strong>Adaptation efficace \u00e0 la production automatis\u00e9e : <\/strong>Notre film thermoscellable OEM est fourni sous forme de rouleau, parfaitement adapt\u00e9 aux lignes de production de remplissage et de scellage automatiques \u00e0 grande vitesse, permettant un fonctionnement int\u00e9gr\u00e9 et efficace depuis le remplissage et l'application du film jusqu'\u00e0 la d\u00e9coupe, ce qui am\u00e9liore consid\u00e9rablement l'efficacit\u00e9 de la production et r\u00e9pond aux besoins de la production de masse \u00e0 grande \u00e9chelle.<\/li>\n\n\n\n<li><strong>Large \u00e9ventail d'applications possibles :<\/strong> Notre film de scellage de gobelets est s\u00fbr et fiable, il convient \u00e0 l'emballage et au scellage de divers contenus tels que les aliments (par exemple, les g\u00e9latines, les desserts, les condiments) et les produits chimiques quotidiens (par exemple, les cr\u00e8mes solaires, les lotions, les shampoings).<\/li>\n<\/ul>\n\n\n\n<div class=\"wp-block-columns is-layout-flex wp-container-core-columns-is-layout-9d6595d7 wp-block-columns-is-layout-flex\">\n<div class=\"wp-block-column is-layout-flow wp-block-column-is-layout-flow\">\n<figure class=\"wp-block-image size-full\"><img decoding=\"async\" width=\"750\" height=\"750\" src=\"https:\/\/www.stanleypackage.com\/wp-content\/uploads\/2025\/12\/Custom-Cup-Sealing-Film-Wholesale-Jelly-Cup-Lidding-Films-5.webp\" alt=\"\" class=\"wp-image-4061\" srcset=\"https:\/\/www.stanleypackage.com\/wp-content\/uploads\/2025\/12\/Custom-Cup-Sealing-Film-Wholesale-Jelly-Cup-Lidding-Films-5.webp 750w, https:\/\/www.stanleypackage.com\/wp-content\/uploads\/2025\/12\/Custom-Cup-Sealing-Film-Wholesale-Jelly-Cup-Lidding-Films-5-300x300.webp 300w, https:\/\/www.stanleypackage.com\/wp-content\/uploads\/2025\/12\/Custom-Cup-Sealing-Film-Wholesale-Jelly-Cup-Lidding-Films-5-150x150.webp 150w, https:\/\/www.stanleypackage.com\/wp-content\/uploads\/2025\/12\/Custom-Cup-Sealing-Film-Wholesale-Jelly-Cup-Lidding-Films-5-12x12.webp 12w, https:\/\/www.stanleypackage.com\/wp-content\/uploads\/2025\/12\/Custom-Cup-Sealing-Film-Wholesale-Jelly-Cup-Lidding-Films-5-600x600.webp 600w, https:\/\/www.stanleypackage.com\/wp-content\/uploads\/2025\/12\/Custom-Cup-Sealing-Film-Wholesale-Jelly-Cup-Lidding-Films-5-100x100.webp 100w\" sizes=\"(max-width: 750px) 100vw, 750px\" \/><\/figure>\n<\/div>\n\n\n\n<div class=\"wp-block-column is-layout-flow wp-block-column-is-layout-flow\">\n<figure class=\"wp-block-image size-full\"><img decoding=\"async\" width=\"750\" height=\"750\" src=\"https:\/\/www.stanleypackage.com\/wp-content\/uploads\/2025\/12\/Custom-Cup-Sealing-Film-Wholesale-Jelly-Cup-Lidding-Films.webp\" alt=\"\" class=\"wp-image-4062\" srcset=\"https:\/\/www.stanleypackage.com\/wp-content\/uploads\/2025\/12\/Custom-Cup-Sealing-Film-Wholesale-Jelly-Cup-Lidding-Films.webp 750w, https:\/\/www.stanleypackage.com\/wp-content\/uploads\/2025\/12\/Custom-Cup-Sealing-Film-Wholesale-Jelly-Cup-Lidding-Films-300x300.webp 300w, https:\/\/www.stanleypackage.com\/wp-content\/uploads\/2025\/12\/Custom-Cup-Sealing-Film-Wholesale-Jelly-Cup-Lidding-Films-150x150.webp 150w, https:\/\/www.stanleypackage.com\/wp-content\/uploads\/2025\/12\/Custom-Cup-Sealing-Film-Wholesale-Jelly-Cup-Lidding-Films-12x12.webp 12w, https:\/\/www.stanleypackage.com\/wp-content\/uploads\/2025\/12\/Custom-Cup-Sealing-Film-Wholesale-Jelly-Cup-Lidding-Films-600x600.webp 600w, https:\/\/www.stanleypackage.com\/wp-content\/uploads\/2025\/12\/Custom-Cup-Sealing-Film-Wholesale-Jelly-Cup-Lidding-Films-100x100.webp 100w\" sizes=\"(max-width: 750px) 100vw, 750px\" \/><\/figure>\n<\/div>\n<\/div>\n<\/div>\n<\/div>","protected":false},"excerpt":{"rendered":"<p>Nous vous invitons \u00e0 commander des films de scellage de gobelets personnalis\u00e9s. Notre film thermoscellable OEM convient \u00e0 la fermeture de r\u00e9cipients en plastique pour les gobelets \u00e0 confiture, les gobelets \u00e0 dessert, les gobelets \u00e0 cr\u00e8me. Gr\u00e2ce \u00e0 une technique d'impression de haute pr\u00e9cision, nous pouvons proposer des mod\u00e8les personnalis\u00e9s diversifi\u00e9s.<\/p>\n<table style=\"border-collapse: collapse; width: 327.77pt;\" border=\"0\" width=\"437\" cellspacing=\"0\" cellpadding=\"0\">\n<tbody>\n<tr style=\"height: 12.75pt;\">\n<td class=\"et2\" style=\"height: 12.75pt; width: 91.40pt;\" width=\"121\" height=\"17\">Fabricant<\/td>\n<td class=\"et2\" style=\"width: 237.00pt;\" width=\"316\">Stanley<\/td>\n<\/tr>\n<tr style=\"height: 12.75pt;\">\n<td class=\"et2\" style=\"height: 12.75pt; width: 91.40pt;\" width=\"121\" height=\"17\">Types de pochettes<\/td>\n<td class=\"et3\">Film d'\u00e9tanch\u00e9it\u00e9 pour gobelets<\/td>\n<\/tr>\n<tr style=\"height: 12.75pt;\">\n<td class=\"et2\" style=\"height: 12.75pt; width: 91.40pt;\" width=\"121\" height=\"17\">Mat\u00e9riau<\/td>\n<td class=\"et2\" style=\"width: 237.00pt;\" width=\"316\">BOPA15\/MBPE105<\/td>\n<\/tr>\n<tr style=\"height: 12.75pt;\">\n<td class=\"et2\" style=\"height: 12.75pt; width: 91.40pt;\" width=\"121\" height=\"17\">Dossier sp\u00e9cial<\/td>\n<td class=\"et2\" style=\"width: 237.00pt;\" width=\"316\">Emballage automatique<\/td>\n<\/tr>\n<tr style=\"height: 12.75pt;\">\n<td class=\"et2\" style=\"height: 12.75pt; width: 91.40pt;\" width=\"121\" height=\"17\">Manipulation de surface<\/td>\n<td class=\"et2\" style=\"width: 237.00pt;\" width=\"316\">Impression en h\u00e9liogravure<\/td>\n<\/tr>\n<tr style=\"height: 12.75pt;\">\n<td class=\"et2\" style=\"height: 12.75pt; width: 91.40pt;\" width=\"121\" height=\"17\">Couleur<\/td>\n<td class=\"et2\" style=\"width: 237.00pt;\" width=\"316\">Jusqu'\u00e0 10 couleurs<\/td>\n<\/tr>\n<tr style=\"height: 12.75pt;\">\n<td class=\"et2\" style=\"height: 12.75pt; width: 91.40pt;\" width=\"121\" height=\"17\">Utilisation<\/td>\n<td class=\"et3\">Tasse \u00e0 gel\u00e9e, tasse \u00e0 th\u00e9 \u00e0 bulles<\/td>\n<\/tr>\n<tr style=\"height: 12.75pt;\">\n<td class=\"et2\" style=\"height: 12.75pt; width: 91.40pt;\" width=\"121\" height=\"17\">MOQ<\/td>\n<td class=\"et2\" style=\"width: 237.00pt;\" width=\"316\">50 000 pi\u00e8ces<\/td>\n<\/tr>\n<tr style=\"height: 12.75pt;\">\n<td class=\"et2\" style=\"height: 12.75pt; width: 91.40pt;\" width=\"121\" height=\"17\">Commande personnalis\u00e9e<\/td>\n<td class=\"et2\" style=\"width: 237.00pt;\" width=\"316\">Acceptation de l'OEM, prise en charge de l'\u00e9chantillonnage gratuit<\/td>\n<\/tr>\n<\/tbody>\n<\/table>","protected":false},"featured_media":4063,"comment_status":"closed","ping_status":"closed","template":"","meta":{"_acf_changed":false},"product_brand":[],"product_cat":[26,25],"product_tag":[],"class_list":{"0":"post-4060","1":"product","2":"type-product","3":"status-publish","4":"has-post-thumbnail","6":"product_cat-packaging-film-manufacturer","7":"product_cat-lidding-film-manufacturer","8":"pa_food-packaging-snack-food-pouch","10":"first","11":"instock","12":"shipping-taxable","13":"product-type-simple"},"acf":[],"_links":{"self":[{"href":"https:\/\/www.stanleypackage.com\/fr\/wp-json\/wp\/v2\/product\/4060","targetHints":{"allow":["GET"]}}],"collection":[{"href":"https:\/\/www.stanleypackage.com\/fr\/wp-json\/wp\/v2\/product"}],"about":[{"href":"https:\/\/www.stanleypackage.com\/fr\/wp-json\/wp\/v2\/types\/product"}],"replies":[{"embeddable":true,"href":"https:\/\/www.stanleypackage.com\/fr\/wp-json\/wp\/v2\/comments?post=4060"}],"wp:featuredmedia":[{"embeddable":true,"href":"https:\/\/www.stanleypackage.com\/fr\/wp-json\/wp\/v2\/media\/4063"}],"wp:attachment":[{"href":"https:\/\/www.stanleypackage.com\/fr\/wp-json\/wp\/v2\/media?parent=4060"}],"wp:term":[{"taxonomy":"product_brand","embeddable":true,"href":"https:\/\/www.stanleypackage.com\/fr\/wp-json\/wp\/v2\/product_brand?post=4060"},{"taxonomy":"product_cat","embeddable":true,"href":"https:\/\/www.stanleypackage.com\/fr\/wp-json\/wp\/v2\/product_cat?post=4060"},{"taxonomy":"product_tag","embeddable":true,"href":"https:\/\/www.stanleypackage.com\/fr\/wp-json\/wp\/v2\/product_tag?post=4060"}],"curies":[{"name":"wp","href":"https:\/\/api.w.org\/{rel}","templated":true}]}}