{"id":4073,"date":"2025-12-05T02:59:08","date_gmt":"2025-12-05T02:59:08","guid":{"rendered":"https:\/\/www.stanleypackage.com\/?post_type=product&#038;p=4073"},"modified":"2025-12-05T02:59:15","modified_gmt":"2025-12-05T02:59:15","slug":"custom-drink-pouches-wholesale","status":"publish","type":"product","link":"https:\/\/www.stanleypackage.com\/fr\/product\/custom-drink-pouches-wholesale\/","title":{"rendered":"Pochettes \u00e0 boissons personnalis\u00e9es en gros, pochettes \u00e0 boissons \u00e0 bec transparent"},"content":{"rendered":"<div class=\"wp-block-columns is-layout-flex wp-container-core-columns-is-layout-9d6595d7 wp-block-columns-is-layout-flex\">\n<div class=\"wp-block-column is-layout-flow wp-block-column-is-layout-flow\">\n<h2 class=\"wp-block-heading\">Caract\u00e9ristiques des poches \u00e0 boisson personnalis\u00e9es en gros<\/h2>\n\n\n\n<ul class=\"wp-block-list\">\n<li><strong>Clair comme de l'eau de roche, il stimule le d\u00e9sir d'achat : <\/strong>Le corps de la poche et le bec de nos poches \u00e0 boissons personnalis\u00e9es en gros ont une excellente transparence, mettant clairement et vivement en valeur la couleur attrayante de la boisson elle-m\u00eame, attirant imm\u00e9diatement l'attention du consommateur.<\/li>\n\n\n\n<li><strong>Mat\u00e9riau de qualit\u00e9 alimentaire s\u00fbr et fiable :<\/strong> Nos sachets transparents pour boissons en gros utilisent une structure composite PET12\/PE88, conforme aux normes de s\u00e9curit\u00e9 en mati\u00e8re de contact alimentaire. Ce mat\u00e9riau combine de bonnes propri\u00e9t\u00e9s de barri\u00e8re et de r\u00e9sistance, ce qui permet de pr\u00e9server efficacement la fra\u00eecheur et d'assurer un transport s\u00fbr.<\/li>\n\n\n\n<li><strong>Une exp\u00e9rience de consommation pratique et hygi\u00e9nique : <\/strong>Nos poches \u00e0 boissons personnalis\u00e9es sont \u00e9quip\u00e9es d'un bec, faciles \u00e0 ouvrir et \u00e0 fermer avec une bonne \u00e9tanch\u00e9it\u00e9, garantissant une consommation hygi\u00e9nique, contr\u00f4lant le flux, et permettant un transport facile et une refermeture multiple des produits non finis.<\/li>\n\n\n\n<li><strong>Un puissant vecteur d'image de marque : <\/strong>Nous offrons des capacit\u00e9s d'impression recto-verso multi-couleurs de haute pr\u00e9cision pour nos sachets de boissons transparents en gros, ce qui permet une personnalisation compl\u00e8te des motifs, des logos et des informations sur les produits en fonction des exigences de la marque.<\/li>\n\n\n\n<li><strong>Solution mature de personnalisation en masse : <\/strong>Nous fournissons une solution de personnalisation unique pour les poches \u00e0 boisson personnalis\u00e9es en gros, avec un processus de production mature et stable qui peut r\u00e9pondre aux besoins d'achat en gros de gros volumes et de multiples vari\u00e9t\u00e9s.<\/li>\n<\/ul>\n\n\n\n<div class=\"wp-block-columns is-layout-flex wp-container-core-columns-is-layout-9d6595d7 wp-block-columns-is-layout-flex\">\n<div class=\"wp-block-column is-layout-flow wp-block-column-is-layout-flow\">\n<figure class=\"wp-block-image size-full\"><img decoding=\"async\" width=\"679\" height=\"680\" src=\"https:\/\/www.stanleypackage.com\/wp-content\/uploads\/2025\/12\/OEM-Stand-Up-Pouch-with-Spout-for-Drinks-2.jpg\" alt=\"\" class=\"wp-image-4074\" srcset=\"https:\/\/www.stanleypackage.com\/wp-content\/uploads\/2025\/12\/OEM-Stand-Up-Pouch-with-Spout-for-Drinks-2.jpg 679w, https:\/\/www.stanleypackage.com\/wp-content\/uploads\/2025\/12\/OEM-Stand-Up-Pouch-with-Spout-for-Drinks-2-300x300.jpg 300w, https:\/\/www.stanleypackage.com\/wp-content\/uploads\/2025\/12\/OEM-Stand-Up-Pouch-with-Spout-for-Drinks-2-150x150.jpg 150w, https:\/\/www.stanleypackage.com\/wp-content\/uploads\/2025\/12\/OEM-Stand-Up-Pouch-with-Spout-for-Drinks-2-12x12.jpg 12w, https:\/\/www.stanleypackage.com\/wp-content\/uploads\/2025\/12\/OEM-Stand-Up-Pouch-with-Spout-for-Drinks-2-600x601.jpg 600w, https:\/\/www.stanleypackage.com\/wp-content\/uploads\/2025\/12\/OEM-Stand-Up-Pouch-with-Spout-for-Drinks-2-100x100.jpg 100w\" sizes=\"(max-width: 679px) 100vw, 679px\" \/><\/figure>\n<\/div>\n\n\n\n<div class=\"wp-block-column is-layout-flow wp-block-column-is-layout-flow\">\n<figure class=\"wp-block-image size-full\"><img decoding=\"async\" width=\"679\" height=\"680\" src=\"https:\/\/www.stanleypackage.com\/wp-content\/uploads\/2025\/12\/OEM-Stand-Up-Pouch-with-Spout-for-Drinks-3.jpg\" alt=\"\" class=\"wp-image-4075\" srcset=\"https:\/\/www.stanleypackage.com\/wp-content\/uploads\/2025\/12\/OEM-Stand-Up-Pouch-with-Spout-for-Drinks-3.jpg 679w, https:\/\/www.stanleypackage.com\/wp-content\/uploads\/2025\/12\/OEM-Stand-Up-Pouch-with-Spout-for-Drinks-3-300x300.jpg 300w, https:\/\/www.stanleypackage.com\/wp-content\/uploads\/2025\/12\/OEM-Stand-Up-Pouch-with-Spout-for-Drinks-3-150x150.jpg 150w, https:\/\/www.stanleypackage.com\/wp-content\/uploads\/2025\/12\/OEM-Stand-Up-Pouch-with-Spout-for-Drinks-3-12x12.jpg 12w, https:\/\/www.stanleypackage.com\/wp-content\/uploads\/2025\/12\/OEM-Stand-Up-Pouch-with-Spout-for-Drinks-3-600x601.jpg 600w, https:\/\/www.stanleypackage.com\/wp-content\/uploads\/2025\/12\/OEM-Stand-Up-Pouch-with-Spout-for-Drinks-3-100x100.jpg 100w\" sizes=\"(max-width: 679px) 100vw, 679px\" \/><\/figure>\n<\/div>\n<\/div>\n<\/div>\n<\/div>","protected":false},"excerpt":{"rendered":"<p>Bienvenue sur notre site de vente en gros d'emballages transparents pour boissons. Nos poches \u00e0 boissons personnalis\u00e9es sont fabriqu\u00e9es \u00e0 partir de mat\u00e9riaux composites de qualit\u00e9 alimentaire, garantissant la s\u00e9curit\u00e9 et une grande transparence. L'emballage est dot\u00e9 d'un bouchon \u00e0 vis et d'un bec transparent pour une consommation facile et une refermeture multiple.<\/p>\n<table style=\"border-collapse: collapse; width: 312.77pt;\" border=\"0\" width=\"417\" cellspacing=\"0\" cellpadding=\"0\">\n<tbody>\n<tr style=\"height: 12.75pt;\">\n<td class=\"et2\" style=\"height: 12.75pt; width: 91.40pt;\" width=\"121\" height=\"17\">Fabricant<\/td>\n<td class=\"et2\" style=\"width: 222.00pt;\" width=\"296\">Stanley<\/td>\n<\/tr>\n<tr style=\"height: 12.75pt;\">\n<td class=\"et2\" style=\"height: 12.75pt; width: 91.40pt;\" width=\"121\" height=\"17\">Types de pochettes<\/td>\n<td class=\"et3\">Pochette avec bec verseur<\/td>\n<\/tr>\n<tr style=\"height: 12.75pt;\">\n<td class=\"et2\" style=\"height: 12.75pt; width: 91.40pt;\" width=\"121\" height=\"17\">Mat\u00e9riau<\/td>\n<td class=\"et2\" style=\"width: 222.00pt;\" width=\"296\">PET12\/PE88<\/td>\n<\/tr>\n<tr style=\"height: 12.75pt;\">\n<td class=\"et2\" style=\"height: 12.75pt; width: 91.40pt;\" width=\"121\" height=\"17\">Dossier sp\u00e9cial<\/td>\n<td class=\"et2\" style=\"width: 222.00pt;\" width=\"296\">Bec, fond autoportant<\/td>\n<\/tr>\n<tr style=\"height: 12.75pt;\">\n<td class=\"et2\" style=\"height: 12.75pt; width: 91.40pt;\" width=\"121\" height=\"17\">Manipulation de surface<\/td>\n<td class=\"et2\" style=\"width: 222.00pt;\" width=\"296\">Impression en h\u00e9liogravure<\/td>\n<\/tr>\n<tr style=\"height: 12.75pt;\">\n<td class=\"et2\" style=\"height: 12.75pt; width: 91.40pt;\" width=\"121\" height=\"17\">Couleur<\/td>\n<td class=\"et2\" style=\"width: 222.00pt;\" width=\"296\">Jusqu'\u00e0 10 couleurs<\/td>\n<\/tr>\n<tr style=\"height: 12.75pt;\">\n<td class=\"et2\" style=\"height: 12.75pt; width: 91.40pt;\" width=\"121\" height=\"17\">Utilisation<\/td>\n<td class=\"et3\">Jus, caf\u00e9, gel\u00e9e<\/td>\n<\/tr>\n<tr style=\"height: 12.75pt;\">\n<td class=\"et2\" style=\"height: 12.75pt; width: 91.40pt;\" width=\"121\" height=\"17\">MOQ<\/td>\n<td class=\"et2\" style=\"width: 222.00pt;\" width=\"296\">50 000 pi\u00e8ces<\/td>\n<\/tr>\n<tr style=\"height: 12.75pt;\">\n<td class=\"et2\" style=\"height: 12.75pt; width: 91.40pt;\" width=\"121\" height=\"17\">Commande personnalis\u00e9e<\/td>\n<td class=\"et2\" style=\"width: 222.00pt;\" width=\"296\">Acceptation de l'OEM, prise en charge de l'\u00e9chantillonnage gratuit<\/td>\n<\/tr>\n<\/tbody>\n<\/table>\n<p>&nbsp;<\/p>","protected":false},"featured_media":4076,"comment_status":"closed","ping_status":"closed","template":"","meta":{"_acf_changed":false},"product_brand":[],"product_cat":[32],"product_tag":[],"class_list":{"0":"post-4073","1":"product","2":"type-product","3":"status-publish","4":"has-post-thumbnail","6":"product_cat-spout-pouch-manufacturer","7":"pa_food-packaging-drink-beverage-pouch","9":"first","10":"instock","11":"shipping-taxable","12":"product-type-simple"},"acf":[],"_links":{"self":[{"href":"https:\/\/www.stanleypackage.com\/fr\/wp-json\/wp\/v2\/product\/4073","targetHints":{"allow":["GET"]}}],"collection":[{"href":"https:\/\/www.stanleypackage.com\/fr\/wp-json\/wp\/v2\/product"}],"about":[{"href":"https:\/\/www.stanleypackage.com\/fr\/wp-json\/wp\/v2\/types\/product"}],"replies":[{"embeddable":true,"href":"https:\/\/www.stanleypackage.com\/fr\/wp-json\/wp\/v2\/comments?post=4073"}],"wp:featuredmedia":[{"embeddable":true,"href":"https:\/\/www.stanleypackage.com\/fr\/wp-json\/wp\/v2\/media\/4076"}],"wp:attachment":[{"href":"https:\/\/www.stanleypackage.com\/fr\/wp-json\/wp\/v2\/media?parent=4073"}],"wp:term":[{"taxonomy":"product_brand","embeddable":true,"href":"https:\/\/www.stanleypackage.com\/fr\/wp-json\/wp\/v2\/product_brand?post=4073"},{"taxonomy":"product_cat","embeddable":true,"href":"https:\/\/www.stanleypackage.com\/fr\/wp-json\/wp\/v2\/product_cat?post=4073"},{"taxonomy":"product_tag","embeddable":true,"href":"https:\/\/www.stanleypackage.com\/fr\/wp-json\/wp\/v2\/product_tag?post=4073"}],"curies":[{"name":"wp","href":"https:\/\/api.w.org\/{rel}","templated":true}]}}