{"id":4079,"date":"2025-12-05T02:48:32","date_gmt":"2025-12-05T02:48:32","guid":{"rendered":"https:\/\/www.stanleypackage.com\/?post_type=product&#038;p=4079"},"modified":"2025-12-05T02:48:37","modified_gmt":"2025-12-05T02:48:37","slug":"resealable-stand-up-pouch-wholesale","status":"publish","type":"product","link":"https:\/\/www.stanleypackage.com\/fr\/product\/resealable-stand-up-pouch-wholesale\/","title":{"rendered":"OEM Pochette herm\u00e9tique en gros pour les produits de lessive en poudre"},"content":{"rendered":"<div class=\"wp-block-columns is-layout-flex wp-container-core-columns-is-layout-9d6595d7 wp-block-columns-is-layout-flex\">\n<div class=\"wp-block-column is-layout-flow wp-block-column-is-layout-flow\">\n<h2 class=\"wp-block-heading\">Caract\u00e9ristiques de la pochette refermable de vente en gros<\/h2>\n\n\n\n<ul class=\"wp-block-list\">\n<li><strong>Mat\u00e9riau composite \u00e0 haute barri\u00e8re : <\/strong>Cette pochette refermable se caract\u00e9rise par une structure composite \u00e0 trois couches de BOPP28\/VMPET12\/PE55. La couche de VMPET offre un \u00e9clat m\u00e9tallique brillant et un effet de barri\u00e8re UV, prot\u00e9geant efficacement l'activit\u00e9 et le parfum du contenu.<\/li>\n\n\n\n<li><strong>Compatibilit\u00e9 efficace de la production automatis\u00e9e : <\/strong>Nos sachets \u00e0 fermeture \u00e0 glissi\u00e8re sont \u00e9quip\u00e9s d'une ouverture sup\u00e9rieure, optimis\u00e9e pour les lignes de production automatis\u00e9es \u00e0 grande vitesse, ce qui am\u00e9liore consid\u00e9rablement l'efficacit\u00e9 du remplissage et la pr\u00e9cision du scellage.<\/li>\n\n\n\n<li><strong>Conception conviviale et pratique :<\/strong> Cette pochette refermable est dot\u00e9e d'une encoche facile \u00e0 d\u00e9chirer et d'une fermeture \u00e0 glissi\u00e8re refermable. L'encoche permet une ouverture facile et pratique. La fermeture \u00e0 glissi\u00e8re garantit une fermeture herm\u00e9tique apr\u00e8s utilisation, emp\u00eachant les dosettes de s'humidifier et de se d\u00e9t\u00e9riorer, ce qui am\u00e9liore consid\u00e9rablement l'exp\u00e9rience de l'utilisateur et la fra\u00eecheur du produit.<\/li>\n\n\n\n<li><strong>Excellent effet de pr\u00e9sentation sur les \u00e9tag\u00e8res :<\/strong> Le trou de suspension situ\u00e9 en haut de nos pochettes \u00e0 fermeture \u00e0 glissi\u00e8re permet de les adapter de mani\u00e8re flexible aux \u00e9tag\u00e8res suspendues dans divers environnements de vente au d\u00e9tail tels que les supermarch\u00e9s et les magasins de proximit\u00e9.<\/li>\n\n\n\n<li><strong>De fortes capacit\u00e9s de personnalisation de la marque : <\/strong>En tant que produit OEM\/ODM, cette pochette refermable peut \u00eatre imprim\u00e9e recto-verso avec une grande pr\u00e9cision et en plusieurs couleurs. Elle peut \u00eatre enti\u00e8rement personnalis\u00e9e avec des motifs, des textes et des marquages fonctionnels en fonction des besoins du client.<\/li>\n<\/ul>\n\n\n\n<div class=\"wp-block-columns is-layout-flex wp-container-core-columns-is-layout-9d6595d7 wp-block-columns-is-layout-flex\">\n<div class=\"wp-block-column is-layout-flow wp-block-column-is-layout-flow\">\n<figure class=\"wp-block-image size-full\"><img decoding=\"async\" width=\"750\" height=\"750\" src=\"https:\/\/www.stanleypackage.com\/wp-content\/uploads\/2025\/12\/Custom-Resealable-Stand-Up-Pouches-Wholesale-Laundry-Pods-Packaging-Bag-2.webp\" alt=\"OEM Pochette herm\u00e9tique en gros pour les produits de lessive en poudre\" class=\"wp-image-4080\" srcset=\"https:\/\/www.stanleypackage.com\/wp-content\/uploads\/2025\/12\/Custom-Resealable-Stand-Up-Pouches-Wholesale-Laundry-Pods-Packaging-Bag-2.webp 750w, https:\/\/www.stanleypackage.com\/wp-content\/uploads\/2025\/12\/Custom-Resealable-Stand-Up-Pouches-Wholesale-Laundry-Pods-Packaging-Bag-2-300x300.webp 300w, https:\/\/www.stanleypackage.com\/wp-content\/uploads\/2025\/12\/Custom-Resealable-Stand-Up-Pouches-Wholesale-Laundry-Pods-Packaging-Bag-2-150x150.webp 150w, https:\/\/www.stanleypackage.com\/wp-content\/uploads\/2025\/12\/Custom-Resealable-Stand-Up-Pouches-Wholesale-Laundry-Pods-Packaging-Bag-2-12x12.webp 12w, https:\/\/www.stanleypackage.com\/wp-content\/uploads\/2025\/12\/Custom-Resealable-Stand-Up-Pouches-Wholesale-Laundry-Pods-Packaging-Bag-2-600x600.webp 600w, https:\/\/www.stanleypackage.com\/wp-content\/uploads\/2025\/12\/Custom-Resealable-Stand-Up-Pouches-Wholesale-Laundry-Pods-Packaging-Bag-2-100x100.webp 100w\" sizes=\"(max-width: 750px) 100vw, 750px\" \/><\/figure>\n<\/div>\n\n\n\n<div class=\"wp-block-column is-layout-flow wp-block-column-is-layout-flow\">\n<figure class=\"wp-block-image size-full\"><img decoding=\"async\" width=\"750\" height=\"750\" src=\"https:\/\/www.stanleypackage.com\/wp-content\/uploads\/2025\/12\/Custom-Resealable-Stand-Up-Pouches-Wholesale-Laundry-Pods-Packaging-Bag-4-1.webp\" alt=\"\" class=\"wp-image-4083\" srcset=\"https:\/\/www.stanleypackage.com\/wp-content\/uploads\/2025\/12\/Custom-Resealable-Stand-Up-Pouches-Wholesale-Laundry-Pods-Packaging-Bag-4-1.webp 750w, https:\/\/www.stanleypackage.com\/wp-content\/uploads\/2025\/12\/Custom-Resealable-Stand-Up-Pouches-Wholesale-Laundry-Pods-Packaging-Bag-4-1-300x300.webp 300w, https:\/\/www.stanleypackage.com\/wp-content\/uploads\/2025\/12\/Custom-Resealable-Stand-Up-Pouches-Wholesale-Laundry-Pods-Packaging-Bag-4-1-150x150.webp 150w, https:\/\/www.stanleypackage.com\/wp-content\/uploads\/2025\/12\/Custom-Resealable-Stand-Up-Pouches-Wholesale-Laundry-Pods-Packaging-Bag-4-1-12x12.webp 12w, https:\/\/www.stanleypackage.com\/wp-content\/uploads\/2025\/12\/Custom-Resealable-Stand-Up-Pouches-Wholesale-Laundry-Pods-Packaging-Bag-4-1-600x600.webp 600w, https:\/\/www.stanleypackage.com\/wp-content\/uploads\/2025\/12\/Custom-Resealable-Stand-Up-Pouches-Wholesale-Laundry-Pods-Packaging-Bag-4-1-100x100.webp 100w\" sizes=\"(max-width: 750px) 100vw, 750px\" \/><\/figure>\n<\/div>\n<\/div>\n<\/div>\n<\/div>\n\n\n\n<p><\/p>","protected":false},"excerpt":{"rendered":"<p>Bienvenue dans les pochettes \u00e0 fermeture \u00e9clair personnalis\u00e9es. Notre pochette refermable est sp\u00e9cialement con\u00e7ue pour les dosettes de d\u00e9tergent \u00e0 lessive. Elle comporte une ouverture de remplissage en haut, une encoche facile \u00e0 d\u00e9chirer, une fermeture \u00e0 glissi\u00e8re refermable et un trou de suspension pour une pr\u00e9sentation et une utilisation pratiques.<\/p>\n<table style=\"border-collapse: collapse; width: 365.02pt;\" border=\"0\" width=\"365\" cellspacing=\"0\" cellpadding=\"0\">\n<tbody>\n<tr style=\"height: 16.00pt;\">\n<td class=\"et2\" style=\"height: 16.00pt; width: 97.50pt;\" width=\"97\" height=\"16\">Fabricant<\/td>\n<td class=\"et2\" style=\"width: 267.50pt;\" width=\"267\">Stanley<\/td>\n<\/tr>\n<tr style=\"height: 16.00pt;\">\n<td class=\"et2\" style=\"height: 16.00pt; width: 97.50pt;\" width=\"97\" height=\"16\">Types de pochettes<\/td>\n<td class=\"et2\" style=\"width: 267.50pt;\" width=\"267\">Stand Up Pouch, pochette \u00e0 fermeture \u00e9clair<\/td>\n<\/tr>\n<tr style=\"height: 16.00pt;\">\n<td class=\"et2\" style=\"height: 16.00pt; width: 97.50pt;\" width=\"97\" height=\"16\">Mat\u00e9riau<\/td>\n<td class=\"et2\" style=\"width: 267.50pt;\" width=\"267\">BOPP28\/VMPET12\/PE55<\/td>\n<\/tr>\n<tr style=\"height: 16.00pt;\">\n<td class=\"et2\" style=\"height: 16.00pt; width: 97.50pt;\" width=\"97\" height=\"16\">Dossier sp\u00e9cial<\/td>\n<td class=\"et2\" style=\"width: 267.50pt;\" width=\"267\">Remplissage par le haut, encoche de d\u00e9chirure, fermeture \u00e0 glissi\u00e8re, trou de suspension<\/td>\n<\/tr>\n<tr style=\"height: 16.00pt;\">\n<td class=\"et2\" style=\"height: 16.00pt; width: 97.50pt;\" width=\"97\" height=\"16\">Manipulation de surface<\/td>\n<td class=\"et2\" style=\"width: 267.50pt;\" width=\"267\">Impression en h\u00e9liogravure<\/td>\n<\/tr>\n<tr style=\"height: 16.00pt;\">\n<td class=\"et2\" style=\"height: 16.00pt; width: 97.50pt;\" width=\"97\" height=\"16\">Couleur<\/td>\n<td class=\"et2\" style=\"width: 267.50pt;\" width=\"267\">Impression recto-verso, jusqu'\u00e0 10 couleurs<\/td>\n<\/tr>\n<tr style=\"height: 16.00pt;\">\n<td class=\"et2\" style=\"height: 16.00pt; width: 97.50pt;\" width=\"97\" height=\"16\">Utilisation<\/td>\n<td class=\"et2\" style=\"width: 267.50pt;\" width=\"267\">Landry D\u00e9tergent en dosettes, poudre \u00e0 laver, savon\u00a0<\/td>\n<\/tr>\n<tr style=\"height: 16.00pt;\">\n<td class=\"et2\" style=\"height: 16.00pt; width: 97.50pt;\" width=\"97\" height=\"16\">MOQ<\/td>\n<td class=\"et2\" style=\"width: 267.50pt;\" width=\"267\">50 000 pi\u00e8ces<\/td>\n<\/tr>\n<tr style=\"height: 16.00pt;\">\n<td class=\"et2\" style=\"height: 16.00pt; width: 97.50pt;\" width=\"97\" height=\"16\">Commande personnalis\u00e9e<\/td>\n<td class=\"et2\" style=\"width: 267.50pt;\" width=\"267\">Acceptation de l'OEM, prise en charge de l'\u00e9chantillonnage gratuit<\/td>\n<\/tr>\n<\/tbody>\n<\/table>","protected":false},"featured_media":4085,"comment_status":"closed","ping_status":"closed","template":"","meta":{"_acf_changed":false},"product_brand":[],"product_cat":[30,18],"product_tag":[],"class_list":{"0":"post-4079","1":"product","2":"type-product","3":"status-publish","4":"has-post-thumbnail","6":"product_cat-stand-up-pouch-manufacturer","7":"product_cat-zipper-pouch-manufacturer","8":"pa_non-food-packaging-soap-detergent-pouches","10":"first","11":"instock","12":"shipping-taxable","13":"product-type-simple"},"acf":[],"_links":{"self":[{"href":"https:\/\/www.stanleypackage.com\/fr\/wp-json\/wp\/v2\/product\/4079","targetHints":{"allow":["GET"]}}],"collection":[{"href":"https:\/\/www.stanleypackage.com\/fr\/wp-json\/wp\/v2\/product"}],"about":[{"href":"https:\/\/www.stanleypackage.com\/fr\/wp-json\/wp\/v2\/types\/product"}],"replies":[{"embeddable":true,"href":"https:\/\/www.stanleypackage.com\/fr\/wp-json\/wp\/v2\/comments?post=4079"}],"wp:featuredmedia":[{"embeddable":true,"href":"https:\/\/www.stanleypackage.com\/fr\/wp-json\/wp\/v2\/media\/4085"}],"wp:attachment":[{"href":"https:\/\/www.stanleypackage.com\/fr\/wp-json\/wp\/v2\/media?parent=4079"}],"wp:term":[{"taxonomy":"product_brand","embeddable":true,"href":"https:\/\/www.stanleypackage.com\/fr\/wp-json\/wp\/v2\/product_brand?post=4079"},{"taxonomy":"product_cat","embeddable":true,"href":"https:\/\/www.stanleypackage.com\/fr\/wp-json\/wp\/v2\/product_cat?post=4079"},{"taxonomy":"product_tag","embeddable":true,"href":"https:\/\/www.stanleypackage.com\/fr\/wp-json\/wp\/v2\/product_tag?post=4079"}],"curies":[{"name":"wp","href":"https:\/\/api.w.org\/{rel}","templated":true}]}}