{"id":4088,"date":"2025-12-11T03:48:34","date_gmt":"2025-12-11T03:48:34","guid":{"rendered":"https:\/\/www.stanleypackage.com\/?post_type=product&#038;p=4088"},"modified":"2025-12-11T03:48:45","modified_gmt":"2025-12-11T03:48:45","slug":"shrink-sleeves-for-bottles","status":"publish","type":"product","link":"https:\/\/www.stanleypackage.com\/fr\/product\/shrink-sleeves-for-bottles\/","title":{"rendered":"Manchons r\u00e9tractables personnalis\u00e9s pour bouteilles, impression haute d\u00e9finition"},"content":{"rendered":"<div class=\"wp-block-columns is-layout-flex wp-container-core-columns-is-layout-9d6595d7 wp-block-columns-is-layout-flex\">\n<div class=\"wp-block-column is-layout-flow wp-block-column-is-layout-flow\">\n<h2 class=\"wp-block-heading\">Caract\u00e9ristiques des manchons thermor\u00e9tractables personnalis\u00e9s pour bouteilles<\/h2>\n\n\n\n<ul class=\"wp-block-list\">\n<li><strong>Excellent effet d\u00e9coratif et pr\u00e9sentation de la marque : <\/strong>Nous utilisons un processus d'impression haute d\u00e9finition pour cr\u00e9er une impression personnalis\u00e9e pour nos manchons r\u00e9tractables pour bouteilles, ce qui permet de produire des motifs tr\u00e8s d\u00e9taill\u00e9s, des d\u00e9grad\u00e9s ou de petits textes sur votre bouteille. Cela permet d'obtenir une image vibrante et de haute qualit\u00e9 qui renforce l'attrait du produit en rayon.<\/li>\n\n\n\n<li><strong>Adaptabilit\u00e9 sup\u00e9rieure des bouteilles : <\/strong>Ce film thermor\u00e9tractable imprim\u00e9 personnalis\u00e9 utilise un mat\u00e9riau PET ayant un taux de r\u00e9traction \u00e9lev\u00e9, ce qui lui permet de se r\u00e9tracter \u00e9troitement et en douceur autour de bouteilles de diff\u00e9rentes formes apr\u00e8s chauffage, am\u00e9liorant ainsi la qualit\u00e9 globale de l'emballage.<\/li>\n\n\n\n<li><strong>Communication efficace d'informations sur les produits et d'arguments de vente : <\/strong>Nos manchons r\u00e9tractables personnalis\u00e9s pour bouteilles offrent une surface d'impression continue \u00e0 360 degr\u00e9s, permettant l'affichage complet de l'histoire de la marque, des informations sur les ingr\u00e9dients, des avantages li\u00e9s \u00e0 l'utilisation et des informations multilingues, devenant ainsi un moyen essentiel de communication avec les consommateurs.<\/li>\n\n\n\n<li><strong>Fonction anti-contrefa\u00e7on et inviolabilit\u00e9 : <\/strong>En tant qu'\u00e9tiquette d'emballage \u00e0 usage unique, notre film thermor\u00e9tractable imprim\u00e9 personnalis\u00e9, une fois endommag\u00e9, ne peut pas \u00eatre restaur\u00e9, emp\u00eachant efficacement les produits d'\u00eatre ouverts ou falsifi\u00e9s, prot\u00e9geant ainsi les int\u00e9r\u00eats de la marque et du consommateur. Elles sont souvent associ\u00e9es \u00e0 des bouchons de bouteille pour assurer les fonctions d'antivol et d'inviolabilit\u00e9.<\/li>\n\n\n\n<li><strong>Production efficace et potentiel environnemental : <\/strong>Nos manchons r\u00e9tractables personnalis\u00e9s pour bouteilles conviennent aux lignes de production d'\u00e9tiquetage automatis\u00e9es \u00e0 grande vitesse, am\u00e9liorant ainsi l'efficacit\u00e9 de l'emballage. Le mat\u00e9riau PET est recyclable, ce qui permet de se conformer aux tendances en mati\u00e8re d'emballage respectueux de l'environnement et d'aider les marques \u00e0 se forger une image sociale verte et responsable.<\/li>\n\n\n\n<li><strong>Emballage compact, facile \u00e0 transporter : <\/strong>Notre film thermor\u00e9tractable imprim\u00e9 personnalis\u00e9 pour flacons de d\u00e9sinfectant pour les mains est compact et pratique \u00e0 transporter lors des sorties, ce qui en fait le meilleur choix pour les tenues de voyage.<\/li>\n<\/ul>\n\n\n\n<div class=\"wp-block-columns is-layout-flex wp-container-core-columns-is-layout-9d6595d7 wp-block-columns-is-layout-flex\">\n<div class=\"wp-block-column is-layout-flow wp-block-column-is-layout-flow\">\n<figure class=\"wp-block-image size-full\"><img decoding=\"async\" width=\"2079\" height=\"2035\" src=\"https:\/\/www.stanleypackage.com\/wp-content\/uploads\/2025\/12\/Wholesale-Custom-Shrink-Film-Travel-Heat-Shrink-Sleeves-For-Hand-Sanitizer-Bottles.webp\" alt=\"\" class=\"wp-image-4089\" srcset=\"https:\/\/www.stanleypackage.com\/wp-content\/uploads\/2025\/12\/Wholesale-Custom-Shrink-Film-Travel-Heat-Shrink-Sleeves-For-Hand-Sanitizer-Bottles.webp 2079w, https:\/\/www.stanleypackage.com\/wp-content\/uploads\/2025\/12\/Wholesale-Custom-Shrink-Film-Travel-Heat-Shrink-Sleeves-For-Hand-Sanitizer-Bottles-300x294.webp 300w, https:\/\/www.stanleypackage.com\/wp-content\/uploads\/2025\/12\/Wholesale-Custom-Shrink-Film-Travel-Heat-Shrink-Sleeves-For-Hand-Sanitizer-Bottles-768x752.webp 768w, https:\/\/www.stanleypackage.com\/wp-content\/uploads\/2025\/12\/Wholesale-Custom-Shrink-Film-Travel-Heat-Shrink-Sleeves-For-Hand-Sanitizer-Bottles-12x12.webp 12w, https:\/\/www.stanleypackage.com\/wp-content\/uploads\/2025\/12\/Wholesale-Custom-Shrink-Film-Travel-Heat-Shrink-Sleeves-For-Hand-Sanitizer-Bottles-1200x1175.webp 1200w, https:\/\/www.stanleypackage.com\/wp-content\/uploads\/2025\/12\/Wholesale-Custom-Shrink-Film-Travel-Heat-Shrink-Sleeves-For-Hand-Sanitizer-Bottles-600x587.webp 600w\" sizes=\"(max-width: 2079px) 100vw, 2079px\" \/><\/figure>\n<\/div>\n\n\n\n<div class=\"wp-block-column is-layout-flow wp-block-column-is-layout-flow\">\n<figure class=\"wp-block-image size-full\"><img decoding=\"async\" width=\"2079\" height=\"2035\" src=\"https:\/\/www.stanleypackage.com\/wp-content\/uploads\/2025\/12\/Wholesale-Custom-Shrink-Film-Travel-Heat-Shrink-Sleeves-For-Hand-Sanitizer-Bottles-3.webp\" alt=\"\" class=\"wp-image-4090\" srcset=\"https:\/\/www.stanleypackage.com\/wp-content\/uploads\/2025\/12\/Wholesale-Custom-Shrink-Film-Travel-Heat-Shrink-Sleeves-For-Hand-Sanitizer-Bottles-3.webp 2079w, https:\/\/www.stanleypackage.com\/wp-content\/uploads\/2025\/12\/Wholesale-Custom-Shrink-Film-Travel-Heat-Shrink-Sleeves-For-Hand-Sanitizer-Bottles-3-300x294.webp 300w, https:\/\/www.stanleypackage.com\/wp-content\/uploads\/2025\/12\/Wholesale-Custom-Shrink-Film-Travel-Heat-Shrink-Sleeves-For-Hand-Sanitizer-Bottles-3-768x752.webp 768w, https:\/\/www.stanleypackage.com\/wp-content\/uploads\/2025\/12\/Wholesale-Custom-Shrink-Film-Travel-Heat-Shrink-Sleeves-For-Hand-Sanitizer-Bottles-3-12x12.webp 12w, https:\/\/www.stanleypackage.com\/wp-content\/uploads\/2025\/12\/Wholesale-Custom-Shrink-Film-Travel-Heat-Shrink-Sleeves-For-Hand-Sanitizer-Bottles-3-1200x1175.webp 1200w, https:\/\/www.stanleypackage.com\/wp-content\/uploads\/2025\/12\/Wholesale-Custom-Shrink-Film-Travel-Heat-Shrink-Sleeves-For-Hand-Sanitizer-Bottles-3-600x587.webp 600w\" sizes=\"(max-width: 2079px) 100vw, 2079px\" \/><\/figure>\n<\/div>\n<\/div>\n<\/div>\n<\/div>","protected":false},"excerpt":{"rendered":"<p>Nous vous invitons \u00e0 commander des gaines thermor\u00e9tractables personnalis\u00e9es pour bouteilles. Nos films thermor\u00e9tractables imprim\u00e9s personnalis\u00e9s sont fabriqu\u00e9s \u00e0 partir de film PET \u00e0 r\u00e9traction \u00e9lev\u00e9e et utilisent une technologie d'impression haute d\u00e9finition, s'adaptant parfaitement \u00e0 diverses bouteilles de forme irr\u00e9guli\u00e8re.<\/p>\n<table style=\"border-collapse: collapse; width: 365.02pt;\" border=\"0\" width=\"365\" cellspacing=\"0\" cellpadding=\"0\">\n<tbody>\n<tr style=\"height: 16.00pt;\">\n<td class=\"et2\" style=\"height: 16.00pt; width: 97.50pt;\" width=\"97\" height=\"16\">Fabricant<\/td>\n<td class=\"et2\" style=\"width: 267.50pt;\" width=\"267\">Stanley<\/td>\n<\/tr>\n<tr style=\"height: 16.00pt;\">\n<td class=\"et2\" style=\"height: 16.00pt; width: 97.50pt;\" width=\"97\" height=\"16\">Types de pochettes<\/td>\n<td class=\"et3\">Manchons thermor\u00e9tractables Film<\/td>\n<\/tr>\n<tr style=\"height: 16.00pt;\">\n<td class=\"et2\" style=\"height: 16.00pt; width: 97.50pt;\" width=\"97\" height=\"16\">Mat\u00e9riau<\/td>\n<td class=\"et2\" style=\"width: 267.50pt;\" width=\"267\">PET<\/td>\n<\/tr>\n<tr style=\"height: 31.00pt;\">\n<td class=\"et2\" style=\"height: 31.00pt; width: 97.50pt;\" width=\"97\" height=\"31\">Dossier sp\u00e9cial<\/td>\n<td class=\"et2\" style=\"width: 267.50pt;\" width=\"267\">Taux de r\u00e9traction \u00e9lev\u00e9, impression haute d\u00e9finition<\/td>\n<\/tr>\n<tr style=\"height: 16.00pt;\">\n<td class=\"et2\" style=\"height: 16.00pt; width: 97.50pt;\" width=\"97\" height=\"16\">Manipulation de surface<\/td>\n<td class=\"et2\" style=\"width: 267.50pt;\" width=\"267\">Impression en h\u00e9liogravure<\/td>\n<\/tr>\n<tr style=\"height: 16.00pt;\">\n<td class=\"et2\" style=\"height: 16.00pt; width: 97.50pt;\" width=\"97\" height=\"16\">Couleur<\/td>\n<td class=\"et2\" style=\"width: 267.50pt;\" width=\"267\">Jusqu'\u00e0 10 couleurs<\/td>\n<\/tr>\n<tr style=\"height: 16.00pt;\">\n<td class=\"et2\" style=\"height: 16.00pt; width: 97.50pt;\" width=\"97\" height=\"16\">Utilisation<\/td>\n<td class=\"et2\" style=\"width: 267.50pt;\" width=\"267\">D\u00e9sinfectant pour les mains, Shampooing, Lotion pour le corps, Nettoyant pour le visage, Cr\u00e8me de gommage, D\u00e9tergent<\/td>\n<\/tr>\n<tr style=\"height: 16.00pt;\">\n<td class=\"et2\" style=\"height: 16.00pt; width: 97.50pt;\" width=\"97\" height=\"16\">MOQ<\/td>\n<td class=\"et2\" style=\"width: 267.50pt;\" width=\"267\">50 000 pi\u00e8ces<\/td>\n<\/tr>\n<tr style=\"height: 16.00pt;\">\n<td class=\"et2\" style=\"height: 16.00pt; width: 97.50pt;\" width=\"97\" height=\"16\">Commande personnalis\u00e9e<\/td>\n<td class=\"et2\" style=\"width: 267.50pt;\" width=\"267\">Acceptation de l'OEM , \u00c9chantillon gratuit<\/td>\n<\/tr>\n<\/tbody>\n<\/table>","protected":false},"featured_media":4091,"comment_status":"closed","ping_status":"closed","template":"","meta":{"_acf_changed":false},"product_brand":[],"product_cat":[72],"product_tag":[],"class_list":{"0":"post-4088","1":"product","2":"type-product","3":"status-publish","4":"has-post-thumbnail","6":"product_cat-shrink-film-manufacturer","7":"pa_non-food-packaging-soap-detergent-pouches","9":"first","10":"instock","11":"shipping-taxable","12":"product-type-simple"},"acf":[],"_links":{"self":[{"href":"https:\/\/www.stanleypackage.com\/fr\/wp-json\/wp\/v2\/product\/4088","targetHints":{"allow":["GET"]}}],"collection":[{"href":"https:\/\/www.stanleypackage.com\/fr\/wp-json\/wp\/v2\/product"}],"about":[{"href":"https:\/\/www.stanleypackage.com\/fr\/wp-json\/wp\/v2\/types\/product"}],"replies":[{"embeddable":true,"href":"https:\/\/www.stanleypackage.com\/fr\/wp-json\/wp\/v2\/comments?post=4088"}],"wp:featuredmedia":[{"embeddable":true,"href":"https:\/\/www.stanleypackage.com\/fr\/wp-json\/wp\/v2\/media\/4091"}],"wp:attachment":[{"href":"https:\/\/www.stanleypackage.com\/fr\/wp-json\/wp\/v2\/media?parent=4088"}],"wp:term":[{"taxonomy":"product_brand","embeddable":true,"href":"https:\/\/www.stanleypackage.com\/fr\/wp-json\/wp\/v2\/product_brand?post=4088"},{"taxonomy":"product_cat","embeddable":true,"href":"https:\/\/www.stanleypackage.com\/fr\/wp-json\/wp\/v2\/product_cat?post=4088"},{"taxonomy":"product_tag","embeddable":true,"href":"https:\/\/www.stanleypackage.com\/fr\/wp-json\/wp\/v2\/product_tag?post=4088"}],"curies":[{"name":"wp","href":"https:\/\/api.w.org\/{rel}","templated":true}]}}