{"id":4099,"date":"2025-12-11T03:56:54","date_gmt":"2025-12-11T03:56:54","guid":{"rendered":"https:\/\/www.stanleypackage.com\/?post_type=product&#038;p=4099"},"modified":"2025-12-11T03:57:24","modified_gmt":"2025-12-11T03:57:24","slug":"custom-stand-up-pouches-with-window","status":"publish","type":"product","link":"https:\/\/www.stanleypackage.com\/fr\/product\/custom-stand-up-pouches-with-window\/","title":{"rendered":"Sachets sur mesure avec fen\u00eatre pour l'emballage d'aliments s\u00e9ch\u00e9s"},"content":{"rendered":"<div class=\"wp-block-columns is-layout-flex wp-container-core-columns-is-layout-9d6595d7 wp-block-columns-is-layout-flex\">\n<div class=\"wp-block-column is-layout-flow wp-block-column-is-layout-flow\">\n<h2 class=\"wp-block-heading\">Caract\u00e9ristiques des pochettes sur mesure avec fen\u00eatre<\/h2>\n\n\n\n<ul class=\"wp-block-list\">\n<li><strong>Fen\u00eatre transparente haute d\u00e9finition : <\/strong>Ces sachets personnalis\u00e9s avec fen\u00eatre permettent aux clients de voir la forme et la couleur des snacks \u00e0 l'int\u00e9rieur. Cela donne confiance aux consommateurs lors de l'achat du produit et augmente l'attrait du produit.<\/li>\n\n\n\n<li><strong>Mat\u00e9riau composite de haute qualit\u00e9 : <\/strong>Nos sachets d'aliments d\u00e9shydrat\u00e9s en gros utilisent une structure composite \u00e0 trois couches MOPP\/PET\/PE, offrant une excellente r\u00e9sistance \u00e0 l'humidit\u00e9, des propri\u00e9t\u00e9s de barri\u00e8re et une r\u00e9sistance \u00e0 l'abrasion, garantissant la fra\u00eecheur et la s\u00e9curit\u00e9 du stockage des en-cas.<\/li>\n\n\n\n<li><strong>Conception d'une pochette portative \u00e0 hauteur d'homme : <\/strong>La conception solide de la partie inf\u00e9rieure de nos pochettes \u00e0 fen\u00eatre facilite la mise en rayon ; la partie sup\u00e9rieure est munie de trous de suspension, ce qui permet de l'utiliser aussi bien en position verticale que suspendue, offrant ainsi une grande praticit\u00e9.<\/li>\n\n\n\n<li><strong>Service de personnalisation complet :<\/strong> Nos sachets d'aliments s\u00e9ch\u00e9s en gros peuvent \u00eatre personnalis\u00e9s pour r\u00e9pondre \u00e0 vos besoins sp\u00e9cifiques en sp\u00e9cifiant la taille et le mat\u00e9riau, ainsi qu'en fournissant des graphiques.<\/li>\n\n\n\n<li><strong>Excellents r\u00e9sultats d'impression : <\/strong>La surface du mat\u00e9riau de nos sachets \u00e0 fen\u00eatre est tr\u00e8s adapt\u00e9e \u00e0 l'impression, ce qui permet d'obtenir des motifs et des textes de haute pr\u00e9cision et richement color\u00e9s, am\u00e9liorant ainsi l'image de marque et la reconnaissance du produit.<\/li>\n\n\n\n<li><strong>D\u00e9tails de la conception humanis\u00e9e : <\/strong>Ces sachets d'aliments s\u00e9ch\u00e9s en gros sont dot\u00e9s d'un design d\u00e9chirable qui facilite l'ouverture pour les consommateurs et am\u00e9liore l'exp\u00e9rience de l'utilisateur. De plus, nos sachets personnalis\u00e9s sont dot\u00e9s d'une fermeture \u00e0 glissi\u00e8re r\u00e9utilisable pour de multiples ouvertures et fermetures.<\/li>\n<\/ul>\n\n\n\n<div class=\"wp-block-columns is-layout-flex wp-container-core-columns-is-layout-9d6595d7 wp-block-columns-is-layout-flex\">\n<div class=\"wp-block-column is-layout-flow wp-block-column-is-layout-flow\">\n<figure class=\"wp-block-image size-full\"><img decoding=\"async\" width=\"750\" height=\"750\" src=\"https:\/\/www.stanleypackage.com\/wp-content\/uploads\/2025\/12\/Custom-Stand-Up-Pouch-With-Window-Design-Wholesale-Zipper-Pouch-For-Snack-Packaging-2.webp\" alt=\"\" class=\"wp-image-4100\" srcset=\"https:\/\/www.stanleypackage.com\/wp-content\/uploads\/2025\/12\/Custom-Stand-Up-Pouch-With-Window-Design-Wholesale-Zipper-Pouch-For-Snack-Packaging-2.webp 750w, https:\/\/www.stanleypackage.com\/wp-content\/uploads\/2025\/12\/Custom-Stand-Up-Pouch-With-Window-Design-Wholesale-Zipper-Pouch-For-Snack-Packaging-2-300x300.webp 300w, https:\/\/www.stanleypackage.com\/wp-content\/uploads\/2025\/12\/Custom-Stand-Up-Pouch-With-Window-Design-Wholesale-Zipper-Pouch-For-Snack-Packaging-2-150x150.webp 150w, https:\/\/www.stanleypackage.com\/wp-content\/uploads\/2025\/12\/Custom-Stand-Up-Pouch-With-Window-Design-Wholesale-Zipper-Pouch-For-Snack-Packaging-2-12x12.webp 12w, https:\/\/www.stanleypackage.com\/wp-content\/uploads\/2025\/12\/Custom-Stand-Up-Pouch-With-Window-Design-Wholesale-Zipper-Pouch-For-Snack-Packaging-2-600x600.webp 600w, https:\/\/www.stanleypackage.com\/wp-content\/uploads\/2025\/12\/Custom-Stand-Up-Pouch-With-Window-Design-Wholesale-Zipper-Pouch-For-Snack-Packaging-2-100x100.webp 100w\" sizes=\"(max-width: 750px) 100vw, 750px\" \/><\/figure>\n<\/div>\n\n\n\n<div class=\"wp-block-column is-layout-flow wp-block-column-is-layout-flow\">\n<figure class=\"wp-block-image size-full\"><img decoding=\"async\" width=\"750\" height=\"750\" src=\"https:\/\/www.stanleypackage.com\/wp-content\/uploads\/2025\/12\/Custom-Stand-Up-Pouch-With-Window-Design-Wholesale-Zipper-Pouch-For-Snack-Packaging-3.webp\" alt=\"\" class=\"wp-image-4101\" srcset=\"https:\/\/www.stanleypackage.com\/wp-content\/uploads\/2025\/12\/Custom-Stand-Up-Pouch-With-Window-Design-Wholesale-Zipper-Pouch-For-Snack-Packaging-3.webp 750w, https:\/\/www.stanleypackage.com\/wp-content\/uploads\/2025\/12\/Custom-Stand-Up-Pouch-With-Window-Design-Wholesale-Zipper-Pouch-For-Snack-Packaging-3-300x300.webp 300w, https:\/\/www.stanleypackage.com\/wp-content\/uploads\/2025\/12\/Custom-Stand-Up-Pouch-With-Window-Design-Wholesale-Zipper-Pouch-For-Snack-Packaging-3-150x150.webp 150w, https:\/\/www.stanleypackage.com\/wp-content\/uploads\/2025\/12\/Custom-Stand-Up-Pouch-With-Window-Design-Wholesale-Zipper-Pouch-For-Snack-Packaging-3-12x12.webp 12w, https:\/\/www.stanleypackage.com\/wp-content\/uploads\/2025\/12\/Custom-Stand-Up-Pouch-With-Window-Design-Wholesale-Zipper-Pouch-For-Snack-Packaging-3-600x600.webp 600w, https:\/\/www.stanleypackage.com\/wp-content\/uploads\/2025\/12\/Custom-Stand-Up-Pouch-With-Window-Design-Wholesale-Zipper-Pouch-For-Snack-Packaging-3-100x100.webp 100w\" sizes=\"(max-width: 750px) 100vw, 750px\" \/><\/figure>\n<\/div>\n<\/div>\n<\/div>\n<\/div>","protected":false},"excerpt":{"rendered":"<p>Nous vous invitons \u00e0 commander des sachets \u00e0 fen\u00eatre personnalis\u00e9s. Nos sachets d'aliments s\u00e9ch\u00e9s en gros sont fabriqu\u00e9s en mat\u00e9riaux composites de haute qualit\u00e9, avec des couleurs vives et une excellente \u00e9tanch\u00e9it\u00e9. Combinant des dessins humoristiques accrocheurs et une fen\u00eatre pratique, ils mettent parfaitement en valeur vos produits.<\/p>\n<table style=\"border-collapse: collapse; width: 327.77pt;\" border=\"0\" width=\"437\" cellspacing=\"0\" cellpadding=\"0\">\n<tbody>\n<tr style=\"height: 12.75pt;\">\n<td class=\"et2\" style=\"height: 12.75pt; width: 91.40pt;\" width=\"121\" height=\"17\">Fabricant<\/td>\n<td class=\"et2\" style=\"width: 237.00pt;\" width=\"316\">Stanley<\/td>\n<\/tr>\n<tr style=\"height: 12.75pt;\">\n<td class=\"et2\" style=\"height: 12.75pt; width: 91.40pt;\" width=\"121\" height=\"17\">Types de pochettes<\/td>\n<td class=\"et3\">Pochette de rangement<\/td>\n<\/tr>\n<tr style=\"height: 12.75pt;\">\n<td class=\"et2\" style=\"height: 12.75pt; width: 91.40pt;\" width=\"121\" height=\"17\">Mat\u00e9riau<\/td>\n<td class=\"et2\" style=\"width: 237.00pt;\" width=\"316\">MOPP20\/PET12\/PE65<\/td>\n<\/tr>\n<tr style=\"height: 12.75pt;\">\n<td class=\"et2\" style=\"height: 12.75pt; width: 91.40pt;\" width=\"121\" height=\"17\">Dossier sp\u00e9cial<\/td>\n<td class=\"et2\" style=\"width: 237.00pt;\" width=\"316\">Fond de la pochette, Encoche facile \u00e0 d\u00e9chirer, Fen\u00eatre transparente, Pochette \u00e0 fermeture \u00e9clair, Trou de suspension<\/td>\n<\/tr>\n<tr style=\"height: 12.75pt;\">\n<td class=\"et2\" style=\"height: 12.75pt; width: 91.40pt;\" width=\"121\" height=\"17\">Manipulation de surface<\/td>\n<td class=\"et2\" style=\"width: 237.00pt;\" width=\"316\">Impression en h\u00e9liogravure<\/td>\n<\/tr>\n<tr style=\"height: 12.75pt;\">\n<td class=\"et2\" style=\"height: 12.75pt; width: 91.40pt;\" width=\"121\" height=\"17\">Couleur<\/td>\n<td class=\"et2\" style=\"width: 237.00pt;\" width=\"316\">Jusqu'\u00e0 10 couleurs<\/td>\n<\/tr>\n<tr style=\"height: 12.75pt;\">\n<td class=\"et2\" style=\"height: 12.75pt; width: 91.40pt;\" width=\"121\" height=\"17\">Utilisation<\/td>\n<td class=\"et3\">Bonbons, noix, snacks<\/td>\n<\/tr>\n<tr style=\"height: 12.75pt;\">\n<td class=\"et2\" style=\"height: 12.75pt; width: 91.40pt;\" width=\"121\" height=\"17\">MOQ<\/td>\n<td class=\"et2\" style=\"width: 237.00pt;\" width=\"316\">50 000 pi\u00e8ces<\/td>\n<\/tr>\n<tr style=\"height: 12.75pt;\">\n<td class=\"et2\" style=\"height: 12.75pt; width: 91.40pt;\" width=\"121\" height=\"17\">Commande personnalis\u00e9e<\/td>\n<td class=\"et2\" style=\"width: 237.00pt;\" width=\"316\">Acceptation de l'OEM, prise en charge de l'\u00e9chantillonnage gratuit<\/td>\n<\/tr>\n<\/tbody>\n<\/table>","protected":false},"featured_media":4102,"comment_status":"closed","ping_status":"closed","template":"","meta":{"_acf_changed":false},"product_brand":[],"product_cat":[30,18],"product_tag":[],"class_list":{"0":"post-4099","1":"product","2":"type-product","3":"status-publish","4":"has-post-thumbnail","6":"product_cat-stand-up-pouch-manufacturer","7":"product_cat-zipper-pouch-manufacturer","8":"pa_food-packaging-dry-food-packaging","9":"pa_food-packaging-snack-food-pouch","11":"first","12":"instock","13":"shipping-taxable","14":"product-type-simple"},"acf":[],"_links":{"self":[{"href":"https:\/\/www.stanleypackage.com\/fr\/wp-json\/wp\/v2\/product\/4099","targetHints":{"allow":["GET"]}}],"collection":[{"href":"https:\/\/www.stanleypackage.com\/fr\/wp-json\/wp\/v2\/product"}],"about":[{"href":"https:\/\/www.stanleypackage.com\/fr\/wp-json\/wp\/v2\/types\/product"}],"replies":[{"embeddable":true,"href":"https:\/\/www.stanleypackage.com\/fr\/wp-json\/wp\/v2\/comments?post=4099"}],"wp:featuredmedia":[{"embeddable":true,"href":"https:\/\/www.stanleypackage.com\/fr\/wp-json\/wp\/v2\/media\/4102"}],"wp:attachment":[{"href":"https:\/\/www.stanleypackage.com\/fr\/wp-json\/wp\/v2\/media?parent=4099"}],"wp:term":[{"taxonomy":"product_brand","embeddable":true,"href":"https:\/\/www.stanleypackage.com\/fr\/wp-json\/wp\/v2\/product_brand?post=4099"},{"taxonomy":"product_cat","embeddable":true,"href":"https:\/\/www.stanleypackage.com\/fr\/wp-json\/wp\/v2\/product_cat?post=4099"},{"taxonomy":"product_tag","embeddable":true,"href":"https:\/\/www.stanleypackage.com\/fr\/wp-json\/wp\/v2\/product_tag?post=4099"}],"curies":[{"name":"wp","href":"https:\/\/api.w.org\/{rel}","templated":true}]}}