{"id":4105,"date":"2025-12-11T06:02:24","date_gmt":"2025-12-11T06:02:24","guid":{"rendered":"https:\/\/www.stanleypackage.com\/?post_type=product&#038;p=4105"},"modified":"2025-12-18T01:11:41","modified_gmt":"2025-12-18T01:11:41","slug":"flat-bottom-pouches-wholesale","status":"publish","type":"product","link":"https:\/\/www.stanleypackage.com\/fr\/product\/flat-bottom-pouches-wholesale\/","title":{"rendered":"Sachets \u00e0 fond plat sur mesure en gros pour aliments d\u00e9shydrat\u00e9s"},"content":{"rendered":"<div class=\"wp-block-columns is-layout-flex wp-container-core-columns-is-layout-9d6595d7 wp-block-columns-is-layout-flex\">\n<div class=\"wp-block-column is-layout-flow wp-block-column-is-layout-flow\">\n<h2 class=\"wp-block-heading\">Caract\u00e9ristiques des pochettes \u00e0 fond plat personnalis\u00e9es en gros<\/h2>\n\n\n\n<ul class=\"wp-block-list\">\n<li><strong>Protection \u00e0 haute barri\u00e8re : <\/strong>Nos sachets \u00e0 fond plat personnalis\u00e9s utilisent une structure composite PET\/AL\/PE, qui bloque efficacement l'humidit\u00e9, l'oxyg\u00e8ne et la lumi\u00e8re, prolongeant ainsi la dur\u00e9e de conservation des aliments d\u00e9shydrat\u00e9s et pr\u00e9servant leur texture croustillante.<\/li>\n\n\n\n<li><strong>Conception autoportante stable : <\/strong>Le fond plat de cette pochette \u00e0 fermeture \u00e9clair OEM permet au sac d'emballage de se tenir debout sans support suppl\u00e9mentaire, ce qui facilite la pr\u00e9sentation et le stockage en rayon et am\u00e9liore la visibilit\u00e9 du produit.<\/li>\n\n\n\n<li><strong>Enti\u00e8rement personnalisable : <\/strong>Nos sachets \u00e0 fond plat personnalis\u00e9s en gros permettent de personnaliser les couleurs, les motifs et les textes (tels que \u201cGuangxi Specialty\u201d, \u201cLow-Temperature Vacuum Dehydrated\u201d, etc.) en fonction des besoins de la marque, ce qui renforce la reconnaissance de la marque et l'attrait du march\u00e9.<\/li>\n\n\n\n<li><strong>Optimis\u00e9 pour les aliments d\u00e9shydrat\u00e9s : <\/strong>La structure mat\u00e9rielle de cette pochette \u00e0 fermeture \u00e9clair \u00e0 fond plat OEM est optimis\u00e9e pour les aliments d\u00e9shydrat\u00e9s sous vide \u00e0 basse temp\u00e9rature, ce qui permet d'\u00e9viter les dommages dus \u00e0 l'humidit\u00e9 et de garantir la fra\u00eecheur et la saveur des aliments.<\/li>\n\n\n\n<li><strong>Conception durable et pratique : <\/strong>Le mat\u00e9riau composite multicouche de nos pochettes \u00e0 fond plat personnalis\u00e9es renforce la solidit\u00e9 et la durabilit\u00e9 des sacs. Des trous de suspension pr\u00e9-perfor\u00e9s sont inclus pour faciliter la pr\u00e9sentation, et les sacs conviennent au transport en vrac et \u00e0 l'utilisation en gros.<\/li>\n<\/ul>\n\n\n\n<div class=\"wp-block-columns is-layout-flex wp-container-core-columns-is-layout-9d6595d7 wp-block-columns-is-layout-flex\">\n<div class=\"wp-block-column is-layout-flow wp-block-column-is-layout-flow\">\n<figure class=\"wp-block-image size-full\"><img decoding=\"async\" width=\"750\" height=\"750\" src=\"https:\/\/www.stanleypackage.com\/wp-content\/uploads\/2025\/12\/Custom-Print-Snack-Bags-With-Zipper-Wholesale-8-Side-Seal-Pouches-3.webp\" alt=\"\" class=\"wp-image-4106\" srcset=\"https:\/\/www.stanleypackage.com\/wp-content\/uploads\/2025\/12\/Custom-Print-Snack-Bags-With-Zipper-Wholesale-8-Side-Seal-Pouches-3.webp 750w, https:\/\/www.stanleypackage.com\/wp-content\/uploads\/2025\/12\/Custom-Print-Snack-Bags-With-Zipper-Wholesale-8-Side-Seal-Pouches-3-300x300.webp 300w, https:\/\/www.stanleypackage.com\/wp-content\/uploads\/2025\/12\/Custom-Print-Snack-Bags-With-Zipper-Wholesale-8-Side-Seal-Pouches-3-150x150.webp 150w, https:\/\/www.stanleypackage.com\/wp-content\/uploads\/2025\/12\/Custom-Print-Snack-Bags-With-Zipper-Wholesale-8-Side-Seal-Pouches-3-12x12.webp 12w, https:\/\/www.stanleypackage.com\/wp-content\/uploads\/2025\/12\/Custom-Print-Snack-Bags-With-Zipper-Wholesale-8-Side-Seal-Pouches-3-600x600.webp 600w, https:\/\/www.stanleypackage.com\/wp-content\/uploads\/2025\/12\/Custom-Print-Snack-Bags-With-Zipper-Wholesale-8-Side-Seal-Pouches-3-100x100.webp 100w\" sizes=\"(max-width: 750px) 100vw, 750px\" \/><\/figure>\n<\/div>\n\n\n\n<div class=\"wp-block-column is-layout-flow wp-block-column-is-layout-flow\">\n<figure class=\"wp-block-image size-full\"><img decoding=\"async\" width=\"750\" height=\"750\" src=\"https:\/\/www.stanleypackage.com\/wp-content\/uploads\/2025\/12\/Custom-Print-Snack-Bags-With-Zipper-Wholesale-8-Side-Seal-Pouches-5.webp\" alt=\"\" class=\"wp-image-4107\" srcset=\"https:\/\/www.stanleypackage.com\/wp-content\/uploads\/2025\/12\/Custom-Print-Snack-Bags-With-Zipper-Wholesale-8-Side-Seal-Pouches-5.webp 750w, https:\/\/www.stanleypackage.com\/wp-content\/uploads\/2025\/12\/Custom-Print-Snack-Bags-With-Zipper-Wholesale-8-Side-Seal-Pouches-5-300x300.webp 300w, https:\/\/www.stanleypackage.com\/wp-content\/uploads\/2025\/12\/Custom-Print-Snack-Bags-With-Zipper-Wholesale-8-Side-Seal-Pouches-5-150x150.webp 150w, https:\/\/www.stanleypackage.com\/wp-content\/uploads\/2025\/12\/Custom-Print-Snack-Bags-With-Zipper-Wholesale-8-Side-Seal-Pouches-5-12x12.webp 12w, https:\/\/www.stanleypackage.com\/wp-content\/uploads\/2025\/12\/Custom-Print-Snack-Bags-With-Zipper-Wholesale-8-Side-Seal-Pouches-5-600x600.webp 600w, https:\/\/www.stanleypackage.com\/wp-content\/uploads\/2025\/12\/Custom-Print-Snack-Bags-With-Zipper-Wholesale-8-Side-Seal-Pouches-5-100x100.webp 100w\" sizes=\"(max-width: 750px) 100vw, 750px\" \/><\/figure>\n<\/div>\n<\/div>\n<\/div>\n<\/div>","protected":false},"excerpt":{"rendered":"<p>Nos sachets \u00e0 fond plat sont con\u00e7us pour l'emballage d'aliments d\u00e9shydrat\u00e9s et conviennent particuli\u00e8rement aux snacks tels que les b\u00e2tonnets de taro. Les sachets sont fabriqu\u00e9s \u00e0 partir de mat\u00e9riaux composites multicouches, offrant une haute performance de barri\u00e8re pour assurer la protection contre l'humidit\u00e9 et la conservation des aliments.<\/p>\n<table style=\"border-collapse: collapse; width: 365.02pt;\" border=\"0\" width=\"365\" cellspacing=\"0\" cellpadding=\"0\">\n<tbody>\n<tr style=\"height: 16.00pt;\">\n<td class=\"et2\" style=\"height: 16.00pt; width: 97.50pt;\" width=\"97\" height=\"16\">Fabricant<\/td>\n<td class=\"et2\" style=\"width: 267.50pt;\" width=\"267\">Stanley<\/td>\n<\/tr>\n<tr style=\"height: 16.00pt;\">\n<td class=\"et2\" style=\"height: 16.00pt; width: 97.50pt;\" width=\"97\" height=\"16\">Types de pochettes<\/td>\n<td class=\"et2\" style=\"width: 267.50pt;\" width=\"267\">Pochette \u00e0 fond plat \u00e0 8 soudures lat\u00e9rales<\/td>\n<\/tr>\n<tr style=\"height: 31.00pt;\">\n<td class=\"et2\" style=\"height: 31.00pt; width: 97.50pt;\" width=\"97\" height=\"31\">Mat\u00e9riau<\/td>\n<td class=\"et2\" style=\"width: 267.50pt;\" width=\"267\">Face avant : PET12\/AL7\/PE105<br \/>En outre : PET12\/AL7\/PE90<\/td>\n<\/tr>\n<tr style=\"height: 16.00pt;\">\n<td class=\"et2\" style=\"height: 16.00pt; width: 97.50pt;\" width=\"97\" height=\"16\">Dossier sp\u00e9cial<\/td>\n<td class=\"et2\" style=\"width: 267.50pt;\" width=\"267\">8 Sceau lat\u00e9ral, encoche de d\u00e9chirure, pochette \u00e0 fermeture \u00e9clair, ouverture de fen\u00eatre, trou de suspension<\/td>\n<\/tr>\n<tr style=\"height: 16.00pt;\">\n<td class=\"et2\" style=\"height: 16.00pt; width: 97.50pt;\" width=\"97\" height=\"16\">Manipulation de surface<\/td>\n<td class=\"et2\" style=\"width: 267.50pt;\" width=\"267\">Impression en h\u00e9liogravure<\/td>\n<\/tr>\n<tr style=\"height: 16.00pt;\">\n<td class=\"et2\" style=\"height: 16.00pt; width: 97.50pt;\" width=\"97\" height=\"16\">Couleur<\/td>\n<td class=\"et2\" style=\"width: 267.50pt;\" width=\"267\">Jusqu'\u00e0 10 couleurs<\/td>\n<\/tr>\n<tr style=\"height: 16.00pt;\">\n<td class=\"et2\" style=\"height: 16.00pt; width: 97.50pt;\" width=\"97\" height=\"16\">Utilisation<\/td>\n<td class=\"et2\" style=\"width: 267.50pt;\" width=\"267\">Caf\u00e9\u3001Snack\u3001Pain<\/td>\n<\/tr>\n<tr style=\"height: 16.00pt;\">\n<td class=\"et2\" style=\"height: 16.00pt; width: 97.50pt;\" width=\"97\" height=\"16\">MOQ<\/td>\n<td class=\"et2\" style=\"width: 267.50pt;\" width=\"267\">50 000 pi\u00e8ces<\/td>\n<\/tr>\n<tr style=\"height: 16.00pt;\">\n<td class=\"et2\" style=\"height: 16.00pt; width: 97.50pt;\" width=\"97\" height=\"16\">Commande personnalis\u00e9e<\/td>\n<td class=\"et2\" style=\"width: 267.50pt;\" width=\"267\">Accepter le support OEM \u00c9chantillon gratuit<\/td>\n<\/tr>\n<\/tbody>\n<\/table>\n<p>&nbsp;<\/p>","protected":false},"featured_media":4108,"comment_status":"closed","ping_status":"closed","template":"","meta":{"_acf_changed":false},"product_brand":[],"product_cat":[24],"product_tag":[],"class_list":{"0":"post-4105","1":"product","2":"type-product","3":"status-publish","4":"has-post-thumbnail","6":"product_cat-flat-bottom-pouch-manufacturer","7":"pa_food-packaging-snack-food-pouch","9":"first","10":"instock","11":"shipping-taxable","12":"product-type-simple"},"acf":[],"_links":{"self":[{"href":"https:\/\/www.stanleypackage.com\/fr\/wp-json\/wp\/v2\/product\/4105","targetHints":{"allow":["GET"]}}],"collection":[{"href":"https:\/\/www.stanleypackage.com\/fr\/wp-json\/wp\/v2\/product"}],"about":[{"href":"https:\/\/www.stanleypackage.com\/fr\/wp-json\/wp\/v2\/types\/product"}],"replies":[{"embeddable":true,"href":"https:\/\/www.stanleypackage.com\/fr\/wp-json\/wp\/v2\/comments?post=4105"}],"wp:featuredmedia":[{"embeddable":true,"href":"https:\/\/www.stanleypackage.com\/fr\/wp-json\/wp\/v2\/media\/4108"}],"wp:attachment":[{"href":"https:\/\/www.stanleypackage.com\/fr\/wp-json\/wp\/v2\/media?parent=4105"}],"wp:term":[{"taxonomy":"product_brand","embeddable":true,"href":"https:\/\/www.stanleypackage.com\/fr\/wp-json\/wp\/v2\/product_brand?post=4105"},{"taxonomy":"product_cat","embeddable":true,"href":"https:\/\/www.stanleypackage.com\/fr\/wp-json\/wp\/v2\/product_cat?post=4105"},{"taxonomy":"product_tag","embeddable":true,"href":"https:\/\/www.stanleypackage.com\/fr\/wp-json\/wp\/v2\/product_tag?post=4105"}],"curies":[{"name":"wp","href":"https:\/\/api.w.org\/{rel}","templated":true}]}}