{"id":4112,"date":"2025-12-11T03:26:45","date_gmt":"2025-12-11T03:26:45","guid":{"rendered":"https:\/\/www.stanleypackage.com\/?post_type=product&#038;p=4112"},"modified":"2025-12-11T03:26:51","modified_gmt":"2025-12-11T03:26:51","slug":"vacuum-pouches-for-food","status":"publish","type":"product","link":"https:\/\/www.stanleypackage.com\/fr\/product\/vacuum-pouches-for-food\/","title":{"rendered":"Bulk Vacuum Pouches For Food, Clear Vacuum Bags Supplier"},"content":{"rendered":"<div class=\"wp-block-columns is-layout-flex wp-container-core-columns-is-layout-9d6595d7 wp-block-columns-is-layout-flex\">\n<div class=\"wp-block-column is-layout-flow wp-block-column-is-layout-flow\">\n<h2 class=\"wp-block-heading\">Caract\u00e9ristiques des sachets sous vide personnalis\u00e9s pour aliments<\/h2>\n\n\n\n<ul class=\"wp-block-list\">\n<li><strong>Processus de scellement pr\u00e9cis des bords : <\/strong>Nos sachets sous vide pour aliments sont dot\u00e9s d'un bord de scellage pr\u00e9cis, solide et peu susceptible de se fendre, ce qui garantit la qualit\u00e9 et la s\u00e9curit\u00e9 des aliments.<\/li>\n\n\n\n<li><strong>Structure de remplissage sup\u00e9rieure : <\/strong>Ces sacs sous vide alimentaires transparents en gros adoptent une conception de remplissage par le haut, ce qui est pratique pour le remplissage m\u00e9canique ou manuel, adapt\u00e9 \u00e0 diff\u00e9rents processus de production et plus efficace.<\/li>\n\n\n\n<li><strong>Facile \u00e0 d\u00e9chirer : <\/strong>Ces sachets sous vide en gros pour aliments sont dot\u00e9s d'une encoche de d\u00e9chirure facile, qui permet aux consommateurs de les ouvrir facilement, sans aucun outil, et sont pratiques \u00e0 utiliser.<\/li>\n\n\n\n<li><strong>Conception du vide : <\/strong>Nos sacs sous vide alimentaires transparents adoptent une conception sous vide, qui peut bloquer efficacement l'air, r\u00e9duire le temps d'oxydation, prolonger la dur\u00e9e de conservation et la fra\u00eecheur des aliments, et \u00e9galement \u00e9conomiser de l'espace.<\/li>\n\n\n\n<li><strong>Un service personnalis\u00e9 pour r\u00e9pondre aux besoins :\u00a0<\/strong>Nous fournissons une vari\u00e9t\u00e9 d'options de personnalisation pour les sachets sous vide alimentaires en gros, et pouvons concevoir diff\u00e9rentes formes, tailles et motifs d'impression selon les besoins du client pour am\u00e9liorer la personnalisation de la marque et la comp\u00e9titivit\u00e9 du march\u00e9.<\/li>\n\n\n\n<li><strong>Prise en charge de l'impression personnalis\u00e9e recto-verso : <\/strong>Nos sacs sous vide alimentaires transparents en gros peuvent \u00eatre imprim\u00e9s en h\u00e9liogravure, et le motif de la marque est clairement pr\u00e9sent\u00e9 pour aider les clients \u00e0 cr\u00e9er un syst\u00e8me d'identification visuelle exclusif.<\/li>\n<\/ul>\n\n\n\n<div class=\"wp-block-columns is-layout-flex wp-container-core-columns-is-layout-9d6595d7 wp-block-columns-is-layout-flex\">\n<div class=\"wp-block-column is-layout-flow wp-block-column-is-layout-flow\">\n<figure class=\"wp-block-image size-full\"><img decoding=\"async\" width=\"790\" height=\"763\" src=\"https:\/\/www.stanleypackage.com\/wp-content\/uploads\/2025\/12\/Custom-Vacuum-Pouches-For-Food-Wholesale-Food-Grade-Plastic-Packaging-Bags-5.jpg\" alt=\"\" class=\"wp-image-4113\" srcset=\"https:\/\/www.stanleypackage.com\/wp-content\/uploads\/2025\/12\/Custom-Vacuum-Pouches-For-Food-Wholesale-Food-Grade-Plastic-Packaging-Bags-5.jpg 790w, https:\/\/www.stanleypackage.com\/wp-content\/uploads\/2025\/12\/Custom-Vacuum-Pouches-For-Food-Wholesale-Food-Grade-Plastic-Packaging-Bags-5-300x290.jpg 300w, https:\/\/www.stanleypackage.com\/wp-content\/uploads\/2025\/12\/Custom-Vacuum-Pouches-For-Food-Wholesale-Food-Grade-Plastic-Packaging-Bags-5-768x742.jpg 768w, https:\/\/www.stanleypackage.com\/wp-content\/uploads\/2025\/12\/Custom-Vacuum-Pouches-For-Food-Wholesale-Food-Grade-Plastic-Packaging-Bags-5-12x12.jpg 12w, https:\/\/www.stanleypackage.com\/wp-content\/uploads\/2025\/12\/Custom-Vacuum-Pouches-For-Food-Wholesale-Food-Grade-Plastic-Packaging-Bags-5-600x579.jpg 600w\" sizes=\"(max-width: 790px) 100vw, 790px\" \/><\/figure>\n<\/div>\n\n\n\n<div class=\"wp-block-column is-layout-flow wp-block-column-is-layout-flow\">\n<figure class=\"wp-block-image size-full\"><img decoding=\"async\" width=\"746\" height=\"703\" src=\"https:\/\/www.stanleypackage.com\/wp-content\/uploads\/2025\/12\/Custom-Vacuum-Pouches-For-Food-Wholesale-Food-Grade-Plastic-Packaging-Bags-2.webp\" alt=\"\" class=\"wp-image-4114\" srcset=\"https:\/\/www.stanleypackage.com\/wp-content\/uploads\/2025\/12\/Custom-Vacuum-Pouches-For-Food-Wholesale-Food-Grade-Plastic-Packaging-Bags-2.webp 746w, https:\/\/www.stanleypackage.com\/wp-content\/uploads\/2025\/12\/Custom-Vacuum-Pouches-For-Food-Wholesale-Food-Grade-Plastic-Packaging-Bags-2-300x283.webp 300w, https:\/\/www.stanleypackage.com\/wp-content\/uploads\/2025\/12\/Custom-Vacuum-Pouches-For-Food-Wholesale-Food-Grade-Plastic-Packaging-Bags-2-13x12.webp 13w, https:\/\/www.stanleypackage.com\/wp-content\/uploads\/2025\/12\/Custom-Vacuum-Pouches-For-Food-Wholesale-Food-Grade-Plastic-Packaging-Bags-2-600x565.webp 600w\" sizes=\"(max-width: 746px) 100vw, 746px\" \/><\/figure>\n<\/div>\n<\/div>\n<\/div>\n<\/div>\n\n\n\n<p><\/p>","protected":false},"excerpt":{"rendered":"<p>Bienvenue sur le site de vente en gros de sachets sous vide pour aliments. Nos sachets sous vide alimentaires transparents en gros sont dot\u00e9s d'une conception sous vide et d'une conception facile \u00e0 d\u00e9chirer, ce qui prolonge la fra\u00eecheur des aliments et les rend pratiques \u00e0 ouvrir et \u00e0 utiliser. Possibilit\u00e9 de personnalisation compl\u00e8te.<\/p>\n<table style=\"border-collapse: collapse; width: 365.02pt;\" border=\"0\" width=\"365\" cellspacing=\"0\" cellpadding=\"0\">\n<tbody>\n<tr style=\"height: 16.00pt;\">\n<td class=\"et2\" style=\"height: 16.00pt; width: 97.50pt;\" width=\"97\" height=\"16\">Fabricant<\/td>\n<td class=\"et2\" style=\"width: 267.50pt;\" width=\"267\">Stanley<\/td>\n<\/tr>\n<tr style=\"height: 16.00pt;\">\n<td class=\"et2\" style=\"height: 16.00pt; width: 97.50pt;\" width=\"97\" height=\"16\">Types de pochettes<\/td>\n<td class=\"et2\" style=\"width: 267.50pt;\" width=\"267\">Pochette scell\u00e9e sur trois c\u00f4t\u00e9s, sachet sous vide<\/td>\n<\/tr>\n<tr style=\"height: 16.00pt;\">\n<td class=\"et2\" style=\"height: 16.00pt; width: 97.50pt;\" width=\"97\" height=\"16\">Mat\u00e9riau<\/td>\n<td class=\"et2\" style=\"width: 267.50pt;\" width=\"267\">PET12\/BOPA15\/CPP70<\/td>\n<\/tr>\n<tr style=\"height: 16.00pt;\">\n<td class=\"et2\" style=\"height: 16.00pt; width: 97.50pt;\" width=\"97\" height=\"16\">Dossier sp\u00e9cial<\/td>\n<td class=\"et2\" style=\"width: 267.50pt;\" width=\"267\">Remplissage par le haut, encoche de d\u00e9chirure, conception sous vide<\/td>\n<\/tr>\n<tr style=\"height: 16.00pt;\">\n<td class=\"et2\" style=\"height: 16.00pt; width: 97.50pt;\" width=\"97\" height=\"16\">Manipulation de surface<\/td>\n<td class=\"et2\" style=\"width: 267.50pt;\" width=\"267\">Impression en h\u00e9liogravure<\/td>\n<\/tr>\n<tr style=\"height: 16.00pt;\">\n<td class=\"et2\" style=\"height: 16.00pt; width: 97.50pt;\" width=\"97\" height=\"16\">Couleur<\/td>\n<td class=\"et2\" style=\"width: 267.50pt;\" width=\"267\">Impression recto-verso, jusqu'\u00e0 10 couleurs<\/td>\n<\/tr>\n<tr style=\"height: 16.00pt;\">\n<td class=\"et2\" style=\"height: 16.00pt; width: 97.50pt;\" width=\"97\" height=\"16\">Utilisation<\/td>\n<td class=\"et2\" style=\"width: 267.50pt;\" width=\"267\">l\u00e9gume, fruit, noix, en-cas<\/td>\n<\/tr>\n<tr style=\"height: 16.00pt;\">\n<td class=\"et2\" style=\"height: 16.00pt; width: 97.50pt;\" width=\"97\" height=\"16\">MOQ<\/td>\n<td class=\"et2\" style=\"width: 267.50pt;\" width=\"267\">50 000 pi\u00e8ces<\/td>\n<\/tr>\n<tr style=\"height: 16.00pt;\">\n<td class=\"et2\" style=\"height: 16.00pt; width: 97.50pt;\" width=\"97\" height=\"16\">Commande personnalis\u00e9e<\/td>\n<td class=\"et2\" style=\"width: 267.50pt;\" width=\"267\">Acceptation de l'OEM, prise en charge de l'\u00e9chantillonnage gratuit<\/td>\n<\/tr>\n<\/tbody>\n<\/table>","protected":false},"featured_media":4115,"comment_status":"closed","ping_status":"closed","template":"","meta":{"_acf_changed":false},"product_brand":[],"product_cat":[28,31,68],"product_tag":[],"class_list":{"0":"post-4112","1":"product","2":"type-product","3":"status-publish","4":"has-post-thumbnail","6":"product_cat-three-side-seal-pouch-manufacturer","7":"product_cat-lay-flat-pouch-manufacturer","8":"product_cat-vacuum-pouches-wholesale","9":"pa_food-packaging-ready-meal-pouch","10":"pa_food-packaging-frozen-food-pouch","12":"first","13":"instock","14":"shipping-taxable","15":"product-type-simple"},"acf":[],"_links":{"self":[{"href":"https:\/\/www.stanleypackage.com\/fr\/wp-json\/wp\/v2\/product\/4112","targetHints":{"allow":["GET"]}}],"collection":[{"href":"https:\/\/www.stanleypackage.com\/fr\/wp-json\/wp\/v2\/product"}],"about":[{"href":"https:\/\/www.stanleypackage.com\/fr\/wp-json\/wp\/v2\/types\/product"}],"replies":[{"embeddable":true,"href":"https:\/\/www.stanleypackage.com\/fr\/wp-json\/wp\/v2\/comments?post=4112"}],"wp:featuredmedia":[{"embeddable":true,"href":"https:\/\/www.stanleypackage.com\/fr\/wp-json\/wp\/v2\/media\/4115"}],"wp:attachment":[{"href":"https:\/\/www.stanleypackage.com\/fr\/wp-json\/wp\/v2\/media?parent=4112"}],"wp:term":[{"taxonomy":"product_brand","embeddable":true,"href":"https:\/\/www.stanleypackage.com\/fr\/wp-json\/wp\/v2\/product_brand?post=4112"},{"taxonomy":"product_cat","embeddable":true,"href":"https:\/\/www.stanleypackage.com\/fr\/wp-json\/wp\/v2\/product_cat?post=4112"},{"taxonomy":"product_tag","embeddable":true,"href":"https:\/\/www.stanleypackage.com\/fr\/wp-json\/wp\/v2\/product_tag?post=4112"}],"curies":[{"name":"wp","href":"https:\/\/api.w.org\/{rel}","templated":true}]}}