{"id":4118,"date":"2025-12-11T03:16:25","date_gmt":"2025-12-11T03:16:25","guid":{"rendered":"https:\/\/www.stanleypackage.com\/?post_type=product&#038;p=4118"},"modified":"2025-12-11T03:16:32","modified_gmt":"2025-12-11T03:16:32","slug":"custom-foil-pouch","status":"publish","type":"product","link":"https:\/\/www.stanleypackage.com\/fr\/product\/custom-foil-pouch\/","title":{"rendered":"Pochette en aluminium personnalis\u00e9e \u00e0 haute barri\u00e8re, emballage de masque facial"},"content":{"rendered":"<div class=\"wp-block-columns is-layout-flex wp-container-core-columns-is-layout-9d6595d7 wp-block-columns-is-layout-flex\">\n<div class=\"wp-block-column is-layout-flow wp-block-column-is-layout-flow\">\n<h2 class=\"wp-block-heading\">Caract\u00e9ristiques de la pochette en aluminium personnalis\u00e9e<\/h2>\n\n\n\n<ul class=\"wp-block-list\">\n<li><strong>Structure d'\u00e9tanch\u00e9it\u00e9 \u00e0 trois c\u00f4t\u00e9s :\u00a0<\/strong>Nos sachets en aluminium personnalis\u00e9s pour les masques en feuilles sont dot\u00e9s d'une structure de fermeture herm\u00e9tique sur trois c\u00f4t\u00e9s qui permet de conserver la propret\u00e9 et la fra\u00eecheur du masque en emp\u00eachant toute fuite de s\u00e9rum.<\/li>\n\n\n\n<li><strong>Structure mat\u00e9rielle tr\u00e8s performante : <\/strong>Notre emballage de masque de protection personnalis\u00e9 utilise le mat\u00e9riau composite \u00e0 quatre couches MOPP25\/PET6\/PET Oxide Aluminum 12\/PE95, qui poss\u00e8de de bonnes propri\u00e9t\u00e9s de barri\u00e8re et emp\u00eache efficacement la perte d'eau.<\/li>\n\n\n\n<li><strong>Facile \u00e0 d\u00e9chirer, facile \u00e0 ouvrir : <\/strong>Cette pochette personnalis\u00e9e pour les masques en feuilles est dot\u00e9e d'une encoche de d\u00e9chirure facile, qui permet aux consommateurs de l'ouvrir facilement sans outils auxiliaires, ce qui am\u00e9liore l'exp\u00e9rience de l'utilisateur.<\/li>\n\n\n\n<li><strong>Un service personnalis\u00e9 pour r\u00e9pondre aux besoins :<\/strong>\u00a0Nous proposons diverses options de personnalisation pour l'emballage des masques et pouvons concevoir diff\u00e9rentes formes, tailles et motifs d'impression en fonction des besoins du client, afin d'am\u00e9liorer la personnalisation de la marque et la comp\u00e9titivit\u00e9 du march\u00e9.<\/li>\n\n\n\n<li><strong>Largement appliqu\u00e9 \u00e0 divers produits :<\/strong> Notre pochette en aluminium personnalis\u00e9e pour les masques en feuilles peut \u00e9galement \u00eatre utilis\u00e9e pour divers produits, tels que les masques pour les l\u00e8vres, les masques pour les yeux et les masques pour les mains.<\/li>\n<\/ul>\n\n\n\n<div class=\"wp-block-columns is-layout-flex wp-container-core-columns-is-layout-9d6595d7 wp-block-columns-is-layout-flex\">\n<div class=\"wp-block-column is-layout-flow wp-block-column-is-layout-flow\">\n<figure class=\"wp-block-image size-full\"><img decoding=\"async\" width=\"750\" height=\"750\" src=\"https:\/\/www.stanleypackage.com\/wp-content\/uploads\/2025\/12\/Custom-Printed-3-Side-Seal-Pouches-Wholesale-Packaging-Bag-For-Facial-Mask-3.jpg\" alt=\"\" class=\"wp-image-4120\" srcset=\"https:\/\/www.stanleypackage.com\/wp-content\/uploads\/2025\/12\/Custom-Printed-3-Side-Seal-Pouches-Wholesale-Packaging-Bag-For-Facial-Mask-3.jpg 750w, https:\/\/www.stanleypackage.com\/wp-content\/uploads\/2025\/12\/Custom-Printed-3-Side-Seal-Pouches-Wholesale-Packaging-Bag-For-Facial-Mask-3-300x300.jpg 300w, https:\/\/www.stanleypackage.com\/wp-content\/uploads\/2025\/12\/Custom-Printed-3-Side-Seal-Pouches-Wholesale-Packaging-Bag-For-Facial-Mask-3-150x150.jpg 150w, https:\/\/www.stanleypackage.com\/wp-content\/uploads\/2025\/12\/Custom-Printed-3-Side-Seal-Pouches-Wholesale-Packaging-Bag-For-Facial-Mask-3-12x12.jpg 12w, https:\/\/www.stanleypackage.com\/wp-content\/uploads\/2025\/12\/Custom-Printed-3-Side-Seal-Pouches-Wholesale-Packaging-Bag-For-Facial-Mask-3-600x600.jpg 600w, https:\/\/www.stanleypackage.com\/wp-content\/uploads\/2025\/12\/Custom-Printed-3-Side-Seal-Pouches-Wholesale-Packaging-Bag-For-Facial-Mask-3-100x100.jpg 100w\" sizes=\"(max-width: 750px) 100vw, 750px\" \/><\/figure>\n<\/div>\n\n\n\n<div class=\"wp-block-column is-layout-flow wp-block-column-is-layout-flow\">\n<figure class=\"wp-block-image size-full\"><img decoding=\"async\" width=\"750\" height=\"750\" src=\"https:\/\/www.stanleypackage.com\/wp-content\/uploads\/2025\/12\/Custom-Printed-3-Side-Seal-Pouches-Wholesale-Packaging-Bag-For-Facial-Mask.jpg\" alt=\"\" class=\"wp-image-4121\" srcset=\"https:\/\/www.stanleypackage.com\/wp-content\/uploads\/2025\/12\/Custom-Printed-3-Side-Seal-Pouches-Wholesale-Packaging-Bag-For-Facial-Mask.jpg 750w, https:\/\/www.stanleypackage.com\/wp-content\/uploads\/2025\/12\/Custom-Printed-3-Side-Seal-Pouches-Wholesale-Packaging-Bag-For-Facial-Mask-300x300.jpg 300w, https:\/\/www.stanleypackage.com\/wp-content\/uploads\/2025\/12\/Custom-Printed-3-Side-Seal-Pouches-Wholesale-Packaging-Bag-For-Facial-Mask-150x150.jpg 150w, https:\/\/www.stanleypackage.com\/wp-content\/uploads\/2025\/12\/Custom-Printed-3-Side-Seal-Pouches-Wholesale-Packaging-Bag-For-Facial-Mask-12x12.jpg 12w, https:\/\/www.stanleypackage.com\/wp-content\/uploads\/2025\/12\/Custom-Printed-3-Side-Seal-Pouches-Wholesale-Packaging-Bag-For-Facial-Mask-600x600.jpg 600w, https:\/\/www.stanleypackage.com\/wp-content\/uploads\/2025\/12\/Custom-Printed-3-Side-Seal-Pouches-Wholesale-Packaging-Bag-For-Facial-Mask-100x100.jpg 100w\" sizes=\"(max-width: 750px) 100vw, 750px\" \/><\/figure>\n<\/div>\n<\/div>\n<\/div>\n<\/div>","protected":false},"excerpt":{"rendered":"<p>Nous vous invitons \u00e0 commander des sachets en aluminium personnalis\u00e9s. Nos emballages personnalis\u00e9s pour masques de protection sont fabriqu\u00e9s en mat\u00e9riau composite tr\u00e8s r\u00e9sistant, qui poss\u00e8de de bonnes propri\u00e9t\u00e9s de barri\u00e8re et emp\u00eache efficacement la perte d'eau. Ils conviennent \u00e0 divers produits dans la vie quotidienne.<\/p>\n<table style=\"border-collapse: collapse; width: 365.02pt;\" border=\"0\" width=\"365\" cellspacing=\"0\" cellpadding=\"0\">\n<tbody>\n<tr style=\"height: 16.00pt;\">\n<td class=\"et2\" style=\"height: 16.00pt; width: 97.50pt;\" width=\"97\" height=\"16\">Fabricant<\/td>\n<td class=\"et2\" style=\"width: 267.50pt;\" width=\"267\">Stanley<\/td>\n<\/tr>\n<tr style=\"height: 16.00pt;\">\n<td class=\"et2\" style=\"height: 16.00pt; width: 97.50pt;\" width=\"97\" height=\"16\">Types de pochettes<\/td>\n<td class=\"et3\">Pochette \u00e0 3 soudures lat\u00e9rales<\/td>\n<\/tr>\n<tr style=\"height: 16.00pt;\">\n<td class=\"et2\" style=\"height: 16.00pt; width: 97.50pt;\" width=\"97\" height=\"16\">Mat\u00e9riau<\/td>\n<td class=\"et2\" style=\"width: 267.50pt;\" width=\"267\">Avant : MOPP25\/PET6\/PET Oxide Aluminium 12\/PE95<br \/>Dos : MOPP25\/AL6\/PET Oxide Aluminum 12\/PE95<\/td>\n<\/tr>\n<tr style=\"height: 31.00pt;\">\n<td class=\"et2\" style=\"height: 31.00pt; width: 97.50pt;\" width=\"97\" height=\"31\">Dossier sp\u00e9cial<\/td>\n<td class=\"et2\" style=\"width: 267.50pt;\" width=\"267\">Encoche \u00e0 d\u00e9chirure facile, forme sp\u00e9ciale<\/td>\n<\/tr>\n<tr style=\"height: 16.00pt;\">\n<td class=\"et2\" style=\"height: 16.00pt; width: 97.50pt;\" width=\"97\" height=\"16\">Manipulation de surface<\/td>\n<td class=\"et2\" style=\"width: 267.50pt;\" width=\"267\">Impression en h\u00e9liogravure<\/td>\n<\/tr>\n<tr style=\"height: 16.00pt;\">\n<td class=\"et2\" style=\"height: 16.00pt; width: 97.50pt;\" width=\"97\" height=\"16\">Couleur<\/td>\n<td class=\"et2\" style=\"width: 267.50pt;\" width=\"267\">Jusqu'\u00e0 10 couleurs<\/td>\n<\/tr>\n<tr style=\"height: 16.00pt;\">\n<td class=\"et2\" style=\"height: 16.00pt; width: 97.50pt;\" width=\"97\" height=\"16\">Utilisation<\/td>\n<td class=\"et2\" style=\"width: 267.50pt;\" width=\"267\">Masque en feuille pour le visage<\/td>\n<\/tr>\n<tr style=\"height: 16.00pt;\">\n<td class=\"et2\" style=\"height: 16.00pt; width: 97.50pt;\" width=\"97\" height=\"16\">MOQ<\/td>\n<td class=\"et2\" style=\"width: 267.50pt;\" width=\"267\">50 000 pi\u00e8ces<\/td>\n<\/tr>\n<tr style=\"height: 16.00pt;\">\n<td class=\"et2\" style=\"height: 16.00pt; width: 97.50pt;\" width=\"97\" height=\"16\">Commande personnalis\u00e9e<\/td>\n<td class=\"et2\" style=\"width: 267.50pt;\" width=\"267\">Acceptation de l'OEM, prise en charge de l'\u00e9chantillonnage gratuit<\/td>\n<\/tr>\n<\/tbody>\n<\/table>","protected":false},"featured_media":4120,"comment_status":"closed","ping_status":"closed","template":"","meta":{"_acf_changed":false},"product_brand":[],"product_cat":[31,28],"product_tag":[],"class_list":{"0":"post-4118","1":"product","2":"type-product","3":"status-publish","4":"has-post-thumbnail","6":"product_cat-lay-flat-pouch-manufacturer","7":"product_cat-three-side-seal-pouch-manufacturer","8":"pa_non-food-packaging-cosmetic-packaging-pouches","10":"first","11":"instock","12":"shipping-taxable","13":"product-type-simple"},"acf":[],"_links":{"self":[{"href":"https:\/\/www.stanleypackage.com\/fr\/wp-json\/wp\/v2\/product\/4118","targetHints":{"allow":["GET"]}}],"collection":[{"href":"https:\/\/www.stanleypackage.com\/fr\/wp-json\/wp\/v2\/product"}],"about":[{"href":"https:\/\/www.stanleypackage.com\/fr\/wp-json\/wp\/v2\/types\/product"}],"replies":[{"embeddable":true,"href":"https:\/\/www.stanleypackage.com\/fr\/wp-json\/wp\/v2\/comments?post=4118"}],"wp:featuredmedia":[{"embeddable":true,"href":"https:\/\/www.stanleypackage.com\/fr\/wp-json\/wp\/v2\/media\/4120"}],"wp:attachment":[{"href":"https:\/\/www.stanleypackage.com\/fr\/wp-json\/wp\/v2\/media?parent=4118"}],"wp:term":[{"taxonomy":"product_brand","embeddable":true,"href":"https:\/\/www.stanleypackage.com\/fr\/wp-json\/wp\/v2\/product_brand?post=4118"},{"taxonomy":"product_cat","embeddable":true,"href":"https:\/\/www.stanleypackage.com\/fr\/wp-json\/wp\/v2\/product_cat?post=4118"},{"taxonomy":"product_tag","embeddable":true,"href":"https:\/\/www.stanleypackage.com\/fr\/wp-json\/wp\/v2\/product_tag?post=4118"}],"curies":[{"name":"wp","href":"https:\/\/api.w.org\/{rel}","templated":true}]}}