{"id":4123,"date":"2025-12-11T02:55:56","date_gmt":"2025-12-11T02:55:56","guid":{"rendered":"https:\/\/www.stanleypackage.com\/?post_type=product&#038;p=4123"},"modified":"2025-12-11T02:56:02","modified_gmt":"2025-12-11T02:56:02","slug":"flat-bottom-pouch-custom","status":"publish","type":"product","link":"https:\/\/www.stanleypackage.com\/fr\/product\/flat-bottom-pouch-custom\/","title":{"rendered":"Pochette \u00e0 fond plat d'avoine Personnalis\u00e9e, OEM Pochette \u00e0 8 soudures lat\u00e9rales"},"content":{"rendered":"<div class=\"wp-block-columns is-layout-flex wp-container-core-columns-is-layout-9d6595d7 wp-block-columns-is-layout-flex\">\n<div class=\"wp-block-column is-layout-flow wp-block-column-is-layout-flow\">\n<h2 class=\"wp-block-heading\">Caract\u00e9ristiques de la pochette \u00e0 fond plat sur mesure<\/h2>\n\n\n\n<ul class=\"wp-block-list\">\n<li><strong>Haute barri\u00e8re, qualit\u00e9 alimentaire et s\u00e9curit\u00e9 :<\/strong> Notre pochette \u00e0 fond plat personnalis\u00e9e utilise une structure composite multicouche de PET12\/VMPET12\/PE110. L'avant, l'arri\u00e8re et les c\u00f4t\u00e9s sont optimis\u00e9s pour l'\u00e9paisseur et la flexibilit\u00e9, offrant une excellente protection contre l'humidit\u00e9, l'oxydation et la lumi\u00e8re.<\/li>\n\n\n\n<li><strong>Joint d'\u00e9tanch\u00e9it\u00e9 stable \u00e0 8 c\u00f4t\u00e9s et fond plat : <\/strong>Ces sachets alimentaires personnalis\u00e9s \u00e0 8 soudures assurent une position stable sur les \u00e9tag\u00e8res ou les pr\u00e9sentoirs, am\u00e9liorant ainsi l'aspect du rayon tout en maximisant la capacit\u00e9 interne.<\/li>\n\n\n\n<li><strong>Construction polyvalente et pratique :<\/strong> Notre pochette \u00e0 fond plat personnalis\u00e9e est \u00e9quip\u00e9e d'une encoche facile \u00e0 d\u00e9chirer qui permet aux consommateurs de l'ouvrir facilement, et le trou de suspension permet de l'accrocher pour l'exposer.<\/li>\n\n\n\n<li><strong>Remplissage et scellement efficaces : <\/strong>Le remplissage par le bas de ces sachets alimentaires personnalis\u00e9s \u00e0 8 soudures rend le processus d'emballage plus efficace et plus hygi\u00e9nique, ce qui les rend particuli\u00e8rement adapt\u00e9s \u00e0 la production de gros volumes sur les lignes d'assemblage.<\/li>\n\n\n\n<li><strong>Large application : <\/strong>Ce sachet \u00e0 fond plat convient au conditionnement d'une grande vari\u00e9t\u00e9 d'aliments, notamment les grains de caf\u00e9, les noix, les c\u00e9r\u00e9ales, les snacks, le th\u00e9 et les aliments pour animaux de compagnie, ce qui permet aux marques de r\u00e9pondre aux besoins du march\u00e9 pour plusieurs cat\u00e9gories de produits avec un seul emballage.<\/li>\n<\/ul>\n\n\n\n<div class=\"wp-block-columns is-layout-flex wp-container-core-columns-is-layout-9d6595d7 wp-block-columns-is-layout-flex\">\n<div class=\"wp-block-column is-layout-flow wp-block-column-is-layout-flow\">\n<figure class=\"wp-block-image size-full\"><img decoding=\"async\" width=\"750\" height=\"750\" src=\"https:\/\/www.stanleypackage.com\/wp-content\/uploads\/2025\/12\/Custom-Flat-Bottom-Pouch-Bulk-8-Side-Seal-Bag-For-Oatmeal-2.webp\" alt=\"\" class=\"wp-image-4124\" srcset=\"https:\/\/www.stanleypackage.com\/wp-content\/uploads\/2025\/12\/Custom-Flat-Bottom-Pouch-Bulk-8-Side-Seal-Bag-For-Oatmeal-2.webp 750w, https:\/\/www.stanleypackage.com\/wp-content\/uploads\/2025\/12\/Custom-Flat-Bottom-Pouch-Bulk-8-Side-Seal-Bag-For-Oatmeal-2-300x300.webp 300w, https:\/\/www.stanleypackage.com\/wp-content\/uploads\/2025\/12\/Custom-Flat-Bottom-Pouch-Bulk-8-Side-Seal-Bag-For-Oatmeal-2-150x150.webp 150w, https:\/\/www.stanleypackage.com\/wp-content\/uploads\/2025\/12\/Custom-Flat-Bottom-Pouch-Bulk-8-Side-Seal-Bag-For-Oatmeal-2-12x12.webp 12w, https:\/\/www.stanleypackage.com\/wp-content\/uploads\/2025\/12\/Custom-Flat-Bottom-Pouch-Bulk-8-Side-Seal-Bag-For-Oatmeal-2-600x600.webp 600w, https:\/\/www.stanleypackage.com\/wp-content\/uploads\/2025\/12\/Custom-Flat-Bottom-Pouch-Bulk-8-Side-Seal-Bag-For-Oatmeal-2-100x100.webp 100w\" sizes=\"(max-width: 750px) 100vw, 750px\" \/><\/figure>\n<\/div>\n\n\n\n<div class=\"wp-block-column is-layout-flow wp-block-column-is-layout-flow\">\n<figure class=\"wp-block-image size-full\"><img decoding=\"async\" width=\"750\" height=\"750\" src=\"https:\/\/www.stanleypackage.com\/wp-content\/uploads\/2025\/12\/Custom-Flat-Bottom-Pouch-Bulk-8-Side-Seal-Bag-For-Oatmeal-3.webp\" alt=\"\" class=\"wp-image-4125\" srcset=\"https:\/\/www.stanleypackage.com\/wp-content\/uploads\/2025\/12\/Custom-Flat-Bottom-Pouch-Bulk-8-Side-Seal-Bag-For-Oatmeal-3.webp 750w, https:\/\/www.stanleypackage.com\/wp-content\/uploads\/2025\/12\/Custom-Flat-Bottom-Pouch-Bulk-8-Side-Seal-Bag-For-Oatmeal-3-300x300.webp 300w, https:\/\/www.stanleypackage.com\/wp-content\/uploads\/2025\/12\/Custom-Flat-Bottom-Pouch-Bulk-8-Side-Seal-Bag-For-Oatmeal-3-150x150.webp 150w, https:\/\/www.stanleypackage.com\/wp-content\/uploads\/2025\/12\/Custom-Flat-Bottom-Pouch-Bulk-8-Side-Seal-Bag-For-Oatmeal-3-12x12.webp 12w, https:\/\/www.stanleypackage.com\/wp-content\/uploads\/2025\/12\/Custom-Flat-Bottom-Pouch-Bulk-8-Side-Seal-Bag-For-Oatmeal-3-600x600.webp 600w, https:\/\/www.stanleypackage.com\/wp-content\/uploads\/2025\/12\/Custom-Flat-Bottom-Pouch-Bulk-8-Side-Seal-Bag-For-Oatmeal-3-100x100.webp 100w\" sizes=\"(max-width: 750px) 100vw, 750px\" \/><\/figure>\n<\/div>\n<\/div>\n<\/div>\n<\/div>","protected":false},"excerpt":{"rendered":"<p>Nous vous invitons \u00e0 commander des sachets alimentaires \u00e0 sceller sur 8 c\u00f4t\u00e9s. Nos sachets \u00e0 fond plat OEM combinent des propri\u00e9t\u00e9s de haute barri\u00e8re et de durabilit\u00e9, avec un trou de suspension, une encoche facile \u00e0 d\u00e9chirer et un orifice de remplissage par le bas pour r\u00e9pondre \u00e0 une vari\u00e9t\u00e9 de besoins en mati\u00e8re d'emballage alimentaire et de pr\u00e9sentation.<\/p>\n<table style=\"border-collapse: collapse; width: 365.02pt;\" border=\"0\" width=\"365\" cellspacing=\"0\" cellpadding=\"0\">\n<tbody>\n<tr style=\"height: 16.00pt;\">\n<td class=\"et2\" style=\"height: 16.00pt; width: 97.50pt;\" width=\"97\" height=\"16\">Fabricant<\/td>\n<td class=\"et2\" style=\"width: 267.50pt;\" width=\"267\">Stanley<\/td>\n<\/tr>\n<tr style=\"height: 16.00pt;\">\n<td class=\"et2\" style=\"height: 16.00pt; width: 97.50pt;\" width=\"97\" height=\"16\">Types de pochettes<\/td>\n<td class=\"et2\" style=\"width: 267.50pt;\" width=\"267\">Pochette \u00e0 fond plat \u00e0 8 soudures lat\u00e9rales<\/td>\n<\/tr>\n<tr style=\"height: 31.00pt;\">\n<td class=\"et2\" style=\"height: 31.00pt; width: 97.50pt;\" width=\"97\" height=\"31\">Mat\u00e9riau<\/td>\n<td class=\"et2\" style=\"width: 267.50pt;\" width=\"267\">PET12\/VMPET12\/PE110\u00a0<\/td>\n<\/tr>\n<tr style=\"height: 16.00pt;\">\n<td class=\"et2\" style=\"height: 16.00pt; width: 97.50pt;\" width=\"97\" height=\"16\">Dossier sp\u00e9cial<\/td>\n<td class=\"et2\" style=\"width: 267.50pt;\" width=\"267\">8 Joint lat\u00e9ral, trou de suspension, encoche de d\u00e9chirure, remplissage du fond<\/td>\n<\/tr>\n<tr style=\"height: 16.00pt;\">\n<td class=\"et2\" style=\"height: 16.00pt; width: 97.50pt;\" width=\"97\" height=\"16\">Manipulation de surface<\/td>\n<td class=\"et2\" style=\"width: 267.50pt;\" width=\"267\">Impression en h\u00e9liogravure<\/td>\n<\/tr>\n<tr style=\"height: 16.00pt;\">\n<td class=\"et2\" style=\"height: 16.00pt; width: 97.50pt;\" width=\"97\" height=\"16\">Couleur<\/td>\n<td class=\"et2\" style=\"width: 267.50pt;\" width=\"267\">Jusqu'\u00e0 10 couleurs<\/td>\n<\/tr>\n<tr style=\"height: 16.00pt;\">\n<td class=\"et2\" style=\"height: 16.00pt; width: 97.50pt;\" width=\"97\" height=\"16\">Utilisation<\/td>\n<td class=\"et2\" style=\"width: 267.50pt;\" width=\"267\">Flocons d'avoine, caf\u00e9, snacks, noix, aliments secs<\/td>\n<\/tr>\n<tr style=\"height: 16.00pt;\">\n<td class=\"et2\" style=\"height: 16.00pt; width: 97.50pt;\" width=\"97\" height=\"16\">MOQ<\/td>\n<td class=\"et2\" style=\"width: 267.50pt;\" width=\"267\">50 000 pi\u00e8ces<\/td>\n<\/tr>\n<tr style=\"height: 16.00pt;\">\n<td class=\"et2\" style=\"height: 16.00pt; width: 97.50pt;\" width=\"97\" height=\"16\">Commande personnalis\u00e9e<\/td>\n<td class=\"et2\" style=\"width: 267.50pt;\" width=\"267\">Accepter le support OEM \u00c9chantillon gratuit<\/td>\n<\/tr>\n<\/tbody>\n<\/table>","protected":false},"featured_media":4126,"comment_status":"closed","ping_status":"closed","template":"","meta":{"_acf_changed":false},"product_brand":[],"product_cat":[24],"product_tag":[],"class_list":{"0":"post-4123","1":"product","2":"type-product","3":"status-publish","4":"has-post-thumbnail","6":"product_cat-flat-bottom-pouch-manufacturer","7":"pa_food-packaging-food-powder-packaging","8":"pa_food-packaging-oatmeal-pouch","10":"first","11":"instock","12":"shipping-taxable","13":"product-type-simple"},"acf":[],"_links":{"self":[{"href":"https:\/\/www.stanleypackage.com\/fr\/wp-json\/wp\/v2\/product\/4123","targetHints":{"allow":["GET"]}}],"collection":[{"href":"https:\/\/www.stanleypackage.com\/fr\/wp-json\/wp\/v2\/product"}],"about":[{"href":"https:\/\/www.stanleypackage.com\/fr\/wp-json\/wp\/v2\/types\/product"}],"replies":[{"embeddable":true,"href":"https:\/\/www.stanleypackage.com\/fr\/wp-json\/wp\/v2\/comments?post=4123"}],"wp:featuredmedia":[{"embeddable":true,"href":"https:\/\/www.stanleypackage.com\/fr\/wp-json\/wp\/v2\/media\/4126"}],"wp:attachment":[{"href":"https:\/\/www.stanleypackage.com\/fr\/wp-json\/wp\/v2\/media?parent=4123"}],"wp:term":[{"taxonomy":"product_brand","embeddable":true,"href":"https:\/\/www.stanleypackage.com\/fr\/wp-json\/wp\/v2\/product_brand?post=4123"},{"taxonomy":"product_cat","embeddable":true,"href":"https:\/\/www.stanleypackage.com\/fr\/wp-json\/wp\/v2\/product_cat?post=4123"},{"taxonomy":"product_tag","embeddable":true,"href":"https:\/\/www.stanleypackage.com\/fr\/wp-json\/wp\/v2\/product_tag?post=4123"}],"curies":[{"name":"wp","href":"https:\/\/api.w.org\/{rel}","templated":true}]}}