{"id":4129,"date":"2025-12-11T02:44:53","date_gmt":"2025-12-11T02:44:53","guid":{"rendered":"https:\/\/www.stanleypackage.com\/?post_type=product&#038;p=4129"},"modified":"2025-12-11T02:44:58","modified_gmt":"2025-12-11T02:44:58","slug":"custom-printed-resealable-food-bags","status":"publish","type":"product","link":"https:\/\/www.stanleypackage.com\/fr\/product\/custom-printed-resealable-food-bags\/","title":{"rendered":"Sacs alimentaires refermables imprim\u00e9s sur mesure, sachets r\u00e9sistants \u00e0 l'humidit\u00e9"},"content":{"rendered":"<div class=\"wp-block-columns is-layout-flex wp-container-core-columns-is-layout-9d6595d7 wp-block-columns-is-layout-flex\">\n<div class=\"wp-block-column is-layout-flow wp-block-column-is-layout-flow\">\n<h2 class=\"wp-block-heading\">Caract\u00e9ristiques des sacs alimentaires refermables imprim\u00e9s sur mesure<\/h2>\n\n\n\n<ul class=\"wp-block-list\">\n<li><strong>Structure autoportante du fond du sac : <\/strong>Ces sachets alimentaires refermables imprim\u00e9s personnalis\u00e9s ont une forme stable, adapt\u00e9e \u00e0 la mise en rayon, et am\u00e9liorent l'effet visuel de pr\u00e9sentation des produits de grignotage.<\/li>\n\n\n\n<li><strong>\u00c9quip\u00e9 d'un trou de suspension :<\/strong> Ces pochettes \u00e0 fermeture \u00e9clair pour c\u00e9r\u00e9ales sont dot\u00e9es de trous de suspension, ce qui permet de les suspendre, d'\u00e9largir les sc\u00e9narios de vente et d'am\u00e9liorer la commodit\u00e9 du commerce de d\u00e9tail.<\/li>\n\n\n\n<li><strong>Facile \u00e0 d\u00e9chirer : <\/strong>Ces sacs alimentaires refermables imprim\u00e9s pour les c\u00e9r\u00e9ales sont dot\u00e9s d'encoches de d\u00e9chirement qui permettent d'ouvrir facilement l'emballage, de faciliter l'ouverture et d'am\u00e9liorer l'exp\u00e9rience de l'utilisateur.<\/li>\n\n\n\n<li><strong>Fermeture \u00e0 glissi\u00e8re \u00e9tanche : <\/strong>Notre pochette \u00e0 fermeture \u00e0 glissi\u00e8re permet de multiples ouvertures et fermetures, conserve les bonbons et les snacks frais et hygi\u00e9niques, et convient \u00e0 la consommation quotidienne.<\/li>\n\n\n\n<li><strong>Mat\u00e9riaux composites de haute qualit\u00e9 PET\/VMPET\/PE : <\/strong>Nos sacs alimentaires refermables imprim\u00e9s sur mesure ont de bonnes propri\u00e9t\u00e9s de barri\u00e8re, sont r\u00e9sistants \u00e0 l'humidit\u00e9 et \u00e0 l'oxydation, et garantissent la qualit\u00e9 des aliments.<\/li>\n\n\n\n<li><strong>Convient \u00e0 divers aliments \u00e0 grignoter : <\/strong>Ces sachets \u00e0 fermeture \u00e9clair conviennent parfaitement \u00e0 l'emballage d'aliments secs tels que les c\u00e9r\u00e9ales, le th\u00e9, les bonbons, les noix, etc.<\/li>\n<\/ul>\n\n\n\n<div class=\"wp-block-columns is-layout-flex wp-container-core-columns-is-layout-9d6595d7 wp-block-columns-is-layout-flex\">\n<div class=\"wp-block-column is-layout-flow wp-block-column-is-layout-flow\">\n<figure class=\"wp-block-image size-full\"><img decoding=\"async\" width=\"750\" height=\"750\" src=\"https:\/\/www.stanleypackage.com\/wp-content\/uploads\/2025\/12\/Custom-Moisture-Proof-Stand-Up-Zipper-Pouches-Wholesale-Packaging-Bags-for-Cereal-7.webp\" alt=\"\" class=\"wp-image-4130\" srcset=\"https:\/\/www.stanleypackage.com\/wp-content\/uploads\/2025\/12\/Custom-Moisture-Proof-Stand-Up-Zipper-Pouches-Wholesale-Packaging-Bags-for-Cereal-7.webp 750w, https:\/\/www.stanleypackage.com\/wp-content\/uploads\/2025\/12\/Custom-Moisture-Proof-Stand-Up-Zipper-Pouches-Wholesale-Packaging-Bags-for-Cereal-7-300x300.webp 300w, https:\/\/www.stanleypackage.com\/wp-content\/uploads\/2025\/12\/Custom-Moisture-Proof-Stand-Up-Zipper-Pouches-Wholesale-Packaging-Bags-for-Cereal-7-150x150.webp 150w, https:\/\/www.stanleypackage.com\/wp-content\/uploads\/2025\/12\/Custom-Moisture-Proof-Stand-Up-Zipper-Pouches-Wholesale-Packaging-Bags-for-Cereal-7-12x12.webp 12w, https:\/\/www.stanleypackage.com\/wp-content\/uploads\/2025\/12\/Custom-Moisture-Proof-Stand-Up-Zipper-Pouches-Wholesale-Packaging-Bags-for-Cereal-7-600x600.webp 600w, https:\/\/www.stanleypackage.com\/wp-content\/uploads\/2025\/12\/Custom-Moisture-Proof-Stand-Up-Zipper-Pouches-Wholesale-Packaging-Bags-for-Cereal-7-100x100.webp 100w\" sizes=\"(max-width: 750px) 100vw, 750px\" \/><\/figure>\n<\/div>\n\n\n\n<div class=\"wp-block-column is-layout-flow wp-block-column-is-layout-flow\">\n<figure class=\"wp-block-image size-full\"><img decoding=\"async\" width=\"750\" height=\"750\" src=\"https:\/\/www.stanleypackage.com\/wp-content\/uploads\/2025\/12\/Custom-Moisture-Proof-Stand-Up-Zipper-Pouches-Wholesale-Packaging-Bags-for-Cereal-4.webp\" alt=\"Sacs alimentaires refermables imprim\u00e9s sur mesure, sachets r\u00e9sistants \u00e0 l&#039;humidit\u00e9\" class=\"wp-image-4132\" srcset=\"https:\/\/www.stanleypackage.com\/wp-content\/uploads\/2025\/12\/Custom-Moisture-Proof-Stand-Up-Zipper-Pouches-Wholesale-Packaging-Bags-for-Cereal-4.webp 750w, https:\/\/www.stanleypackage.com\/wp-content\/uploads\/2025\/12\/Custom-Moisture-Proof-Stand-Up-Zipper-Pouches-Wholesale-Packaging-Bags-for-Cereal-4-300x300.webp 300w, https:\/\/www.stanleypackage.com\/wp-content\/uploads\/2025\/12\/Custom-Moisture-Proof-Stand-Up-Zipper-Pouches-Wholesale-Packaging-Bags-for-Cereal-4-150x150.webp 150w, https:\/\/www.stanleypackage.com\/wp-content\/uploads\/2025\/12\/Custom-Moisture-Proof-Stand-Up-Zipper-Pouches-Wholesale-Packaging-Bags-for-Cereal-4-12x12.webp 12w, https:\/\/www.stanleypackage.com\/wp-content\/uploads\/2025\/12\/Custom-Moisture-Proof-Stand-Up-Zipper-Pouches-Wholesale-Packaging-Bags-for-Cereal-4-600x600.webp 600w, https:\/\/www.stanleypackage.com\/wp-content\/uploads\/2025\/12\/Custom-Moisture-Proof-Stand-Up-Zipper-Pouches-Wholesale-Packaging-Bags-for-Cereal-4-100x100.webp 100w\" sizes=\"(max-width: 750px) 100vw, 750px\" \/><\/figure>\n<\/div>\n<\/div>\n<\/div>\n<\/div>","protected":false},"excerpt":{"rendered":"<p>Nous vous invitons \u00e0 commander des sacs alimentaires refermables imprim\u00e9s personnalis\u00e9s. Notre pochette \u00e0 fermeture \u00e9clair pour c\u00e9r\u00e9ales est dot\u00e9e d'une fermeture \u00e9clair, d'une encoche de d\u00e9chirement et d'un trou de suspension. Elle est sp\u00e9cialement con\u00e7ue pour les bonbons, les fruits secs, les snacks et autres aliments \u00e0 grignoter, afin d'am\u00e9liorer l'effet de pr\u00e9sentation du produit en rayon.<\/p>\n<table width=\"365\">\n<tbody>\n<tr>\n<td width=\"97\">Fabricant<\/td>\n<td width=\"267\">Stanley<\/td>\n<\/tr>\n<tr>\n<td width=\"97\">Types de pochettes<\/td>\n<td width=\"267\">Stand Up Pouch, Zipper Pouch<\/td>\n<\/tr>\n<tr>\n<td width=\"97\">Mat\u00e9riau<\/td>\n<td width=\"267\">PET12\/VMPET12\/PE80<\/td>\n<\/tr>\n<tr>\n<td width=\"97\">Dossier sp\u00e9cial<\/td>\n<td width=\"267\">Trou de suspension, fermeture \u00e0 glissi\u00e8re, encoche de d\u00e9chirure<\/td>\n<\/tr>\n<tr>\n<td width=\"97\">Manipulation de surface<\/td>\n<td width=\"267\">Impression en h\u00e9liogravure<\/td>\n<\/tr>\n<tr>\n<td width=\"97\">Couleur<\/td>\n<td width=\"267\">Impression double face, jusqu'\u00e0 10 couleurs<\/td>\n<\/tr>\n<tr>\n<td width=\"97\">Utilisation<\/td>\n<td width=\"267\">Bonbons, gommes, noix, fruits secs, etc.<\/td>\n<\/tr>\n<tr>\n<td width=\"97\">MOQ<\/td>\n<td width=\"267\">50 000 pi\u00e8ces<\/td>\n<\/tr>\n<tr>\n<td width=\"97\">Commande personnalis\u00e9e<\/td>\n<td width=\"267\">Acceptation de l'OEM, prise en charge de l'\u00e9chantillonnage gratuit<\/td>\n<\/tr>\n<\/tbody>\n<\/table>","protected":false},"featured_media":4131,"comment_status":"closed","ping_status":"closed","template":"","meta":{"_acf_changed":false},"product_brand":[],"product_cat":[30,18],"product_tag":[],"class_list":{"0":"post-4129","1":"product","2":"type-product","3":"status-publish","4":"has-post-thumbnail","6":"product_cat-stand-up-pouch-manufacturer","7":"product_cat-zipper-pouch-manufacturer","8":"pa_food-packaging-oatmeal-pouch","10":"first","11":"instock","12":"shipping-taxable","13":"product-type-simple"},"acf":[],"_links":{"self":[{"href":"https:\/\/www.stanleypackage.com\/fr\/wp-json\/wp\/v2\/product\/4129","targetHints":{"allow":["GET"]}}],"collection":[{"href":"https:\/\/www.stanleypackage.com\/fr\/wp-json\/wp\/v2\/product"}],"about":[{"href":"https:\/\/www.stanleypackage.com\/fr\/wp-json\/wp\/v2\/types\/product"}],"replies":[{"embeddable":true,"href":"https:\/\/www.stanleypackage.com\/fr\/wp-json\/wp\/v2\/comments?post=4129"}],"wp:featuredmedia":[{"embeddable":true,"href":"https:\/\/www.stanleypackage.com\/fr\/wp-json\/wp\/v2\/media\/4131"}],"wp:attachment":[{"href":"https:\/\/www.stanleypackage.com\/fr\/wp-json\/wp\/v2\/media?parent=4129"}],"wp:term":[{"taxonomy":"product_brand","embeddable":true,"href":"https:\/\/www.stanleypackage.com\/fr\/wp-json\/wp\/v2\/product_brand?post=4129"},{"taxonomy":"product_cat","embeddable":true,"href":"https:\/\/www.stanleypackage.com\/fr\/wp-json\/wp\/v2\/product_cat?post=4129"},{"taxonomy":"product_tag","embeddable":true,"href":"https:\/\/www.stanleypackage.com\/fr\/wp-json\/wp\/v2\/product_tag?post=4129"}],"curies":[{"name":"wp","href":"https:\/\/api.w.org\/{rel}","templated":true}]}}