{"id":4138,"date":"2025-12-11T02:26:04","date_gmt":"2025-12-11T02:26:04","guid":{"rendered":"https:\/\/www.stanleypackage.com\/?post_type=product&#038;p=4138"},"modified":"2025-12-11T02:26:11","modified_gmt":"2025-12-11T02:26:11","slug":"oem-three-side-seal-pouch","status":"publish","type":"product","link":"https:\/\/www.stanleypackage.com\/fr\/product\/oem-three-side-seal-pouch\/","title":{"rendered":"Emballages alimentaires personnalis\u00e9s, sachets transparents \u00e0 3 c\u00f4t\u00e9s pour snacks"},"content":{"rendered":"<div class=\"wp-block-columns is-layout-flex wp-container-core-columns-is-layout-9d6595d7 wp-block-columns-is-layout-flex\">\n<div class=\"wp-block-column is-layout-flow wp-block-column-is-layout-flow\">\n<h2 class=\"wp-block-heading\">Caract\u00e9ristiques de la pochette \u00e0 trois soudures OEM<\/h2>\n\n\n\n<ul class=\"wp-block-list\">\n<li><strong>Structure scell\u00e9e sur trois c\u00f4t\u00e9s, forte \u00e9tanch\u00e9it\u00e9, r\u00e9sistance \u00e0 l'humidit\u00e9 et \u00e0 l'oxydation : <\/strong>Le bord de scellage ferme de notre sachet OEM \u00e0 trois c\u00f4t\u00e9s isole efficacement l'air et l'humidit\u00e9, garantissant ainsi la fra\u00eecheur de l'en-cas.<\/li>\n\n\n\n<li><strong>Remplissage par le bas, op\u00e9ration de remplissage plus pratique : <\/strong>La conception descendante de l'ouverture du sac de cet emballage personnalis\u00e9 de viande s\u00e9ch\u00e9e facilite l'alimentation et la fermeture rapides, et am\u00e9liore l'efficacit\u00e9 de la production et de l'emballage.<\/li>\n\n\n\n<li><strong>Conception facile \u00e0 d\u00e9chirer, ouverture en douceur sans ciseaux :<\/strong> Cette pochette OEM \u00e0 trois soudures est \u00e9quip\u00e9e d'une encoche de d\u00e9chirure qui permet aux utilisateurs de l'ouvrir facilement, ce qui am\u00e9liore l'exp\u00e9rience du consommateur et est pratique.<\/li>\n\n\n\n<li><strong>Mat\u00e9riel de transparence : <\/strong>Nos emballages personnalis\u00e9s pour le b\u0153uf s\u00e9ch\u00e9 sont fabriqu\u00e9s \u00e0 partir de deux mat\u00e9riaux transparents, le PET et le CPP, qui permettent d'afficher efficacement la forme et la couleur du produit, ce qui facilite le choix des clients.<\/li>\n\n\n\n<li><strong>Large \u00e9ventail d'utilisations, convient \u00e0 une vari\u00e9t\u00e9 de produits de snacking :<\/strong> Ce sachet OEM \u00e0 trois soudures lat\u00e9rales convient non seulement au jerky, mais aussi aux besoins d'emballage de noix, d'\u00e9pices, de cacahu\u00e8tes et d'autres produits.<\/li>\n<\/ul>\n\n\n\n<div class=\"wp-block-columns is-layout-flex wp-container-core-columns-is-layout-9d6595d7 wp-block-columns-is-layout-flex\">\n<div class=\"wp-block-column is-layout-flow wp-block-column-is-layout-flow\">\n<figure class=\"wp-block-image size-full\"><img decoding=\"async\" width=\"750\" height=\"750\" src=\"https:\/\/www.stanleypackage.com\/wp-content\/uploads\/2025\/12\/Custom-Packaging-Bags-For-Snack-Wholesale-3-Side-Seal-Pouches-3.webp\" alt=\"\" class=\"wp-image-4139\" srcset=\"https:\/\/www.stanleypackage.com\/wp-content\/uploads\/2025\/12\/Custom-Packaging-Bags-For-Snack-Wholesale-3-Side-Seal-Pouches-3.webp 750w, https:\/\/www.stanleypackage.com\/wp-content\/uploads\/2025\/12\/Custom-Packaging-Bags-For-Snack-Wholesale-3-Side-Seal-Pouches-3-300x300.webp 300w, https:\/\/www.stanleypackage.com\/wp-content\/uploads\/2025\/12\/Custom-Packaging-Bags-For-Snack-Wholesale-3-Side-Seal-Pouches-3-150x150.webp 150w, https:\/\/www.stanleypackage.com\/wp-content\/uploads\/2025\/12\/Custom-Packaging-Bags-For-Snack-Wholesale-3-Side-Seal-Pouches-3-12x12.webp 12w, https:\/\/www.stanleypackage.com\/wp-content\/uploads\/2025\/12\/Custom-Packaging-Bags-For-Snack-Wholesale-3-Side-Seal-Pouches-3-600x600.webp 600w, https:\/\/www.stanleypackage.com\/wp-content\/uploads\/2025\/12\/Custom-Packaging-Bags-For-Snack-Wholesale-3-Side-Seal-Pouches-3-100x100.webp 100w\" sizes=\"(max-width: 750px) 100vw, 750px\" \/><\/figure>\n<\/div>\n\n\n\n<div class=\"wp-block-column is-layout-flow wp-block-column-is-layout-flow\">\n<figure class=\"wp-block-image size-full\"><img decoding=\"async\" width=\"750\" height=\"750\" src=\"https:\/\/www.stanleypackage.com\/wp-content\/uploads\/2025\/12\/Custom-Packaging-Bags-For-Snack-Wholesale-3-Side-Seal-Pouches-4.webp\" alt=\"\" class=\"wp-image-4140\" srcset=\"https:\/\/www.stanleypackage.com\/wp-content\/uploads\/2025\/12\/Custom-Packaging-Bags-For-Snack-Wholesale-3-Side-Seal-Pouches-4.webp 750w, https:\/\/www.stanleypackage.com\/wp-content\/uploads\/2025\/12\/Custom-Packaging-Bags-For-Snack-Wholesale-3-Side-Seal-Pouches-4-300x300.webp 300w, https:\/\/www.stanleypackage.com\/wp-content\/uploads\/2025\/12\/Custom-Packaging-Bags-For-Snack-Wholesale-3-Side-Seal-Pouches-4-150x150.webp 150w, https:\/\/www.stanleypackage.com\/wp-content\/uploads\/2025\/12\/Custom-Packaging-Bags-For-Snack-Wholesale-3-Side-Seal-Pouches-4-12x12.webp 12w, https:\/\/www.stanleypackage.com\/wp-content\/uploads\/2025\/12\/Custom-Packaging-Bags-For-Snack-Wholesale-3-Side-Seal-Pouches-4-600x600.webp 600w, https:\/\/www.stanleypackage.com\/wp-content\/uploads\/2025\/12\/Custom-Packaging-Bags-For-Snack-Wholesale-3-Side-Seal-Pouches-4-100x100.webp 100w\" sizes=\"(max-width: 750px) 100vw, 750px\" \/><\/figure>\n<\/div>\n<\/div>\n<\/div>\n<\/div>","protected":false},"excerpt":{"rendered":"<p>Nous vous invitons \u00e0 acheter des emballages personnalis\u00e9s pour le b\u0153uf s\u00e9ch\u00e9. Notre pochette OEM \u00e0 trois c\u00f4t\u00e9s est dot\u00e9e d'une conception facile \u00e0 d\u00e9chirer, d'une excellente \u00e9tanch\u00e9it\u00e9 et d'une excellente conservation des ar\u00f4mes. Elle convient aux sacs de viande s\u00e9ch\u00e9e, aux \u00e9pices, aux noix et aux cacahu\u00e8tes.<\/p>\n<table style=\"border-collapse: collapse; width: 365.02pt;\" border=\"0\" width=\"365\" cellspacing=\"0\" cellpadding=\"0\">\n<tbody>\n<tr style=\"height: 16.00pt;\">\n<td class=\"et2\" style=\"height: 16.00pt; width: 97.50pt;\" width=\"97\" height=\"16\">Fabricant<\/td>\n<td class=\"et2\" style=\"width: 267.50pt;\" width=\"267\">Stanley<\/td>\n<\/tr>\n<tr style=\"height: 16.00pt;\">\n<td class=\"et2\" style=\"height: 16.00pt; width: 97.50pt;\" width=\"97\" height=\"16\">Types de pochettes<\/td>\n<td class=\"et2\" style=\"width: 267.50pt;\" width=\"267\">Pochette scell\u00e9e sur trois c\u00f4t\u00e9s, pochette \u00e0 plat<\/td>\n<\/tr>\n<tr style=\"height: 16.00pt;\">\n<td class=\"et2\" style=\"height: 16.00pt; width: 97.50pt;\" width=\"97\" height=\"16\">Mat\u00e9riau<\/td>\n<td class=\"et2\" style=\"width: 267.50pt;\" width=\"267\">PET12\/CPP70<\/td>\n<\/tr>\n<tr style=\"height: 16.00pt;\">\n<td class=\"et2\" style=\"height: 16.00pt; width: 97.50pt;\" width=\"97\" height=\"16\">Dossier sp\u00e9cial<\/td>\n<td class=\"et2\" style=\"width: 267.50pt;\" width=\"267\">Facile \u00e0 d\u00e9chirer, remplissage par le bas<\/td>\n<\/tr>\n<tr style=\"height: 16.00pt;\">\n<td class=\"et2\" style=\"height: 16.00pt; width: 97.50pt;\" width=\"97\" height=\"16\">Manipulation de surface<\/td>\n<td class=\"et2\" style=\"width: 267.50pt;\" width=\"267\">Impression en h\u00e9liogravure<\/td>\n<\/tr>\n<tr style=\"height: 16.00pt;\">\n<td class=\"et2\" style=\"height: 16.00pt; width: 97.50pt;\" width=\"97\" height=\"16\">Couleur<\/td>\n<td class=\"et2\" style=\"width: 267.50pt;\" width=\"267\">Impression double face, jusqu'\u00e0 10 couleurs<\/td>\n<\/tr>\n<tr style=\"height: 16.00pt;\">\n<td class=\"et2\" style=\"height: 16.00pt; width: 97.50pt;\" width=\"97\" height=\"16\">Utilisation<\/td>\n<td class=\"et2\" style=\"width: 267.50pt;\" width=\"267\">Snack, Noix, \u00c9pices, arachide<\/td>\n<\/tr>\n<tr style=\"height: 16.00pt;\">\n<td class=\"et2\" style=\"height: 16.00pt; width: 97.50pt;\" width=\"97\" height=\"16\">, MOQ<\/td>\n<td class=\"et2\" style=\"width: 267.50pt;\" width=\"267\">50 000 pi\u00e8ces<\/td>\n<\/tr>\n<tr style=\"height: 16.00pt;\">\n<td class=\"et2\" style=\"height: 16.00pt; width: 97.50pt;\" width=\"97\" height=\"16\">Commande personnalis\u00e9e<\/td>\n<td class=\"et2\" style=\"width: 267.50pt;\" width=\"267\">Acceptation de l'OEM , \u00c9chantillon gratuit<\/td>\n<\/tr>\n<\/tbody>\n<\/table>","protected":false},"featured_media":4141,"comment_status":"closed","ping_status":"closed","template":"","meta":{"_acf_changed":false},"product_brand":[],"product_cat":[28,31],"product_tag":[],"class_list":{"0":"post-4138","1":"product","2":"type-product","3":"status-publish","4":"has-post-thumbnail","6":"product_cat-three-side-seal-pouch-manufacturer","7":"product_cat-lay-flat-pouch-manufacturer","8":"pa_food-packaging-snack-food-pouch","10":"first","11":"instock","12":"shipping-taxable","13":"product-type-simple"},"acf":[],"_links":{"self":[{"href":"https:\/\/www.stanleypackage.com\/fr\/wp-json\/wp\/v2\/product\/4138","targetHints":{"allow":["GET"]}}],"collection":[{"href":"https:\/\/www.stanleypackage.com\/fr\/wp-json\/wp\/v2\/product"}],"about":[{"href":"https:\/\/www.stanleypackage.com\/fr\/wp-json\/wp\/v2\/types\/product"}],"replies":[{"embeddable":true,"href":"https:\/\/www.stanleypackage.com\/fr\/wp-json\/wp\/v2\/comments?post=4138"}],"wp:featuredmedia":[{"embeddable":true,"href":"https:\/\/www.stanleypackage.com\/fr\/wp-json\/wp\/v2\/media\/4141"}],"wp:attachment":[{"href":"https:\/\/www.stanleypackage.com\/fr\/wp-json\/wp\/v2\/media?parent=4138"}],"wp:term":[{"taxonomy":"product_brand","embeddable":true,"href":"https:\/\/www.stanleypackage.com\/fr\/wp-json\/wp\/v2\/product_brand?post=4138"},{"taxonomy":"product_cat","embeddable":true,"href":"https:\/\/www.stanleypackage.com\/fr\/wp-json\/wp\/v2\/product_cat?post=4138"},{"taxonomy":"product_tag","embeddable":true,"href":"https:\/\/www.stanleypackage.com\/fr\/wp-json\/wp\/v2\/product_tag?post=4138"}],"curies":[{"name":"wp","href":"https:\/\/api.w.org\/{rel}","templated":true}]}}