{"id":4146,"date":"2025-12-11T02:04:57","date_gmt":"2025-12-11T02:04:57","guid":{"rendered":"https:\/\/www.stanleypackage.com\/?post_type=product&#038;p=4146"},"modified":"2025-12-11T02:05:30","modified_gmt":"2025-12-11T02:05:30","slug":"customized-oem-retort-pouch","status":"publish","type":"product","link":"https:\/\/www.stanleypackage.com\/fr\/product\/customized-oem-retort-pouch\/","title":{"rendered":"Pochettes ajour\u00e9es OEM personnalis\u00e9es pour sauces et aliments pr\u00e9par\u00e9s"},"content":{"rendered":"<div class=\"wp-block-columns is-layout-flex wp-container-core-columns-is-layout-9d6595d7 wp-block-columns-is-layout-flex\">\n<div class=\"wp-block-column is-layout-flow wp-block-column-is-layout-flow\">\n<h2 class=\"wp-block-heading\">Caract\u00e9ristiques de la pochette ajour\u00e9e OEM personnalis\u00e9e<\/h2>\n\n\n\n<ul class=\"wp-block-list\">\n<li><strong>Haute barri\u00e8re, qualit\u00e9 alimentaire et s\u00e9curit\u00e9 :<\/strong> Notre pochette ajour\u00e9e OEM personnalis\u00e9e utilise une structure composite multicouche de PET12\/AL7\/PE75, offrant une excellente protection contre l'humidit\u00e9, l'oxydation et la lumi\u00e8re.<\/li>\n\n\n\n<li><strong>Construction polyvalente et pratique : <\/strong>Nos sachets OEM \u00e0 3 c\u00f4t\u00e9s sont dot\u00e9s de trous de suspension pour une pr\u00e9sentation pratique sur crochet. L'encoche facile \u00e0 d\u00e9chirer permet aux consommateurs de l'ouvrir facilement. En outre, nos sachets d'emballage ont des coins arrondis, ce qui est une conception r\u00e9fl\u00e9chie qui permet d'\u00e9viter de se blesser les mains.<\/li>\n\n\n\n<li><strong>Remplissage et scellement efficaces : <\/strong>La conception du remplissage par le bas de notre sachet a\u00e9rosol OEM personnalis\u00e9 rend le processus d'emballage plus efficace et plus hygi\u00e9nique, ce qui le rend particuli\u00e8rement adapt\u00e9 \u00e0 la production de gros volumes sur les cha\u00eenes d'assemblage.<\/li>\n\n\n\n<li><strong>Large application :<\/strong> Ces sachets OEM \u00e0 fermeture sur 3 c\u00f4t\u00e9s conviennent \u00e0 l'emballage d'une vari\u00e9t\u00e9 d'aliments, y compris le sel, l'aginomoto, le condiment pour hotpot, etc., permettant aux marques de r\u00e9pondre aux besoins du march\u00e9 de plusieurs cat\u00e9gories de produits avec un seul emballage.<\/li>\n\n\n\n<li><strong>Aluminium Mat\u00e9riau du film : <\/strong>Nos sachets d'autoclave OEM personnalis\u00e9s sont fabriqu\u00e9s \u00e0 partir d'un film d'aluminium, qui peut mieux emp\u00eacher l'infiltration de l'air et de l'humidit\u00e9.<\/li>\n<\/ul>\n\n\n\n<div class=\"wp-block-columns is-layout-flex wp-container-core-columns-is-layout-9d6595d7 wp-block-columns-is-layout-flex\">\n<div class=\"wp-block-column is-layout-flow wp-block-column-is-layout-flow\">\n<figure class=\"wp-block-image size-full\"><img decoding=\"async\" width=\"750\" height=\"750\" src=\"https:\/\/www.stanleypackage.com\/wp-content\/uploads\/2025\/12\/Custom-Foil-Pouch-Packaging-Wholesale-3-Side-Seal-Pouches.jpg\" alt=\"\" class=\"wp-image-4147\" srcset=\"https:\/\/www.stanleypackage.com\/wp-content\/uploads\/2025\/12\/Custom-Foil-Pouch-Packaging-Wholesale-3-Side-Seal-Pouches.jpg 750w, https:\/\/www.stanleypackage.com\/wp-content\/uploads\/2025\/12\/Custom-Foil-Pouch-Packaging-Wholesale-3-Side-Seal-Pouches-300x300.jpg 300w, https:\/\/www.stanleypackage.com\/wp-content\/uploads\/2025\/12\/Custom-Foil-Pouch-Packaging-Wholesale-3-Side-Seal-Pouches-150x150.jpg 150w, https:\/\/www.stanleypackage.com\/wp-content\/uploads\/2025\/12\/Custom-Foil-Pouch-Packaging-Wholesale-3-Side-Seal-Pouches-12x12.jpg 12w, https:\/\/www.stanleypackage.com\/wp-content\/uploads\/2025\/12\/Custom-Foil-Pouch-Packaging-Wholesale-3-Side-Seal-Pouches-600x600.jpg 600w, https:\/\/www.stanleypackage.com\/wp-content\/uploads\/2025\/12\/Custom-Foil-Pouch-Packaging-Wholesale-3-Side-Seal-Pouches-100x100.jpg 100w\" sizes=\"(max-width: 750px) 100vw, 750px\" \/><\/figure>\n<\/div>\n\n\n\n<div class=\"wp-block-column is-layout-flow wp-block-column-is-layout-flow\">\n<figure class=\"wp-block-image size-full\"><img decoding=\"async\" width=\"750\" height=\"750\" src=\"https:\/\/www.stanleypackage.com\/wp-content\/uploads\/2025\/12\/Custom-Foil-Pouch-Packaging-Wholesale-3-Side-Seal-Pouches-7.webp\" alt=\"\" class=\"wp-image-4148\" srcset=\"https:\/\/www.stanleypackage.com\/wp-content\/uploads\/2025\/12\/Custom-Foil-Pouch-Packaging-Wholesale-3-Side-Seal-Pouches-7.webp 750w, https:\/\/www.stanleypackage.com\/wp-content\/uploads\/2025\/12\/Custom-Foil-Pouch-Packaging-Wholesale-3-Side-Seal-Pouches-7-300x300.webp 300w, https:\/\/www.stanleypackage.com\/wp-content\/uploads\/2025\/12\/Custom-Foil-Pouch-Packaging-Wholesale-3-Side-Seal-Pouches-7-150x150.webp 150w, https:\/\/www.stanleypackage.com\/wp-content\/uploads\/2025\/12\/Custom-Foil-Pouch-Packaging-Wholesale-3-Side-Seal-Pouches-7-12x12.webp 12w, https:\/\/www.stanleypackage.com\/wp-content\/uploads\/2025\/12\/Custom-Foil-Pouch-Packaging-Wholesale-3-Side-Seal-Pouches-7-600x600.webp 600w, https:\/\/www.stanleypackage.com\/wp-content\/uploads\/2025\/12\/Custom-Foil-Pouch-Packaging-Wholesale-3-Side-Seal-Pouches-7-100x100.webp 100w\" sizes=\"(max-width: 750px) 100vw, 750px\" \/><\/figure>\n<\/div>\n<\/div>\n<\/div>\n<\/div>\n\n\n\n<p><\/p>","protected":false},"excerpt":{"rendered":"<p>Nous vous invitons \u00e0 commander des sachets a\u00e9rosols personnalis\u00e9s OEM. Nos sachets en aluminium \u00e0 sceller sur trois c\u00f4t\u00e9s combinent des propri\u00e9t\u00e9s de haute barri\u00e8re et de durabilit\u00e9, avec des trous de suspension, des coins arrondis et une encoche facile \u00e0 d\u00e9chirer, ainsi qu'un orifice de remplissage par le bas pour r\u00e9pondre \u00e0 une vari\u00e9t\u00e9 de besoins en mati\u00e8re d'emballage et de pr\u00e9sentation de produits alimentaires.<\/p>\n<table style=\"border-collapse: collapse; width: 365.02pt;\" border=\"0\" width=\"365\" cellspacing=\"0\" cellpadding=\"0\">\n<tbody>\n<tr style=\"height: 16.00pt;\">\n<td class=\"et2\" style=\"height: 16.00pt; width: 97.50pt;\" width=\"97\" height=\"16\">Fabricant<\/td>\n<td class=\"et2\" style=\"width: 267.50pt;\" width=\"267\">Stanley<\/td>\n<\/tr>\n<tr style=\"height: 16.00pt;\">\n<td class=\"et2\" style=\"height: 16.00pt; width: 97.50pt;\" width=\"97\" height=\"16\">Types de pochettes<\/td>\n<td class=\"et2\" style=\"width: 267.50pt;\" width=\"267\">3 Side Seal Pouch, Retort Pouch<\/td>\n<\/tr>\n<tr style=\"height: 31.00pt;\">\n<td class=\"et2\" style=\"height: 31.00pt; width: 97.50pt;\" width=\"97\" height=\"31\">Mat\u00e9riau<\/td>\n<td class=\"et2\" style=\"width: 267.50pt;\" width=\"267\">PET12\/AL7\/PE75<\/td>\n<\/tr>\n<tr style=\"height: 16.00pt;\">\n<td class=\"et2\" style=\"height: 16.00pt; width: 97.50pt;\" width=\"97\" height=\"16\">Dossier sp\u00e9cial<\/td>\n<td class=\"et2\" style=\"width: 267.50pt;\" width=\"267\">\u00a0Encoche de d\u00e9chirure, remplissage du fond, trou de suspension, coin arrondi<\/td>\n<\/tr>\n<tr style=\"height: 16.00pt;\">\n<td class=\"et2\" style=\"height: 16.00pt; width: 97.50pt;\" width=\"97\" height=\"16\">Manipulation de surface<\/td>\n<td class=\"et2\" style=\"width: 267.50pt;\" width=\"267\">Impression en h\u00e9liogravure<\/td>\n<\/tr>\n<tr style=\"height: 16.00pt;\">\n<td class=\"et2\" style=\"height: 16.00pt; width: 97.50pt;\" width=\"97\" height=\"16\">Couleur<\/td>\n<td class=\"et2\" style=\"width: 267.50pt;\" width=\"267\">Jusqu'\u00e0 10 couleurs<\/td>\n<\/tr>\n<tr style=\"height: 16.00pt;\">\n<td class=\"et2\" style=\"height: 16.00pt; width: 97.50pt;\" width=\"97\" height=\"16\">Utilisation<\/td>\n<td class=\"et2\" style=\"width: 267.50pt;\" width=\"267\">Sel, Aginomoto, condiment pour pot-au-feu<\/td>\n<\/tr>\n<tr style=\"height: 16.00pt;\">\n<td class=\"et2\" style=\"height: 16.00pt; width: 97.50pt;\" width=\"97\" height=\"16\">MOQ<\/td>\n<td class=\"et2\" style=\"width: 267.50pt;\" width=\"267\">50 000 pi\u00e8ces<\/td>\n<\/tr>\n<tr style=\"height: 16.00pt;\">\n<td class=\"et2\" style=\"height: 16.00pt; width: 97.50pt;\" width=\"97\" height=\"16\">Commande personnalis\u00e9e<\/td>\n<td class=\"et2\" style=\"width: 267.50pt;\" width=\"267\">Accepter le support OEM \u00c9chantillon gratuit<\/td>\n<\/tr>\n<\/tbody>\n<\/table>\n<p>&nbsp;<\/p>","protected":false},"featured_media":4149,"comment_status":"closed","ping_status":"closed","template":"","meta":{"_acf_changed":false},"product_brand":[],"product_cat":[31,28,23],"product_tag":[],"class_list":{"0":"post-4146","1":"product","2":"type-product","3":"status-publish","4":"has-post-thumbnail","6":"product_cat-lay-flat-pouch-manufacturer","7":"product_cat-three-side-seal-pouch-manufacturer","8":"product_cat-retort-pouch-manufacturer","9":"pa_food-packaging-sauce-condiment-pouches","10":"pa_food-packaging-ready-meal-pouch","12":"first","13":"instock","14":"shipping-taxable","15":"product-type-simple"},"acf":[],"_links":{"self":[{"href":"https:\/\/www.stanleypackage.com\/fr\/wp-json\/wp\/v2\/product\/4146","targetHints":{"allow":["GET"]}}],"collection":[{"href":"https:\/\/www.stanleypackage.com\/fr\/wp-json\/wp\/v2\/product"}],"about":[{"href":"https:\/\/www.stanleypackage.com\/fr\/wp-json\/wp\/v2\/types\/product"}],"replies":[{"embeddable":true,"href":"https:\/\/www.stanleypackage.com\/fr\/wp-json\/wp\/v2\/comments?post=4146"}],"wp:featuredmedia":[{"embeddable":true,"href":"https:\/\/www.stanleypackage.com\/fr\/wp-json\/wp\/v2\/media\/4149"}],"wp:attachment":[{"href":"https:\/\/www.stanleypackage.com\/fr\/wp-json\/wp\/v2\/media?parent=4146"}],"wp:term":[{"taxonomy":"product_brand","embeddable":true,"href":"https:\/\/www.stanleypackage.com\/fr\/wp-json\/wp\/v2\/product_brand?post=4146"},{"taxonomy":"product_cat","embeddable":true,"href":"https:\/\/www.stanleypackage.com\/fr\/wp-json\/wp\/v2\/product_cat?post=4146"},{"taxonomy":"product_tag","embeddable":true,"href":"https:\/\/www.stanleypackage.com\/fr\/wp-json\/wp\/v2\/product_tag?post=4146"}],"curies":[{"name":"wp","href":"https:\/\/api.w.org\/{rel}","templated":true}]}}