{"id":4162,"date":"2025-12-11T01:45:20","date_gmt":"2025-12-11T01:45:20","guid":{"rendered":"https:\/\/www.stanleypackage.com\/?post_type=product&#038;p=4162"},"modified":"2025-12-11T01:45:32","modified_gmt":"2025-12-11T01:45:32","slug":"custom-resealable-pouches","status":"publish","type":"product","link":"https:\/\/www.stanleypackage.com\/fr\/product\/custom-resealable-pouches\/","title":{"rendered":"OEM Sachets refermables sur mesure pour l'emballage de c\u00e9r\u00e9ales et d'aliments secs"},"content":{"rendered":"<div class=\"wp-block-columns is-layout-flex wp-container-core-columns-is-layout-9d6595d7 wp-block-columns-is-layout-flex\">\n<div class=\"wp-block-column is-layout-flow wp-block-column-is-layout-flow\">\n<h2 class=\"wp-block-heading\">Caract\u00e9ristiques des pochettes refermables sur mesure<\/h2>\n\n\n\n<ul class=\"wp-block-list\">\n<li><strong>Pr\u00e9servation ultime de la fra\u00eecheur :<\/strong> Nos sachets refermables personnalis\u00e9s sont fabriqu\u00e9s \u00e0 partir d'un mat\u00e9riau composite PET\/VMPET\/PE qui offre la meilleure protection contre l'humidit\u00e9, l'oxyg\u00e8ne et la lumi\u00e8re, emp\u00eachant les c\u00e9r\u00e9ales et les snacks de ramollir ou de s'oxyder, et conservant leur texture croustillante et leur go\u00fbt frais pendant une p\u00e9riode prolong\u00e9e.<\/li>\n\n\n\n<li><strong>Reprise d'\u00e9tanch\u00e9it\u00e9 pratique :<\/strong> Cette pochette \u00e0 fermeture \u00e0 glissi\u00e8re OEM est facile \u00e0 ouvrir et \u00e0 fermer avec une bonne \u00e9tanch\u00e9it\u00e9. Les consommateurs peuvent la refermer \u00e0 tout moment apr\u00e8s l'avoir ouverte, ce qui r\u00e9sout imm\u00e9diatement le probl\u00e8me des restes, tout en \u00e9tant pratique et en r\u00e9duisant les d\u00e9chets.<\/li>\n\n\n\n<li><strong>Performance exceptionnelle des \u00e9tag\u00e8res :<\/strong> Nos pochettes refermables personnalis\u00e9es uniques sont stables sans support et offrent une grande surface d'affichage. Gr\u00e2ce \u00e0 une impression personnalis\u00e9e compl\u00e8te en couleurs haute d\u00e9finition, ils mettent pleinement en valeur les logos des marques et les informations sur les produits, ce qui leur permet de se d\u00e9marquer dans les rayons des magasins et d'attirer l'attention des consommateurs.<\/li>\n\n\n\n<li><strong>Robuste, solide et fonctionnel : <\/strong>Notre pochette \u00e0 fermeture \u00e9clair pour c\u00e9r\u00e9ales OEM est fabriqu\u00e9e dans un mat\u00e9riau solide qui r\u00e9siste \u00e0 la perforation et \u00e0 l'abrasion. La fiabilit\u00e9 est garantie tout au long des op\u00e9rations de remplissage et d'exp\u00e9dition et, en fin de compte, lors de l'utilisation par le consommateur.<\/li>\n\n\n\n<li><strong>Conception conviviale : <\/strong>Nos sachets refermables personnalis\u00e9s permettent non seulement aux utilisateurs de stocker leurs produits dans une position stable, mais aussi d'ouvrir le sachet et de verser les c\u00e9r\u00e9ales dans des bols ou des assiettes avec un minimum d'effort.<\/li>\n<\/ul>\n\n\n\n<div class=\"wp-block-columns is-layout-flex wp-container-core-columns-is-layout-9d6595d7 wp-block-columns-is-layout-flex\">\n<div class=\"wp-block-column is-layout-flow wp-block-column-is-layout-flow\">\n<figure class=\"wp-block-image size-full\"><img decoding=\"async\" width=\"750\" height=\"750\" src=\"https:\/\/www.stanleypackage.com\/wp-content\/uploads\/2025\/12\/Custom-Packaging-Bag-With-Zipper-OEM-Cereal-Stand-Pouches-1.webp\" alt=\"\" class=\"wp-image-4170\" srcset=\"https:\/\/www.stanleypackage.com\/wp-content\/uploads\/2025\/12\/Custom-Packaging-Bag-With-Zipper-OEM-Cereal-Stand-Pouches-1.webp 750w, https:\/\/www.stanleypackage.com\/wp-content\/uploads\/2025\/12\/Custom-Packaging-Bag-With-Zipper-OEM-Cereal-Stand-Pouches-1-300x300.webp 300w, https:\/\/www.stanleypackage.com\/wp-content\/uploads\/2025\/12\/Custom-Packaging-Bag-With-Zipper-OEM-Cereal-Stand-Pouches-1-150x150.webp 150w, https:\/\/www.stanleypackage.com\/wp-content\/uploads\/2025\/12\/Custom-Packaging-Bag-With-Zipper-OEM-Cereal-Stand-Pouches-1-12x12.webp 12w, https:\/\/www.stanleypackage.com\/wp-content\/uploads\/2025\/12\/Custom-Packaging-Bag-With-Zipper-OEM-Cereal-Stand-Pouches-1-600x600.webp 600w, https:\/\/www.stanleypackage.com\/wp-content\/uploads\/2025\/12\/Custom-Packaging-Bag-With-Zipper-OEM-Cereal-Stand-Pouches-1-100x100.webp 100w\" sizes=\"(max-width: 750px) 100vw, 750px\" \/><\/figure>\n<\/div>\n\n\n\n<div class=\"wp-block-column is-layout-flow wp-block-column-is-layout-flow\">\n<figure class=\"wp-block-image size-full\"><img decoding=\"async\" width=\"750\" height=\"615\" src=\"https:\/\/www.stanleypackage.com\/wp-content\/uploads\/2025\/12\/Custom-Packaging-Bag-With-Zipper-OEM-Cereal-Stand-Pouches-5.webp\" alt=\"\" class=\"wp-image-4164\" srcset=\"https:\/\/www.stanleypackage.com\/wp-content\/uploads\/2025\/12\/Custom-Packaging-Bag-With-Zipper-OEM-Cereal-Stand-Pouches-5.webp 750w, https:\/\/www.stanleypackage.com\/wp-content\/uploads\/2025\/12\/Custom-Packaging-Bag-With-Zipper-OEM-Cereal-Stand-Pouches-5-300x246.webp 300w, https:\/\/www.stanleypackage.com\/wp-content\/uploads\/2025\/12\/Custom-Packaging-Bag-With-Zipper-OEM-Cereal-Stand-Pouches-5-15x12.webp 15w, https:\/\/www.stanleypackage.com\/wp-content\/uploads\/2025\/12\/Custom-Packaging-Bag-With-Zipper-OEM-Cereal-Stand-Pouches-5-600x492.webp 600w\" sizes=\"(max-width: 750px) 100vw, 750px\" \/><\/figure>\n<\/div>\n<\/div>\n<\/div>\n<\/div>\n\n\n\n<p><\/p>","protected":false},"excerpt":{"rendered":"<p>Nous vous invitons \u00e0 commander des sachets refermables personnalis\u00e9s. Ce sachet OEM \u00e0 fermeture \u00e0 glissi\u00e8re est sp\u00e9cialement con\u00e7u pour les aliments secs tels que les c\u00e9r\u00e9ales et les snacks. Il est fabriqu\u00e9 \u00e0 partir de mat\u00e9riaux \u00e0 haute barri\u00e8re et offre donc une excellente protection contre l'humidit\u00e9, l'oxyg\u00e8ne et la lumi\u00e8re.<\/p>\n<table width=\"365\">\n<tbody>\n<tr>\n<td width=\"97\">Fabricant<\/td>\n<td width=\"267\">Stanley<\/td>\n<\/tr>\n<tr>\n<td width=\"97\">Types de pochettes<\/td>\n<td width=\"267\">Stand Up Pouch, Zipper Pouch<\/td>\n<\/tr>\n<tr>\n<td width=\"97\">Mat\u00e9riau\u00a0<\/td>\n<td width=\"267\">PET12\/VMPET12\/PE90<\/td>\n<\/tr>\n<tr>\n<td width=\"97\">Dossier sp\u00e9cial<\/td>\n<td width=\"267\">Fermeture \u00e0 glissi\u00e8re, encoche de d\u00e9chirure, debout<\/td>\n<\/tr>\n<tr>\n<td width=\"97\">Manipulation de surface<\/td>\n<td width=\"267\">Impression en h\u00e9liogravure<\/td>\n<\/tr>\n<tr>\n<td width=\"97\">Couleur<\/td>\n<td width=\"267\">Impression recto-verso, jusqu'\u00e0 10 couleurs<\/td>\n<\/tr>\n<tr>\n<td width=\"97\">Utilisation<\/td>\n<td width=\"267\">C\u00e9r\u00e9ales, th\u00e9, noix, bonbons,<\/td>\n<\/tr>\n<tr>\n<td width=\"97\">MOQ<\/td>\n<td width=\"267\">50 000 pi\u00e8ces<\/td>\n<\/tr>\n<tr>\n<td width=\"97\">Commande personnalis\u00e9e<\/td>\n<td width=\"267\">Acceptation de l'OEM , \u00c9chantillon gratuit<\/td>\n<\/tr>\n<\/tbody>\n<\/table>","protected":false},"featured_media":4163,"comment_status":"closed","ping_status":"closed","template":"","meta":{"_acf_changed":false},"product_brand":[],"product_cat":[30,18],"product_tag":[],"class_list":{"0":"post-4162","1":"product","2":"type-product","3":"status-publish","4":"has-post-thumbnail","6":"product_cat-stand-up-pouch-manufacturer","7":"product_cat-zipper-pouch-manufacturer","8":"pa_food-packaging-dry-food-packaging","9":"pa_food-packaging-oatmeal-pouch","11":"first","12":"instock","13":"shipping-taxable","14":"product-type-simple"},"acf":[],"_links":{"self":[{"href":"https:\/\/www.stanleypackage.com\/fr\/wp-json\/wp\/v2\/product\/4162","targetHints":{"allow":["GET"]}}],"collection":[{"href":"https:\/\/www.stanleypackage.com\/fr\/wp-json\/wp\/v2\/product"}],"about":[{"href":"https:\/\/www.stanleypackage.com\/fr\/wp-json\/wp\/v2\/types\/product"}],"replies":[{"embeddable":true,"href":"https:\/\/www.stanleypackage.com\/fr\/wp-json\/wp\/v2\/comments?post=4162"}],"wp:featuredmedia":[{"embeddable":true,"href":"https:\/\/www.stanleypackage.com\/fr\/wp-json\/wp\/v2\/media\/4163"}],"wp:attachment":[{"href":"https:\/\/www.stanleypackage.com\/fr\/wp-json\/wp\/v2\/media?parent=4162"}],"wp:term":[{"taxonomy":"product_brand","embeddable":true,"href":"https:\/\/www.stanleypackage.com\/fr\/wp-json\/wp\/v2\/product_brand?post=4162"},{"taxonomy":"product_cat","embeddable":true,"href":"https:\/\/www.stanleypackage.com\/fr\/wp-json\/wp\/v2\/product_cat?post=4162"},{"taxonomy":"product_tag","embeddable":true,"href":"https:\/\/www.stanleypackage.com\/fr\/wp-json\/wp\/v2\/product_tag?post=4162"}],"curies":[{"name":"wp","href":"https:\/\/api.w.org\/{rel}","templated":true}]}}