{"id":4255,"date":"2026-01-10T07:46:49","date_gmt":"2026-01-10T07:46:49","guid":{"rendered":"https:\/\/www.stanleypackage.com\/?post_type=product&#038;p=4255"},"modified":"2026-01-10T07:47:05","modified_gmt":"2026-01-10T07:47:05","slug":"hotel-amenities-packages","status":"publish","type":"product","link":"https:\/\/www.stanleypackage.com\/fr\/product\/hotel-amenities-packages\/","title":{"rendered":"Paquets d'\u00e9quipements h\u00f4teliers personnalis\u00e9s, pochettes en papier kraft blanc"},"content":{"rendered":"<div class=\"wp-block-columns is-layout-flex wp-container-core-columns-is-layout-9d6595d7 wp-block-columns-is-layout-flex\">\n<div class=\"wp-block-column is-layout-flow wp-block-column-is-layout-flow\">\n<h2 class=\"wp-block-heading\">Caract\u00e9ristiques des packs d'\u00e9quipements h\u00f4teliers personnalis\u00e9s<\/h2>\n\n\n\n<ul class=\"wp-block-list\">\n<li><strong>Mat\u00e9riaux respectueux de l'environnement et biod\u00e9gradables :<\/strong> Nos packs d'\u00e9quipements h\u00f4teliers personnalis\u00e9s utilisent du papier kraft blanc qui r\u00e9pond aux normes de contact alimentaire, associ\u00e9 \u00e0 un film et \u00e0 des adh\u00e9sifs biod\u00e9gradables, \u00e9quilibrant l'engagement environnemental avec la force pratique, s'alignant ainsi sur la tendance du d\u00e9veloppement des h\u00f4tels verts.<\/li>\n\n\n\n<li><strong>Support de personnalisation complet : <\/strong>Nous proposons une personnalisation flexible de la taille, du motif et de la structure de nos ensembles d'\u00e9quipements h\u00f4teliers personnalis\u00e9s, et nous pouvons concevoir des doublures assorties bas\u00e9es sur les formes des bouteilles et des conteneurs, afin de r\u00e9pondre pleinement \u00e0 l'image de marque de l'h\u00f4tel et aux besoins des chambres d'h\u00f4tes en mati\u00e8re d'\u00e9quipements.<\/li>\n\n\n\n<li><strong>\u00c9chantillons gratuits pour une exp\u00e9rience d'essai :<\/strong> Nous fournissons des \u00e9chantillons gratuits de nos emballages de produits de toilette en kraft blanc aux h\u00f4tels clients, ce qui permet de tester physiquement l'\u00e9tanch\u00e9it\u00e9 de l'emballage, les effets de l'impression et la compatibilit\u00e9 avec les produits de toilette, vous aidant ainsi \u00e0 prendre des d\u00e9cisions en connaissance de cause.<\/li>\n\n\n\n<li><strong>Application polyvalente : <\/strong>Nos packs d'\u00e9quipements h\u00f4teliers personnalis\u00e9s pr\u00e9sentent un design simple et \u00e9l\u00e9gant, adapt\u00e9 non seulement aux \u00e9quipements habituels des chambres d'h\u00f4tes tels que le shampoing, le gel douche et la lotion, mais aussi \u00e0 des sc\u00e9narios plus \u00e9labor\u00e9s tels que les sets SPA et les cadeaux d'adh\u00e9sion.<\/li>\n\n\n\n<li><strong>Ouverture facile \u00e0 d\u00e9chirer et pratique :<\/strong> Nos emballages de produits de toilette pour h\u00f4tels en kraft blanc pr\u00e9sentent un design facile \u00e0 d\u00e9chirer, permettant aux clients d'ouvrir et d'utiliser facilement les produits, alliant l'esth\u00e9tique \u00e0 la commodit\u00e9 d'utilisation et am\u00e9liorant l'exp\u00e9rience des clients.<\/li>\n<\/ul>\n\n\n\n<div class=\"wp-block-columns is-layout-flex wp-container-core-columns-is-layout-9d6595d7 wp-block-columns-is-layout-flex\">\n<div class=\"wp-block-column is-layout-flow wp-block-column-is-layout-flow\">\n<figure class=\"wp-block-image size-full\"><img decoding=\"async\" width=\"750\" height=\"750\" src=\"https:\/\/www.stanleypackage.com\/wp-content\/uploads\/2026\/01\/White-Kraft-Paper-Three-sided-Sealed-Bags-Wholesale-Support-Custom-Printing-4.webp\" alt=\"\" class=\"wp-image-4256\" srcset=\"https:\/\/www.stanleypackage.com\/wp-content\/uploads\/2026\/01\/White-Kraft-Paper-Three-sided-Sealed-Bags-Wholesale-Support-Custom-Printing-4.webp 750w, https:\/\/www.stanleypackage.com\/wp-content\/uploads\/2026\/01\/White-Kraft-Paper-Three-sided-Sealed-Bags-Wholesale-Support-Custom-Printing-4-300x300.webp 300w, https:\/\/www.stanleypackage.com\/wp-content\/uploads\/2026\/01\/White-Kraft-Paper-Three-sided-Sealed-Bags-Wholesale-Support-Custom-Printing-4-150x150.webp 150w, https:\/\/www.stanleypackage.com\/wp-content\/uploads\/2026\/01\/White-Kraft-Paper-Three-sided-Sealed-Bags-Wholesale-Support-Custom-Printing-4-12x12.webp 12w, https:\/\/www.stanleypackage.com\/wp-content\/uploads\/2026\/01\/White-Kraft-Paper-Three-sided-Sealed-Bags-Wholesale-Support-Custom-Printing-4-600x600.webp 600w, https:\/\/www.stanleypackage.com\/wp-content\/uploads\/2026\/01\/White-Kraft-Paper-Three-sided-Sealed-Bags-Wholesale-Support-Custom-Printing-4-100x100.webp 100w\" sizes=\"(max-width: 750px) 100vw, 750px\" \/><\/figure>\n<\/div>\n\n\n\n<div class=\"wp-block-column is-layout-flow wp-block-column-is-layout-flow\">\n<figure class=\"wp-block-image size-full\"><img decoding=\"async\" width=\"750\" height=\"750\" src=\"https:\/\/www.stanleypackage.com\/wp-content\/uploads\/2026\/01\/White-Kraft-Paper-Three-sided-Sealed-Bags-Wholesale-Support-Custom-Printing-3.webp\" alt=\"\" class=\"wp-image-4257\" srcset=\"https:\/\/www.stanleypackage.com\/wp-content\/uploads\/2026\/01\/White-Kraft-Paper-Three-sided-Sealed-Bags-Wholesale-Support-Custom-Printing-3.webp 750w, https:\/\/www.stanleypackage.com\/wp-content\/uploads\/2026\/01\/White-Kraft-Paper-Three-sided-Sealed-Bags-Wholesale-Support-Custom-Printing-3-300x300.webp 300w, https:\/\/www.stanleypackage.com\/wp-content\/uploads\/2026\/01\/White-Kraft-Paper-Three-sided-Sealed-Bags-Wholesale-Support-Custom-Printing-3-150x150.webp 150w, https:\/\/www.stanleypackage.com\/wp-content\/uploads\/2026\/01\/White-Kraft-Paper-Three-sided-Sealed-Bags-Wholesale-Support-Custom-Printing-3-12x12.webp 12w, https:\/\/www.stanleypackage.com\/wp-content\/uploads\/2026\/01\/White-Kraft-Paper-Three-sided-Sealed-Bags-Wholesale-Support-Custom-Printing-3-600x600.webp 600w, https:\/\/www.stanleypackage.com\/wp-content\/uploads\/2026\/01\/White-Kraft-Paper-Three-sided-Sealed-Bags-Wholesale-Support-Custom-Printing-3-100x100.webp 100w\" sizes=\"(max-width: 750px) 100vw, 750px\" \/><\/figure>\n<\/div>\n<\/div>\n<\/div>\n<\/div>","protected":false},"excerpt":{"rendered":"<p>Nous vous invitons \u00e0 commander des emballages de produits d'accueil personnalis\u00e9s pour les h\u00f4tels. Nos emballages de produits de toilette pour h\u00f4tels en kraft blanc utilisent des mat\u00e9riaux respectueux de l'environnement, permettent une personnalisation compl\u00e8te de la marque et une coop\u00e9ration OEM\/ODM, et fournissent des services d'essai d'\u00e9chantillons gratuits.<\/p>\n<table style=\"border-collapse: collapse; width: 365.02pt;\" border=\"0\" width=\"365\" cellspacing=\"0\" cellpadding=\"0\">\n<tbody>\n<tr style=\"height: 16.00pt;\">\n<td class=\"et2\" style=\"height: 16.00pt; width: 97.50pt;\" width=\"97\" height=\"16\">Fabricant<\/td>\n<td class=\"et2\" style=\"width: 267.50pt;\" width=\"267\">Stanley<\/td>\n<\/tr>\n<tr style=\"height: 16.00pt;\">\n<td class=\"et2\" style=\"height: 16.00pt; width: 97.50pt;\" width=\"97\" height=\"16\">Types de pochettes<\/td>\n<td class=\"et3\">Pochette scell\u00e9e sur trois c\u00f4t\u00e9s<span class=\"font1\">, <\/span><span class=\"font0\">Pochette \u00e0 plat<\/span><\/td>\n<\/tr>\n<tr style=\"height: 16.00pt;\">\n<td class=\"et2\" style=\"height: 16.00pt; width: 97.50pt;\" width=\"97\" height=\"16\">Mat\u00e9riau<\/td>\n<td class=\"et2\" style=\"width: 267.50pt;\" width=\"267\">Papier Kraft 60g avec rev\u00eatement biod\u00e9gradable<\/td>\n<\/tr>\n<tr style=\"height: 16.00pt;\">\n<td class=\"et2\" style=\"height: 16.00pt; width: 97.50pt;\" width=\"97\" height=\"16\">Dossier sp\u00e9cial<\/td>\n<td class=\"et2\" style=\"width: 267.50pt;\" width=\"267\">Encoche de d\u00e9chirure, remplissage du fond<\/td>\n<\/tr>\n<tr style=\"height: 16.00pt;\">\n<td class=\"et2\" style=\"height: 16.00pt; width: 97.50pt;\" width=\"97\" height=\"16\">Manipulation de surface<\/td>\n<td class=\"et2\" style=\"width: 267.50pt;\" width=\"267\">Impression en h\u00e9liogravure<\/td>\n<\/tr>\n<tr style=\"height: 16.00pt;\">\n<td class=\"et2\" style=\"height: 16.00pt; width: 97.50pt;\" width=\"97\" height=\"16\">Couleur<\/td>\n<td class=\"et2\" style=\"width: 267.50pt;\" width=\"267\">Impression double face, jusqu'\u00e0 10 couleurs<\/td>\n<\/tr>\n<tr style=\"height: 16.00pt;\">\n<td class=\"et2\" style=\"height: 16.00pt; width: 97.50pt;\" width=\"97\" height=\"16\">Utilisation<\/td>\n<td class=\"et2\" style=\"width: 267.50pt;\" width=\"267\">Peigne, coton-tige, cure-dents, brosse \u00e0 cheveux<\/td>\n<\/tr>\n<tr style=\"height: 16.00pt;\">\n<td class=\"et2\" style=\"height: 16.00pt; width: 97.50pt;\" width=\"97\" height=\"16\">MOQ<\/td>\n<td class=\"et2\" style=\"width: 267.50pt;\" width=\"267\">50 000 pi\u00e8ces<\/td>\n<\/tr>\n<tr style=\"height: 16.00pt;\">\n<td class=\"et2\" style=\"height: 16.00pt; width: 97.50pt;\" width=\"97\" height=\"16\">Commande personnalis\u00e9e<\/td>\n<td class=\"et2\" style=\"width: 267.50pt;\" width=\"267\">Acceptation de l'OEM et de l'ODM, prise en charge de l'\u00e9chantillonnage gratuit<\/td>\n<\/tr>\n<\/tbody>\n<\/table>\n<p>&nbsp;<\/p>","protected":false},"featured_media":4258,"comment_status":"closed","ping_status":"closed","template":"","meta":{"_acf_changed":false},"product_brand":[],"product_cat":[31,28],"product_tag":[],"class_list":{"0":"post-4255","1":"product","2":"type-product","3":"status-publish","4":"has-post-thumbnail","6":"product_cat-lay-flat-pouch-manufacturer","7":"product_cat-three-side-seal-pouch-manufacturer","8":"pa_non-food-packaging-hotel-supplies-packaging","10":"first","11":"instock","12":"shipping-taxable","13":"product-type-simple"},"acf":[],"_links":{"self":[{"href":"https:\/\/www.stanleypackage.com\/fr\/wp-json\/wp\/v2\/product\/4255","targetHints":{"allow":["GET"]}}],"collection":[{"href":"https:\/\/www.stanleypackage.com\/fr\/wp-json\/wp\/v2\/product"}],"about":[{"href":"https:\/\/www.stanleypackage.com\/fr\/wp-json\/wp\/v2\/types\/product"}],"replies":[{"embeddable":true,"href":"https:\/\/www.stanleypackage.com\/fr\/wp-json\/wp\/v2\/comments?post=4255"}],"wp:featuredmedia":[{"embeddable":true,"href":"https:\/\/www.stanleypackage.com\/fr\/wp-json\/wp\/v2\/media\/4258"}],"wp:attachment":[{"href":"https:\/\/www.stanleypackage.com\/fr\/wp-json\/wp\/v2\/media?parent=4255"}],"wp:term":[{"taxonomy":"product_brand","embeddable":true,"href":"https:\/\/www.stanleypackage.com\/fr\/wp-json\/wp\/v2\/product_brand?post=4255"},{"taxonomy":"product_cat","embeddable":true,"href":"https:\/\/www.stanleypackage.com\/fr\/wp-json\/wp\/v2\/product_cat?post=4255"},{"taxonomy":"product_tag","embeddable":true,"href":"https:\/\/www.stanleypackage.com\/fr\/wp-json\/wp\/v2\/product_tag?post=4255"}],"curies":[{"name":"wp","href":"https:\/\/api.w.org\/{rel}","templated":true}]}}