{"id":4262,"date":"2026-01-10T08:01:07","date_gmt":"2026-01-10T08:01:07","guid":{"rendered":"https:\/\/www.stanleypackage.com\/?post_type=product&#038;p=4262"},"modified":"2026-01-10T08:05:10","modified_gmt":"2026-01-10T08:05:10","slug":"custom-printed-flat-pouch","status":"publish","type":"product","link":"https:\/\/www.stanleypackage.com\/fr\/product\/custom-printed-flat-pouch\/","title":{"rendered":"Pochette plate \u00e9cologique imprim\u00e9e sur mesure pour articles de toilette d'h\u00f4tel"},"content":{"rendered":"<div class=\"wp-block-columns is-layout-flex wp-container-core-columns-is-layout-9d6595d7 wp-block-columns-is-layout-flex\">\n<div class=\"wp-block-column is-layout-flow wp-block-column-is-layout-flow\">\n<h2 class=\"wp-block-heading\">Features of Custom-Printed Flat Pouch<\/h2>\n\n\n\n<ul class=\"wp-block-list\">\n<li><strong>Eco-Friendly and Biodegradable Materials:<\/strong> Our back-seal kraft paper custom-printed flat pouches are made from 60g single-sided veneer paper, combined with a biodegradable adhesive layer, aligning with the growing demand for sustainable packaging. This design strikes a balance between durability and environmental responsibility.<\/li>\n\n\n\n<li><strong>Moisture-Proof and Aroma-Preserving Back-Seal Design: <\/strong>The back-seal structure of these custom kraft paper pouches ensures a tight seal that protects the contents from air and moisture, preserving the quality and fragrance of hotel toiletries such as soaps, shampoos, and lotions.<\/li>\n\n\n\n<li><strong>Soutien \u00e0 la personnalisation de l'ensemble du processus :<\/strong> We offer complete customization for these eco-friendly custom-printed flat pouches, including size, printed graphics, and packaging structure, to accommodate your unique hotel amenity branding and design needs.<\/li>\n\n\n\n<li><strong>\u00c9chantillons gratuits pour une premi\u00e8re exp\u00e9rience :<\/strong> Our custom kraft paper pouches come with free sample services, allowing you to assess packaging quality and compatibility with your hotel\u2019s branding before making a commitment.<\/li>\n\n\n\n<li><strong>Versatile and Practical: <\/strong>These custom-printed flat pouches are ideal for a wide range of hotel toiletries, from soaps to lotions and shampoos, combining functional packaging with a sleek, brand-enhancing appearance.<\/li>\n\n\n\n<li><strong>Convenient Easy-Tear Design: <\/strong>Featuring an easy-tear opening, these pouches offer a simple and convenient way for guests to access their toiletries, enhancing the user experience while maintaining a minimalistic look.<\/li>\n<\/ul>\n\n\n\n<div class=\"wp-block-columns is-layout-flex wp-container-core-columns-is-layout-9d6595d7 wp-block-columns-is-layout-flex\">\n<div class=\"wp-block-column is-layout-flow wp-block-column-is-layout-flow\">\n<figure class=\"wp-block-image size-full\"><img decoding=\"async\" width=\"750\" height=\"750\" src=\"https:\/\/www.stanleypackage.com\/wp-content\/uploads\/2026\/01\/Wholesale-Back-Sealed-Kraft-Paper-Pouches-Support-Custom-Printing-3.webp\" alt=\"\" class=\"wp-image-4264\" srcset=\"https:\/\/www.stanleypackage.com\/wp-content\/uploads\/2026\/01\/Wholesale-Back-Sealed-Kraft-Paper-Pouches-Support-Custom-Printing-3.webp 750w, https:\/\/www.stanleypackage.com\/wp-content\/uploads\/2026\/01\/Wholesale-Back-Sealed-Kraft-Paper-Pouches-Support-Custom-Printing-3-300x300.webp 300w, https:\/\/www.stanleypackage.com\/wp-content\/uploads\/2026\/01\/Wholesale-Back-Sealed-Kraft-Paper-Pouches-Support-Custom-Printing-3-150x150.webp 150w, https:\/\/www.stanleypackage.com\/wp-content\/uploads\/2026\/01\/Wholesale-Back-Sealed-Kraft-Paper-Pouches-Support-Custom-Printing-3-12x12.webp 12w, https:\/\/www.stanleypackage.com\/wp-content\/uploads\/2026\/01\/Wholesale-Back-Sealed-Kraft-Paper-Pouches-Support-Custom-Printing-3-600x600.webp 600w, https:\/\/www.stanleypackage.com\/wp-content\/uploads\/2026\/01\/Wholesale-Back-Sealed-Kraft-Paper-Pouches-Support-Custom-Printing-3-100x100.webp 100w\" sizes=\"(max-width: 750px) 100vw, 750px\" \/><\/figure>\n<\/div>\n\n\n\n<div class=\"wp-block-column is-layout-flow wp-block-column-is-layout-flow\">\n<figure class=\"wp-block-image size-full\"><img decoding=\"async\" width=\"750\" height=\"750\" src=\"https:\/\/www.stanleypackage.com\/wp-content\/uploads\/2026\/01\/Wholesale-Back-Sealed-Kraft-Paper-Pouches-Support-Custom-Printing-5.webp\" alt=\"\" class=\"wp-image-4263\" srcset=\"https:\/\/www.stanleypackage.com\/wp-content\/uploads\/2026\/01\/Wholesale-Back-Sealed-Kraft-Paper-Pouches-Support-Custom-Printing-5.webp 750w, https:\/\/www.stanleypackage.com\/wp-content\/uploads\/2026\/01\/Wholesale-Back-Sealed-Kraft-Paper-Pouches-Support-Custom-Printing-5-300x300.webp 300w, https:\/\/www.stanleypackage.com\/wp-content\/uploads\/2026\/01\/Wholesale-Back-Sealed-Kraft-Paper-Pouches-Support-Custom-Printing-5-150x150.webp 150w, https:\/\/www.stanleypackage.com\/wp-content\/uploads\/2026\/01\/Wholesale-Back-Sealed-Kraft-Paper-Pouches-Support-Custom-Printing-5-12x12.webp 12w, https:\/\/www.stanleypackage.com\/wp-content\/uploads\/2026\/01\/Wholesale-Back-Sealed-Kraft-Paper-Pouches-Support-Custom-Printing-5-600x600.webp 600w, https:\/\/www.stanleypackage.com\/wp-content\/uploads\/2026\/01\/Wholesale-Back-Sealed-Kraft-Paper-Pouches-Support-Custom-Printing-5-100x100.webp 100w\" sizes=\"(max-width: 750px) 100vw, 750px\" \/><\/figure>\n<\/div>\n<\/div>\n<\/div>\n<\/div>\n\n\n\n<p><\/p>","protected":false},"excerpt":{"rendered":"<p>Welcome to order custom-printed flat pouch. Our wholesale back seal kraft paper hotel toiletries packaging are made of food-grade and environmentally friendly materials, support custom printing and OEM\/ODM, and offer free samples.<\/p>\n<table style=\"border-collapse: collapse; width: 365.02pt;\" border=\"0\" width=\"365\" cellspacing=\"0\" cellpadding=\"0\">\n<tbody>\n<tr style=\"height: 16.00pt;\">\n<td class=\"et2\" style=\"height: 16.00pt; width: 97.50pt;\" width=\"97\" height=\"16\">Fabricant<\/td>\n<td class=\"et2\" style=\"width: 267.50pt;\" width=\"267\">Stanley<\/td>\n<\/tr>\n<tr style=\"height: 16.00pt;\">\n<td class=\"et2\" style=\"height: 16.00pt; width: 97.50pt;\" width=\"97\" height=\"16\">Types de pochettes<\/td>\n<td class=\"et3\">Pochette de scellement arri\u00e8re<span class=\"font1\">, <\/span><span class=\"font0\">Pochette \u00e0 plat<\/span><\/td>\n<\/tr>\n<tr style=\"height: 16.00pt;\">\n<td class=\"et2\" style=\"height: 16.00pt; width: 97.50pt;\" width=\"97\" height=\"16\">Mat\u00e9riau<\/td>\n<td class=\"et2\" style=\"width: 267.50pt;\" width=\"267\">Papier Kraft 60g avec rev\u00eatement biod\u00e9gradable<\/td>\n<\/tr>\n<tr style=\"height: 16.00pt;\">\n<td class=\"et2\" style=\"height: 16.00pt; width: 97.50pt;\" width=\"97\" height=\"16\">Dossier sp\u00e9cial<\/td>\n<td class=\"et2\" style=\"width: 267.50pt;\" width=\"267\">Encoche de d\u00e9chirure, remplissage du fond<\/td>\n<\/tr>\n<tr style=\"height: 16.00pt;\">\n<td class=\"et2\" style=\"height: 16.00pt; width: 97.50pt;\" width=\"97\" height=\"16\">Manipulation de surface<\/td>\n<td class=\"et2\" style=\"width: 267.50pt;\" width=\"267\">Impression en h\u00e9liogravure<\/td>\n<\/tr>\n<tr style=\"height: 16.00pt;\">\n<td class=\"et2\" style=\"height: 16.00pt; width: 97.50pt;\" width=\"97\" height=\"16\">Couleur<\/td>\n<td class=\"et2\" style=\"width: 267.50pt;\" width=\"267\">Impression double face, jusqu'\u00e0 10 couleurs<\/td>\n<\/tr>\n<tr style=\"height: 16.00pt;\">\n<td class=\"et2\" style=\"height: 16.00pt; width: 97.50pt;\" width=\"97\" height=\"16\">Utilisation<\/td>\n<td class=\"et2\" style=\"width: 267.50pt;\" width=\"267\">Peigne, coton-tige, cure-dents, brosse \u00e0 cheveux<\/td>\n<\/tr>\n<tr style=\"height: 16.00pt;\">\n<td class=\"et2\" style=\"height: 16.00pt; width: 97.50pt;\" width=\"97\" height=\"16\">MOQ<\/td>\n<td class=\"et2\" style=\"width: 267.50pt;\" width=\"267\">50 000 pi\u00e8ces<\/td>\n<\/tr>\n<tr style=\"height: 16.00pt;\">\n<td class=\"et2\" style=\"height: 16.00pt; width: 97.50pt;\" width=\"97\" height=\"16\">Commande personnalis\u00e9e<\/td>\n<td class=\"et2\" style=\"width: 267.50pt;\" width=\"267\">Acceptation de l'OEM et de l'ODM, prise en charge de l'\u00e9chantillonnage gratuit<\/td>\n<\/tr>\n<\/tbody>\n<\/table>\n<p>&nbsp;<\/p>","protected":false},"featured_media":4265,"comment_status":"closed","ping_status":"closed","template":"","meta":{"_acf_changed":false},"product_brand":[],"product_cat":[59,31],"product_tag":[],"class_list":{"0":"post-4262","1":"product","2":"type-product","3":"status-publish","4":"has-post-thumbnail","6":"product_cat-pillow-pouch-manufacturer","7":"product_cat-lay-flat-pouch-manufacturer","8":"pa_material-kraft-paper","9":"pa_non-food-packaging-hotel-supplies-packaging","11":"first","12":"instock","13":"shipping-taxable","14":"product-type-simple"},"acf":[],"_links":{"self":[{"href":"https:\/\/www.stanleypackage.com\/fr\/wp-json\/wp\/v2\/product\/4262","targetHints":{"allow":["GET"]}}],"collection":[{"href":"https:\/\/www.stanleypackage.com\/fr\/wp-json\/wp\/v2\/product"}],"about":[{"href":"https:\/\/www.stanleypackage.com\/fr\/wp-json\/wp\/v2\/types\/product"}],"replies":[{"embeddable":true,"href":"https:\/\/www.stanleypackage.com\/fr\/wp-json\/wp\/v2\/comments?post=4262"}],"wp:featuredmedia":[{"embeddable":true,"href":"https:\/\/www.stanleypackage.com\/fr\/wp-json\/wp\/v2\/media\/4265"}],"wp:attachment":[{"href":"https:\/\/www.stanleypackage.com\/fr\/wp-json\/wp\/v2\/media?parent=4262"}],"wp:term":[{"taxonomy":"product_brand","embeddable":true,"href":"https:\/\/www.stanleypackage.com\/fr\/wp-json\/wp\/v2\/product_brand?post=4262"},{"taxonomy":"product_cat","embeddable":true,"href":"https:\/\/www.stanleypackage.com\/fr\/wp-json\/wp\/v2\/product_cat?post=4262"},{"taxonomy":"product_tag","embeddable":true,"href":"https:\/\/www.stanleypackage.com\/fr\/wp-json\/wp\/v2\/product_tag?post=4262"}],"curies":[{"name":"wp","href":"https:\/\/api.w.org\/{rel}","templated":true}]}}