{"id":4311,"date":"2026-01-20T07:27:53","date_gmt":"2026-01-20T07:27:53","guid":{"rendered":"https:\/\/www.stanleypackage.com\/?post_type=product&#038;p=4311"},"modified":"2026-01-20T07:28:03","modified_gmt":"2026-01-20T07:28:03","slug":"eco-friendly-pouch-packaging","status":"publish","type":"product","link":"https:\/\/www.stanleypackage.com\/fr\/product\/eco-friendly-pouch-packaging\/","title":{"rendered":"Emballage en vrac de pochettes \u00e9cologiques personnalis\u00e9es pour les \u00e9quipements h\u00f4teliers"},"content":{"rendered":"<div class=\"wp-block-columns is-layout-flex wp-container-core-columns-is-layout-9d6595d7 wp-block-columns-is-layout-flex\">\n<div class=\"wp-block-column is-layout-flow wp-block-column-is-layout-flow\">\n<h2 class=\"wp-block-heading\">Features of Custom Eco Friendly Pouch Packaging<\/h2>\n\n\n\n<ul class=\"wp-block-list\">\n<li><strong>Sustainable and Eco-Friendly Materials: <\/strong>Our custom eco friendly pouch packaging uses 80gsm renewable sugarcane paper and a biodegradable coating, reducing plastic use at the source and aligning with green hotel concepts and environmental trends.<\/li>\n\n\n\n<li><strong>High-Strength Back Seal Design: <\/strong>The back of our custom hotel amenities packaging bags utilizes a high-strength bonding process to ensure good seal strength and a full load-bearing capacity. This also ensures that the bag is safe for its contents.<\/li>\n\n\n\n<li><strong>Flexible and Comprehensive Customization: <\/strong>These custom eco friendly pouch packaging offer comprehensive customization options with respect to patterns, text, dimensions, tear notch designs, &amp; hanging hole designs. They can immediately be applied to different hotel products (such as shower caps &amp; shaving kits, among others).<\/li>\n\n\n\n<li><strong>Simple and Practical Appearance: <\/strong>These custom hotel amenities packaging use a pure white base material with custom printing (such as blue and white wave patterns), featuring a simple and clear design that highlights brand information and enhances the quality and recognition of in-room amenities.<\/li>\n\n\n\n<li><strong>Large-Scale Supply Advantage: <\/strong>We specialize in large-scale production, ensuring the bulk supply of custom eco friendly pouch packaging for hotel groups and brands, with stable delivery and high cost-effectiveness.<\/li>\n<\/ul>\n\n\n\n<div class=\"wp-block-columns is-layout-flex wp-container-core-columns-is-layout-9d6595d7 wp-block-columns-is-layout-flex\">\n<div class=\"wp-block-column is-layout-flow wp-block-column-is-layout-flow\">\n<figure class=\"wp-block-image size-full\"><img decoding=\"async\" width=\"750\" height=\"750\" src=\"https:\/\/www.stanleypackage.com\/wp-content\/uploads\/2026\/01\/Eco-Fridendly-Package-For-Hotel-Toiletries-Custom-Sugarcane-Paper-Pouch-2.webp\" alt=\"\" class=\"wp-image-4312\" srcset=\"https:\/\/www.stanleypackage.com\/wp-content\/uploads\/2026\/01\/Eco-Fridendly-Package-For-Hotel-Toiletries-Custom-Sugarcane-Paper-Pouch-2.webp 750w, https:\/\/www.stanleypackage.com\/wp-content\/uploads\/2026\/01\/Eco-Fridendly-Package-For-Hotel-Toiletries-Custom-Sugarcane-Paper-Pouch-2-300x300.webp 300w, https:\/\/www.stanleypackage.com\/wp-content\/uploads\/2026\/01\/Eco-Fridendly-Package-For-Hotel-Toiletries-Custom-Sugarcane-Paper-Pouch-2-150x150.webp 150w, https:\/\/www.stanleypackage.com\/wp-content\/uploads\/2026\/01\/Eco-Fridendly-Package-For-Hotel-Toiletries-Custom-Sugarcane-Paper-Pouch-2-12x12.webp 12w, https:\/\/www.stanleypackage.com\/wp-content\/uploads\/2026\/01\/Eco-Fridendly-Package-For-Hotel-Toiletries-Custom-Sugarcane-Paper-Pouch-2-600x600.webp 600w, https:\/\/www.stanleypackage.com\/wp-content\/uploads\/2026\/01\/Eco-Fridendly-Package-For-Hotel-Toiletries-Custom-Sugarcane-Paper-Pouch-2-100x100.webp 100w\" sizes=\"(max-width: 750px) 100vw, 750px\" \/><\/figure>\n<\/div>\n\n\n\n<div class=\"wp-block-column is-layout-flow wp-block-column-is-layout-flow\">\n<figure class=\"wp-block-image size-full\"><img decoding=\"async\" width=\"750\" height=\"750\" src=\"https:\/\/www.stanleypackage.com\/wp-content\/uploads\/2026\/01\/Eco-Fridendly-Package-For-Hotel-Toiletries-Custom-Sugarcane-Paper-Pouch-4.webp\" alt=\"\" class=\"wp-image-4313\" srcset=\"https:\/\/www.stanleypackage.com\/wp-content\/uploads\/2026\/01\/Eco-Fridendly-Package-For-Hotel-Toiletries-Custom-Sugarcane-Paper-Pouch-4.webp 750w, https:\/\/www.stanleypackage.com\/wp-content\/uploads\/2026\/01\/Eco-Fridendly-Package-For-Hotel-Toiletries-Custom-Sugarcane-Paper-Pouch-4-300x300.webp 300w, https:\/\/www.stanleypackage.com\/wp-content\/uploads\/2026\/01\/Eco-Fridendly-Package-For-Hotel-Toiletries-Custom-Sugarcane-Paper-Pouch-4-150x150.webp 150w, https:\/\/www.stanleypackage.com\/wp-content\/uploads\/2026\/01\/Eco-Fridendly-Package-For-Hotel-Toiletries-Custom-Sugarcane-Paper-Pouch-4-12x12.webp 12w, https:\/\/www.stanleypackage.com\/wp-content\/uploads\/2026\/01\/Eco-Fridendly-Package-For-Hotel-Toiletries-Custom-Sugarcane-Paper-Pouch-4-600x600.webp 600w, https:\/\/www.stanleypackage.com\/wp-content\/uploads\/2026\/01\/Eco-Fridendly-Package-For-Hotel-Toiletries-Custom-Sugarcane-Paper-Pouch-4-100x100.webp 100w\" sizes=\"(max-width: 750px) 100vw, 750px\" \/><\/figure>\n<\/div>\n<\/div>\n<\/div>\n<\/div>\n\n\n\n<p><\/p>","protected":false},"excerpt":{"rendered":"<p>Welcome to order our custom eco friendly pouch packaging for hotel amenities. Our bulk custom back seal flat pouches are made of sugarcane paper. and biodegradable coating materials, which are fully customizable.<\/p>\n<table style=\"border-collapse: collapse; width: 365.02pt;\" border=\"0\" width=\"365\" cellspacing=\"0\" cellpadding=\"0\">\n<tbody>\n<tr style=\"height: 16.00pt;\">\n<td class=\"et2\" style=\"height: 16.00pt; width: 97.50pt;\" width=\"97\" height=\"16\">Fabricant<\/td>\n<td class=\"et2\" style=\"width: 267.50pt;\" width=\"267\">Stanley<\/td>\n<\/tr>\n<tr style=\"height: 16.00pt;\">\n<td class=\"et2\" style=\"height: 16.00pt; width: 97.50pt;\" width=\"97\" height=\"16\">Types de pochettes<\/td>\n<td class=\"et3\">Pochette de scellement arri\u00e8re<span class=\"font1\">, <\/span><span class=\"font0\">Pochette \u00e0 plat<\/span><\/td>\n<\/tr>\n<tr style=\"height: 16.00pt;\">\n<td class=\"et2\" style=\"height: 16.00pt; width: 97.50pt;\" width=\"97\" height=\"16\">Mat\u00e9riau<\/td>\n<td class=\"et2\" style=\"width: 267.50pt;\" width=\"267\">Papier de canne \u00e0 sucre 80g avec rev\u00eatement biod\u00e9gradable<\/td>\n<\/tr>\n<tr style=\"height: 16.00pt;\">\n<td class=\"et2\" style=\"height: 16.00pt; width: 97.50pt;\" width=\"97\" height=\"16\">Dossier sp\u00e9cial<\/td>\n<td class=\"et2\" style=\"width: 267.50pt;\" width=\"267\">Encoche de d\u00e9chirure, remplissage du fond<\/td>\n<\/tr>\n<tr style=\"height: 16.00pt;\">\n<td class=\"et2\" style=\"height: 16.00pt; width: 97.50pt;\" width=\"97\" height=\"16\">Manipulation de surface<\/td>\n<td class=\"et2\" style=\"width: 267.50pt;\" width=\"267\">Impression en h\u00e9liogravure<\/td>\n<\/tr>\n<tr style=\"height: 16.00pt;\">\n<td class=\"et2\" style=\"height: 16.00pt; width: 97.50pt;\" width=\"97\" height=\"16\">Couleur<\/td>\n<td class=\"et2\" style=\"width: 267.50pt;\" width=\"267\">Impression recto-verso, jusqu'\u00e0 10 couleurs<\/td>\n<\/tr>\n<tr style=\"height: 16.00pt;\">\n<td class=\"et2\" style=\"height: 16.00pt; width: 97.50pt;\" width=\"97\" height=\"16\">Utilisation<\/td>\n<td class=\"et2\" style=\"width: 267.50pt;\" width=\"267\">Comb, Cotton Swab, Toothpick, Hair Brush, Shower Cap, Shaking Kit<\/td>\n<\/tr>\n<tr style=\"height: 16.00pt;\">\n<td class=\"et2\" style=\"height: 16.00pt; width: 97.50pt;\" width=\"97\" height=\"16\">MOQ<\/td>\n<td class=\"et2\" style=\"width: 267.50pt;\" width=\"267\">50 000 pi\u00e8ces<\/td>\n<\/tr>\n<tr style=\"height: 16.00pt;\">\n<td class=\"et2\" style=\"height: 16.00pt; width: 97.50pt;\" width=\"97\" height=\"16\">Commande personnalis\u00e9e<\/td>\n<td class=\"et2\" style=\"width: 267.50pt;\" width=\"267\">Acceptation de l'OEM et de l'ODM, prise en charge de l'\u00e9chantillonnage gratuit<\/td>\n<\/tr>\n<\/tbody>\n<\/table>\n<p>&nbsp;<\/p>","protected":false},"featured_media":4314,"comment_status":"closed","ping_status":"closed","template":"","meta":{"_acf_changed":false},"product_brand":[],"product_cat":[59,31],"product_tag":[],"class_list":{"0":"post-4311","1":"product","2":"type-product","3":"status-publish","4":"has-post-thumbnail","6":"product_cat-pillow-pouch-manufacturer","7":"product_cat-lay-flat-pouch-manufacturer","8":"pa_material-biodegradable","9":"pa_non-food-packaging-hotel-supplies-packaging","11":"first","12":"instock","13":"shipping-taxable","14":"product-type-simple"},"acf":[],"_links":{"self":[{"href":"https:\/\/www.stanleypackage.com\/fr\/wp-json\/wp\/v2\/product\/4311","targetHints":{"allow":["GET"]}}],"collection":[{"href":"https:\/\/www.stanleypackage.com\/fr\/wp-json\/wp\/v2\/product"}],"about":[{"href":"https:\/\/www.stanleypackage.com\/fr\/wp-json\/wp\/v2\/types\/product"}],"replies":[{"embeddable":true,"href":"https:\/\/www.stanleypackage.com\/fr\/wp-json\/wp\/v2\/comments?post=4311"}],"wp:featuredmedia":[{"embeddable":true,"href":"https:\/\/www.stanleypackage.com\/fr\/wp-json\/wp\/v2\/media\/4314"}],"wp:attachment":[{"href":"https:\/\/www.stanleypackage.com\/fr\/wp-json\/wp\/v2\/media?parent=4311"}],"wp:term":[{"taxonomy":"product_brand","embeddable":true,"href":"https:\/\/www.stanleypackage.com\/fr\/wp-json\/wp\/v2\/product_brand?post=4311"},{"taxonomy":"product_cat","embeddable":true,"href":"https:\/\/www.stanleypackage.com\/fr\/wp-json\/wp\/v2\/product_cat?post=4311"},{"taxonomy":"product_tag","embeddable":true,"href":"https:\/\/www.stanleypackage.com\/fr\/wp-json\/wp\/v2\/product_tag?post=4311"}],"curies":[{"name":"wp","href":"https:\/\/api.w.org\/{rel}","templated":true}]}}