{"id":4319,"date":"2026-01-20T07:06:43","date_gmt":"2026-01-20T07:06:43","guid":{"rendered":"https:\/\/www.stanleypackage.com\/?post_type=product&#038;p=4319"},"modified":"2026-01-20T07:06:50","modified_gmt":"2026-01-20T07:06:50","slug":"spouted-stand-up-pouches","status":"publish","type":"product","link":"https:\/\/www.stanleypackage.com\/fr\/product\/spouted-stand-up-pouches\/","title":{"rendered":"OEM Gradient OEM Spouted Stand Up Pouches for Shampoo Packaging"},"content":{"rendered":"<div class=\"wp-block-columns is-layout-flex wp-container-core-columns-is-layout-9d6595d7 wp-block-columns-is-layout-flex\">\n<div class=\"wp-block-column is-layout-flow wp-block-column-is-layout-flow\">\n<h2 class=\"wp-block-heading\">Caract\u00e9ristiques des pochettes \u00e0 goulot OEM<\/h2>\n\n\n\n<ul class=\"wp-block-list\">\n<li><strong>Visuels en d\u00e9grad\u00e9 haut de gamme : <\/strong>Nos sachets \u00e0 becs verseurs personnalis\u00e9s sont imprim\u00e9s en h\u00e9liogravure sur les deux faces, ce qui permet non seulement de cr\u00e9er de fins d\u00e9grad\u00e9s de couleurs, mais aussi d'avoir un effet positif sur l'aspect visuel du produit.<\/li>\n\n\n\n<li><strong>Mat\u00e9riau composite solide : <\/strong>Cette poche \u00e0 bec de gros est dot\u00e9e d'un film multicouche en PET12\/VMPET12\/PE85, offrant de bonnes propri\u00e9t\u00e9s de barri\u00e8re, de r\u00e9sistance \u00e0 la perforation et de flexibilit\u00e9 pour garantir la fra\u00eecheur du shampoing.<\/li>\n\n\n\n<li><strong>Conception pratique du bec verseur : <\/strong>Ces sachets personnalis\u00e9s \u00e0 bec verseur sont dot\u00e9s d'un bec verseur vertical surmont\u00e9 d'un capuchon pour faciliter les op\u00e9rations d'ouverture et de fermeture. Toutes ces caract\u00e9ristiques am\u00e9liorent l'exp\u00e9rience de l'utilisateur tout en r\u00e9duisant les d\u00e9chets.<\/li>\n\n\n\n<li><strong>Conception pratique de la pochette de rangement : <\/strong>Ces pochettes \u00e0 bec en gros peuvent tenir debout par elles-m\u00eames. Cela permet d'\u00e9conomiser de l'espace de stockage, ce qui les rend tr\u00e8s pratiques pour le stockage et l'utilisation lors de la vente.<\/li>\n\n\n\n<li><strong>Service d'impression personnalis\u00e9 : <\/strong>Nos sachets \u00e0 bec verseur permettent une personnalisation compl\u00e8te des images, du texte, des codes QR, des codes-barres, etc., ce qui permet de r\u00e9pondre aux besoins diff\u00e9renci\u00e9s des marques et de renforcer la reconnaissance du march\u00e9.<\/li>\n<\/ul>\n\n\n\n<div class=\"wp-block-columns is-layout-flex wp-container-core-columns-is-layout-9d6595d7 wp-block-columns-is-layout-flex\">\n<div class=\"wp-block-column is-layout-flow wp-block-column-is-layout-flow\">\n<figure class=\"wp-block-image size-full\"><img decoding=\"async\" width=\"750\" height=\"750\" src=\"https:\/\/www.stanleypackage.com\/wp-content\/uploads\/2026\/01\/Wholesale-Spout-Pouch-Customized-Stand-Up-Pouches-for-Shampoo-2.webp\" alt=\"\" class=\"wp-image-4325\" srcset=\"https:\/\/www.stanleypackage.com\/wp-content\/uploads\/2026\/01\/Wholesale-Spout-Pouch-Customized-Stand-Up-Pouches-for-Shampoo-2.webp 750w, https:\/\/www.stanleypackage.com\/wp-content\/uploads\/2026\/01\/Wholesale-Spout-Pouch-Customized-Stand-Up-Pouches-for-Shampoo-2-300x300.webp 300w, https:\/\/www.stanleypackage.com\/wp-content\/uploads\/2026\/01\/Wholesale-Spout-Pouch-Customized-Stand-Up-Pouches-for-Shampoo-2-150x150.webp 150w, https:\/\/www.stanleypackage.com\/wp-content\/uploads\/2026\/01\/Wholesale-Spout-Pouch-Customized-Stand-Up-Pouches-for-Shampoo-2-12x12.webp 12w, https:\/\/www.stanleypackage.com\/wp-content\/uploads\/2026\/01\/Wholesale-Spout-Pouch-Customized-Stand-Up-Pouches-for-Shampoo-2-600x600.webp 600w, https:\/\/www.stanleypackage.com\/wp-content\/uploads\/2026\/01\/Wholesale-Spout-Pouch-Customized-Stand-Up-Pouches-for-Shampoo-2-100x100.webp 100w\" sizes=\"(max-width: 750px) 100vw, 750px\" \/><\/figure>\n<\/div>\n\n\n\n<div class=\"wp-block-column is-layout-flow wp-block-column-is-layout-flow\">\n<figure class=\"wp-block-image size-full\"><img decoding=\"async\" width=\"750\" height=\"750\" src=\"https:\/\/www.stanleypackage.com\/wp-content\/uploads\/2026\/01\/Wholesale-Spout-Pouch-Customized-Stand-Up-Pouches-for-Shampoo.webp\" alt=\"\" class=\"wp-image-4326\" srcset=\"https:\/\/www.stanleypackage.com\/wp-content\/uploads\/2026\/01\/Wholesale-Spout-Pouch-Customized-Stand-Up-Pouches-for-Shampoo.webp 750w, https:\/\/www.stanleypackage.com\/wp-content\/uploads\/2026\/01\/Wholesale-Spout-Pouch-Customized-Stand-Up-Pouches-for-Shampoo-300x300.webp 300w, https:\/\/www.stanleypackage.com\/wp-content\/uploads\/2026\/01\/Wholesale-Spout-Pouch-Customized-Stand-Up-Pouches-for-Shampoo-150x150.webp 150w, https:\/\/www.stanleypackage.com\/wp-content\/uploads\/2026\/01\/Wholesale-Spout-Pouch-Customized-Stand-Up-Pouches-for-Shampoo-12x12.webp 12w, https:\/\/www.stanleypackage.com\/wp-content\/uploads\/2026\/01\/Wholesale-Spout-Pouch-Customized-Stand-Up-Pouches-for-Shampoo-600x600.webp 600w, https:\/\/www.stanleypackage.com\/wp-content\/uploads\/2026\/01\/Wholesale-Spout-Pouch-Customized-Stand-Up-Pouches-for-Shampoo-100x100.webp 100w\" sizes=\"(max-width: 750px) 100vw, 750px\" \/><\/figure>\n<\/div>\n<\/div>\n<\/div>\n<\/div>","protected":false},"excerpt":{"rendered":"<p>Nous vous invitons \u00e0 acheter en gros des sachets \u00e0 bec verseur. Cette pochette \u00e0 bec d\u00e9grad\u00e9 personnalis\u00e9e est fabriqu\u00e9e en mat\u00e9riau composite PET12\/VMPET12\/PE85, combin\u00e9 \u00e0 la technologie d'impression en h\u00e9liogravure double face, pr\u00e9sentant un effet de couleur d\u00e9grad\u00e9 \u00e9l\u00e9gant.<\/p>\n<table style=\"border-collapse: collapse; width: 334.02pt;\" border=\"0\" width=\"334\" cellspacing=\"0\" cellpadding=\"0\">\n<tbody>\n<tr style=\"height: 16.00pt;\">\n<td class=\"et2\" style=\"height: 16.00pt; width: 97.50pt;\" width=\"97\" height=\"16\">Fabricant<\/td>\n<td class=\"et2\" style=\"width: 236.80pt;\" width=\"236\">Stanley<\/td>\n<\/tr>\n<tr style=\"height: 16.00pt;\">\n<td class=\"et2\" style=\"height: 16.00pt; width: 97.50pt;\" width=\"97\" height=\"16\">Types de pochettes<\/td>\n<td class=\"et3\">Pochette \u00e0 bec, pochette \u00e0 hauteur d'homme<\/td>\n<\/tr>\n<tr style=\"height: 16.00pt;\">\n<td class=\"et2\" style=\"height: 16.00pt; width: 97.50pt;\" width=\"97\" height=\"16\">Mat\u00e9riau<\/td>\n<td class=\"et2\" style=\"width: 236.80pt;\" width=\"236\">PET12\/VMPET12\/PE85<\/td>\n<\/tr>\n<tr style=\"height: 16.00pt;\">\n<td class=\"et2\" style=\"height: 16.00pt; width: 97.50pt;\" width=\"97\" height=\"16\">Dossier sp\u00e9cial<\/td>\n<td class=\"et2\" style=\"width: 236.80pt;\" width=\"236\">Bec, fond autoportant<\/td>\n<\/tr>\n<tr style=\"height: 16.00pt;\">\n<td class=\"et2\" style=\"height: 16.00pt; width: 97.50pt;\" width=\"97\" height=\"16\">Manipulation de surface<\/td>\n<td class=\"et2\" style=\"width: 236.80pt;\" width=\"236\">Impression en h\u00e9liogravure<\/td>\n<\/tr>\n<tr style=\"height: 16.00pt;\">\n<td class=\"et2\" style=\"height: 16.00pt; width: 97.50pt;\" width=\"97\" height=\"16\">Couleur<\/td>\n<td class=\"et2\" style=\"width: 236.80pt;\" width=\"236\">Jusqu'\u00e0 10 couleurs<\/td>\n<\/tr>\n<tr style=\"height: 16.00pt;\">\n<td class=\"et2\" style=\"height: 16.00pt; width: 97.50pt;\" width=\"97\" height=\"16\">Utilisation<\/td>\n<td class=\"et3\">D\u00e9tergent, savon pour les mains, shampooing, gel douche, cr\u00e8me<\/td>\n<\/tr>\n<tr style=\"height: 16.00pt;\">\n<td class=\"et2\" style=\"height: 16.00pt; width: 97.50pt;\" width=\"97\" height=\"16\">MOQ<\/td>\n<td class=\"et2\" style=\"width: 236.80pt;\" width=\"236\">50 000 pi\u00e8ces<\/td>\n<\/tr>\n<tr style=\"height: 16.00pt;\">\n<td class=\"et2\" style=\"height: 16.00pt; width: 97.50pt;\" width=\"97\" height=\"16\">Commande personnalis\u00e9e<\/td>\n<td class=\"et2\" style=\"width: 236.80pt;\" width=\"236\">Acceptation de l'OEM et de l'ODM, prise en charge de l'\u00e9chantillonnage gratuit<\/td>\n<\/tr>\n<\/tbody>\n<\/table>","protected":false},"featured_media":4324,"comment_status":"closed","ping_status":"closed","template":"","meta":{"_acf_changed":false},"product_brand":[],"product_cat":[32,30],"product_tag":[],"class_list":{"0":"post-4319","1":"product","2":"type-product","3":"status-publish","4":"has-post-thumbnail","6":"product_cat-spout-pouch-manufacturer","7":"product_cat-stand-up-pouch-manufacturer","8":"pa_non-food-packaging-soap-detergent-pouches","10":"first","11":"instock","12":"shipping-taxable","13":"product-type-simple"},"acf":[],"_links":{"self":[{"href":"https:\/\/www.stanleypackage.com\/fr\/wp-json\/wp\/v2\/product\/4319","targetHints":{"allow":["GET"]}}],"collection":[{"href":"https:\/\/www.stanleypackage.com\/fr\/wp-json\/wp\/v2\/product"}],"about":[{"href":"https:\/\/www.stanleypackage.com\/fr\/wp-json\/wp\/v2\/types\/product"}],"replies":[{"embeddable":true,"href":"https:\/\/www.stanleypackage.com\/fr\/wp-json\/wp\/v2\/comments?post=4319"}],"wp:featuredmedia":[{"embeddable":true,"href":"https:\/\/www.stanleypackage.com\/fr\/wp-json\/wp\/v2\/media\/4324"}],"wp:attachment":[{"href":"https:\/\/www.stanleypackage.com\/fr\/wp-json\/wp\/v2\/media?parent=4319"}],"wp:term":[{"taxonomy":"product_brand","embeddable":true,"href":"https:\/\/www.stanleypackage.com\/fr\/wp-json\/wp\/v2\/product_brand?post=4319"},{"taxonomy":"product_cat","embeddable":true,"href":"https:\/\/www.stanleypackage.com\/fr\/wp-json\/wp\/v2\/product_cat?post=4319"},{"taxonomy":"product_tag","embeddable":true,"href":"https:\/\/www.stanleypackage.com\/fr\/wp-json\/wp\/v2\/product_tag?post=4319"}],"curies":[{"name":"wp","href":"https:\/\/api.w.org\/{rel}","templated":true}]}}