{"id":4350,"date":"2026-01-31T02:24:50","date_gmt":"2026-01-31T02:24:50","guid":{"rendered":"https:\/\/www.stanleypackage.com\/?post_type=product&#038;p=4350"},"modified":"2026-01-31T02:24:57","modified_gmt":"2026-01-31T02:24:57","slug":"stand-up-spout-pouch","status":"publish","type":"product","link":"https:\/\/www.stanleypackage.com\/fr\/product\/stand-up-spout-pouch\/","title":{"rendered":"10mg Pochette personnalis\u00e9e \u00e0 bec verseur pour shampoing et apr\u00e8s-shampoing"},"content":{"rendered":"<div class=\"wp-block-columns is-layout-flex wp-container-core-columns-is-layout-9d6595d7 wp-block-columns-is-layout-flex\">\n<div class=\"wp-block-column is-layout-flow wp-block-column-is-layout-flow\">\n<h2 class=\"wp-block-heading\">Features of Custom Stand Up Spout Pouch<\/h2>\n\n\n\n<ul class=\"wp-block-list\">\n<li><strong>Precise Capacity Design: <\/strong>Our custom stand up spout pouches are optimized for 10mg products, compact and portable, ideal for travel or sample sizes, meeting diverse market segment needs.<\/li>\n\n\n\n<li><strong>High-Quality Printing Effect: <\/strong>This OEM shampoo spout pouch supports 10-color gravure printing, reproducing complex gradients and fine text, enhancing product visual appeal and professionalism.<\/li>\n\n\n\n<li><strong>User-Friendly Experience: <\/strong>This custom stand up spout pouch features a screw-on spout, allowing for one-handed opening and closing. The leak-proof design ensures safe carrying, especially suitable for wet environments like bathrooms.<\/li>\n\n\n\n<li><strong>Robust Material Guarantee: <\/strong>Our OEM shampoo spout pouch uses a PET12\/VMPET12\/PE100 composite structure, providing excellent barrier properties and puncture resistance, effectively protecting the active ingredients of the contents.<\/li>\n\n\n\n<li><strong>Flexible Brand Customization: <\/strong>This custom stand up spout pouch can be customized in shape, color and graphic layout, allowing brands to create unique packaging.<\/li>\n\n\n\n<li><strong>Environmental and Cost Balance:<\/strong> Shampoo spout pouch is a great alternative to traditional bottles because they save on plastic usage, and its lightweight construction reduces shipping costs while maintaining the high-quality appearance of traditional bottle materials.<\/li>\n<\/ul>\n\n\n\n<div class=\"wp-block-columns is-layout-flex wp-container-core-columns-is-layout-9d6595d7 wp-block-columns-is-layout-flex\">\n<div class=\"wp-block-column is-layout-flow wp-block-column-is-layout-flow\">\n<figure class=\"wp-block-image size-full\"><img decoding=\"async\" width=\"750\" height=\"750\" src=\"https:\/\/www.stanleypackage.com\/wp-content\/uploads\/2026\/01\/Custom-Shampoo-Pouch-Wholesale-Standing-Packaging-Pouch-With-Spout-3.webp\" alt=\"\" class=\"wp-image-4351\" srcset=\"https:\/\/www.stanleypackage.com\/wp-content\/uploads\/2026\/01\/Custom-Shampoo-Pouch-Wholesale-Standing-Packaging-Pouch-With-Spout-3.webp 750w, https:\/\/www.stanleypackage.com\/wp-content\/uploads\/2026\/01\/Custom-Shampoo-Pouch-Wholesale-Standing-Packaging-Pouch-With-Spout-3-300x300.webp 300w, https:\/\/www.stanleypackage.com\/wp-content\/uploads\/2026\/01\/Custom-Shampoo-Pouch-Wholesale-Standing-Packaging-Pouch-With-Spout-3-150x150.webp 150w, https:\/\/www.stanleypackage.com\/wp-content\/uploads\/2026\/01\/Custom-Shampoo-Pouch-Wholesale-Standing-Packaging-Pouch-With-Spout-3-12x12.webp 12w, https:\/\/www.stanleypackage.com\/wp-content\/uploads\/2026\/01\/Custom-Shampoo-Pouch-Wholesale-Standing-Packaging-Pouch-With-Spout-3-600x600.webp 600w, https:\/\/www.stanleypackage.com\/wp-content\/uploads\/2026\/01\/Custom-Shampoo-Pouch-Wholesale-Standing-Packaging-Pouch-With-Spout-3-100x100.webp 100w\" sizes=\"(max-width: 750px) 100vw, 750px\" \/><\/figure>\n<\/div>\n\n\n\n<div class=\"wp-block-column is-layout-flow wp-block-column-is-layout-flow\">\n<figure class=\"wp-block-image size-full\"><img decoding=\"async\" width=\"750\" height=\"750\" src=\"https:\/\/www.stanleypackage.com\/wp-content\/uploads\/2026\/01\/Custom-Shampoo-Pouch-Wholesale-Standing-Packaging-Pouch-With-Spout-6.webp\" alt=\"\" class=\"wp-image-4352\" srcset=\"https:\/\/www.stanleypackage.com\/wp-content\/uploads\/2026\/01\/Custom-Shampoo-Pouch-Wholesale-Standing-Packaging-Pouch-With-Spout-6.webp 750w, https:\/\/www.stanleypackage.com\/wp-content\/uploads\/2026\/01\/Custom-Shampoo-Pouch-Wholesale-Standing-Packaging-Pouch-With-Spout-6-300x300.webp 300w, https:\/\/www.stanleypackage.com\/wp-content\/uploads\/2026\/01\/Custom-Shampoo-Pouch-Wholesale-Standing-Packaging-Pouch-With-Spout-6-150x150.webp 150w, https:\/\/www.stanleypackage.com\/wp-content\/uploads\/2026\/01\/Custom-Shampoo-Pouch-Wholesale-Standing-Packaging-Pouch-With-Spout-6-12x12.webp 12w, https:\/\/www.stanleypackage.com\/wp-content\/uploads\/2026\/01\/Custom-Shampoo-Pouch-Wholesale-Standing-Packaging-Pouch-With-Spout-6-600x600.webp 600w, https:\/\/www.stanleypackage.com\/wp-content\/uploads\/2026\/01\/Custom-Shampoo-Pouch-Wholesale-Standing-Packaging-Pouch-With-Spout-6-100x100.webp 100w\" sizes=\"(max-width: 750px) 100vw, 750px\" \/><\/figure>\n<\/div>\n<\/div>\n<\/div>\n<\/div>","protected":false},"excerpt":{"rendered":"<p>Bienvenue dans le domaine des sachets \u00e0 becs verseurs personnalis\u00e9s. Ce sachet \u00e0 bec pour shampoing OEM offre d'excellentes propri\u00e9t\u00e9s de barri\u00e8re et de durabilit\u00e9, et peut \u00eatre imprim\u00e9 en h\u00e9liogravure jusqu'\u00e0 10 couleurs, ce qui convient parfaitement aux besoins de personnalisation des marques haut de gamme.<\/p>\n<table style=\"border-collapse: collapse; width: 334.02pt;\" border=\"0\" width=\"334\" cellspacing=\"0\" cellpadding=\"0\">\n<tbody>\n<tr style=\"height: 16.00pt;\">\n<td class=\"et2\" style=\"height: 16.00pt; width: 97.50pt;\" width=\"97\" height=\"16\">Fabricant<\/td>\n<td class=\"et2\" style=\"width: 236.80pt;\" width=\"236\">Stanley<\/td>\n<\/tr>\n<tr style=\"height: 16.00pt;\">\n<td class=\"et2\" style=\"height: 16.00pt; width: 97.50pt;\" width=\"97\" height=\"16\">Types de pochettes<\/td>\n<td class=\"et3\">Stand Up Pouch, Spout Pouch<\/td>\n<\/tr>\n<tr style=\"height: 16.00pt;\">\n<td class=\"et2\" style=\"height: 16.00pt; width: 97.50pt;\" width=\"97\" height=\"16\">Mat\u00e9riau<\/td>\n<td class=\"et2\" style=\"width: 236.80pt;\" width=\"236\">PET12\/VMPET12\/PE100<\/td>\n<\/tr>\n<tr style=\"height: 16.00pt;\">\n<td class=\"et2\" style=\"height: 16.00pt; width: 97.50pt;\" width=\"97\" height=\"16\">Dossier sp\u00e9cial<\/td>\n<td class=\"et2\" style=\"width: 236.80pt;\" width=\"236\">Bec verseur, fond debout,<\/td>\n<\/tr>\n<tr style=\"height: 16.00pt;\">\n<td class=\"et2\" style=\"height: 16.00pt; width: 97.50pt;\" width=\"97\" height=\"16\">Manipulation de surface<\/td>\n<td class=\"et2\" style=\"width: 236.80pt;\" width=\"236\">Impression en h\u00e9liogravure<\/td>\n<\/tr>\n<tr style=\"height: 16.00pt;\">\n<td class=\"et2\" style=\"height: 16.00pt; width: 97.50pt;\" width=\"97\" height=\"16\">Couleur<\/td>\n<td class=\"et2\" style=\"width: 236.80pt;\" width=\"236\">Jusqu'\u00e0 10 couleurs<\/td>\n<\/tr>\n<tr style=\"height: 16.00pt;\">\n<td class=\"et2\" style=\"height: 16.00pt; width: 97.50pt;\" width=\"97\" height=\"16\">Utilisation<\/td>\n<td class=\"et3\">Shampooing, gel douche, apr\u00e8s-shampooing<\/td>\n<\/tr>\n<tr style=\"height: 16.00pt;\">\n<td class=\"et2\" style=\"height: 16.00pt; width: 97.50pt;\" width=\"97\" height=\"16\">MOQ<\/td>\n<td class=\"et2\" style=\"width: 236.80pt;\" width=\"236\">50 000 pi\u00e8ces<\/td>\n<\/tr>\n<tr style=\"height: 16.00pt;\">\n<td class=\"et2\" style=\"height: 16.00pt; width: 97.50pt;\" width=\"97\" height=\"16\">Commande personnalis\u00e9e<\/td>\n<td class=\"et2\" style=\"width: 236.80pt;\" width=\"236\">Acceptation de l'OEM et de l'ODM, prise en charge de l'\u00e9chantillonnage gratuit<\/td>\n<\/tr>\n<\/tbody>\n<\/table>","protected":false},"featured_media":4353,"comment_status":"closed","ping_status":"closed","template":"","meta":{"_acf_changed":false},"product_brand":[],"product_cat":[30,32],"product_tag":[],"class_list":{"0":"post-4350","1":"product","2":"type-product","3":"status-publish","4":"has-post-thumbnail","6":"product_cat-stand-up-pouch-manufacturer","7":"product_cat-spout-pouch-manufacturer","8":"pa_non-food-packaging-soap-detergent-pouches","10":"first","11":"instock","12":"shipping-taxable","13":"product-type-simple"},"acf":[],"_links":{"self":[{"href":"https:\/\/www.stanleypackage.com\/fr\/wp-json\/wp\/v2\/product\/4350","targetHints":{"allow":["GET"]}}],"collection":[{"href":"https:\/\/www.stanleypackage.com\/fr\/wp-json\/wp\/v2\/product"}],"about":[{"href":"https:\/\/www.stanleypackage.com\/fr\/wp-json\/wp\/v2\/types\/product"}],"replies":[{"embeddable":true,"href":"https:\/\/www.stanleypackage.com\/fr\/wp-json\/wp\/v2\/comments?post=4350"}],"wp:featuredmedia":[{"embeddable":true,"href":"https:\/\/www.stanleypackage.com\/fr\/wp-json\/wp\/v2\/media\/4353"}],"wp:attachment":[{"href":"https:\/\/www.stanleypackage.com\/fr\/wp-json\/wp\/v2\/media?parent=4350"}],"wp:term":[{"taxonomy":"product_brand","embeddable":true,"href":"https:\/\/www.stanleypackage.com\/fr\/wp-json\/wp\/v2\/product_brand?post=4350"},{"taxonomy":"product_cat","embeddable":true,"href":"https:\/\/www.stanleypackage.com\/fr\/wp-json\/wp\/v2\/product_cat?post=4350"},{"taxonomy":"product_tag","embeddable":true,"href":"https:\/\/www.stanleypackage.com\/fr\/wp-json\/wp\/v2\/product_tag?post=4350"}],"curies":[{"name":"wp","href":"https:\/\/api.w.org\/{rel}","templated":true}]}}