{"id":4357,"date":"2026-01-31T01:54:56","date_gmt":"2026-01-31T01:54:56","guid":{"rendered":"https:\/\/www.stanleypackage.com\/?post_type=product&#038;p=4357"},"modified":"2026-01-31T01:55:11","modified_gmt":"2026-01-31T01:55:11","slug":"spout-pouch-for-shampoo-packaging","status":"publish","type":"product","link":"https:\/\/www.stanleypackage.com\/fr\/product\/spout-pouch-for-shampoo-packaging\/","title":{"rendered":"Pochette \u00e0 bec OEM pour emballage de shampoing avec impression personnalis\u00e9e"},"content":{"rendered":"<div class=\"wp-block-columns is-layout-flex wp-container-core-columns-is-layout-9d6595d7 wp-block-columns-is-layout-flex\">\n<div class=\"wp-block-column is-layout-flow wp-block-column-is-layout-flow\">\n<h2 class=\"wp-block-heading\">Caract\u00e9ristiques de la pochette \u00e0 bec OEM pour l'emballage du shampooing<\/h2>\n\n\n\n<ul class=\"wp-block-list\">\n<li><strong>Structure des mat\u00e9riaux de haute qualit\u00e9 :<\/strong> Nos sachets \u00e0 bec personnalis\u00e9s pour l'emballage des shampooings utilisent un mat\u00e9riau composite multicouche en PET12\/VMPET12\/PE100, combinant des propri\u00e9t\u00e9s de barri\u00e8re \u00e9lev\u00e9es, une r\u00e9sistance \u00e0 la perforation et une flexibilit\u00e9 permettant de prot\u00e9ger efficacement le contenu et d'allonger la dur\u00e9e de conservation.<\/li>\n\n\n\n<li><strong>Impression personnalis\u00e9e Effets : <\/strong>Nos sachets \u00e0 becs verseurs OEM peuvent \u00eatre imprim\u00e9s en h\u00e9liogravure jusqu'\u00e0 10 couleurs, ce qui permet d'obtenir des couleurs riches et \u00e9clatantes et des motifs haute d\u00e9finition, mettant pleinement en valeur le design de la marque et les caract\u00e9ristiques du produit afin d'am\u00e9liorer l'attrait du produit en rayon.<\/li>\n\n\n\n<li><strong>Conception pratique : <\/strong>Ce sachet \u00e0 bec personnalis\u00e9 pour l'emballage des shampooings est dot\u00e9 d'un bec viss\u00e9, ce qui permet de le tenir debout pour le stockage et de le verser avec pr\u00e9cision. Elle est pratique \u00e0 utiliser et permet de contr\u00f4ler efficacement le dosage, r\u00e9duisant ainsi le gaspillage.<\/li>\n\n\n\n<li><strong>Forte \u00e9tanch\u00e9it\u00e9 et durabilit\u00e9 : <\/strong>Le bec de cette pochette OEM pour bec verseur debout pr\u00e9sente d'excellentes performances d'\u00e9tanch\u00e9it\u00e9, \u00e9vitant les fuites et la contamination ; le mat\u00e9riau est solide et r\u00e9sistant \u00e0 la compression, adapt\u00e9 au transport et \u00e0 l'utilisation quotidienne.<\/li>\n\n\n\n<li><strong>Multifonctionnel Applicabilit\u00e9 :<\/strong> Ce sachet \u00e0 bec personnalis\u00e9 pour l'emballage des shampooings peut \u00eatre \u00e9tendu \u00e0 d'autres produits chimiques quotidiens liquides ou p\u00e2teux, tels que le gel douche, l'apr\u00e8s-shampooing et d'autres produits de soins liquides.<\/li>\n\n\n\n<li><strong>Support OEM flexible : <\/strong>Nous proposons des services de personnalisation complets pour les sachets \u00e0 bec verseur OEM, depuis les mat\u00e9riaux et l'impression jusqu'aux sp\u00e9cifications, afin de r\u00e9pondre aux besoins OEM de diff\u00e9rentes marques et d'aider les produits \u00e0 entrer rapidement sur le march\u00e9.<\/li>\n<\/ul>\n\n\n\n<div class=\"wp-block-columns is-layout-flex wp-container-core-columns-is-layout-9d6595d7 wp-block-columns-is-layout-flex\">\n<div class=\"wp-block-column is-layout-flow wp-block-column-is-layout-flow\">\n<figure class=\"wp-block-image size-full\"><img decoding=\"async\" width=\"750\" height=\"750\" src=\"https:\/\/www.stanleypackage.com\/wp-content\/uploads\/2026\/01\/OEM-Stand-Up-Spout-Pouch-For-Shampoo-Packaging-4.webp\" alt=\"\" class=\"wp-image-4358\" srcset=\"https:\/\/www.stanleypackage.com\/wp-content\/uploads\/2026\/01\/OEM-Stand-Up-Spout-Pouch-For-Shampoo-Packaging-4.webp 750w, https:\/\/www.stanleypackage.com\/wp-content\/uploads\/2026\/01\/OEM-Stand-Up-Spout-Pouch-For-Shampoo-Packaging-4-300x300.webp 300w, https:\/\/www.stanleypackage.com\/wp-content\/uploads\/2026\/01\/OEM-Stand-Up-Spout-Pouch-For-Shampoo-Packaging-4-150x150.webp 150w, https:\/\/www.stanleypackage.com\/wp-content\/uploads\/2026\/01\/OEM-Stand-Up-Spout-Pouch-For-Shampoo-Packaging-4-12x12.webp 12w, https:\/\/www.stanleypackage.com\/wp-content\/uploads\/2026\/01\/OEM-Stand-Up-Spout-Pouch-For-Shampoo-Packaging-4-600x600.webp 600w, https:\/\/www.stanleypackage.com\/wp-content\/uploads\/2026\/01\/OEM-Stand-Up-Spout-Pouch-For-Shampoo-Packaging-4-100x100.webp 100w\" sizes=\"(max-width: 750px) 100vw, 750px\" \/><\/figure>\n<\/div>\n\n\n\n<div class=\"wp-block-column is-layout-flow wp-block-column-is-layout-flow\">\n<figure class=\"wp-block-image size-full\"><img decoding=\"async\" width=\"750\" height=\"750\" src=\"https:\/\/www.stanleypackage.com\/wp-content\/uploads\/2026\/01\/OEM-Stand-Up-Spout-Pouch-For-Shampoo-Packaging-5.webp\" alt=\"\" class=\"wp-image-4359\" srcset=\"https:\/\/www.stanleypackage.com\/wp-content\/uploads\/2026\/01\/OEM-Stand-Up-Spout-Pouch-For-Shampoo-Packaging-5.webp 750w, https:\/\/www.stanleypackage.com\/wp-content\/uploads\/2026\/01\/OEM-Stand-Up-Spout-Pouch-For-Shampoo-Packaging-5-300x300.webp 300w, https:\/\/www.stanleypackage.com\/wp-content\/uploads\/2026\/01\/OEM-Stand-Up-Spout-Pouch-For-Shampoo-Packaging-5-150x150.webp 150w, https:\/\/www.stanleypackage.com\/wp-content\/uploads\/2026\/01\/OEM-Stand-Up-Spout-Pouch-For-Shampoo-Packaging-5-12x12.webp 12w, https:\/\/www.stanleypackage.com\/wp-content\/uploads\/2026\/01\/OEM-Stand-Up-Spout-Pouch-For-Shampoo-Packaging-5-600x600.webp 600w, https:\/\/www.stanleypackage.com\/wp-content\/uploads\/2026\/01\/OEM-Stand-Up-Spout-Pouch-For-Shampoo-Packaging-5-100x100.webp 100w\" sizes=\"(max-width: 750px) 100vw, 750px\" \/><\/figure>\n<\/div>\n<\/div>\n<\/div>\n<\/div>","protected":false},"excerpt":{"rendered":"<p>Bienvenue \u00e0 la pochette \u00e0 bec personnalis\u00e9e pour l'emballage de shampoing. Ce sachet \u00e0 bec verseur OEM peut \u00eatre imprim\u00e9 en h\u00e9liogravure jusqu'\u00e0 10 couleurs, ce qui lui conf\u00e8re un aspect magnifique et personnalis\u00e9.<\/p>\n<table style=\"border-collapse: collapse; width: 334.02pt;\" border=\"0\" width=\"334\" cellspacing=\"0\" cellpadding=\"0\">\n<tbody>\n<tr style=\"height: 16.00pt;\">\n<td class=\"et2\" style=\"height: 16.00pt; width: 97.50pt;\" width=\"97\" height=\"16\">Fabricant<\/td>\n<td class=\"et2\" style=\"width: 236.80pt;\" width=\"236\">Stanley<\/td>\n<\/tr>\n<tr style=\"height: 16.00pt;\">\n<td class=\"et2\" style=\"height: 16.00pt; width: 97.50pt;\" width=\"97\" height=\"16\">Types de pochettes<\/td>\n<td class=\"et3\">Stand Up Pouch, Spout Pouch<\/td>\n<\/tr>\n<tr style=\"height: 16.00pt;\">\n<td class=\"et2\" style=\"height: 16.00pt; width: 97.50pt;\" width=\"97\" height=\"16\">Mat\u00e9riau<\/td>\n<td class=\"et2\" style=\"width: 236.80pt;\" width=\"236\">PET12\/VMPET12\/PE100<\/td>\n<\/tr>\n<tr style=\"height: 16.00pt;\">\n<td class=\"et2\" style=\"height: 16.00pt; width: 97.50pt;\" width=\"97\" height=\"16\">Dossier sp\u00e9cial<\/td>\n<td class=\"et2\" style=\"width: 236.80pt;\" width=\"236\">Bec verseur, fond debout,<\/td>\n<\/tr>\n<tr style=\"height: 16.00pt;\">\n<td class=\"et2\" style=\"height: 16.00pt; width: 97.50pt;\" width=\"97\" height=\"16\">Manipulation de surface<\/td>\n<td class=\"et2\" style=\"width: 236.80pt;\" width=\"236\">Impression en h\u00e9liogravure<\/td>\n<\/tr>\n<tr style=\"height: 16.00pt;\">\n<td class=\"et2\" style=\"height: 16.00pt; width: 97.50pt;\" width=\"97\" height=\"16\">Couleur<\/td>\n<td class=\"et2\" style=\"width: 236.80pt;\" width=\"236\">Jusqu'\u00e0 10 couleurs<\/td>\n<\/tr>\n<tr style=\"height: 16.00pt;\">\n<td class=\"et2\" style=\"height: 16.00pt; width: 97.50pt;\" width=\"97\" height=\"16\">Utilisation<\/td>\n<td class=\"et3\">Shampooing, gel douche, apr\u00e8s-shampooing<\/td>\n<\/tr>\n<tr style=\"height: 16.00pt;\">\n<td class=\"et2\" style=\"height: 16.00pt; width: 97.50pt;\" width=\"97\" height=\"16\">MOQ<\/td>\n<td class=\"et2\" style=\"width: 236.80pt;\" width=\"236\">50 000 pi\u00e8ces<\/td>\n<\/tr>\n<tr style=\"height: 16.00pt;\">\n<td class=\"et2\" style=\"height: 16.00pt; width: 97.50pt;\" width=\"97\" height=\"16\">Commande personnalis\u00e9e<\/td>\n<td class=\"et2\" style=\"width: 236.80pt;\" width=\"236\">Acceptation de l'OEM et de l'ODM, prise en charge de l'\u00e9chantillonnage gratuit<\/td>\n<\/tr>\n<\/tbody>\n<\/table>","protected":false},"featured_media":4360,"comment_status":"closed","ping_status":"closed","template":"","meta":{"_acf_changed":false},"product_brand":[],"product_cat":[30,32],"product_tag":[],"class_list":{"0":"post-4357","1":"product","2":"type-product","3":"status-publish","4":"has-post-thumbnail","6":"product_cat-stand-up-pouch-manufacturer","7":"product_cat-spout-pouch-manufacturer","8":"pa_non-food-packaging-soap-detergent-pouches","10":"first","11":"instock","12":"shipping-taxable","13":"product-type-simple"},"acf":[],"_links":{"self":[{"href":"https:\/\/www.stanleypackage.com\/fr\/wp-json\/wp\/v2\/product\/4357","targetHints":{"allow":["GET"]}}],"collection":[{"href":"https:\/\/www.stanleypackage.com\/fr\/wp-json\/wp\/v2\/product"}],"about":[{"href":"https:\/\/www.stanleypackage.com\/fr\/wp-json\/wp\/v2\/types\/product"}],"replies":[{"embeddable":true,"href":"https:\/\/www.stanleypackage.com\/fr\/wp-json\/wp\/v2\/comments?post=4357"}],"wp:featuredmedia":[{"embeddable":true,"href":"https:\/\/www.stanleypackage.com\/fr\/wp-json\/wp\/v2\/media\/4360"}],"wp:attachment":[{"href":"https:\/\/www.stanleypackage.com\/fr\/wp-json\/wp\/v2\/media?parent=4357"}],"wp:term":[{"taxonomy":"product_brand","embeddable":true,"href":"https:\/\/www.stanleypackage.com\/fr\/wp-json\/wp\/v2\/product_brand?post=4357"},{"taxonomy":"product_cat","embeddable":true,"href":"https:\/\/www.stanleypackage.com\/fr\/wp-json\/wp\/v2\/product_cat?post=4357"},{"taxonomy":"product_tag","embeddable":true,"href":"https:\/\/www.stanleypackage.com\/fr\/wp-json\/wp\/v2\/product_tag?post=4357"}],"curies":[{"name":"wp","href":"https:\/\/api.w.org\/{rel}","templated":true}]}}