{"id":4402,"date":"2026-02-25T02:39:51","date_gmt":"2026-02-25T02:39:51","guid":{"rendered":"https:\/\/www.stanleypackage.com\/?post_type=product&#038;p=4402"},"modified":"2026-02-25T02:44:20","modified_gmt":"2026-02-25T02:44:20","slug":"custom-hand-cream-pouch","status":"publish","type":"product","link":"https:\/\/www.stanleypackage.com\/fr\/product\/custom-hand-cream-pouch\/","title":{"rendered":"Pochette de cr\u00e8me pour les mains personnalis\u00e9e, impression en h\u00e9liogravure jusqu'\u00e0 10 couleurs"},"content":{"rendered":"<div class=\"wp-block-columns is-layout-flex wp-container-core-columns-is-layout-9d6595d7 wp-block-columns-is-layout-flex\">\n<div class=\"wp-block-column is-layout-flow wp-block-column-is-layout-flow\">\n<h2 class=\"wp-block-heading\">Features of Custom Hand Cream Pouch<\/h2>\n\n\n\n<ul class=\"wp-block-list\">\n<li><strong>Ultimate Barrier Protection for Freshness:<\/strong> Our custom hand cream pouches utilize a PET15\/POPP25\/AL7\/PE80 composite structure, providing excellent moisture-proof, oxidation-proof, and light-proof properties. This effectively locks in the active ingredients of hand creams and other products, ensuring their freshness and efficacy within their shelf life.<\/li>\n\n\n\n<li><strong>Une pr\u00e9sentation visuelle exquise :<\/strong> Our OEM spout pouches support up to 10-color gravure printing, resulting in high color fidelity and delicate, clear patterns. They perfectly showcase brand logos and product selling points (such as &#8220;Fragrant Osmanthus&#8221;), significantly enhancing shelf appeal and brand image.<\/li>\n\n\n\n<li><strong>Une pr\u00e9sentation visuelle exquise :<\/strong> Our OEM spout pouches support up to 10 colors of gravure printing, resulting in high color fidelity and delicate, clear patterns. They perfectly display brand logos and product selling points (such as &#8220;Fragrant Osmanthus&#8221;), significantly enhancing shelf appeal and brand image. <\/li>\n\n\n\n<li><strong>Large application :<\/strong> Our custom hand cream pouch is designed for high-viscosity liquids (such as hand cream, shampoo, and shower gel). The sturdy pouch structure and smooth, clogging-resistant spout ensure consistent packaging for various personal care products.<\/li>\n\n\n\n<li><strong>Personnalisation flexible : <\/strong>Our custom spout pouch supports OEM and ODM customization. Size, color, pattern, and spout design can be adjusted according to brand requirements, creating unique, brand-specific packaging to meet different market positioning needs.<\/li>\n\n\n\n<li><strong>Exp\u00e9rience pratique pour l'utilisateur : <\/strong>This custom hand cream pouch features a spout design for easy opening and smooth liquid pouring. It can be easily sealed after use, making it convenient for travel or daily use, enhancing user convenience.<\/li>\n\n\n\n<li><strong>Soutien aux \u00e9chantillons gratuits : <\/strong>We provide free samples for OEM spout pouches, allowing customers to visually experience the material texture and printing effect before mass production, ensuring the final product meets expectations and reducing procurement risks.<\/li>\n<\/ul>\n\n\n\n<div class=\"wp-block-columns is-layout-flex wp-container-core-columns-is-layout-9d6595d7 wp-block-columns-is-layout-flex\">\n<div class=\"wp-block-column is-layout-flow wp-block-column-is-layout-flow\">\n<figure class=\"wp-block-image size-full\"><img decoding=\"async\" width=\"750\" height=\"750\" src=\"https:\/\/www.stanleypackage.com\/wp-content\/uploads\/2026\/02\/Customized-Spout-Pouches-for-Personal-Care-Products-Wholesale-Stand-Up-Pouches-2.webp\" alt=\"\" class=\"wp-image-4405\" srcset=\"https:\/\/www.stanleypackage.com\/wp-content\/uploads\/2026\/02\/Customized-Spout-Pouches-for-Personal-Care-Products-Wholesale-Stand-Up-Pouches-2.webp 750w, https:\/\/www.stanleypackage.com\/wp-content\/uploads\/2026\/02\/Customized-Spout-Pouches-for-Personal-Care-Products-Wholesale-Stand-Up-Pouches-2-300x300.webp 300w, https:\/\/www.stanleypackage.com\/wp-content\/uploads\/2026\/02\/Customized-Spout-Pouches-for-Personal-Care-Products-Wholesale-Stand-Up-Pouches-2-150x150.webp 150w, https:\/\/www.stanleypackage.com\/wp-content\/uploads\/2026\/02\/Customized-Spout-Pouches-for-Personal-Care-Products-Wholesale-Stand-Up-Pouches-2-12x12.webp 12w, https:\/\/www.stanleypackage.com\/wp-content\/uploads\/2026\/02\/Customized-Spout-Pouches-for-Personal-Care-Products-Wholesale-Stand-Up-Pouches-2-600x600.webp 600w, https:\/\/www.stanleypackage.com\/wp-content\/uploads\/2026\/02\/Customized-Spout-Pouches-for-Personal-Care-Products-Wholesale-Stand-Up-Pouches-2-100x100.webp 100w\" sizes=\"(max-width: 750px) 100vw, 750px\" \/><\/figure>\n<\/div>\n\n\n\n<div class=\"wp-block-column is-layout-flow wp-block-column-is-layout-flow\">\n<figure class=\"wp-block-image size-full\"><img decoding=\"async\" width=\"750\" height=\"750\" src=\"https:\/\/www.stanleypackage.com\/wp-content\/uploads\/2026\/02\/Customized-Spout-Pouches-for-Personal-Care-Products-Wholesale-Stand-Up-Pouches-5.webp\" alt=\"\" class=\"wp-image-4406\" srcset=\"https:\/\/www.stanleypackage.com\/wp-content\/uploads\/2026\/02\/Customized-Spout-Pouches-for-Personal-Care-Products-Wholesale-Stand-Up-Pouches-5.webp 750w, https:\/\/www.stanleypackage.com\/wp-content\/uploads\/2026\/02\/Customized-Spout-Pouches-for-Personal-Care-Products-Wholesale-Stand-Up-Pouches-5-300x300.webp 300w, https:\/\/www.stanleypackage.com\/wp-content\/uploads\/2026\/02\/Customized-Spout-Pouches-for-Personal-Care-Products-Wholesale-Stand-Up-Pouches-5-150x150.webp 150w, https:\/\/www.stanleypackage.com\/wp-content\/uploads\/2026\/02\/Customized-Spout-Pouches-for-Personal-Care-Products-Wholesale-Stand-Up-Pouches-5-12x12.webp 12w, https:\/\/www.stanleypackage.com\/wp-content\/uploads\/2026\/02\/Customized-Spout-Pouches-for-Personal-Care-Products-Wholesale-Stand-Up-Pouches-5-600x600.webp 600w, https:\/\/www.stanleypackage.com\/wp-content\/uploads\/2026\/02\/Customized-Spout-Pouches-for-Personal-Care-Products-Wholesale-Stand-Up-Pouches-5-100x100.webp 100w\" sizes=\"(max-width: 750px) 100vw, 750px\" \/><\/figure>\n<\/div>\n<\/div>\n<\/div>\n<\/div>\n\n\n\n<p><\/p>","protected":false},"excerpt":{"rendered":"<p>Welcome to purchase custom hand cream pouches. These OEM spout pouches are custom-designed stand-up pouches specifically for personal care products. Made with high-barrier composite materials and exquisite multi-color printing, they are perfectly suited for various viscous liquid products such as hand cream, shampoo, and shower gel.<\/p>\n<table style=\"border-collapse: collapse; width: 334.02pt;\" border=\"0\" width=\"334\" cellspacing=\"0\" cellpadding=\"0\">\n<tbody>\n<tr style=\"height: 16.00pt;\">\n<td class=\"et2\" style=\"height: 16.00pt; width: 97.50pt;\" width=\"97\" height=\"16\">Fabricant<\/td>\n<td class=\"et2\" style=\"width: 236.80pt;\" width=\"236\">Stanley<\/td>\n<\/tr>\n<tr style=\"height: 16.00pt;\">\n<td class=\"et2\" style=\"height: 16.00pt; width: 97.50pt;\" width=\"97\" height=\"16\">Types de pochettes<\/td>\n<td class=\"et3\">Pochette \u00e0 bec, pochette \u00e0 hauteur d'homme<\/td>\n<\/tr>\n<tr style=\"height: 16.00pt;\">\n<td class=\"et2\" style=\"height: 16.00pt; width: 97.50pt;\" width=\"97\" height=\"16\">Mat\u00e9riau<\/td>\n<td class=\"et2\" style=\"width: 236.80pt;\" width=\"236\">PET15\/POPP25\/AL7\/PE80<\/td>\n<\/tr>\n<tr style=\"height: 16.00pt;\">\n<td class=\"et2\" style=\"height: 16.00pt; width: 97.50pt;\" width=\"97\" height=\"16\">Dossier sp\u00e9cial<\/td>\n<td class=\"et2\" style=\"width: 236.80pt;\" width=\"236\">Bec, fond debout<\/td>\n<\/tr>\n<tr style=\"height: 16.00pt;\">\n<td class=\"et2\" style=\"height: 16.00pt; width: 97.50pt;\" width=\"97\" height=\"16\">Manipulation de surface<\/td>\n<td class=\"et2\" style=\"width: 236.80pt;\" width=\"236\">Impression en h\u00e9liogravure<\/td>\n<\/tr>\n<tr style=\"height: 16.00pt;\">\n<td class=\"et2\" style=\"height: 16.00pt; width: 97.50pt;\" width=\"97\" height=\"16\">Couleur<\/td>\n<td class=\"et2\" style=\"width: 236.80pt;\" width=\"236\">Jusqu'\u00e0 10 couleurs<\/td>\n<\/tr>\n<tr style=\"height: 16.00pt;\">\n<td class=\"et2\" style=\"height: 16.00pt; width: 97.50pt;\" width=\"97\" height=\"16\">Utilisation<\/td>\n<td>Shampooing, gel douche, cr\u00e8me et autres produits de soins personnels<\/td>\n<\/tr>\n<tr style=\"height: 16.00pt;\">\n<td class=\"et2\" style=\"height: 16.00pt; width: 97.50pt;\" width=\"97\" height=\"16\">MOQ<\/td>\n<td class=\"et2\" style=\"width: 236.80pt;\" width=\"236\">50 000 pi\u00e8ces<\/td>\n<\/tr>\n<tr style=\"height: 16.00pt;\">\n<td class=\"et2\" style=\"height: 16.00pt; width: 97.50pt;\" width=\"97\" height=\"16\">Commande personnalis\u00e9e<\/td>\n<td class=\"et2\" style=\"width: 236.80pt;\" width=\"236\">Acceptation de l'OEM, prise en charge de l'\u00e9chantillonnage gratuit<\/td>\n<\/tr>\n<\/tbody>\n<\/table>\n<p>&nbsp;<\/p>","protected":false},"featured_media":4404,"comment_status":"closed","ping_status":"closed","template":"","meta":{"_acf_changed":false},"product_brand":[],"product_cat":[32,30],"product_tag":[],"class_list":{"0":"post-4402","1":"product","2":"type-product","3":"status-publish","4":"has-post-thumbnail","6":"product_cat-spout-pouch-manufacturer","7":"product_cat-stand-up-pouch-manufacturer","8":"pa_non-food-packaging-cosmetic-packaging-pouches","10":"first","11":"instock","12":"shipping-taxable","13":"product-type-simple"},"acf":[],"_links":{"self":[{"href":"https:\/\/www.stanleypackage.com\/fr\/wp-json\/wp\/v2\/product\/4402","targetHints":{"allow":["GET"]}}],"collection":[{"href":"https:\/\/www.stanleypackage.com\/fr\/wp-json\/wp\/v2\/product"}],"about":[{"href":"https:\/\/www.stanleypackage.com\/fr\/wp-json\/wp\/v2\/types\/product"}],"replies":[{"embeddable":true,"href":"https:\/\/www.stanleypackage.com\/fr\/wp-json\/wp\/v2\/comments?post=4402"}],"wp:featuredmedia":[{"embeddable":true,"href":"https:\/\/www.stanleypackage.com\/fr\/wp-json\/wp\/v2\/media\/4404"}],"wp:attachment":[{"href":"https:\/\/www.stanleypackage.com\/fr\/wp-json\/wp\/v2\/media?parent=4402"}],"wp:term":[{"taxonomy":"product_brand","embeddable":true,"href":"https:\/\/www.stanleypackage.com\/fr\/wp-json\/wp\/v2\/product_brand?post=4402"},{"taxonomy":"product_cat","embeddable":true,"href":"https:\/\/www.stanleypackage.com\/fr\/wp-json\/wp\/v2\/product_cat?post=4402"},{"taxonomy":"product_tag","embeddable":true,"href":"https:\/\/www.stanleypackage.com\/fr\/wp-json\/wp\/v2\/product_tag?post=4402"}],"curies":[{"name":"wp","href":"https:\/\/api.w.org\/{rel}","templated":true}]}}