{"id":4428,"date":"2026-03-05T03:23:00","date_gmt":"2026-03-05T03:23:00","guid":{"rendered":"https:\/\/www.stanleypackage.com\/?post_type=product&#038;p=4428"},"modified":"2026-04-03T01:04:55","modified_gmt":"2026-04-03T01:04:55","slug":"stand-up-pouches-with-spout","status":"publish","type":"product","link":"https:\/\/www.stanleypackage.com\/fr\/product\/stand-up-pouches-with-spout\/","title":{"rendered":"OEM Stand Up Pouches With Spout, 50mg Shampoo Packaging"},"content":{"rendered":"<div class=\"wp-block-columns is-layout-flex wp-container-core-columns-is-layout-9d6595d7 wp-block-columns-is-layout-flex\">\n<div class=\"wp-block-column is-layout-flow wp-block-column-is-layout-flow\">\n<h2 class=\"wp-block-heading\">Caract\u00e9ristiques des sachets OEM avec bec verseur<\/h2>\n\n\n\n<ul class=\"wp-block-list\">\n<li><strong>Garantie des mat\u00e9riaux haut de gamme : <\/strong>Ces sachets d'apr\u00e8s-shampoing personnalis\u00e9s utilisent une structure composite PET12\/BOPA15\/MBPE90, offrant d'excellentes propri\u00e9t\u00e9s de barri\u00e8re pour emp\u00eacher efficacement l'humidit\u00e9 et l'oxydation, garantissant la fra\u00eecheur et la stabilit\u00e9 de vos produits de soins personnels pendant le transport et le stockage.<\/li>\n\n\n\n<li><strong>Une pr\u00e9sentation visuelle exquise :<\/strong> Nos sachets personnalis\u00e9s avec bec verseur peuvent \u00eatre imprim\u00e9s en h\u00e9liogravure jusqu'\u00e0 10 couleurs, ce qui permet d'obtenir une grande fid\u00e9lit\u00e9 des couleurs et des motifs d\u00e9licats et clairs qui mettent parfaitement en valeur le logo de votre marque et les informations relatives \u00e0 votre produit, am\u00e9liorant ainsi de mani\u00e8re significative l'attrait du produit en rayon.<\/li>\n\n\n\n<li><strong>Large application :<\/strong> Sp\u00e9cialement con\u00e7ues pour les produits de soins personnels liquides, ces poches \u00e0 shampoing personnalis\u00e9es offrent une excellente \u00e9tanch\u00e9it\u00e9, parfaitement compatible avec les liquides de diff\u00e9rentes viscosit\u00e9s tels que les shampoings, les gels douche et les apr\u00e8s-shampoings, r\u00e9pondant ainsi aux besoins de divers produits.<\/li>\n\n\n\n<li><strong>Services de personnalisation flexibles :<\/strong> Nos sachets sur mesure avec bec verseur peuvent \u00eatre personnalis\u00e9s en OEM et ODM, ce qui nous permet d'ajuster la taille, la couleur, le motif et le design du bec verseur pour r\u00e9pondre aux besoins de votre marque, cr\u00e9ant ainsi un emballage unique et exclusif pour votre marque.<\/li>\n\n\n\n<li><strong>Exp\u00e9rience pratique pour l'utilisateur : <\/strong>Nos sachets de shampoing personnalis\u00e9s sont dot\u00e9s d'un bec verseur facile \u00e0 d\u00e9chirer pour une ouverture pratique et un versement r\u00e9gulier du liquide. Elles peuvent \u00eatre facilement referm\u00e9es apr\u00e8s utilisation, ce qui les rend pratiques pour les voyages ou les chambres d'h\u00f4tel.<\/li>\n\n\n\n<li><strong>Soutien aux \u00e9chantillons gratuits : <\/strong>Nous fournissons des \u00e9chantillons gratuits de nos sachets sur mesure avec bec verseur, ce qui permet aux clients de se rendre compte visuellement de la texture du mat\u00e9riau et de l'effet d'impression avant la production en s\u00e9rie, et de s'assurer que le produit final r\u00e9pond aux attentes.<\/li>\n<\/ul>\n\n\n\n<div class=\"wp-block-columns is-layout-flex wp-container-core-columns-is-layout-9d6595d7 wp-block-columns-is-layout-flex\">\n<div class=\"wp-block-column is-layout-flow wp-block-column-is-layout-flow\">\n<figure class=\"wp-block-image size-full\"><img decoding=\"async\" width=\"750\" height=\"750\" src=\"https:\/\/www.stanleypackage.com\/wp-content\/uploads\/2026\/02\/50mg-Shampoo-Pouch-Custom-Stand-Up-Spout-Pouch-2.jpg\" alt=\"\" class=\"wp-image-4429\" srcset=\"https:\/\/www.stanleypackage.com\/wp-content\/uploads\/2026\/02\/50mg-Shampoo-Pouch-Custom-Stand-Up-Spout-Pouch-2.jpg 750w, https:\/\/www.stanleypackage.com\/wp-content\/uploads\/2026\/02\/50mg-Shampoo-Pouch-Custom-Stand-Up-Spout-Pouch-2-300x300.jpg 300w, https:\/\/www.stanleypackage.com\/wp-content\/uploads\/2026\/02\/50mg-Shampoo-Pouch-Custom-Stand-Up-Spout-Pouch-2-150x150.jpg 150w, https:\/\/www.stanleypackage.com\/wp-content\/uploads\/2026\/02\/50mg-Shampoo-Pouch-Custom-Stand-Up-Spout-Pouch-2-12x12.jpg 12w, https:\/\/www.stanleypackage.com\/wp-content\/uploads\/2026\/02\/50mg-Shampoo-Pouch-Custom-Stand-Up-Spout-Pouch-2-600x600.jpg 600w, https:\/\/www.stanleypackage.com\/wp-content\/uploads\/2026\/02\/50mg-Shampoo-Pouch-Custom-Stand-Up-Spout-Pouch-2-100x100.jpg 100w\" sizes=\"(max-width: 750px) 100vw, 750px\" \/><\/figure>\n<\/div>\n\n\n\n<div class=\"wp-block-column is-layout-flow wp-block-column-is-layout-flow\">\n<figure class=\"wp-block-image size-full\"><img decoding=\"async\" width=\"750\" height=\"750\" src=\"https:\/\/www.stanleypackage.com\/wp-content\/uploads\/2026\/02\/50mg-Shampoo-Pouch-Custom-Stand-Up-Spout-Pouch.webp\" alt=\"\" class=\"wp-image-4430\" srcset=\"https:\/\/www.stanleypackage.com\/wp-content\/uploads\/2026\/02\/50mg-Shampoo-Pouch-Custom-Stand-Up-Spout-Pouch.webp 750w, https:\/\/www.stanleypackage.com\/wp-content\/uploads\/2026\/02\/50mg-Shampoo-Pouch-Custom-Stand-Up-Spout-Pouch-300x300.webp 300w, https:\/\/www.stanleypackage.com\/wp-content\/uploads\/2026\/02\/50mg-Shampoo-Pouch-Custom-Stand-Up-Spout-Pouch-150x150.webp 150w, https:\/\/www.stanleypackage.com\/wp-content\/uploads\/2026\/02\/50mg-Shampoo-Pouch-Custom-Stand-Up-Spout-Pouch-12x12.webp 12w, https:\/\/www.stanleypackage.com\/wp-content\/uploads\/2026\/02\/50mg-Shampoo-Pouch-Custom-Stand-Up-Spout-Pouch-600x600.webp 600w, https:\/\/www.stanleypackage.com\/wp-content\/uploads\/2026\/02\/50mg-Shampoo-Pouch-Custom-Stand-Up-Spout-Pouch-100x100.webp 100w\" sizes=\"(max-width: 750px) 100vw, 750px\" \/><\/figure>\n<\/div>\n<\/div>\n<\/div>\n<\/div>","protected":false},"excerpt":{"rendered":"<p>Bienvenue dans la cat\u00e9gorie des sachets de shampoing personnalis\u00e9s avec bec verseur. Ces poches \u00e0 shampoing personnalis\u00e9es sont fabriqu\u00e9es avec des mat\u00e9riaux composites de haute qualit\u00e9 et des techniques d'impression exquises. Elles sont parfaitement compatibles avec les produits liquides tels que les gels douche et les apr\u00e8s-shampoings.<\/p>\n<table style=\"border-collapse: collapse; width: 334.02pt;\" border=\"0\" width=\"334\" cellspacing=\"0\" cellpadding=\"0\">\n<tbody>\n<tr style=\"height: 16.00pt;\">\n<td class=\"et2\" style=\"height: 16.00pt; width: 97.50pt;\" width=\"97\" height=\"16\">Fabricant<\/td>\n<td class=\"et2\" style=\"width: 236.80pt;\" width=\"236\">Stanley<\/td>\n<\/tr>\n<tr style=\"height: 16.00pt;\">\n<td class=\"et2\" style=\"height: 16.00pt; width: 97.50pt;\" width=\"97\" height=\"16\">Types de pochettes<\/td>\n<td class=\"et3\">Stand Up Pouch, Spout Pouch<\/td>\n<\/tr>\n<tr style=\"height: 16.00pt;\">\n<td class=\"et2\" style=\"height: 16.00pt; width: 97.50pt;\" width=\"97\" height=\"16\">Mat\u00e9riau<\/td>\n<td class=\"et2\" style=\"width: 236.80pt;\" width=\"236\">PET12\/BOPA15\/MBPE90<\/td>\n<\/tr>\n<tr style=\"height: 16.00pt;\">\n<td class=\"et2\" style=\"height: 16.00pt; width: 97.50pt;\" width=\"97\" height=\"16\">Dossier sp\u00e9cial<\/td>\n<td class=\"et2\" style=\"width: 236.80pt;\" width=\"236\">Bec verseur, fond debout,<\/td>\n<\/tr>\n<tr style=\"height: 16.00pt;\">\n<td class=\"et2\" style=\"height: 16.00pt; width: 97.50pt;\" width=\"97\" height=\"16\">Manipulation de surface<\/td>\n<td class=\"et2\" style=\"width: 236.80pt;\" width=\"236\">Impression en h\u00e9liogravure<\/td>\n<\/tr>\n<tr style=\"height: 16.00pt;\">\n<td class=\"et2\" style=\"height: 16.00pt; width: 97.50pt;\" width=\"97\" height=\"16\">Couleur<\/td>\n<td class=\"et2\" style=\"width: 236.80pt;\" width=\"236\">Jusqu'\u00e0 10 couleurs<\/td>\n<\/tr>\n<tr style=\"height: 16.00pt;\">\n<td class=\"et2\" style=\"height: 16.00pt; width: 97.50pt;\" width=\"97\" height=\"16\">Utilisation<\/td>\n<td class=\"et3\">Shampooing, gel douche, apr\u00e8s-shampooing<\/td>\n<\/tr>\n<tr style=\"height: 16.00pt;\">\n<td class=\"et2\" style=\"height: 16.00pt; width: 97.50pt;\" width=\"97\" height=\"16\">MOQ<\/td>\n<td class=\"et2\" style=\"width: 236.80pt;\" width=\"236\">50 000 pi\u00e8ces<\/td>\n<\/tr>\n<tr style=\"height: 16.00pt;\">\n<td class=\"et2\" style=\"height: 16.00pt; width: 97.50pt;\" width=\"97\" height=\"16\">Commande personnalis\u00e9e<\/td>\n<td class=\"et2\" style=\"width: 236.80pt;\" width=\"236\">Acceptation de l'OEM et de l'ODM, prise en charge de l'\u00e9chantillonnage gratuit<\/td>\n<\/tr>\n<\/tbody>\n<\/table>","protected":false},"featured_media":4431,"comment_status":"closed","ping_status":"closed","template":"","meta":{"_acf_changed":false},"product_brand":[],"product_cat":[30,32],"product_tag":[],"class_list":{"0":"post-4428","1":"product","2":"type-product","3":"status-publish","4":"has-post-thumbnail","6":"product_cat-stand-up-pouch-manufacturer","7":"product_cat-spout-pouch-manufacturer","8":"pa_non-food-packaging-soap-detergent-pouches","10":"first","11":"instock","12":"shipping-taxable","13":"product-type-simple"},"acf":[],"_links":{"self":[{"href":"https:\/\/www.stanleypackage.com\/fr\/wp-json\/wp\/v2\/product\/4428","targetHints":{"allow":["GET"]}}],"collection":[{"href":"https:\/\/www.stanleypackage.com\/fr\/wp-json\/wp\/v2\/product"}],"about":[{"href":"https:\/\/www.stanleypackage.com\/fr\/wp-json\/wp\/v2\/types\/product"}],"replies":[{"embeddable":true,"href":"https:\/\/www.stanleypackage.com\/fr\/wp-json\/wp\/v2\/comments?post=4428"}],"wp:featuredmedia":[{"embeddable":true,"href":"https:\/\/www.stanleypackage.com\/fr\/wp-json\/wp\/v2\/media\/4431"}],"wp:attachment":[{"href":"https:\/\/www.stanleypackage.com\/fr\/wp-json\/wp\/v2\/media?parent=4428"}],"wp:term":[{"taxonomy":"product_brand","embeddable":true,"href":"https:\/\/www.stanleypackage.com\/fr\/wp-json\/wp\/v2\/product_brand?post=4428"},{"taxonomy":"product_cat","embeddable":true,"href":"https:\/\/www.stanleypackage.com\/fr\/wp-json\/wp\/v2\/product_cat?post=4428"},{"taxonomy":"product_tag","embeddable":true,"href":"https:\/\/www.stanleypackage.com\/fr\/wp-json\/wp\/v2\/product_tag?post=4428"}],"curies":[{"name":"wp","href":"https:\/\/api.w.org\/{rel}","templated":true}]}}