{"id":4434,"date":"2026-03-05T03:40:02","date_gmt":"2026-03-05T03:40:02","guid":{"rendered":"https:\/\/www.stanleypackage.com\/?post_type=product&#038;p=4434"},"modified":"2026-03-05T03:40:25","modified_gmt":"2026-03-05T03:40:25","slug":"customized-aluminum-spout-pouch","status":"publish","type":"product","link":"https:\/\/www.stanleypackage.com\/fr\/product\/customized-aluminum-spout-pouch\/","title":{"rendered":"Pochette \u00e0 bec en aluminium personnalis\u00e9e, pochette \u00e0 shampoing de voyage"},"content":{"rendered":"<div class=\"wp-block-columns is-layout-flex wp-container-core-columns-is-layout-9d6595d7 wp-block-columns-is-layout-flex\">\n<div class=\"wp-block-column is-layout-flow wp-block-column-is-layout-flow\">\n<h2 class=\"wp-block-heading\">Features of Customized Aluminum Spout Pouch<\/h2>\n\n\n\n<ul class=\"wp-block-list\">\n<li><strong>Garantie des mat\u00e9riaux haut de gamme : <\/strong>These customized aluminum spout pouches utilize a PET12\/AL7\/PE100 composite structure, providing excellent barrier properties to effectively prevent moisture and oxidation, ensuring the freshness and stability of your personal care products during transportation and storage.<\/li>\n\n\n\n<li><strong>Une pr\u00e9sentation visuelle exquise : <\/strong>Our OEM stand-up spout pouches support up to 10-color gravure printing, resulting in high color fidelity and delicate, clear patterns that perfectly showcase your brand logo and product information, significantly enhancing shelf appeal.<\/li>\n\n\n\n<li><strong>Large application : <\/strong>Specifically designed for liquid personal care products, these customized aluminum spout pouches offer excellent sealing and leak-proof performance, perfectly compatible with liquids of various viscosities such as shampoos, shower gels, and conditioners, meeting the needs of diverse products.<\/li>\n\n\n\n<li><strong>Services de personnalisation flexibles :<\/strong> Our shampoo stand-up spout pouches support OEM and ODM customization, allowing us to adjust the size, color, pattern, and spout design to meet your brand&#8217;s needs, creating unique, brand-exclusive packaging.<\/li>\n\n\n\n<li><strong>Exp\u00e9rience pratique pour l'utilisateur : <\/strong>Our customized aluminum spout pouches feature an easy-tear spout design for convenient opening and smooth liquid pouring. They can be easily sealed after use, making them convenient for travel or hotel room use.<\/li>\n\n\n\n<li><strong>Soutien aux \u00e9chantillons gratuits :<\/strong> We provide free samples of our OEM stand-up spout pouches, allowing customers to visually experience the material texture and printing effect before mass production, ensuring the final product meets expectations.<\/li>\n<\/ul>\n\n\n\n<div class=\"wp-block-columns is-layout-flex wp-container-core-columns-is-layout-9d6595d7 wp-block-columns-is-layout-flex\">\n<div class=\"wp-block-column is-layout-flow wp-block-column-is-layout-flow\">\n<figure class=\"wp-block-image size-full\"><img decoding=\"async\" width=\"750\" height=\"750\" src=\"https:\/\/www.stanleypackage.com\/wp-content\/uploads\/2026\/02\/15mg-Shampoo-Pouch-OEM-Stand-Up-Spout-Pouch-2.webp\" alt=\"\" class=\"wp-image-4435\" srcset=\"https:\/\/www.stanleypackage.com\/wp-content\/uploads\/2026\/02\/15mg-Shampoo-Pouch-OEM-Stand-Up-Spout-Pouch-2.webp 750w, https:\/\/www.stanleypackage.com\/wp-content\/uploads\/2026\/02\/15mg-Shampoo-Pouch-OEM-Stand-Up-Spout-Pouch-2-300x300.webp 300w, https:\/\/www.stanleypackage.com\/wp-content\/uploads\/2026\/02\/15mg-Shampoo-Pouch-OEM-Stand-Up-Spout-Pouch-2-150x150.webp 150w, https:\/\/www.stanleypackage.com\/wp-content\/uploads\/2026\/02\/15mg-Shampoo-Pouch-OEM-Stand-Up-Spout-Pouch-2-12x12.webp 12w, https:\/\/www.stanleypackage.com\/wp-content\/uploads\/2026\/02\/15mg-Shampoo-Pouch-OEM-Stand-Up-Spout-Pouch-2-600x600.webp 600w, https:\/\/www.stanleypackage.com\/wp-content\/uploads\/2026\/02\/15mg-Shampoo-Pouch-OEM-Stand-Up-Spout-Pouch-2-100x100.webp 100w\" sizes=\"(max-width: 750px) 100vw, 750px\" \/><\/figure>\n<\/div>\n\n\n\n<div class=\"wp-block-column is-layout-flow wp-block-column-is-layout-flow\">\n<figure class=\"wp-block-image size-full\"><img decoding=\"async\" width=\"750\" height=\"750\" src=\"https:\/\/www.stanleypackage.com\/wp-content\/uploads\/2026\/02\/15mg-Shampoo-Pouch-OEM-Stand-Up-Spout-Pouch.webp\" alt=\"\" class=\"wp-image-4436\" srcset=\"https:\/\/www.stanleypackage.com\/wp-content\/uploads\/2026\/02\/15mg-Shampoo-Pouch-OEM-Stand-Up-Spout-Pouch.webp 750w, https:\/\/www.stanleypackage.com\/wp-content\/uploads\/2026\/02\/15mg-Shampoo-Pouch-OEM-Stand-Up-Spout-Pouch-300x300.webp 300w, https:\/\/www.stanleypackage.com\/wp-content\/uploads\/2026\/02\/15mg-Shampoo-Pouch-OEM-Stand-Up-Spout-Pouch-150x150.webp 150w, https:\/\/www.stanleypackage.com\/wp-content\/uploads\/2026\/02\/15mg-Shampoo-Pouch-OEM-Stand-Up-Spout-Pouch-12x12.webp 12w, https:\/\/www.stanleypackage.com\/wp-content\/uploads\/2026\/02\/15mg-Shampoo-Pouch-OEM-Stand-Up-Spout-Pouch-600x600.webp 600w, https:\/\/www.stanleypackage.com\/wp-content\/uploads\/2026\/02\/15mg-Shampoo-Pouch-OEM-Stand-Up-Spout-Pouch-100x100.webp 100w\" sizes=\"(max-width: 750px) 100vw, 750px\" \/><\/figure>\n<\/div>\n<\/div>\n<\/div>\n<\/div>","protected":false},"excerpt":{"rendered":"<p>Nous vous invitons \u00e0 commander des sachets \u00e0 becs verseurs OEM. Ces pochettes \u00e0 bec en aluminium personnalis\u00e9es sont fabriqu\u00e9es avec des mat\u00e9riaux composites de haute qualit\u00e9 et des techniques d'impression exquises. Elles sont parfaitement compatibles avec les produits liquides tels que les gels douche et les apr\u00e8s-shampooings.<\/p>\n<table style=\"border-collapse: collapse; width: 334.02pt;\" border=\"0\" width=\"334\" cellspacing=\"0\" cellpadding=\"0\">\n<tbody>\n<tr style=\"height: 16.00pt;\">\n<td class=\"et2\" style=\"height: 16.00pt; width: 97.50pt;\" width=\"97\" height=\"16\">Fabricant<\/td>\n<td class=\"et2\" style=\"width: 236.80pt;\" width=\"236\">Stanley<\/td>\n<\/tr>\n<tr style=\"height: 16.00pt;\">\n<td class=\"et2\" style=\"height: 16.00pt; width: 97.50pt;\" width=\"97\" height=\"16\">Types de pochettes<\/td>\n<td class=\"et3\">Stand Up Pouch, Spout Pouch<\/td>\n<\/tr>\n<tr style=\"height: 16.00pt;\">\n<td class=\"et2\" style=\"height: 16.00pt; width: 97.50pt;\" width=\"97\" height=\"16\">Mat\u00e9riau<\/td>\n<td class=\"et2\" style=\"width: 236.80pt;\" width=\"236\">PET12\/AL7\/PE100<\/td>\n<\/tr>\n<tr style=\"height: 16.00pt;\">\n<td class=\"et2\" style=\"height: 16.00pt; width: 97.50pt;\" width=\"97\" height=\"16\">Dossier sp\u00e9cial<\/td>\n<td class=\"et2\" style=\"width: 236.80pt;\" width=\"236\">Bec verseur, fond debout,<\/td>\n<\/tr>\n<tr style=\"height: 16.00pt;\">\n<td class=\"et2\" style=\"height: 16.00pt; width: 97.50pt;\" width=\"97\" height=\"16\">Manipulation de surface<\/td>\n<td class=\"et2\" style=\"width: 236.80pt;\" width=\"236\">Impression en h\u00e9liogravure<\/td>\n<\/tr>\n<tr style=\"height: 16.00pt;\">\n<td class=\"et2\" style=\"height: 16.00pt; width: 97.50pt;\" width=\"97\" height=\"16\">Couleur<\/td>\n<td class=\"et2\" style=\"width: 236.80pt;\" width=\"236\">Jusqu'\u00e0 10 couleurs<\/td>\n<\/tr>\n<tr style=\"height: 16.00pt;\">\n<td class=\"et2\" style=\"height: 16.00pt; width: 97.50pt;\" width=\"97\" height=\"16\">Utilisation<\/td>\n<td class=\"et3\">Nettoyant pour le corps, revitalisant<\/td>\n<\/tr>\n<tr style=\"height: 16.00pt;\">\n<td class=\"et2\" style=\"height: 16.00pt; width: 97.50pt;\" width=\"97\" height=\"16\">MOQ<\/td>\n<td class=\"et2\" style=\"width: 236.80pt;\" width=\"236\">50 000 pi\u00e8ces<\/td>\n<\/tr>\n<tr style=\"height: 16.00pt;\">\n<td class=\"et2\" style=\"height: 16.00pt; width: 97.50pt;\" width=\"97\" height=\"16\">Commande personnalis\u00e9e<\/td>\n<td class=\"et2\" style=\"width: 236.80pt;\" width=\"236\">Acceptation de l'OEM et de l'ODM, prise en charge de l'\u00e9chantillonnage gratuit<\/td>\n<\/tr>\n<\/tbody>\n<\/table>","protected":false},"featured_media":4437,"comment_status":"closed","ping_status":"closed","template":"","meta":{"_acf_changed":false},"product_brand":[],"product_cat":[30,32],"product_tag":[],"class_list":{"0":"post-4434","1":"product","2":"type-product","3":"status-publish","4":"has-post-thumbnail","6":"product_cat-stand-up-pouch-manufacturer","7":"product_cat-spout-pouch-manufacturer","8":"pa_non-food-packaging-soap-detergent-pouches","10":"first","11":"instock","12":"shipping-taxable","13":"product-type-simple"},"acf":[],"_links":{"self":[{"href":"https:\/\/www.stanleypackage.com\/fr\/wp-json\/wp\/v2\/product\/4434","targetHints":{"allow":["GET"]}}],"collection":[{"href":"https:\/\/www.stanleypackage.com\/fr\/wp-json\/wp\/v2\/product"}],"about":[{"href":"https:\/\/www.stanleypackage.com\/fr\/wp-json\/wp\/v2\/types\/product"}],"replies":[{"embeddable":true,"href":"https:\/\/www.stanleypackage.com\/fr\/wp-json\/wp\/v2\/comments?post=4434"}],"wp:featuredmedia":[{"embeddable":true,"href":"https:\/\/www.stanleypackage.com\/fr\/wp-json\/wp\/v2\/media\/4437"}],"wp:attachment":[{"href":"https:\/\/www.stanleypackage.com\/fr\/wp-json\/wp\/v2\/media?parent=4434"}],"wp:term":[{"taxonomy":"product_brand","embeddable":true,"href":"https:\/\/www.stanleypackage.com\/fr\/wp-json\/wp\/v2\/product_brand?post=4434"},{"taxonomy":"product_cat","embeddable":true,"href":"https:\/\/www.stanleypackage.com\/fr\/wp-json\/wp\/v2\/product_cat?post=4434"},{"taxonomy":"product_tag","embeddable":true,"href":"https:\/\/www.stanleypackage.com\/fr\/wp-json\/wp\/v2\/product_tag?post=4434"}],"curies":[{"name":"wp","href":"https:\/\/api.w.org\/{rel}","templated":true}]}}